{"id":19909,"date":"2023-06-15T12:34:12","date_gmt":"2023-06-15T12:34:12","guid":{"rendered":"https:\/\/www.inventec.dehon.com\/?post_type=product&#038;p=19909"},"modified":"2026-01-22T09:42:44","modified_gmt":"2026-01-22T08:42:44","slug":"ecorel-free-305-ws12","status":"publish","type":"product","link":"https:\/\/www.inventec.dehon.com\/fr\/product\/ecorel-free-305-ws12\/","title":{"rendered":"ECOREL FREE 305-WS12"},"content":{"rendered":"<p><img decoding=\"async\" src=\"https:\/\/www.inventec.dehon.com\/wp-content\/uploads\/2021\/01\/Ecorel-Free-600x600.png\" alt=\"ECOREL FREE 305-WS12\" class=\"responsive-img\" align=\"right\" style=\"border-radius:10px; margin-bottom:10px; margin-top:-10px; margin-left:15px; width:300px\" \/><\/p>\n<h2 style=\"color:#9bc947; margin-bottom:15px\">Excellentes propri\u00e9t\u00e9s de mouillage<\/h2>\n<ul>\n<li>Cr\u00e8me \u00e0 braser alliage sans plomb sac305<\/li>\n<li>Proc\u00e9d\u00e9 d&rsquo;\u00e9limination des flux \u00e0 base d&rsquo;eau<\/li>\n<li>Excellentes performances de mouillabilit\u00e9<\/li>\n<\/ul>\n<h5>ECOREL FREE 305-WS12<\/h5>\n<p>Est une cr\u00e8me \u00e0 braser sans plomb hydrosoluble sp\u00e9cialement con\u00e7ue pour les proc\u00e9d\u00e9s d&rsquo;assemblage SMT &#038; processus des semi-conducteurs o\u00f9 un lavage apr\u00e8s refusion est n\u00e9cessaire. La formulation a \u00e9t\u00e9 optimis\u00e9e pour garantir un excellent mouillage et une facilit\u00e9 de nettoyage. La longue dur\u00e9e de vie du pochoir et l&rsquo;adh\u00e9rence stable contribuent \u00e0 un processus stable.<\/p>\n<p>La chimie de l&rsquo;<strong>ECOREL FREE 305-WS12<\/strong> est \u00e9galement disponible avec d&rsquo;autres alliages et tailles de particules sur demande.<\/p>\n<p><!-- PROPRI\u00c9T\u00c9S Section --><\/p>\n<div style=\"font-weight:bold; text-transform:uppercase; border-bottom:2px solid #9DBB2F; padding-bottom:6px; margin-bottom:10px;\">\n  PROPRI\u00c9T\u00c9S\n<\/div>\n<table width=\"100%\" cellpadding=\"0\" cellspacing=\"0\" style=\"border-collapse:collapse; width:100%; max-width:100%;\">\n<tr>\n<th align=\"left\" style=\"background:#7A7A7A; color:#fff; padding:8px 12px; border:1px solid #BDBDBD;\">\n      SP\u00c9CIFICATIONS\n    <\/th>\n<th align=\"left\" style=\"background:#7A7A7A; color:#fff; padding:8px 12px; border:1px solid #BDBDBD;\">\n      ECOREL FREE 305-WS12 T4\n    <\/th>\n<th align=\"left\" style=\"background:#7A7A7A; color:#fff; padding:8px 12px; border:1px solid #BDBDBD;\">\n      ECOREL FREE 305-WS12 T5\n    <\/th>\n<\/tr>\n<tr>\n<td style=\"padding:8px 12px; border:1px solid #BDBDBD;\">Alliage<\/td>\n<td style=\"padding:8px 12px; border:1px solid #BDBDBD;\">Sn96,5Ag3Cu0,5<\/td>\n<td style=\"padding:8px 12px; border:1px solid #BDBDBD;\">Sn96,5Ag3Cu0,5<\/td>\n<\/tr>\n<tr style=\"background:#E6E6E6;\">\n<td style=\"padding:8px 12px; border:1px solid #BDBDBD;\">Point de fusion (\u00b0C\/\u00b0F)<\/td>\n<td style=\"padding:8px 12px; border:1px solid #BDBDBD;\">217 \/ 422<\/td>\n<td style=\"padding:8px 12px; border:1px solid #BDBDBD;\">217 \/ 422<\/td>\n<\/tr>\n<tr>\n<td style=\"padding:8px 12px; border:1px solid #BDBDBD;\">Teneur en m\u00e9tal (%)<\/td>\n<td style=\"padding:8px 12px; border:1px solid #BDBDBD;\">89 \u00b1 0,5<\/td>\n<td style=\"padding:8px 12px; border:1px solid #BDBDBD;\">88 \u00b1 0,5<\/td>\n<\/tr>\n<tr style=\"background:#E6E6E6;\">\n<td style=\"padding:8px 12px; border:1px solid #BDBDBD;\">R\u00e9sidus post-refusion<\/td>\n<td style=\"padding:8px 12px; border:1px solid #BDBDBD;\">Environ 5 % en poids\/poids<\/td>\n<td style=\"padding:8px 12px; border:1px solid #BDBDBD;\">Environ 5 % en poids\/poids<\/td>\n<\/tr>\n<tr>\n<td style=\"padding:8px 12px; border:1px solid #BDBDBD;\">Teneur en halog\u00e8ne<\/td>\n<td style=\"padding:8px 12px; border:1px solid #BDBDBD;\">&lt;0,5 % halog\u00e8ne<\/td>\n<td style=\"padding:8px 12px; border:1px solid #BDBDBD;\">&lt;0,5 % halog\u00e8ne<\/td>\n<\/tr>\n<tr style=\"background:#E6E6E6;\">\n<td style=\"padding:8px 12px; border:1px solid #BDBDBD;\">Taille de la poudre<\/td>\n<td style=\"padding:8px 12px; border:1px solid #BDBDBD;\">20\u201338 microns \/ Type 4<\/td>\n<td style=\"padding:8px 12px; border:1px solid #BDBDBD;\">15\u201325 microns \/ Type 5<\/td>\n<\/tr>\n<tr>\n<td style=\"padding:8px 12px; border:1px solid #BDBDBD;\">\n      Viscosit\u00e9 pompe \u00e0 spirale* (Pa.s 25\u00b0C)\n    <\/td>\n<td style=\"padding:8px 12px; border:1px solid #BDBDBD;\">Typique 300<\/td>\n<td style=\"padding:8px 12px; border:1px solid #BDBDBD;\">Typique 210<\/td>\n<\/tr>\n<\/table>\n<p style=\"font-size:0.85em;\">*L&rsquo;\u00e9quipement utilis\u00e9 pour tester la viscosit\u00e9 de la pompe \u00e0 spirale est le Malcom \u00e0 une vitesse de rotation de 10 tr\/min.<\/p>\n<p><!-- CARACT\u00c9RISTIQUES Section --><\/p>\n<div style=\"font-weight:bold; text-transform:uppercase; border-bottom:2px solid #9DBB2F; padding-bottom:6px; margin-bottom:10px;\">\n  CARACT\u00c9RISTIQUES\n<\/div>\n<table width=\"100%\" cellpadding=\"0\" cellspacing=\"0\" style=\"border-collapse:collapse; width:100%; max-width:100%;\">\n<tr>\n<th align=\"left\" style=\"background:#7A7A7A; color:#fff; padding:8px 12px; border:1px solid #BDBDBD;\">\n      CARACT\u00c9RISTIQUES\n    <\/th>\n<th align=\"left\" style=\"background:#7A7A7A; color:#fff; padding:8px 12px; border:1px solid #BDBDBD;\">\n      VALEURS\n    <\/th>\n<th align=\"left\" style=\"background:#7A7A7A; color:#fff; padding:8px 12px; border:1px solid #BDBDBD;\">\n      M\u00c9THODE\n    <\/th>\n<\/tr>\n<tr>\n<td style=\"padding:8px 12px; border:1px solid #BDBDBD;\">Classement des flux<\/td>\n<td style=\"padding:8px 12px; border:1px solid #BDBDBD;\">\n      REH1<br \/>\n      122\n    <\/td>\n<td style=\"padding:8px 12px; border:1px solid #BDBDBD;\">\n      ANSI\/J-STD-004<br \/>\n      ISO 9454\n    <\/td>\n<\/tr>\n<tr style=\"background:#E6E6E6;\">\n<td style=\"padding:8px 12px; border:1px solid #BDBDBD;\">Test de billes de soudure<\/td>\n<td style=\"padding:8px 12px; border:1px solid #BDBDBD;\">Passe<\/td>\n<td style=\"padding:8px 12px; border:1px solid #BDBDBD;\">ANSI\/J-STD-005<\/td>\n<\/tr>\n<tr>\n<td style=\"padding:8px 12px; border:1px solid #BDBDBD;\">Miroir de cuivre<\/td>\n<td style=\"padding:8px 12px; border:1px solid #BDBDBD;\">H<\/td>\n<td style=\"padding:8px 12px; border:1px solid #BDBDBD;\">ANSI\/J-STD-004<\/td>\n<\/tr>\n<tr style=\"background:#E6E6E6;\">\n<td style=\"padding:8px 12px; border:1px solid #BDBDBD;\">Corrosion du cuivre<\/td>\n<td style=\"padding:8px 12px; border:1px solid #BDBDBD;\">Majeur<\/td>\n<td style=\"padding:8px 12px; border:1px solid #BDBDBD;\">ANSI\/J-STD-004<\/td>\n<\/tr>\n<tr>\n<td style=\"padding:8px 12px; border:1px solid #BDBDBD;\">SIR (IPC)<\/td>\n<td style=\"padding:8px 12px; border:1px solid #BDBDBD;\">Passe<\/td>\n<td style=\"padding:8px 12px; border:1px solid #BDBDBD;\">ANSI\/J-STD-004<\/td>\n<\/tr>\n<tr style=\"background:#E6E6E6;\">\n<td style=\"padding:8px 12px; border:1px solid #BDBDBD;\">SIR apr\u00e8s nettoyage (Bellcore)<\/td>\n<td style=\"padding:8px 12px; border:1px solid #BDBDBD;\">Passe<\/td>\n<td style=\"padding:8px 12px; border:1px solid #BDBDBD;\">Bellcore<\/td>\n<\/tr>\n<tr>\n<td style=\"padding:8px 12px; border:1px solid #BDBDBD;\">\u00c9lectromigration (IPC \/ Bellcore)<\/td>\n<td style=\"padding:8px 12px; border:1px solid #BDBDBD;\">Passe<\/td>\n<td style=\"padding:8px 12px; border:1px solid #BDBDBD;\">ANSI\/J-STD-004 \/ Bellcore<\/td>\n<\/tr>\n<\/table>\n","protected":false},"excerpt":{"rendered":"<ul>\n<li>Cr\u00e8me \u00e0 braser alliage sans plomb sac305<\/li>\n<li>Proc\u00e9d\u00e9 d&rsquo;\u00e9limination des flux \u00e0 base d&rsquo;eau<\/li>\n<li>Excellentes performances de mouillabilit\u00e9<\/li>\n<\/ul>\n<p><a href=\"https:\/\/www.inventec.dehon.com\/wp-content\/uploads\/2023\/06\/GW-ECO-FREE-305-WS12.png\"><img decoding=\"async\" class=\"alignleft size-full wp-image-14785\" src=\"https:\/\/www.inventec.dehon.com\/wp-content\/uploads\/2023\/06\/GW-ECO-FREE-305-WS12.png\" alt=\"\" width=\"278\" height=\"236\" \/><\/a><\/p>\n","protected":false},"featured_media":2226,"comment_status":"closed","ping_status":"closed","template":"","meta":{"_acf_changed":false,"inline_featured_image":false},"product_brand":[],"product_cat":[2805],"product_tag":[1344,1522,5253,5197,5086,5213,5090,1521,5034,1281,4325,5189,5153,5160,5161,5162,5193,5082,3991,5217,1682,5221,5240,5243,5241,1523],"class_list":{"0":"post-19909","1":"product","2":"type-product","3":"status-publish","4":"has-post-thumbnail","6":"product_cat-solutions-de-creme-a-braser-hydrosolubles","7":"product_tag-305-fr","8":"product_tag-305-ws12-fr","9":"product_tag-a-base-deau-fr","10":"product_tag-alliage-sac-305","11":"product_tag-alliage-sans-plomb","12":"product_tag-creme-a-braser-fr","13":"product_tag-creme-a-braser-sans-plomb","14":"product_tag-ecorel-free-305-ws12-fr","15":"product_tag-excellente-mouillabilite","16":"product_tag-free-fr","17":"product_tag-greenway","18":"product_tag-impression","19":"product_tag-poudre","20":"product_tag-poudre-type-3","21":"product_tag-poudre-type-4","22":"product_tag-poudre-type-5","23":"product_tag-sac-305","24":"product_tag-sans-plomb","25":"product_tag-smt-fr","26":"product_tag-t3","27":"product_tag-t4-fr","28":"product_tag-t5","29":"product_tag-type-3","30":"product_tag-type-4","31":"product_tag-type-5","32":"product_tag-ws12-fr","33":"pa_brand-ecorel-fr-2","34":"pa_features-a-base-deau","35":"pa_features-alliage-sac-305","36":"pa_features-alliage-sans-plomb","37":"pa_features-greenway","38":"pa_features-poudre-type-3-4","39":"pa_features-poudre-type-5","40":"pa_processes-impression","41":"pa_product-category-creme-a-braser","43":"first","44":"instock","45":"shipping-taxable","46":"product-type-simple"},"acf":[],"_links":{"self":[{"href":"https:\/\/www.inventec.dehon.com\/fr\/wp-json\/wp\/v2\/product\/19909","targetHints":{"allow":["GET"]}}],"collection":[{"href":"https:\/\/www.inventec.dehon.com\/fr\/wp-json\/wp\/v2\/product"}],"about":[{"href":"https:\/\/www.inventec.dehon.com\/fr\/wp-json\/wp\/v2\/types\/product"}],"replies":[{"embeddable":true,"href":"https:\/\/www.inventec.dehon.com\/fr\/wp-json\/wp\/v2\/comments?post=19909"}],"wp:featuredmedia":[{"embeddable":true,"href":"https:\/\/www.inventec.dehon.com\/fr\/wp-json\/wp\/v2\/media\/2226"}],"wp:attachment":[{"href":"https:\/\/www.inventec.dehon.com\/fr\/wp-json\/wp\/v2\/media?parent=19909"}],"wp:term":[{"taxonomy":"product_brand","embeddable":true,"href":"https:\/\/www.inventec.dehon.com\/fr\/wp-json\/wp\/v2\/product_brand?post=19909"},{"taxonomy":"product_cat","embeddable":true,"href":"https:\/\/www.inventec.dehon.com\/fr\/wp-json\/wp\/v2\/product_cat?post=19909"},{"taxonomy":"product_tag","embeddable":true,"href":"https:\/\/www.inventec.dehon.com\/fr\/wp-json\/wp\/v2\/product_tag?post=19909"}],"curies":[{"name":"wp","href":"https:\/\/api.w.org\/{rel}","templated":true}]}}