{"id":17796,"date":"2024-06-20T08:21:37","date_gmt":"2024-06-20T08:21:37","guid":{"rendered":"https:\/\/www.inventec.dehon.com\/?post_type=product&#038;p=17796"},"modified":"2026-01-29T14:34:57","modified_gmt":"2026-01-29T13:34:57","slug":"topklean-mc-20b","status":"publish","type":"product","link":"https:\/\/www.inventec.dehon.com\/fr\/product\/topklean-mc-20b\/","title":{"rendered":"TOPKLEAN MC 20B"},"content":{"rendered":"<p><img decoding=\"async\" src=\"https:\/\/www.inventec.dehon.com\/wp-content\/uploads\/2021\/03\/TOPKLEAN-canister-yellow-1-600x600.jpg\" alt=\"TOPKLEAN MC 20B\" class=\"responsive-img\" align=\"right\" style=\"border-radius:10px; margin-bottom:10px; margin-top:-10px; margin-left:15px; width:300px\" \/><\/p>\n<h2 style=\"color:#9bc947; margin-bottom:15px\">Fluide de nettoyage par processus co-solvant<\/h2>\n<ul>\n<li>Elimination des huiles et graisses d&rsquo;hydrocarbures<\/li>\n<li>Proc\u00e9d\u00e9 co-solvant<\/li>\n<li>Evolution du Topklean MC 20A<\/li>\n<\/ul>\n<h5>TOPKLEAN MC 20B<\/h5>\n<p>Est une \u00e9volution mineure du <strong>TOPKLEAN\u2122 MC 20A<\/strong> et est sp\u00e9cialement con\u00e7u pour \u00e9liminer les huiles et graisses hydrocarbon\u00e9es sur tous les m\u00e9taux et la plupart des plastiques. Il peut \u00e9galement \u00e9liminer de petites quantit\u00e9s d&rsquo;huiles et de min\u00e9raux solubles dans l&rsquo;eau, mais cela doit \u00eatre \u00e9valu\u00e9. De plus, il apporte un effet brillant sur les alliages et m\u00e9taux sensibles.<\/p>\n<p>Il est utilis\u00e9 dans un processus de co-solvant pour offrir un processus de nettoyage rapide et durable avec une efficacit\u00e9 de nettoyage tr\u00e8s \u00e9lev\u00e9e. Dans ce proc\u00e9d\u00e9, le <strong>TOPKLEAN\u2122 MC 20B<\/strong> est parfaitement rinc\u00e9 avec les solvants de notre gamme <strong>PROMOSOLV\u2122<\/strong>.<\/p>\n<p>Le processus de co-solvant a chang\u00e9 la donne depuis plus de 15 ans. Il a \u00e9t\u00e9 d\u00e9velopp\u00e9 pour remplacer les solvants \u00e0 fort impact HSE par une solution plus durable, avec des performances de nettoyage tout aussi \u00e9lev\u00e9es. Il se distingue particuli\u00e8rement lorsqu&rsquo;il s&rsquo;agit de pi\u00e8ces dont l&rsquo;espace est tr\u00e8s \u00e9troit ou difficile \u00e0 atteindre. En revanche, un syst\u00e8me de nettoyage \u00e0 base d&rsquo;eau comporte le risque que le produit chimique de nettoyage ne soit pas correctement \u00e9limin\u00e9 en raison de la tension superficielle nettement plus \u00e9lev\u00e9e de l&rsquo;eau.<\/p>\n<p><!-- SPECIFICATIONS Section --><\/p>\n<div style=\"font-weight:bold; text-transform:uppercase; border-bottom:2px solid #9DBB2F; padding-bottom:6px; margin-bottom:10px;\">\n  SP\u00c9CIFICATIONS\n<\/div>\n<table width=\"100%\" cellpadding=\"0\" cellspacing=\"0\" style=\"border-collapse:collapse; width:100%; max-width:100%;\">\n<tr>\n<th align=\"left\" style=\"background:#7A7A7A; color:#fff; padding:8px 12px; border:1px solid #BDBDBD;\">SP\u00c9CIFICATIONS<\/th>\n<th align=\"left\" style=\"background:#7A7A7A; color:#fff; padding:8px 12px; border:1px solid #BDBDBD;\">VALEURS<\/th>\n<th align=\"left\" style=\"background:#7A7A7A; color:#fff; padding:8px 12px; border:1px solid #BDBDBD;\">M\u00c9THODES<\/th>\n<\/tr>\n<tr>\n<td style=\"padding:8px 12px; border:1px solid #BDBDBD;\">Aspect<\/td>\n<td style=\"padding:8px 12px; border:1px solid #BDBDBD;\">Transparent, incolore<\/td>\n<td style=\"padding:8px 12px; border:1px solid #BDBDBD;\">Visuelle<\/td>\n<\/tr>\n<tr style=\"background:#E6E6E6;\">\n<td style=\"padding:8px 12px; border:1px solid #BDBDBD;\">Masse volumique (g\/ml \u00e0 20\u00b0C)<\/td>\n<td style=\"padding:8px 12px; border:1px solid #BDBDBD;\">0.830 \u00b1 0.010<\/td>\n<td style=\"padding:8px 12px; border:1px solid #BDBDBD;\">BRY MO 028<\/td>\n<\/tr>\n<\/table>\n<p><!-- CHARACTERISTICS Section --><\/p>\n<div style=\"font-weight:bold; text-transform:uppercase; border-bottom:2px solid #9DBB2F; padding-bottom:6px; margin:30px 0 10px 0;\">\n  CARACT\u00c9RISTIQUES\n<\/div>\n<table width=\"100%\" cellpadding=\"0\" cellspacing=\"0\" style=\"border-collapse:collapse; width:100%; max-width:100%;\">\n<tr>\n<th align=\"left\" style=\"background:#7A7A7A; color:#fff; padding:8px 12px; border:1px solid #BDBDBD;\">CARACT\u00c9RISTIQUES<\/th>\n<th align=\"left\" style=\"background:#7A7A7A; color:#fff; padding:8px 12px; border:1px solid #BDBDBD;\">VALEURS<\/th>\n<th align=\"left\" style=\"background:#7A7A7A; color:#fff; padding:8px 12px; border:1px solid #BDBDBD;\">M\u00c9THODES<\/th>\n<\/tr>\n<tr>\n<td style=\"padding:8px 12px; border:1px solid #BDBDBD;\">Point d&rsquo;\u00e9bullition (\u00b0C\/\u00b0F)<\/td>\n<td style=\"padding:8px 12px; border:1px solid #BDBDBD;\">&gt;170\u00b0C \/ &gt;338\u00b0F<\/td>\n<td style=\"padding:8px 12px; border:1px solid #BDBDBD;\">ASTM D1078<\/td>\n<\/tr>\n<tr style=\"background:#E6E6E6;\">\n<td style=\"padding:8px 12px; border:1px solid #BDBDBD;\">Point \u00e9clair (PMCC)<\/td>\n<td style=\"padding:8px 12px; border:1px solid #BDBDBD;\">65\u00b0C \/ 149\u00b0F<\/td>\n<td style=\"padding:8px 12px; border:1px solid #BDBDBD;\">ASTM D93<\/td>\n<\/tr>\n<tr>\n<td style=\"padding:8px 12px; border:1px solid #BDBDBD;\">Tension de surface (dynes\/cm \u00e0 20\u00b0C)<\/td>\n<td style=\"padding:8px 12px; border:1px solid #BDBDBD;\">41<\/td>\n<td style=\"padding:8px 12px; border:1px solid #BDBDBD;\">ASTM D971<\/td>\n<\/tr>\n<tr style=\"background:#E6E6E6;\">\n<td style=\"padding:8px 12px; border:1px solid #BDBDBD;\">Miscibilit\u00e9 dans l&rsquo;eau<\/td>\n<td style=\"padding:8px 12px; border:1px solid #BDBDBD;\">Non miscible<\/td>\n<td style=\"padding:8px 12px; border:1px solid #BDBDBD;\">Interne<\/td>\n<\/tr>\n<tr>\n<td style=\"padding:8px 12px; border:1px solid #BDBDBD;\">Pr\u00e9sence de compos\u00e9s aromatiques (% poids)<\/td>\n<td style=\"padding:8px 12px; border:1px solid #BDBDBD;\"><0.01%<\/td>\n<td style=\"padding:8px 12px; border:1px solid #BDBDBD;\">SMS 2728<\/td>\n<\/tr>\n<tr style=\"background:#E6E6E6;\">\n<td style=\"padding:8px 12px; border:1px solid #BDBDBD;\">Viscosit\u00e9 (mm\u00b2\/s \u00e0 25\u00b0C)<\/td>\n<td style=\"padding:8px 12px; border:1px solid #BDBDBD;\">1,6<\/td>\n<td style=\"padding:8px 12px; border:1px solid #BDBDBD;\">ASTM D445<\/td>\n<\/tr>\n<\/table>\n","protected":false},"excerpt":{"rendered":"<ul>\n<li>Elimination des huiles et graisses d&rsquo;hydrocarbures<\/li>\n<li>Proc\u00e9d\u00e9 co-solvant<\/li>\n<li>Evolution du Topklean MC 20A<\/li>\n<\/ul>\n<p><a href=\"https:\/\/www.inventec.dehon.com\/wp-content\/uploads\/2023\/07\/GW-Score-47.png\"><img decoding=\"async\" class=\"alignnone size-full wp-image-15530\" src=\"https:\/\/www.inventec.dehon.com\/wp-content\/uploads\/2023\/07\/GW-Score-47.png\" alt=\"\" width=\"278\" height=\"236\" \/><\/a><\/p>\n","protected":false},"featured_media":2436,"comment_status":"closed","ping_status":"closed","template":"","meta":{"_acf_changed":false,"inline_featured_image":false},"product_brand":[],"product_cat":[2827,2826,953],"product_tag":[2521,4281,4321,4393,4237,4184,2155,2520,500,2038,2519],"class_list":{"0":"post-17796","1":"product","2":"type-product","3":"status-publish","4":"has-post-thumbnail","6":"product_cat-degraissage-de-divers-composants-metalliques","7":"product_cat-deshuilage-de-divers-composants-metalliques","8":"product_cat-nettoyage","9":"product_tag-20b-fr","10":"product_tag-co-solvant","11":"product_tag-elimination-des-graisses-fr","12":"product_tag-elimination-des-huiles-fr","13":"product_tag-fabrication-additive-fr","14":"product_tag-liquides-de-nettoyage-solvants-fr","15":"product_tag-mc-fr","16":"product_tag-mc-20b-fr","17":"product_tag-solvant","18":"product_tag-topklean-fr","19":"product_tag-topklean-mc-20b-fr","20":"pa_application-elimination-des-graisses","21":"pa_application-elimination-des-huiles","22":"pa_application-solutions-pour-fabrication-additive","23":"pa_brand-topklean-fr-2","24":"pa_features-adapte-aux-bases-hydrocarbonees","25":"pa_product-category-liquides-de-nettoyage-solvants","27":"first","28":"instock","29":"shipping-taxable","30":"product-type-simple"},"acf":[],"_links":{"self":[{"href":"https:\/\/www.inventec.dehon.com\/fr\/wp-json\/wp\/v2\/product\/17796","targetHints":{"allow":["GET"]}}],"collection":[{"href":"https:\/\/www.inventec.dehon.com\/fr\/wp-json\/wp\/v2\/product"}],"about":[{"href":"https:\/\/www.inventec.dehon.com\/fr\/wp-json\/wp\/v2\/types\/product"}],"replies":[{"embeddable":true,"href":"https:\/\/www.inventec.dehon.com\/fr\/wp-json\/wp\/v2\/comments?post=17796"}],"wp:featuredmedia":[{"embeddable":true,"href":"https:\/\/www.inventec.dehon.com\/fr\/wp-json\/wp\/v2\/media\/2436"}],"wp:attachment":[{"href":"https:\/\/www.inventec.dehon.com\/fr\/wp-json\/wp\/v2\/media?parent=17796"}],"wp:term":[{"taxonomy":"product_brand","embeddable":true,"href":"https:\/\/www.inventec.dehon.com\/fr\/wp-json\/wp\/v2\/product_brand?post=17796"},{"taxonomy":"product_cat","embeddable":true,"href":"https:\/\/www.inventec.dehon.com\/fr\/wp-json\/wp\/v2\/product_cat?post=17796"},{"taxonomy":"product_tag","embeddable":true,"href":"https:\/\/www.inventec.dehon.com\/fr\/wp-json\/wp\/v2\/product_tag?post=17796"}],"curies":[{"name":"wp","href":"https:\/\/api.w.org\/{rel}","templated":true}]}}