{"id":17657,"date":"2024-06-17T07:18:40","date_gmt":"2024-06-17T07:18:40","guid":{"rendered":"https:\/\/www.inventec.dehon.com\/?post_type=product&#038;p=17657"},"modified":"2026-01-28T12:33:09","modified_gmt":"2026-01-28T11:33:09","slug":"promoclean-tp-61","status":"publish","type":"product","link":"https:\/\/www.inventec.dehon.com\/fr\/product\/promoclean-tp-61\/","title":{"rendered":"PROMOCLEAN TP 61"},"content":{"rendered":"<p><img decoding=\"async\" src=\"https:\/\/www.inventec.dehon.com\/wp-content\/uploads\/2021\/04\/PROMOCLEAN-canister-blue.png\" alt=\"PROMOCLEAN TP 61\" class=\"responsive-img\" align=\"right\" style=\"border-radius:10px; margin-bottom:10px; margin-top:-10px; margin-left:15px; width:300px\" \/><\/p>\n<h2 style=\"color:#9bc947; margin-bottom:15px\">Nettoyant innovant pour flux<\/h2>\n<ul>\n<li>\u00c9limination des r\u00e9sidus de flux<\/li>\n<li>Proc\u00e9d\u00e9 immersion aqueuse<\/li>\n<li>Compatible avec l&rsquo;aluminium<\/li>\n<\/ul>\n<h5>PROMOCLEAN TP 61<\/h5>\n<p>Est un fluide de nettoyage d\u00e9di\u00e9 \u00e0 l&rsquo;\u00e9limination de tous types de r\u00e9sidus de flux sur les PCBA, les modules d&rsquo;alimentation, les cadres de connexion, les BGA, les applications PoP ou SIP et les assemblages LED.<\/p>\n<p>Le m\u00e9canisme d&rsquo;alcalinit\u00e9 contr\u00f4l\u00e9e garantit la compatibilit\u00e9 de ce produit avec l&rsquo;aluminium et d&rsquo;autres mat\u00e9riaux sensibles, tout en offrant un pouvoir nettoyant \u00e9lev\u00e9. Gr\u00e2ce \u00e0 sa faible tension superficielle, il assure un nettoyage et un rin\u00e7age sup\u00e9rieurs dans les espaces difficiles d&rsquo;acc\u00e8s et sous les composants \u00e0 faible d\u00e9gagement.<\/p>\n<p>Il est destin\u00e9 \u00e0 un processus d&rsquo;immersion \u00e0 base d&rsquo;eau et s&rsquo;utilise dilu\u00e9 avec de l&rsquo;eau d\u00e9min\u00e9ralis\u00e9e. <strong>PROMOCLEAN TP 61<\/strong> peut nettoyer la plupart des r\u00e9sidus de flux \u00e0 une dilution de 15 %. Augmenter le taux de dilution pour les r\u00e9sidus difficiles \u00e0 \u00e9liminer.<\/p>\n<div style=\"font-family:Lato; color:#333;\">\n<div style=\"font-weight:bold; text-transform:uppercase; border-bottom:2px solid #9DBB2F; padding-bottom:6px; margin-bottom:10px;\">\n    Sp\u00e9cifications\n  <\/div>\n<table width=\"100%\" cellpadding=\"0\" cellspacing=\"0\" style=\"border-collapse:collapse; width:100%; max-width:100%;\">\n<tr>\n<th align=\"left\" style=\"background:#7A7A7A; color:#fff; padding:8px 12px; border:1px solid #BDBDBD;\">\n        Sp\u00e9cifications\n      <\/th>\n<th align=\"left\" style=\"background:#7A7A7A; color:#fff; padding:8px 12px; border:1px solid #BDBDBD;\">\n        Valeurs\n      <\/th>\n<th align=\"left\" style=\"background:#7A7A7A; color:#fff; padding:8px 12px; border:1px solid #BDBDBD;\">\n        M\u00e9thodes\n      <\/th>\n<\/tr>\n<tr>\n<td style=\"padding:8px 12px; border:1px solid #BDBDBD;\">Aspect<\/td>\n<td style=\"padding:8px 12px; border:1px solid #BDBDBD;\">Liquide incolore \u00e0 l\u00e9g\u00e8rement jaune<\/td>\n<td style=\"padding:8px 12px; border:1px solid #BDBDBD;\">Visuelle<\/td>\n<\/tr>\n<tr style=\"background:#E6E6E6;\">\n<td style=\"padding:8px 12px; border:1px solid #BDBDBD;\">Masse volumique \u00e0 20\u00b0C (g\/ml)<\/td>\n<td style=\"padding:8px 12px; border:1px solid #BDBDBD;\">0.98 \u00b1 0,01<\/td>\n<td style=\"padding:8px 12px; border:1px solid #BDBDBD;\">BRY-MO-028<\/td>\n<\/tr>\n<tr>\n<td style=\"padding:8px 12px; border:1px solid #BDBDBD;\">pH du produit pur<\/td>\n<td style=\"padding:8px 12px; border:1px solid #BDBDBD;\">10,4 \u00b1 0,5<\/td>\n<td style=\"padding:8px 12px; border:1px solid #BDBDBD;\">BRY-MO-011<\/td>\n<\/tr>\n<\/table>\n<\/div>\n<div style=\"font-family:Lato; color:#333;\">\n<div style=\"font-weight:bold; text-transform:uppercase; border-bottom:2px solid #9DBB2F; padding-bottom:6px; margin:30px 0 10px;\">\n    Caract\u00e9ristiques\n  <\/div>\n<table width=\"100%\" cellpadding=\"0\" cellspacing=\"0\" style=\"border-collapse:collapse; width:100%; max-width:100%;\">\n<tr>\n<th align=\"left\" style=\"background:#7A7A7A; color:#fff; padding:8px 12px; border:1px solid #BDBDBD;\">\n        Caract\u00e9ristiques\n      <\/th>\n<th align=\"left\" style=\"background:#7A7A7A; color:#fff; padding:8px 12px; border:1px solid #BDBDBD;\">\n        Valeurs\n      <\/th>\n<\/tr>\n<tr>\n<td style=\"padding:8px 12px; border:1px solid #BDBDBD;\">Point \u00e9clair<\/td>\n<td style=\"padding:8px 12px; border:1px solid #BDBDBD;\">Aucun<\/td>\n<\/tr>\n<tr style=\"background:#E6E6E6;\">\n<td style=\"padding:8px 12px; border:1px solid #BDBDBD;\">Solubilit\u00e9 dans l&rsquo;eau<\/td>\n<td style=\"padding:8px 12px; border:1px solid #BDBDBD;\">Totalement soluble<\/td>\n<\/tr>\n<tr>\n<td style=\"padding:8px 12px; border:1px solid #BDBDBD;\">Tension de surface (dynes \/ cm)<\/td>\n<td style=\"padding:8px 12px; border:1px solid #BDBDBD;\">27,4<\/td>\n<\/tr>\n<\/table>\n<\/div>\n","protected":false},"excerpt":{"rendered":"<ul>\n<li>\u00c9limination des r\u00e9sidus de flux<\/li>\n<li>Proc\u00e9d\u00e9 immersion aqueuse<\/li>\n<li>Compatible avec l&rsquo;aluminium<\/li>\n<\/ul>\n<p><a href=\"https:\/\/www.inventec.dehon.com\/wp-content\/uploads\/2021\/05\/GW-Score-27.png\"><img decoding=\"async\" class=\"alignleft size-full wp-image-15075\" src=\"https:\/\/www.inventec.dehon.com\/wp-content\/uploads\/2021\/05\/GW-Score-27.png\" alt=\"\" width=\"278\" height=\"236\" \/><\/a><\/p>\n","protected":false},"featured_media":2431,"comment_status":"closed","ping_status":"closed","template":"","meta":{"_acf_changed":false,"inline_featured_image":false},"product_brand":[],"product_cat":[953,2818],"product_tag":[2509,4285,4325,4257,4261,4253,2003,2507,2060,2508,4469],"class_list":{"0":"post-17657","1":"product","2":"type-product","3":"status-publish","4":"has-post-thumbnail","6":"industries-confort-assistanc-a-la-conduite-adas","7":"industries-equipement-medical-scanners","8":"industries-systemes-electroniques-et-electriques","9":"product_cat-nettoyage","10":"product_cat-nettoyage-pcb-defluxage-electronique-et-semiconducteur","11":"product_tag-61-fr","12":"product_tag-defluxage-fr","13":"product_tag-greenway","14":"product_tag-immersion-aqueuse","15":"product_tag-immersion-aqueuse-ultrasonique","16":"product_tag-liquides-de-nettoyage-aqueux-fr","17":"product_tag-promoclean-fr","18":"product_tag-promoclean-tp-61-fr","19":"product_tag-tp-fr","20":"product_tag-tp-61-fr","21":"product_tag-ultrason","22":"pa_application-defluxage","23":"pa_brand-promoclean-fr","24":"pa_features-greenway","25":"pa_processes-immersion-ultrasonique-aqueuse","26":"pa_product-category-liquides-de-nettoyage-aqueux","28":"first","29":"instock","30":"shipping-taxable","31":"product-type-simple"},"acf":[],"_links":{"self":[{"href":"https:\/\/www.inventec.dehon.com\/fr\/wp-json\/wp\/v2\/product\/17657","targetHints":{"allow":["GET"]}}],"collection":[{"href":"https:\/\/www.inventec.dehon.com\/fr\/wp-json\/wp\/v2\/product"}],"about":[{"href":"https:\/\/www.inventec.dehon.com\/fr\/wp-json\/wp\/v2\/types\/product"}],"replies":[{"embeddable":true,"href":"https:\/\/www.inventec.dehon.com\/fr\/wp-json\/wp\/v2\/comments?post=17657"}],"wp:featuredmedia":[{"embeddable":true,"href":"https:\/\/www.inventec.dehon.com\/fr\/wp-json\/wp\/v2\/media\/2431"}],"wp:attachment":[{"href":"https:\/\/www.inventec.dehon.com\/fr\/wp-json\/wp\/v2\/media?parent=17657"}],"wp:term":[{"taxonomy":"product_brand","embeddable":true,"href":"https:\/\/www.inventec.dehon.com\/fr\/wp-json\/wp\/v2\/product_brand?post=17657"},{"taxonomy":"product_cat","embeddable":true,"href":"https:\/\/www.inventec.dehon.com\/fr\/wp-json\/wp\/v2\/product_cat?post=17657"},{"taxonomy":"product_tag","embeddable":true,"href":"https:\/\/www.inventec.dehon.com\/fr\/wp-json\/wp\/v2\/product_tag?post=17657"}],"curies":[{"name":"wp","href":"https:\/\/api.w.org\/{rel}","templated":true}]}}