{"id":17270,"date":"2023-06-28T12:14:56","date_gmt":"2023-06-28T12:14:56","guid":{"rendered":"https:\/\/www.inventec.dehon.com\/product\/promoclean-disper-800\/"},"modified":"2026-01-28T10:02:21","modified_gmt":"2026-01-28T09:02:21","slug":"promoclean-disper-800","status":"publish","type":"product","link":"https:\/\/www.inventec.dehon.com\/fr\/product\/promoclean-disper-800\/","title":{"rendered":"PROMOCLEAN DISPER 800"},"content":{"rendered":"<p><img decoding=\"async\" src=\"https:\/\/www.inventec.dehon.com\/wp-content\/uploads\/2021\/04\/PROMOCLEAN-canister-blue.png\" alt=\"PROMOCLEAN DISPER 800\" class=\"responsive-img\" align=\"right\" style=\"border-radius:10px; margin-bottom:10px; margin-top:-10px; margin-left:15px; width:300px\" \/><\/p>\n<h2 style=\"color:#9bc947; margin-bottom:15px\">Liquide de d\u00e9fluxage aqueux<\/h2>\n<ul>\n<li>\u00c9limination des r\u00e9sidus de flux<\/li>\n<li>Proc\u00e9d\u00e9 aqueux d&rsquo;aspersion<\/li>\n<li>Nettoyage rapide et puissant<\/li>\n<\/ul>\n<h5>PROMOCLEAN DISPER 800<\/h5>\n<p>Est sp\u00e9cialement con\u00e7u pour l&rsquo;\u00e9limination de tous les types de r\u00e9sidus de flux sur les PCBA, les modules de puissance, les lead frames, les BGA, les applications PoP ou SIP et les assemblages LED.<\/p>\n<p>Il s&rsquo;agit de notre dernier d\u00e9veloppement bas\u00e9 sur notre nouvelle technologie QSA, qui permet une solubilisation plus rapide des compos\u00e9s organiques et min\u00e9raux. Gr\u00e2ce \u00e0 cela et \u00e0 ses excellentes propri\u00e9t\u00e9s anti-mousse, <strong>PROMOCLEAN DISPER 800<\/strong> est particuli\u00e8rement adapt\u00e9 aux processus de pulv\u00e9risation en ligne. Naturellement, il peut \u00e9galement \u00eatre utilis\u00e9 pour les processus de pulv\u00e9risation par lots tels que la pulv\u00e9risation dans l&rsquo;air ou le jet d&rsquo;immersion.<\/p>\n<p>Le m\u00e9canisme de contr\u00f4le du pH garantit la compatibilit\u00e9 de ce produit avec l&rsquo;aluminium, le cuivre et d&rsquo;autres mat\u00e9riaux sensibles, tout en offrant un pouvoir nettoyant \u00e9lev\u00e9. Sa faible tension superficielle permet de nettoyer et de rincer tr\u00e8s bien les composants \u00e0 faible hauteur et les espaces difficiles \u00e0 atteindre.<\/p>\n<p>Il s&rsquo;agit d&rsquo;un produit concentr\u00e9 qui s&rsquo;utilise dilu\u00e9 avec de l&rsquo;eau distill\u00e9e et qui poss\u00e8de un excellent pouvoir nettoyant \u00e0 partir d&rsquo;une dilution de 10 %.<\/p>\n<div style=\"font-family:Lato; color:#333;\">\n<div style=\"font-weight:bold; border-bottom:2px solid #9DBB2F; padding-bottom:6px; margin-bottom:10px;\">\n    SP\u00c9CIFICATIONS\n  <\/div>\n<table width=\"100%\" cellpadding=\"0\" cellspacing=\"0\" style=\"border-collapse:collapse; width:100%; max-width:100%;\">\n<tr>\n<th align=\"left\" style=\"background:#7A7A7A; color:#fff; padding:8px 12px; border:1px solid #BDBDBD;\">\n        SP\u00c9CIFICATIONS\n      <\/th>\n<th align=\"left\" style=\"background:#7A7A7A; color:#fff; padding:8px 12px; border:1px solid #BDBDBD;\">\n        VALEURS\n      <\/th>\n<th align=\"left\" style=\"background:#7A7A7A; color:#fff; padding:8px 12px; border:1px solid #BDBDBD;\">\n        M\u00c9THODES\n      <\/th>\n<\/tr>\n<tr>\n<td style=\"padding:8px 12px; border:1px solid #BDBDBD;\">Aspect<\/td>\n<td style=\"padding:8px 12px; border:1px solid #BDBDBD;\">Incolore clair<\/td>\n<td style=\"padding:8px 12px; border:1px solid #BDBDBD;\">Visuel<\/td>\n<\/tr>\n<tr style=\"background:#E6E6E6;\">\n<td style=\"padding:8px 12px; border:1px solid #BDBDBD;\">Masse volumique \u00e0 20\u00b0C (g\/ml)<\/td>\n<td style=\"padding:8px 12px; border:1px solid #BDBDBD;\">0,930 \u00b1 0,010<\/td>\n<td style=\"padding:8px 12px; border:1px solid #BDBDBD;\">BRY-MO-028<\/td>\n<\/tr>\n<tr>\n<td style=\"padding:8px 12px; border:1px solid #BDBDBD;\">pH \u00e0 15%<\/td>\n<td style=\"padding:8px 12px; border:1px solid #BDBDBD;\">2,7 \u00b1 0,5<\/td>\n<td style=\"padding:8px 12px; border:1px solid #BDBDBD;\">BRY-MO-011<\/td>\n<\/tr>\n<\/table>\n<\/div>\n<div style=\"font-family:Lato; color:#333;\">\n<div style=\"font-weight:bold; border-bottom:2px solid #9DBB2F; padding-bottom:6px; margin:30px 0 10px;\">\n    CARACT\u00c9RISTIQUES\n  <\/div>\n<table width=\"100%\" cellpadding=\"0\" cellspacing=\"0\" style=\"border-collapse:collapse; width:100%; max-width:100%;\">\n<tr>\n<th align=\"left\" style=\"background:#7A7A7A; color:#fff; padding:8px 12px; border:1px solid #BDBDBD;\">\n        CARACT\u00c9RISTIQUES\n      <\/th>\n<th align=\"left\" style=\"background:#7A7A7A; color:#fff; padding:8px 12px; border:1px solid #BDBDBD;\">\n        VALEURS\n      <\/th>\n<\/tr>\n<tr>\n<td style=\"padding:8px 12px; border:1px solid #BDBDBD;\">Point \u00e9clair<\/td>\n<td style=\"padding:8px 12px; border:1px solid #BDBDBD;\">92\u00b0C<\/td>\n<\/tr>\n<tr style=\"background:#E6E6E6;\">\n<td style=\"padding:8px 12px; border:1px solid #BDBDBD;\">Solubilit\u00e9 dans l&rsquo;eau<\/td>\n<td style=\"padding:8px 12px; border:1px solid #BDBDBD;\">Partiel<\/td>\n<\/tr>\n<tr>\n<td style=\"padding:8px 12px; border:1px solid #BDBDBD;\">Tension de surface (dynes\/cm)<\/td>\n<td style=\"padding:8px 12px; border:1px solid #BDBDBD;\">29<\/td>\n<\/tr>\n<tr style=\"background:#E6E6E6;\">\n<td style=\"padding:8px 12px; border:1px solid #BDBDBD;\">Indice de r\u00e9fraction \u00e0 15% 20\u00b0C<\/td>\n<td style=\"padding:8px 12px; border:1px solid #BDBDBD;\">1,35<\/td>\n<\/tr>\n<\/table>\n<\/div>\n","protected":false},"excerpt":{"rendered":"<ul>\n<li>\u00c9limination des r\u00e9sidus de flux<\/li>\n<li>Proc\u00e9d\u00e9 aqueux d&rsquo;aspersion<\/li>\n<li>Nettoyage rapide et puissant<\/li>\n<\/ul>\n<p><a href=\"https:\/\/www.inventec.dehon.com\/wp-content\/uploads\/2023\/06\/GW-Score-24.png\"><img decoding=\"async\" class=\"alignnone wp-image-14819\" src=\"https:\/\/www.inventec.dehon.com\/wp-content\/uploads\/2023\/06\/GW-Score-24.png\" alt=\"\" width=\"40\" height=\"34\" \/><\/a><\/p>\n","protected":false},"featured_media":2431,"comment_status":"closed","ping_status":"closed","template":"","meta":{"_acf_changed":false,"inline_featured_image":false},"product_brand":[],"product_cat":[953,2818],"product_tag":[2415,4285,2022,2414,4325,4257,4261,4253,2003,2413,4453,4265,4469],"class_list":{"0":"post-17270","1":"product","2":"type-product","3":"status-publish","4":"has-post-thumbnail","6":"industries-confort-assistanc-a-la-conduite-adas","7":"industries-equipement-medical-scanners","8":"industries-systemes-electroniques-et-electriques","9":"product_cat-nettoyage","10":"product_cat-nettoyage-pcb-defluxage-electronique-et-semiconducteur","11":"product_tag-800-fr","12":"product_tag-defluxage-fr","13":"product_tag-disper-fr","14":"product_tag-disper-800-fr","15":"product_tag-greenway","16":"product_tag-immersion-aqueuse","17":"product_tag-immersion-aqueuse-ultrasonique","18":"product_tag-liquides-de-nettoyage-aqueux-fr","19":"product_tag-promoclean-fr","20":"product_tag-promoclean-disper-800-fr","21":"product_tag-pulverisation","22":"product_tag-pulverisation-aqueuse","23":"product_tag-ultrason","24":"pa_application-defluxage","25":"pa_brand-promoclean-fr","26":"pa_features-greenway","27":"pa_processes-immersion-ultrasonique-aqueuse","28":"pa_processes-spray-a-base-deau","29":"pa_product-category-liquides-de-nettoyage-aqueux","31":"first","32":"instock","33":"shipping-taxable","34":"product-type-simple"},"acf":[],"_links":{"self":[{"href":"https:\/\/www.inventec.dehon.com\/fr\/wp-json\/wp\/v2\/product\/17270","targetHints":{"allow":["GET"]}}],"collection":[{"href":"https:\/\/www.inventec.dehon.com\/fr\/wp-json\/wp\/v2\/product"}],"about":[{"href":"https:\/\/www.inventec.dehon.com\/fr\/wp-json\/wp\/v2\/types\/product"}],"replies":[{"embeddable":true,"href":"https:\/\/www.inventec.dehon.com\/fr\/wp-json\/wp\/v2\/comments?post=17270"}],"wp:featuredmedia":[{"embeddable":true,"href":"https:\/\/www.inventec.dehon.com\/fr\/wp-json\/wp\/v2\/media\/2431"}],"wp:attachment":[{"href":"https:\/\/www.inventec.dehon.com\/fr\/wp-json\/wp\/v2\/media?parent=17270"}],"wp:term":[{"taxonomy":"product_brand","embeddable":true,"href":"https:\/\/www.inventec.dehon.com\/fr\/wp-json\/wp\/v2\/product_brand?post=17270"},{"taxonomy":"product_cat","embeddable":true,"href":"https:\/\/www.inventec.dehon.com\/fr\/wp-json\/wp\/v2\/product_cat?post=17270"},{"taxonomy":"product_tag","embeddable":true,"href":"https:\/\/www.inventec.dehon.com\/fr\/wp-json\/wp\/v2\/product_tag?post=17270"}],"curies":[{"name":"wp","href":"https:\/\/api.w.org\/{rel}","templated":true}]}}