{"id":17233,"date":"2023-07-05T07:19:31","date_gmt":"2023-07-05T07:19:31","guid":{"rendered":"https:\/\/www.inventec.dehon.com\/product\/quicksolv-fides\/"},"modified":"2026-01-29T11:50:10","modified_gmt":"2026-01-29T10:50:10","slug":"quicksolv-fides","status":"publish","type":"product","link":"https:\/\/www.inventec.dehon.com\/fr\/product\/quicksolv-fides\/","title":{"rendered":"QUICKSOLV FIDES"},"content":{"rendered":"<p><img decoding=\"async\" src=\"https:\/\/www.inventec.dehon.com\/wp-content\/uploads\/2021\/05\/QUICKSOLV-drum-colorless-1-600x600.png\" alt=\"QUICKSOLV FIDES\" class=\"responsive-img\" align=\"right\" style=\"border-radius:10px; margin-bottom:10px; margin-top:-10px; margin-left:15px; width:300px\" \/><\/p>\n<h2 style=\"color:#9bc947; margin-bottom:15px\">Nettoyant d&rsquo;huiles l\u00e9g\u00e8res et de poussi\u00e8re<\/h2>\n<ul>\n<li>Elimine l&rsquo;huile et la poussi\u00e8re pour le nettoyage di\u00e9lectrique<\/li>\n<li>Pour les \u00e9quipements \u00e0 aspersion manuelle<\/li>\n<li>Nettoyage s\u00fbr et rapide sous tension<\/li>\n<\/ul>\n<h5>QUICKSOLV FIDES<\/h5>\n<p>Est sp\u00e9cialement con\u00e7u pour nettoyer les huiles l\u00e9g\u00e8res et la poussi\u00e8re des panneaux \u00e9lectriques sans avoir \u00e0 couper le courant. Il est tr\u00e8s s\u00fbr \u00e0 utiliser car ce fluide est non-toxique, ininflammable et thermiquement stable, ce qui permet de l&rsquo;utiliser \u00e0 haute et basse temp\u00e9rature. La tr\u00e8s bonne compatibilit\u00e9 avec une large gamme de plastiques, m\u00e9taux et \u00e9lastom\u00e8res fait de <strong>QUICKSOLV\u2122 FIDES<\/strong> une solution de nettoyage polyvalente et efficace. Le taux d&rsquo;\u00e9vaporation et la faible tension de surface du fluide sont con\u00e7us pour permettre un s\u00e9chage rapide et facile.<\/p>\n<p>Puisqu&rsquo;il n&rsquo;a pas de GWP, cela vous offre une excellente alternative pour r\u00e9duire l&#8217;empreinte carbone de ce type d&rsquo;op\u00e9rations de nettoyage.<\/p>\n<p>Le <strong>QUICKSOLV FIDES<\/strong> est un produit pr\u00eat \u00e0 l&#8217;emploi, qui n&rsquo;a pas besoin d&rsquo;\u00eatre dilu\u00e9.<\/p>\n<p><!-- SP\u00c9CIFICATIONS Section --><\/p>\n<div style=\"font-weight:bold; text-transform:uppercase; border-bottom:2px solid #9DBB2F; padding-bottom:6px; margin-bottom:10px;\">\n  SP\u00c9CIFICATIONS\n<\/div>\n<table width=\"100%\" cellpadding=\"0\" cellspacing=\"0\" style=\"border-collapse:collapse; width:100%; max-width:100%;\">\n<tr>\n<th align=\"left\" style=\"background:#7A7A7A; color:#fff; padding:8px 12px; border:1px solid #BDBDBD;\">SP\u00c9CIFICATIONS<\/th>\n<th align=\"left\" style=\"background:#7A7A7A; color:#fff; padding:8px 12px; border:1px solid #BDBDBD;\">VALEURS<\/th>\n<th align=\"left\" style=\"background:#7A7A7A; color:#fff; padding:8px 12px; border:1px solid #BDBDBD;\">METHODES<\/th>\n<\/tr>\n<tr>\n<td style=\"padding:8px 12px; border:1px solid #BDBDBD;\">Aspect<\/td>\n<td style=\"padding:8px 12px; border:1px solid #BDBDBD;\">Incolore, transparent<\/td>\n<td style=\"padding:8px 12px; border:1px solid #BDBDBD;\">Visuel<\/td>\n<\/tr>\n<tr style=\"background:#E6E6E6;\">\n<td style=\"padding:8px 12px; border:1px solid #BDBDBD;\">Puret\u00e9 (%)<\/td>\n<td style=\"padding:8px 12px; border:1px solid #BDBDBD;\">&gt; 99,5<\/td>\n<td style=\"padding:8px 12px; border:1px solid #BDBDBD;\">MO.SB.10033<\/td>\n<\/tr>\n<\/table>\n<p><!-- CARACT\u00c9RISTIQUES Section --><\/p>\n<div style=\"font-weight:bold; text-transform:uppercase; border-bottom:2px solid #9DBB2F; padding-bottom:6px; margin:30px 0 10px 0;\">\n  CARACT\u00c9RISTIQUES\n<\/div>\n<table width=\"100%\" cellpadding=\"0\" cellspacing=\"0\" style=\"border-collapse:collapse; width:100%; max-width:100%;\">\n<tr>\n<th align=\"left\" style=\"background:#7A7A7A; color:#fff; padding:8px 12px; border:1px solid #BDBDBD;\">CARACT\u00c9RISTIQUES<\/th>\n<th align=\"left\" style=\"background:#7A7A7A; color:#fff; padding:8px 12px; border:1px solid #BDBDBD;\">VALEURS<\/th>\n<\/tr>\n<tr>\n<td style=\"padding:8px 12px; border:1px solid #BDBDBD;\">Point d&rsquo;\u00e9bullition<\/td>\n<td style=\"padding:8px 12px; border:1px solid #BDBDBD;\">49\u00b0C\/120\u00b0F<\/td>\n<\/tr>\n<tr style=\"background:#E6E6E6;\">\n<td style=\"padding:8px 12px; border:1px solid #BDBDBD;\">Conductivit\u00e9 thermique (W\/m-K)<\/td>\n<td style=\"padding:8px 12px; border:1px solid #BDBDBD;\">0.059<\/td>\n<\/tr>\n<tr>\n<td style=\"padding:8px 12px; border:1px solid #BDBDBD;\">Point \u00e9clair<\/td>\n<td style=\"padding:8px 12px; border:1px solid #BDBDBD;\">Non<\/td>\n<\/tr>\n<tr style=\"background:#E6E6E6;\">\n<td style=\"padding:8px 12px; border:1px solid #BDBDBD;\">Point d&rsquo;\u00e9coulement<\/td>\n<td style=\"padding:8px 12px; border:1px solid #BDBDBD;\">-108\u00b0C\/-162\u00b0C<\/td>\n<\/tr>\n<tr>\n<td style=\"padding:8px 12px; border:1px solid #BDBDBD;\">Tension de surface (dynes\/cm)<\/td>\n<td style=\"padding:8px 12px; border:1px solid #BDBDBD;\">10.8<\/td>\n<\/tr>\n<tr style=\"background:#E6E6E6;\">\n<td style=\"padding:8px 12px; border:1px solid #BDBDBD;\">Masse volumique (g\/cm\u00b3)<\/td>\n<td style=\"padding:8px 12px; border:1px solid #BDBDBD;\">1,6<\/td>\n<\/tr>\n<tr>\n<td style=\"padding:8px 12px; border:1px solid #BDBDBD;\">Chaleur sp\u00e9cifique (kJ\/kg.K)<\/td>\n<td style=\"padding:8px 12px; border:1px solid #BDBDBD;\">1,103<\/td>\n<\/tr>\n<tr style=\"background:#E6E6E6;\">\n<td style=\"padding:8px 12px; border:1px solid #BDBDBD;\">Chaleur de vaporisation au point d&rsquo;\u00e9bullition (kJ\/kg)<\/td>\n<td style=\"padding:8px 12px; border:1px solid #BDBDBD;\">88<\/td>\n<\/tr>\n<tr>\n<td style=\"padding:8px 12px; border:1px solid #BDBDBD;\">Pression de vapeur (kPa)<\/td>\n<td style=\"padding:8px 12px; border:1px solid #BDBDBD;\">40<\/td>\n<\/tr>\n<tr style=\"background:#E6E6E6;\">\n<td style=\"padding:8px 12px; border:1px solid #BDBDBD;\">Solubilit\u00e9 de l&rsquo;eau dans le fluide (ppm en poids)<\/td>\n<td style=\"padding:8px 12px; border:1px solid #BDBDBD;\">20<\/td>\n<\/tr>\n<tr>\n<td style=\"padding:8px 12px; border:1px solid #BDBDBD;\">Poids mol\u00e9culaire (g\/mol)<\/td>\n<td style=\"padding:8px 12px; border:1px solid #BDBDBD;\">316<\/td>\n<\/tr>\n<tr style=\"background:#E6E6E6;\">\n<td style=\"padding:8px 12px; border:1px solid #BDBDBD;\">Temp\u00e9rature critique<\/td>\n<td style=\"padding:8px 12px; border:1px solid #BDBDBD;\">169\u00b0C\/336\u00b0F<\/td>\n<\/tr>\n<tr>\n<td style=\"padding:8px 12px; border:1px solid #BDBDBD;\">Pression critique (MPa)<\/td>\n<td style=\"padding:8px 12px; border:1px solid #BDBDBD;\">1.88<\/td>\n<\/tr>\n<tr style=\"background:#E6E6E6;\">\n<td style=\"padding:8px 12px; border:1px solid #BDBDBD;\">Coefficient de dilatation (K\u207b\u00b9)<\/td>\n<td style=\"padding:8px 12px; border:1px solid #BDBDBD;\">0.0018<\/td>\n<\/tr>\n<tr>\n<td style=\"padding:8px 12px; border:1px solid #BDBDBD;\">Viscosit\u00e9 cin\u00e9matique (cSt)<\/td>\n<td style=\"padding:8px 12px; border:1px solid #BDBDBD;\">0.4<\/td>\n<\/tr>\n<tr style=\"background:#E6E6E6;\">\n<td style=\"padding:8px 12px; border:1px solid #BDBDBD;\">Viscosit\u00e9 absolue (cP)<\/td>\n<td style=\"padding:8px 12px; border:1px solid #BDBDBD;\">0.64<\/td>\n<\/tr>\n<tr>\n<td style=\"padding:8px 12px; border:1px solid #BDBDBD;\">Plage de r\u00e9sistance di\u00e9lectrique, \u00e9cart de 0,1\u00a0\u00bb (kV)<\/td>\n<td style=\"padding:8px 12px; border:1px solid #BDBDBD;\">&gt;60<\/td>\n<\/tr>\n<tr style=\"background:#E6E6E6;\">\n<td style=\"padding:8px 12px; border:1px solid #BDBDBD;\">Constante di\u00e9lectrique \u00e0 1 kHz<\/td>\n<td style=\"padding:8px 12px; border:1px solid #BDBDBD;\">1.8<\/td>\n<\/tr>\n<tr>\n<td style=\"padding:8px 12px; border:1px solid #BDBDBD;\">R\u00e9sistivit\u00e9 volumique (Ohm-cm)<\/td>\n<td style=\"padding:8px 12px; border:1px solid #BDBDBD;\">10<sup>12<\/sup><\/td>\n<\/tr>\n<\/table>\n","protected":false},"excerpt":{"rendered":"<ul>\n<li>Elimine l&rsquo;huile et la poussi\u00e8re pour le nettoyage di\u00e9lectrique<\/li>\n<li>Pour les \u00e9quipements \u00e0 aspersion manuelle<\/li>\n<li>Nettoyage s\u00fbr et rapide sous tension<\/li>\n<\/ul>\n<p><a href=\"https:\/\/www.inventec.dehon.com\/wp-content\/uploads\/2021\/04\/GW-Score-21.png\"><img decoding=\"async\" class=\"alignnone wp-image-15107\" src=\"https:\/\/www.inventec.dehon.com\/wp-content\/uploads\/2021\/04\/GW-Score-21.png\" alt=\"\" width=\"40\" height=\"34\" \/><\/a><\/p>\n","protected":false},"featured_media":3294,"comment_status":"closed","ping_status":"closed","template":"","meta":{"_acf_changed":false,"inline_featured_image":false},"product_brand":[],"product_cat":[2826,742,953,2822],"product_tag":[4393,4409,2458,4325,4184,2260,2457,4598,500],"class_list":{"0":"post-17233","1":"product","2":"type-product","3":"status-publish","4":"has-post-thumbnail","6":"industries-aerosystemes","7":"product_cat-deshuilage-de-divers-composants-metalliques","8":"product_cat-elimination-des-particules","9":"product_cat-nettoyage","10":"product_cat-nettoyage-colles-smt-electronique-et-semiconducteur","11":"product_tag-elimination-des-huiles-fr","12":"product_tag-elimination-des-particules-fr","13":"product_tag-fides-fr","14":"product_tag-greenway","15":"product_tag-liquides-de-nettoyage-solvants-fr","16":"product_tag-quicksolv-fr","17":"product_tag-quicksolv-fides-fr","18":"product_tag-recyclable","19":"product_tag-solvant","20":"pa_application-elimination-des-huiles","21":"pa_application-elimination-des-particules","22":"pa_brand-quicksolv-fr","23":"pa_features-adapte-aux-bases-hydrocarbonees","24":"pa_features-greenway","25":"pa_features-recyclable","26":"pa_processes-manuel","27":"pa_product-category-liquides-de-nettoyage-solvants","29":"first","30":"instock","31":"shipping-taxable","32":"product-type-simple"},"acf":[],"_links":{"self":[{"href":"https:\/\/www.inventec.dehon.com\/fr\/wp-json\/wp\/v2\/product\/17233","targetHints":{"allow":["GET"]}}],"collection":[{"href":"https:\/\/www.inventec.dehon.com\/fr\/wp-json\/wp\/v2\/product"}],"about":[{"href":"https:\/\/www.inventec.dehon.com\/fr\/wp-json\/wp\/v2\/types\/product"}],"replies":[{"embeddable":true,"href":"https:\/\/www.inventec.dehon.com\/fr\/wp-json\/wp\/v2\/comments?post=17233"}],"wp:featuredmedia":[{"embeddable":true,"href":"https:\/\/www.inventec.dehon.com\/fr\/wp-json\/wp\/v2\/media\/3294"}],"wp:attachment":[{"href":"https:\/\/www.inventec.dehon.com\/fr\/wp-json\/wp\/v2\/media?parent=17233"}],"wp:term":[{"taxonomy":"product_brand","embeddable":true,"href":"https:\/\/www.inventec.dehon.com\/fr\/wp-json\/wp\/v2\/product_brand?post=17233"},{"taxonomy":"product_cat","embeddable":true,"href":"https:\/\/www.inventec.dehon.com\/fr\/wp-json\/wp\/v2\/product_cat?post=17233"},{"taxonomy":"product_tag","embeddable":true,"href":"https:\/\/www.inventec.dehon.com\/fr\/wp-json\/wp\/v2\/product_tag?post=17233"}],"curies":[{"name":"wp","href":"https:\/\/api.w.org\/{rel}","templated":true}]}}