{"id":17226,"date":"2023-07-20T10:35:34","date_gmt":"2023-07-20T10:35:34","guid":{"rendered":"https:\/\/www.inventec.dehon.com\/product\/topklean-mc-20a\/"},"modified":"2026-01-29T15:33:21","modified_gmt":"2026-01-29T14:33:21","slug":"topklean-mc-20a","status":"publish","type":"product","link":"https:\/\/www.inventec.dehon.com\/fr\/product\/topklean-mc-20a\/","title":{"rendered":"TOPKLEAN MC 20A"},"content":{"rendered":"<p><img decoding=\"async\" src=\"https:\/\/www.inventec.dehon.com\/wp-content\/uploads\/2021\/03\/TOPKLEAN-canister-yellow-1-600x600.jpg\" alt=\"TOPKLEAN MC 20A\" class=\"responsive-img\" align=\"right\" style=\"border-radius:10px; margin-bottom:10px; margin-top:-10px; margin-left:15px; width:300px\" \/><\/p>\n<h2 style=\"color: #9bc947; margin-bottom: 15px;\">Fluide de nettoyage \u00e0 processus co-solvant<\/h2>\n<ul>\n<li>Elimination des huiles et graisses d&rsquo;hydrocarbures<\/li>\n<li>Proc\u00e9d\u00e9 de co-solvants<\/li>\n<li>Produit h\u00e9rit\u00e9<\/li>\n<\/ul>\n<h5>TOPKLEAN MC 20A<\/h5>\n<p>Est un produit utilis\u00e9 depuis plus de 15 ans par de nombreux acteurs de la fabrication de pi\u00e8ces de pr\u00e9cision pour \u00e9liminer les huiles et les graisses hydrocarbon\u00e9es. Chez INVENTEC, nous nous mettons constamment au d\u00e9fi de rendre un excellent produit encore meilleur. Aujourd&rsquo;hui, nous recommandons <a href=\"https:\/\/www.inventec.dehon.com\/fr\/product\/topklean-mc-20b\/\"><strong>TOPKLEAN MC 20B<\/strong><\/a>, qui est une \u00e9volution mineure visant \u00e0 am\u00e9liorer la durabilit\u00e9.<\/p>\n<p>Il est utilis\u00e9 dans un processus de co-solvant pour offrir un processus de nettoyage rapide et durable avec une efficacit\u00e9 de nettoyage tr\u00e8s \u00e9lev\u00e9e. Dans ce processus, <strong>TOPKLEAN MC 20A<\/strong> est parfaitement rinc\u00e9 avec des solvants de notre <strong>gamme PROMOSOLV<\/strong>.<\/p>\n<p>Le processus de co-solvant a chang\u00e9 la donne depuis plus de 15 ans. Il a \u00e9t\u00e9 d\u00e9velopp\u00e9 pour remplacer les solvants \u00e0 fort impact HSE par une solution plus durable, avec des performances de nettoyage tout aussi \u00e9lev\u00e9es. Il se distingue particuli\u00e8rement lorsqu&rsquo;il s&rsquo;agit de pi\u00e8ces dont l&rsquo;espace est tr\u00e8s \u00e9troit ou difficile \u00e0 atteindre. En revanche, un syst\u00e8me de nettoyage \u00e0 base d&rsquo;eau comporte le risque que le produit chimique de nettoyage ne soit pas correctement \u00e9limin\u00e9 en raison de la tension superficielle nettement plus \u00e9lev\u00e9e de l&rsquo;eau.<\/p>\n<p><!-- SP\u00c9CIFICATIONS Section --><\/p>\n<div style=\"font-weight:bold; text-transform:uppercase; border-bottom:2px solid #9DBB2F; padding-bottom:6px; margin-bottom:10px;\">\n  SP\u00c9CIFICATIONS\n<\/div>\n<table width=\"100%\" cellpadding=\"0\" cellspacing=\"0\" style=\"border-collapse:collapse; width:100%; max-width:100%;\">\n<tr>\n<th align=\"left\" style=\"background:#7A7A7A; color:#fff; padding:8px 12px; border:1px solid #BDBDBD;\">SP\u00c9CIFICATIONS<\/th>\n<th align=\"left\" style=\"background:#7A7A7A; color:#fff; padding:8px 12px; border:1px solid #BDBDBD;\">VALEURS<\/th>\n<th align=\"left\" style=\"background:#7A7A7A; color:#fff; padding:8px 12px; border:1px solid #BDBDBD;\">METHODES<\/th>\n<\/tr>\n<tr>\n<td style=\"padding:8px 12px; border:1px solid #BDBDBD;\">Aspect<\/td>\n<td style=\"padding:8px 12px; border:1px solid #BDBDBD;\">Transparent, incolore<\/td>\n<td style=\"padding:8px 12px; border:1px solid #BDBDBD;\">Visuelle<\/td>\n<\/tr>\n<tr style=\"background:#E6E6E6;\">\n<td style=\"padding:8px 12px; border:1px solid #BDBDBD;\">Masse volumique \u00e0 20\u00b0C (g\/ml)<\/td>\n<td style=\"padding:8px 12px; border:1px solid #BDBDBD;\">0.790 \u00b1 0.010<\/td>\n<td style=\"padding:8px 12px; border:1px solid #BDBDBD;\">BRY MO 028<\/td>\n<\/tr>\n<\/table>\n<p><!-- CARACT\u00c9RISTIQUES Section --><\/p>\n<div style=\"font-weight:bold; text-transform:uppercase; border-bottom:2px solid #9DBB2F; padding-bottom:6px; margin:30px 0 10px 0;\">\n  CARACT\u00c9RISTIQUES\n<\/div>\n<table width=\"100%\" cellpadding=\"0\" cellspacing=\"0\" style=\"border-collapse:collapse; width:100%; max-width:100%;\">\n<tr>\n<th align=\"left\" style=\"background:#7A7A7A; color:#fff; padding:8px 12px; border:1px solid #BDBDBD;\">CARACT\u00c9RISTIQUES<\/th>\n<th align=\"left\" style=\"background:#7A7A7A; color:#fff; padding:8px 12px; border:1px solid #BDBDBD;\">VALEURS<\/th>\n<th align=\"left\" style=\"background:#7A7A7A; color:#fff; padding:8px 12px; border:1px solid #BDBDBD;\">M\u00c9THODES<\/th>\n<\/tr>\n<tr>\n<td style=\"padding:8px 12px; border:1px solid #BDBDBD;\">Point d&rsquo;\u00e9bullition (\u00b0C \/ \u00b0F)<\/td>\n<td style=\"padding:8px 12px; border:1px solid #BDBDBD;\">170-180\u00b0C \/ ASTM D1078<\/td>\n<td style=\"padding:8px 12px; border:1px solid #BDBDBD;\">ASTM D1078<\/td>\n<\/tr>\n<tr style=\"background:#E6E6E6;\">\n<td style=\"padding:8px 12px; border:1px solid #BDBDBD;\">Point \u00e9clair (PMCC)<\/td>\n<td style=\"padding:8px 12px; border:1px solid #BDBDBD;\">65\u00b0C \/ 149\u00b0F<\/td>\n<td style=\"padding:8px 12px; border:1px solid #BDBDBD;\">ASTM D93<\/td>\n<\/tr>\n<tr>\n<td style=\"padding:8px 12px; border:1px solid #BDBDBD;\">Viscosit\u00e9 \u00e0 25\u00b0C<\/td>\n<td style=\"padding:8px 12px; border:1px solid #BDBDBD;\">1,6 mm\u00b2\/s<\/td>\n<td style=\"padding:8px 12px; border:1px solid #BDBDBD;\">ASTM D445<\/td>\n<\/tr>\n<tr style=\"background:#E6E6E6;\">\n<td style=\"padding:8px 12px; border:1px solid #BDBDBD;\">Tension de surface \u00e0 20\u00b0C (dynes\/cm)<\/td>\n<td style=\"padding:8px 12px; border:1px solid #BDBDBD;\">41<\/td>\n<td style=\"padding:8px 12px; border:1px solid #BDBDBD;\">ASTM D971<\/td>\n<\/tr>\n<tr>\n<td style=\"padding:8px 12px; border:1px solid #BDBDBD;\">Taux d&rsquo;\u00e9vaporation relatif : nBuAc=1<\/td>\n<td style=\"padding:8px 12px; border:1px solid #BDBDBD;\">0,06<\/td>\n<td style=\"padding:8px 12px; border:1px solid #BDBDBD;\">ASTM D3539<\/td>\n<\/tr>\n<tr style=\"background:#E6E6E6;\">\n<td style=\"padding:8px 12px; border:1px solid #BDBDBD;\">Rigidit\u00e9 di\u00e9lectrique<\/td>\n<td style=\"padding:8px 12px; border:1px solid #BDBDBD;\">200 KV\/cm<\/td>\n<td style=\"padding:8px 12px; border:1px solid #BDBDBD;\">DIN\/VDE 0370\/5<\/td>\n<\/tr>\n<tr>\n<td style=\"padding:8px 12px; border:1px solid #BDBDBD;\">Miscibilit\u00e9 dans l&rsquo;eau<\/td>\n<td style=\"padding:8px 12px; border:1px solid #BDBDBD;\">Non miscible<\/td>\n<td style=\"padding:8px 12px; border:1px solid #BDBDBD;\">Interne<\/td>\n<\/tr>\n<tr style=\"background:#E6E6E6;\">\n<td style=\"padding:8px 12px; border:1px solid #BDBDBD;\">Masse volumique de vapeur relative \u00e0 20\u00b0C<\/td>\n<td style=\"padding:8px 12px; border:1px solid #BDBDBD;\">4,6<\/td>\n<td style=\"padding:8px 12px; border:1px solid #BDBDBD;\">Interne<\/td>\n<\/tr>\n<tr>\n<td style=\"padding:8px 12px; border:1px solid #BDBDBD;\">Chaleur latente de vaporisation (kJ\/kg \u00e0 bp)<\/td>\n<td style=\"padding:8px 12px; border:1px solid #BDBDBD;\">320<\/td>\n<td style=\"padding:8px 12px; border:1px solid #BDBDBD;\">Calcul\u00e9<\/td>\n<\/tr>\n<tr style=\"background:#E6E6E6;\">\n<td style=\"padding:8px 12px; border:1px solid #BDBDBD;\">Chaleur sp\u00e9cifique (kJ\/kg.K)<\/td>\n<td style=\"padding:8px 12px; border:1px solid #BDBDBD;\">2.0\/2.1<\/td>\n<td style=\"padding:8px 12px; border:1px solid #BDBDBD;\">Calcul\u00e9<\/td>\n<\/tr>\n<tr>\n<td style=\"padding:8px 12px; border:1px solid #BDBDBD;\">Conductivit\u00e9 thermique \u00e0 20\u00b0C<\/td>\n<td style=\"padding:8px 12px; border:1px solid #BDBDBD;\">0,13 W\/M.K<\/td>\n<td style=\"padding:8px 12px; border:1px solid #BDBDBD;\">Calcul\u00e9<\/td>\n<\/tr>\n<tr style=\"background:#E6E6E6;\">\n<td style=\"padding:8px 12px; border:1px solid #BDBDBD;\">Pr\u00e9sence de compos\u00e9s aromatiques (% poids)<\/td>\n<td style=\"padding:8px 12px; border:1px solid #BDBDBD;\">&lt;0.01 %<\/td>\n<td style=\"padding:8px 12px; border:1px solid #BDBDBD;\">SMS 2728<\/td>\n<\/tr>\n<tr>\n<td style=\"padding:8px 12px; border:1px solid #BDBDBD;\">NVR (G\/100 mL)<\/td>\n<td style=\"padding:8px 12px; border:1px solid #BDBDBD;\">&lt;0,01<\/td>\n<td style=\"padding:8px 12px; border:1px solid #BDBDBD;\">ASTM D1353<\/td>\n<\/tr>\n<tr style=\"background:#E6E6E6;\">\n<td style=\"padding:8px 12px; border:1px solid #BDBDBD;\">Teneur en eau (% poids)<\/td>\n<td style=\"padding:8px 12px; border:1px solid #BDBDBD;\">&lt;0.1<\/td>\n<td style=\"padding:8px 12px; border:1px solid #BDBDBD;\">ASTM E1364<\/td>\n<\/tr>\n<tr>\n<td style=\"padding:8px 12px; border:1px solid #BDBDBD;\">Plage d&rsquo;\u00e9bullition (\u00b0C \/ \u00b0K)<\/td>\n<td style=\"padding:8px 12px; border:1px solid #BDBDBD;\">174-199 \u00b0C \/ 345-390 \u00b0F<\/td>\n<td style=\"padding:8px 12px; border:1px solid #BDBDBD;\">ASTM D1078<\/td>\n<\/tr>\n<tr style=\"background:#E6E6E6;\">\n<td style=\"padding:8px 12px; border:1px solid #BDBDBD;\">COV<\/td>\n<td style=\"padding:8px 12px; border:1px solid #BDBDBD;\">776 g\/L<\/td>\n<td style=\"padding:8px 12px; border:1px solid #BDBDBD;\">\u2014<\/td>\n<\/tr>\n<\/table>\n","protected":false},"excerpt":{"rendered":"<ul>\n<li>Elimination des huiles et graisses d&rsquo;hydrocarbures<\/li>\n<li>Proc\u00e9d\u00e9 de co-solvants<\/li>\n<li>Produit h\u00e9rit\u00e9<\/li>\n<\/ul>\n<p><a href=\"https:\/\/www.inventec.dehon.com\/wp-content\/uploads\/2023\/07\/GW-Score-47.png\"><img decoding=\"async\" class=\"alignnone size-full wp-image-15530\" src=\"https:\/\/www.inventec.dehon.com\/wp-content\/uploads\/2023\/07\/GW-Score-47.png\" alt=\"\" width=\"278\" height=\"236\" \/><\/a><\/p>\n","protected":false},"featured_media":24449,"comment_status":"closed","ping_status":"closed","template":"","meta":{"_acf_changed":false,"inline_featured_image":false},"product_brand":[],"product_cat":[2827,2826,953],"product_tag":[2687,4281,4321,4393,4184,2155,2715,2038,2714],"class_list":{"0":"post-17226","1":"product","2":"type-product","3":"status-publish","4":"has-post-thumbnail","6":"product_cat-degraissage-de-divers-composants-metalliques","7":"product_cat-deshuilage-de-divers-composants-metalliques","8":"product_cat-nettoyage","9":"product_tag-20a-fr","10":"product_tag-co-solvant","11":"product_tag-elimination-des-graisses-fr","12":"product_tag-elimination-des-huiles-fr","13":"product_tag-liquides-de-nettoyage-solvants-fr","14":"product_tag-mc-fr","15":"product_tag-mc-20a-fr","16":"product_tag-topklean-fr","17":"product_tag-topklean-mc-20a-fr","18":"pa_application-elimination-des-graisses","19":"pa_application-elimination-des-huiles","20":"pa_brand-topklean-fr-2","21":"pa_features-adapte-aux-bases-hydrocarbonees","22":"pa_product-category-liquides-de-nettoyage-solvants","24":"first","25":"instock","26":"shipping-taxable","27":"product-type-simple"},"acf":[],"_links":{"self":[{"href":"https:\/\/www.inventec.dehon.com\/fr\/wp-json\/wp\/v2\/product\/17226","targetHints":{"allow":["GET"]}}],"collection":[{"href":"https:\/\/www.inventec.dehon.com\/fr\/wp-json\/wp\/v2\/product"}],"about":[{"href":"https:\/\/www.inventec.dehon.com\/fr\/wp-json\/wp\/v2\/types\/product"}],"replies":[{"embeddable":true,"href":"https:\/\/www.inventec.dehon.com\/fr\/wp-json\/wp\/v2\/comments?post=17226"}],"wp:featuredmedia":[{"embeddable":true,"href":"https:\/\/www.inventec.dehon.com\/fr\/wp-json\/wp\/v2\/media\/24449"}],"wp:attachment":[{"href":"https:\/\/www.inventec.dehon.com\/fr\/wp-json\/wp\/v2\/media?parent=17226"}],"wp:term":[{"taxonomy":"product_brand","embeddable":true,"href":"https:\/\/www.inventec.dehon.com\/fr\/wp-json\/wp\/v2\/product_brand?post=17226"},{"taxonomy":"product_cat","embeddable":true,"href":"https:\/\/www.inventec.dehon.com\/fr\/wp-json\/wp\/v2\/product_cat?post=17226"},{"taxonomy":"product_tag","embeddable":true,"href":"https:\/\/www.inventec.dehon.com\/fr\/wp-json\/wp\/v2\/product_tag?post=17226"}],"curies":[{"name":"wp","href":"https:\/\/api.w.org\/{rel}","templated":true}]}}