{"id":17125,"date":"2023-06-22T12:00:03","date_gmt":"2023-06-22T12:00:03","guid":{"rendered":"https:\/\/www.inventec.dehon.com\/product\/promosolv-neo-b2\/"},"modified":"2026-01-29T10:48:48","modified_gmt":"2026-01-29T09:48:48","slug":"promosolv-neo-b2","status":"publish","type":"product","link":"https:\/\/www.inventec.dehon.com\/fr\/product\/promosolv-neo-b2\/","title":{"rendered":"PROMOSOLV NEO B2"},"content":{"rendered":"<p><img decoding=\"async\" src=\"https:\/\/www.inventec.dehon.com\/wp-content\/uploads\/2021\/03\/PROMOSOLV-drum-colorless-Ecoprog-600x600.png\" alt=\"PROMOSOLV NEO B2\" class=\"responsive-img\" align=\"right\" style=\"border-radius:10px; margin-bottom:10px; margin-top:-10px; margin-left:15px; width:300px\" \/><\/p>\n<h2 style=\"color:#9bc947; margin-bottom:15px\">Nettoyant durable<\/h2>\n<ul>\n<li>\u00c9limination d&rsquo;une large gamme de contaminants<\/li>\n<li>Proc\u00e9d\u00e9 en phase vapeur (mono-solvant)<\/li>\n<li>Pouvoir nettoyant \u00e9lev\u00e9 et GWP tr\u00e8s faible<\/li>\n<li>3M Novec 73DE remplacement<\/li>\n<\/ul>\n<h5>PROMOSOLV NEO B2<\/h5>\n<p>D\u00e9velopp\u00e9 pour remplacer le trichlor\u00e9thyl\u00e8ne, le NPB et d&rsquo;autres solvants ayant un impact important sur la sant\u00e9, la s\u00e9curit\u00e9 et l&rsquo;environnement. Tout en r\u00e9duisant sensiblement l&rsquo;impact HSE, le pouvoir d\u00e9graissant est \u00e0 un niveau \u00e9quivalent. La tr\u00e8s faible tension de surface permet de p\u00e9n\u00e9trer dans les espaces tr\u00e8s \u00e9troits ou difficiles d&rsquo;acc\u00e8s, en assurant un nettoyage et un rin\u00e7age en profondeur.<\/p>\n<p>La nouvelle gamme <strong>PROMOSOLV NEO<\/strong> est constitu\u00e9e de nos produits \u00e0 tr\u00e8s faible GWP et \u00e0 faible dur\u00e9e de vie dans l&rsquo;atmosph\u00e8re, r\u00e9duisant l&rsquo;impact sur le r\u00e9chauffement climatique. Le pouvoir solvant a \u00e9galement \u00e9t\u00e9 am\u00e9lior\u00e9, ce qui contribue \u00e0 une performance de nettoyage encore plus efficace et plus rapide.<\/p>\n<p><strong>PROMOSOLV NEO B2<\/strong> est destin\u00e9 \u00e0 \u00e9liminer la plupart des huiles et des graisses, \u00e0 l&rsquo;exception des lubrifiants \u00e0 base d&rsquo;eau. Il convient \u00e9galement pour \u00e9liminer les cires et les particules. Selon la nature des mat\u00e9riaux polym\u00e9ris\u00e9s, certains vernis, adh\u00e9sifs, encres et peintures peuvent \u00e9galement \u00eatre \u00e9limin\u00e9s.<\/p>\n<p><strong>PROMOSOLV NEO B2<\/strong> est un substitut direct du <strong>3M Novec 73DE<\/strong>, dont le retrait volontaire est pr\u00e9vu pour la fin de l&rsquo;ann\u00e9e 2025. Cliquez sur le lien pour plus d&rsquo;informations sur l&rsquo;annonce concernant <a href=\"https:\/\/www.inventec.dehon.com\/fr\/eliminer-les-solvants-3m\/\">l&rsquo;arr\u00eat des 3M Novec<\/a>.<\/p>\n<p><!-- SPECIFICATIONS Section --><\/p>\n<div style=\"font-weight:bold; text-transform:uppercase; border-bottom:2px solid #9DBB2F; padding-bottom:6px; margin-bottom:10px;\">\n  SP\u00c9CIFICATIONS\n<\/div>\n<table width=\"100%\" cellpadding=\"0\" cellspacing=\"0\" style=\"border-collapse:collapse; width:100%; max-width:100%;\">\n<tr>\n<th align=\"left\" style=\"background:#7A7A7A; color:#fff; padding:8px 12px; border:1px solid #BDBDBD;\">SP\u00c9CIFICATIONS<\/th>\n<th align=\"left\" style=\"background:#7A7A7A; color:#fff; padding:8px 12px; border:1px solid #BDBDBD;\">VALEURS<\/th>\n<th align=\"left\" style=\"background:#7A7A7A; color:#fff; padding:8px 12px; border:1px solid #BDBDBD;\">METHODES<\/th>\n<\/tr>\n<tr>\n<td style=\"padding:8px 12px; border:1px solid #BDBDBD;\">Aspect<\/td>\n<td style=\"padding:8px 12px; border:1px solid #BDBDBD;\">Transparent, incolore<\/td>\n<td style=\"padding:8px 12px; border:1px solid #BDBDBD;\">Visuelle<\/td>\n<\/tr>\n<tr style=\"background:#E6E6E6;\">\n<td style=\"padding:8px 12px; border:1px solid #BDBDBD;\">M\u00e9lange fluor\u00e9<\/td>\n<td style=\"padding:8px 12px; border:1px solid #BDBDBD;\">&gt;10%<\/td>\n<td style=\"padding:8px 12px; border:1px solid #BDBDBD;\">Interne \/ MO.SB.10033<\/td>\n<\/tr>\n<tr>\n<td style=\"padding:8px 12px; border:1px solid #BDBDBD;\">1,2- Transdichloro\u00e9thyl\u00e8ne<\/td>\n<td style=\"padding:8px 12px; border:1px solid #BDBDBD;\">&gt;70%<\/td>\n<td style=\"padding:8px 12px; border:1px solid #BDBDBD;\">Interne \/ MO.SB.10033<\/td>\n<\/tr>\n<\/table>\n<p><!-- CHARACTERISTICS Section --><\/p>\n<div style=\"font-weight:bold; text-transform:uppercase; border-bottom:2px solid #9DBB2F; padding-bottom:6px; margin:30px 0 10px 0;\">\n  CARACT\u00c9RISTIQUES\n<\/div>\n<table width=\"100%\" cellpadding=\"0\" cellspacing=\"0\" style=\"border-collapse:collapse; width:100%; max-width:100%;\">\n<tr>\n<th align=\"left\" style=\"background:#7A7A7A; color:#fff; padding:8px 12px; border:1px solid #BDBDBD;\">CARACT\u00c9RISTIQUES<\/th>\n<th align=\"left\" style=\"background:#7A7A7A; color:#fff; padding:8px 12px; border:1px solid #BDBDBD;\">VALEURS<\/th>\n<\/tr>\n<tr>\n<td style=\"padding:8px 12px; border:1px solid #BDBDBD;\">Point d&rsquo;\u00e9bullition (\u00b0C)<\/td>\n<td style=\"padding:8px 12px; border:1px solid #BDBDBD;\">43<\/td>\n<\/tr>\n<tr style=\"background:#E6E6E6;\">\n<td style=\"padding:8px 12px; border:1px solid #BDBDBD;\">Tension de surface (dynes\/cm)<\/td>\n<td style=\"padding:8px 12px; border:1px solid #BDBDBD;\">13,6<\/td>\n<\/tr>\n<tr>\n<td style=\"padding:8px 12px; border:1px solid #BDBDBD;\">Point \u00e9clair<\/td>\n<td style=\"padding:8px 12px; border:1px solid #BDBDBD;\">aucun<\/td>\n<\/tr>\n<tr style=\"background:#E6E6E6;\">\n<td style=\"padding:8px 12px; border:1px solid #BDBDBD;\">Densit\u00e9 (g\/cm3)<\/td>\n<td style=\"padding:8px 12px; border:1px solid #BDBDBD;\">1,3<\/td>\n<\/tr>\n<tr>\n<td style=\"padding:8px 12px; border:1px solid #BDBDBD;\">Puret\u00e9 (% poids)<\/td>\n<td style=\"padding:8px 12px; border:1px solid #BDBDBD;\">&gt;99.0<\/td>\n<\/tr>\n<tr style=\"background:#E6E6E6;\">\n<td style=\"padding:8px 12px; border:1px solid #BDBDBD;\">GWP<\/td>\n<td style=\"padding:8px 12px; border:1px solid #BDBDBD;\">29<\/td>\n<\/tr>\n<\/table>\n","protected":false},"excerpt":{"rendered":"<ul>\n<li>\u00c9limination d&rsquo;une large gamme de contaminants<\/li>\n<li>Proc\u00e9d\u00e9 en phase vapeur (mono-solvant)<\/li>\n<li>Haut pouvoir nettoyant<\/li>\n<li>GWP ultra-faible: 29<\/li>\n<li>3M Novec 73DE remplacement<\/li>\n<\/ul>\n<p><a href=\"https:\/\/www.inventec.dehon.com\/wp-content\/uploads\/2023\/06\/GW-Score-36.png\"><img decoding=\"async\" class=\"alignnone size-full wp-image-15225\" src=\"https:\/\/www.inventec.dehon.com\/wp-content\/uploads\/2023\/06\/GW-Score-36.png\" alt=\"GW Score 36\" width=\"278\" height=\"236\" \/><\/a><\/p>\n","protected":false},"featured_media":2276,"comment_status":"closed","ping_status":"closed","template":"","meta":{"_acf_changed":false,"inline_featured_image":false},"product_brand":[],"product_cat":[953],"product_tag":[2353,5413,4417,4747,4751,4321,4393,4409,4184,4369,2310,2352,4767,4421,4465,1821,2351,4598,4429,500],"class_list":{"0":"post-17125","1":"product","2":"type-product","3":"status-publish","4":"has-post-thumbnail","6":"product_cat-nettoyage","7":"product_tag-b2-fr","8":"product_tag-degraissage-fr","9":"product_tag-elimination-de-la-pate-a-polir-fr","10":"product_tag-elimination-de-polymeres","11":"product_tag-elimination-de-resines","12":"product_tag-elimination-des-graisses-fr","13":"product_tag-elimination-des-huiles-fr","14":"product_tag-elimination-des-particules-fr","15":"product_tag-liquides-de-nettoyage-solvants-fr","16":"product_tag-mono-solvant","17":"product_tag-neo-fr","18":"product_tag-neo-b2-fr","19":"product_tag-phase-vapeur","20":"product_tag-polymere-fr","21":"product_tag-prg-ultra-faible","22":"product_tag-promosolv-fr","23":"product_tag-promosolv-neo-b2-fr","24":"product_tag-recyclable","25":"product_tag-resines","26":"product_tag-solvant","27":"pa_application-elimination-de-la-pate-a-polir","28":"pa_application-elimination-des-graisses","29":"pa_application-elimination-des-huiles","30":"pa_application-elimination-des-particules","31":"pa_application-elimination-des-polymeres-resines","32":"pa_brand-promosolv-fr-2","33":"pa_features-adapte-aux-bases-hydrocarbonees","34":"pa_features-recyclable","35":"pa_features-prg-tres-faible","36":"pa_processes-mono-solvant","37":"pa_product-category-liquides-de-nettoyage-solvants","39":"first","40":"instock","41":"shipping-taxable","42":"product-type-simple"},"acf":[],"_links":{"self":[{"href":"https:\/\/www.inventec.dehon.com\/fr\/wp-json\/wp\/v2\/product\/17125","targetHints":{"allow":["GET"]}}],"collection":[{"href":"https:\/\/www.inventec.dehon.com\/fr\/wp-json\/wp\/v2\/product"}],"about":[{"href":"https:\/\/www.inventec.dehon.com\/fr\/wp-json\/wp\/v2\/types\/product"}],"replies":[{"embeddable":true,"href":"https:\/\/www.inventec.dehon.com\/fr\/wp-json\/wp\/v2\/comments?post=17125"}],"wp:featuredmedia":[{"embeddable":true,"href":"https:\/\/www.inventec.dehon.com\/fr\/wp-json\/wp\/v2\/media\/2276"}],"wp:attachment":[{"href":"https:\/\/www.inventec.dehon.com\/fr\/wp-json\/wp\/v2\/media?parent=17125"}],"wp:term":[{"taxonomy":"product_brand","embeddable":true,"href":"https:\/\/www.inventec.dehon.com\/fr\/wp-json\/wp\/v2\/product_brand?post=17125"},{"taxonomy":"product_cat","embeddable":true,"href":"https:\/\/www.inventec.dehon.com\/fr\/wp-json\/wp\/v2\/product_cat?post=17125"},{"taxonomy":"product_tag","embeddable":true,"href":"https:\/\/www.inventec.dehon.com\/fr\/wp-json\/wp\/v2\/product_tag?post=17125"}],"curies":[{"name":"wp","href":"https:\/\/api.w.org\/{rel}","templated":true}]}}