{"id":17112,"date":"2023-09-13T06:40:52","date_gmt":"2023-09-13T06:40:52","guid":{"rendered":"https:\/\/www.inventec.dehon.com\/product\/thermasolv-cf2\/"},"modified":"2026-01-20T10:39:10","modified_gmt":"2026-01-20T09:39:10","slug":"thermasolv-cf2","status":"publish","type":"product","link":"https:\/\/www.inventec.dehon.com\/fr\/product\/thermasolv-cf2\/","title":{"rendered":"THERMASOLV CF2"},"content":{"rendered":"<p><img decoding=\"async\" src=\"https:\/\/www.inventec.dehon.com\/wp-content\/uploads\/2023\/09\/Thermasolv-Greenway-600x600.jpg\" alt=\"THERMASOLV CF2\" class=\"responsive-img\" align=\"right\" style=\"border-radius:10px; margin-bottom:10px; margin-top:-10px; margin-left:15px; width:300px\" \/><\/p>\n<h2 style=\"color:#9bc947; margin-bottom:15px\">Fluides de refroidissement di\u00e9lectriques pour les appareils \u00e9lectroniques et \u00e9lectriques<\/h2>\n<ul>\n<li>Fluide de transfert thermique di\u00e9lectrique<\/li>\n<li>Point d&rsquo;\u00e9bullition: 110\u00b0C\/230\u00b0F<\/li>\n<li>Ininflammable et faible GWP<\/li>\n<\/ul>\n<h5>THERMASOLV CF2<\/h5>\n<p>Est un fluide di\u00e9lectrique de transfert de chaleur, d\u00e9di\u00e9 aux syst\u00e8mes d&rsquo;immersion monophas\u00e9s ou de refroidissement direct. Ses propri\u00e9t\u00e9s d&rsquo;isolation \u00e9lectrique \u00e9lev\u00e9es permettent d&rsquo;immerger des appareils \u00e9lectroniques et \u00e9lectriques sous tension dans le fluide. Les caract\u00e9ristiques favorables de la viscosit\u00e9, de la densit\u00e9 et de la tension de surface du produit permettent un contact optimal avec la surface, ce qui contribue \u00e0 une performance sup\u00e9rieure de transfert de chaleur.<\/p>\n<p>La tr\u00e8s bonne compatibilit\u00e9 du <strong>THERMASOLV CF2<\/strong> avec tous les m\u00e9taux, avec une large gamme de plastiques et d&rsquo;\u00e9lastom\u00e8res et la stabilit\u00e9 chimique du fluide, font du THERMASOLV CF2 un fluide id\u00e9al pour le refroidissement par immersion.<\/p>\n<p><strong>THERMASOLV CF2<\/strong> est formul\u00e9 dans un souci de s\u00e9curit\u00e9. Il est non toxique, ne mentionne aucune phrase EUH, est ininflammable et n&rsquo;a pas de point d&rsquo;\u00e9clair. Il s&rsquo;agit \u00e9galement d&rsquo;une excellente solution durable car elle n&rsquo;a pas de ODP, un faible GWP et peut \u00eatre propos\u00e9e au recyclage en cas de besoin.<\/p>\n<p><!-- SP\u00c9CIFICATIONS Section --><\/p>\n<div style=\"font-weight:bold; text-transform:uppercase; border-bottom:2px solid #9DBB2F; padding-bottom:6px; margin-bottom:10px;\">\n  SP\u00c9CIFICATIONS\n<\/div>\n<table width=\"100%\" cellpadding=\"0\" cellspacing=\"0\" style=\"border-collapse:collapse; width:100%; max-width:100%;\">\n<tr>\n<th align=\"left\" style=\"background:#7A7A7A; color:#fff; padding:8px 12px; border:1px solid #BDBDBD;\">SP\u00c9CIFICATIONS<\/th>\n<th align=\"left\" style=\"background:#7A7A7A; color:#fff; padding:8px 12px; border:1px solid #BDBDBD;\">VALEURS<\/th>\n<th align=\"left\" style=\"background:#7A7A7A; color:#fff; padding:8px 12px; border:1px solid #BDBDBD;\">M\u00c9THODES<\/th>\n<\/tr>\n<tr>\n<td style=\"padding:8px 12px; border:1px solid #BDBDBD;\">Aspect<\/td>\n<td style=\"padding:8px 12px; border:1px solid #BDBDBD;\">Incolore, transparent<\/td>\n<td style=\"padding:8px 12px; border:1px solid #BDBDBD;\">Visuel<\/td>\n<\/tr>\n<tr style=\"background:#E6E6E6;\">\n<td style=\"padding:8px 12px; border:1px solid #BDBDBD;\">Puret\u00e9 (%)<\/td>\n<td style=\"padding:8px 12px; border:1px solid #BDBDBD;\">&gt;99,5<\/td>\n<td style=\"padding:8px 12px; border:1px solid #BDBDBD;\">Interne<\/td>\n<\/tr>\n<\/table>\n<p><!-- CARACT\u00c9RISTIQUES Section --><\/p>\n<div style=\"font-weight:bold; text-transform:uppercase; border-bottom:2px solid #9DBB2F; padding-bottom:6px; margin:30px 0 10px 0;\">\n  CARACT\u00c9RISTIQUES\n<\/div>\n<table width=\"100%\" cellpadding=\"0\" cellspacing=\"0\" style=\"border-collapse:collapse; width:100%; max-width:100%;\">\n<tr>\n<th align=\"left\" style=\"background:#7A7A7A; color:#fff; padding:8px 12px; border:1px solid #BDBDBD;\">CARACT\u00c9RISTIQUES<\/th>\n<th align=\"left\" style=\"background:#7A7A7A; color:#fff; padding:8px 12px; border:1px solid #BDBDBD;\">VALEURS<\/th>\n<\/tr>\n<tr>\n<td style=\"padding:8px 12px; border:1px solid #BDBDBD;\">Point \u00e9clair<\/td>\n<td style=\"padding:8px 12px; border:1px solid #BDBDBD;\">Non<\/td>\n<\/tr>\n<tr style=\"background:#E6E6E6;\">\n<td style=\"padding:8px 12px; border:1px solid #BDBDBD;\">Point d&rsquo;\u00e9bullition<\/td>\n<td style=\"padding:8px 12px; border:1px solid #BDBDBD;\">110\u00b0C \/ 230\u00b0F<\/td>\n<\/tr>\n<tr>\n<td style=\"padding:8px 12px; border:1px solid #BDBDBD;\">Point d&rsquo;\u00e9coulement<\/td>\n<td style=\"padding:8px 12px; border:1px solid #BDBDBD;\">-110\u00b0C \/ -166\u00b0F<\/td>\n<\/tr>\n<tr style=\"background:#E6E6E6;\">\n<td style=\"padding:8px 12px; border:1px solid #BDBDBD;\">Temp\u00e9rature critique<\/td>\n<td style=\"padding:8px 12px; border:1px solid #BDBDBD;\">285\u00b0C \/ 545\u00b0F<\/td>\n<\/tr>\n<tr>\n<td style=\"padding:8px 12px; border:1px solid #BDBDBD;\">Pression critique (MPa)<\/td>\n<td style=\"padding:8px 12px; border:1px solid #BDBDBD;\">5<\/td>\n<\/tr>\n<tr style=\"background:#E6E6E6;\">\n<td style=\"padding:8px 12px; border:1px solid #BDBDBD;\">Pression de vapeur (kPa \u00e0 20\u00b0C)<\/td>\n<td style=\"padding:8px 12px; border:1px solid #BDBDBD;\">1,9<\/td>\n<\/tr>\n<tr>\n<td style=\"padding:8px 12px; border:1px solid #BDBDBD;\">Chaleur de vaporisation (kJ\/kg @BP)<\/td>\n<td style=\"padding:8px 12px; border:1px solid #BDBDBD;\">88<\/td>\n<\/tr>\n<tr style=\"background:#E6E6E6;\">\n<td style=\"padding:8px 12px; border:1px solid #BDBDBD;\">Densit\u00e9 du liquide (kg\/m\u00b3 \u00e0 20\u00b0C)<\/td>\n<td style=\"padding:8px 12px; border:1px solid #BDBDBD;\">1815<\/td>\n<\/tr>\n<tr>\n<td style=\"padding:8px 12px; border:1px solid #BDBDBD;\">Viscosit\u00e9 cin\u00e9matique (cSt \u00e0 20\u00b0C)<\/td>\n<td style=\"padding:8px 12px; border:1px solid #BDBDBD;\">1,35<\/td>\n<\/tr>\n<tr style=\"background:#E6E6E6;\">\n<td style=\"padding:8px 12px; border:1px solid #BDBDBD;\">Chaleur sp\u00e9cifique (J\/kg\u00b7K \u00e0 25\u00b0C)<\/td>\n<td style=\"padding:8px 12px; border:1px solid #BDBDBD;\">1087<\/td>\n<\/tr>\n<tr>\n<td style=\"padding:8px 12px; border:1px solid #BDBDBD;\">Tension superficielle (dynes\/cm)<\/td>\n<td style=\"padding:8px 12px; border:1px solid #BDBDBD;\">15<\/td>\n<\/tr>\n<tr style=\"background:#E6E6E6;\">\n<td style=\"padding:8px 12px; border:1px solid #BDBDBD;\">Rigidit\u00e9 di\u00e9lectrique (kV)<\/td>\n<td style=\"padding:8px 12px; border:1px solid #BDBDBD;\">39<\/td>\n<\/tr>\n<tr>\n<td style=\"padding:8px 12px; border:1px solid #BDBDBD;\">Constante di\u00e9lectrique \u00e0 1 kHz<\/td>\n<td style=\"padding:8px 12px; border:1px solid #BDBDBD;\">1,79<\/td>\n<\/tr>\n<tr style=\"background:#E6E6E6;\">\n<td style=\"padding:8px 12px; border:1px solid #BDBDBD;\">R\u00e9sistivit\u00e9 (Ohm\u00b7cm)<\/td>\n<td style=\"padding:8px 12px; border:1px solid #BDBDBD;\">2,50E+14<\/td>\n<\/tr>\n<tr>\n<td style=\"padding:8px 12px; border:1px solid #BDBDBD;\">Conductivit\u00e9 thermique (W\/m\u00b7K)<\/td>\n<td style=\"padding:8px 12px; border:1px solid #BDBDBD;\">0,115<\/td>\n<\/tr>\n<tr style=\"background:#E6E6E6;\">\n<td style=\"padding:8px 12px; border:1px solid #BDBDBD;\">Sp\u00e9cification de teneur en eau (ppm)<\/td>\n<td style=\"padding:8px 12px; border:1px solid #BDBDBD;\">15<\/td>\n<\/tr>\n<tr>\n<td style=\"padding:8px 12px; border:1px solid #BDBDBD;\">Solubilit\u00e9 de l&rsquo;eau dans le fluide (ppm en poids)<\/td>\n<td style=\"padding:8px 12px; border:1px solid #BDBDBD;\">&lt;10<\/td>\n<\/tr>\n<\/table>\n","protected":false},"excerpt":{"rendered":"<ul>\n<li>Fluide de transfert thermique di\u00e9lectrique<\/li>\n<li>Point d&rsquo;\u00e9bullition: 110\u00b0C\/230\u00b0F<\/li>\n<li>Faible GWP: &lt;120<\/li>\n<\/ul>\n<p><a href=\"https:\/\/www.inventec.dehon.com\/wp-content\/uploads\/2023\/09\/GW-Score-29.png\"><img decoding=\"async\" class=\"alignnone size-full wp-image-15813\" src=\"https:\/\/www.inventec.dehon.com\/wp-content\/uploads\/2023\/09\/GW-Score-29.png\" alt=\"\" width=\"178\" height=\"151\" \/><\/a><\/p>\n","protected":false},"featured_media":15869,"comment_status":"closed","ping_status":"closed","template":"","meta":{"_acf_changed":false,"inline_featured_image":false},"product_brand":[],"product_cat":[1180,1258],"product_tag":[4513,4610,1939,4550,4542,4534,4602,4325,4554,4598,4517,4594,4529,1938,1937],"class_list":{"0":"post-17112","1":"product","2":"type-product","3":"status-publish","4":"has-post-thumbnail","6":"product_cat-refroidissement","7":"product_cat-refroidisseurs","8":"product_tag-1-phase","9":"product_tag-a-base-de-solvant","10":"product_tag-cf2-fr","11":"product_tag-ebullition-elevee","12":"product_tag-fluide-caloporteur","13":"product_tag-fluides-caloporteurs-dielectriques","14":"product_tag-gravure-semiconducteur","15":"product_tag-greenway","16":"product_tag-point-debullition-eleve","17":"product_tag-recyclable","18":"product_tag-refroidissement-1-phase","19":"product_tag-refroidissement-monophase","20":"product_tag-refroidisseurs","21":"product_tag-thermasolv-fr","22":"product_tag-thermasolv-cf2-fr","23":"pa_application-semi-conducteur-gravure","24":"pa_brand-thermasolv-fr-2","25":"pa_features-a-base-de-solvant","26":"pa_features-greenway","27":"pa_features-point-debullition-eleve-90-c","28":"pa_features-recyclable","29":"pa_features-refroidissement-monophase","30":"pa_processes-refroidisseurs","31":"pa_product-category-fluides-caloporteurs-dielectriques","33":"first","34":"instock","35":"shipping-taxable","36":"product-type-simple"},"acf":[],"_links":{"self":[{"href":"https:\/\/www.inventec.dehon.com\/fr\/wp-json\/wp\/v2\/product\/17112","targetHints":{"allow":["GET"]}}],"collection":[{"href":"https:\/\/www.inventec.dehon.com\/fr\/wp-json\/wp\/v2\/product"}],"about":[{"href":"https:\/\/www.inventec.dehon.com\/fr\/wp-json\/wp\/v2\/types\/product"}],"replies":[{"embeddable":true,"href":"https:\/\/www.inventec.dehon.com\/fr\/wp-json\/wp\/v2\/comments?post=17112"}],"wp:featuredmedia":[{"embeddable":true,"href":"https:\/\/www.inventec.dehon.com\/fr\/wp-json\/wp\/v2\/media\/15869"}],"wp:attachment":[{"href":"https:\/\/www.inventec.dehon.com\/fr\/wp-json\/wp\/v2\/media?parent=17112"}],"wp:term":[{"taxonomy":"product_brand","embeddable":true,"href":"https:\/\/www.inventec.dehon.com\/fr\/wp-json\/wp\/v2\/product_brand?post=17112"},{"taxonomy":"product_cat","embeddable":true,"href":"https:\/\/www.inventec.dehon.com\/fr\/wp-json\/wp\/v2\/product_cat?post=17112"},{"taxonomy":"product_tag","embeddable":true,"href":"https:\/\/www.inventec.dehon.com\/fr\/wp-json\/wp\/v2\/product_tag?post=17112"}],"curies":[{"name":"wp","href":"https:\/\/api.w.org\/{rel}","templated":true}]}}