{"id":17099,"date":"2023-09-13T07:43:01","date_gmt":"2023-09-13T07:43:01","guid":{"rendered":"https:\/\/www.inventec.dehon.com\/product\/thermasolv-im2\/"},"modified":"2026-01-20T11:12:17","modified_gmt":"2026-01-20T10:12:17","slug":"thermasolv-im2","status":"publish","type":"product","link":"https:\/\/www.inventec.dehon.com\/fr\/product\/thermasolv-im2\/","title":{"rendered":"THERMASOLV IM2"},"content":{"rendered":"<p><img decoding=\"async\" src=\"https:\/\/www.inventec.dehon.com\/wp-content\/uploads\/2023\/09\/Thermasolv-Greenway-600x600.jpg\" alt=\"THERMASOLV IM2\" class=\"responsive-img\" align=\"right\" style=\"border-radius:10px; margin-bottom:10px; margin-top:-10px; margin-left:15px; width:300px\" \/><\/p>\n<h2 style=\"color:#9bc947; margin-bottom:15px\">Fluides de refroidissement di\u00e9lectriques pour les appareils \u00e9lectroniques et \u00e9lectriques<\/h2>\n<ul>\n<li>Fluide de transfert thermique di\u00e9lectrique<\/li>\n<li>Point d&rsquo;\u00e9bullition : 49\u00b0C\/120\u00b0F<\/li>\n<li>Ininflammable et GWP ultra-faible<\/li>\n<\/ul>\n<h5>THERMASOLV IM2<\/h5>\n<p>Est un fluide di\u00e9lectrique caloporteur, destin\u00e9 aux syst\u00e8mes d&rsquo;immersion ou de refroidissement direct biphas\u00e9s. Ses propri\u00e9t\u00e9s d&rsquo;isolation \u00e9lectrique \u00e9lev\u00e9es permettent d&rsquo;immerger les appareils \u00e9lectroniques et \u00e9lectriques sous tension dans le fluide. Les caract\u00e9ristiques favorables de viscosit\u00e9, de densit\u00e9 et de tension superficielle du produit permettent un contact superficiel optimal, ce qui contribue \u00e0 des performances de transfert thermique sup\u00e9rieures.<\/p>\n<p>La tr\u00e8s bonne compatibilit\u00e9 du <strong>THERMASOLV IM2<\/strong> avec tous les m\u00e9taux, une large gamme de plastiques et d&rsquo;\u00e9lastom\u00e8res ainsi que la stabilit\u00e9 chimique du fluide, font du <strong>THERMASOLV IM2<\/strong> un fluide id\u00e9al pour le refroidissement par immersion.<\/p>\n<p><strong>THERMASOLV IM2<\/strong> est formul\u00e9 dans un souci de s\u00e9curit\u00e9. Il est non toxique, ne contient aucune mention de phrases EUH, est ininflammable et n&rsquo;a pas de point d&rsquo;\u00e9clair. Il poss\u00e8de \u00e9galement des propri\u00e9t\u00e9s extinctrices, ce qui lui conf\u00e8re une protection suppl\u00e9mentaire en cas d&rsquo;incendie. Il s&rsquo;agit \u00e9galement d&rsquo;une excellente solution durable car elle n&rsquo;a pas d&rsquo;ODP, un GWP ultra faible (&lt;10) et peut \u00eatre propos\u00e9e au recyclage en cas de besoin.<\/p>\n<p><!-- SP\u00c9CIFICATIONS Section --><\/p>\n<div style=\"font-weight:bold; border-bottom:2px solid #9DBB2F; padding-bottom:6px; margin-bottom:10px;\">\n  SP\u00c9CIFICATIONS\n<\/div>\n<table width=\"100%\" cellpadding=\"0\" cellspacing=\"0\" style=\"border-collapse:collapse; width:100%; max-width:100%;\">\n<tr>\n<th align=\"left\" style=\"background:#7A7A7A; color:#fff; padding:8px 12px; border:1px solid #BDBDBD;\">SP\u00c9CIFICATIONS<\/th>\n<th align=\"left\" style=\"background:#7A7A7A; color:#fff; padding:8px 12px; border:1px solid #BDBDBD;\">VALEURS<\/th>\n<th align=\"left\" style=\"background:#7A7A7A; color:#fff; padding:8px 12px; border:1px solid #BDBDBD;\">M\u00c9THODES<\/th>\n<\/tr>\n<tr>\n<td style=\"padding:8px 12px; border:1px solid #BDBDBD;\">Aspect<\/td>\n<td style=\"padding:8px 12px; border:1px solid #BDBDBD;\">Incolore, transparent<\/td>\n<td style=\"padding:8px 12px; border:1px solid #BDBDBD;\">Visuel<\/td>\n<\/tr>\n<tr style=\"background:#E6E6E6;\">\n<td style=\"padding:8px 12px; border:1px solid #BDBDBD;\">Puret\u00e9 (%)<\/td>\n<td style=\"padding:8px 12px; border:1px solid #BDBDBD;\">>99,9<\/td>\n<td style=\"padding:8px 12px; border:1px solid #BDBDBD;\">Interne \/ MO.SB.10033<\/td>\n<\/tr>\n<\/table>\n<p><!-- CARACT\u00c9RISTIQUES Section --><\/p>\n<div style=\"font-weight:bold; border-bottom:2px solid #9DBB2F; padding-bottom:6px; margin:30px 0 10px 0;\">\n  CARACT\u00c9RISTIQUES\n<\/div>\n<table width=\"100%\" cellpadding=\"0\" cellspacing=\"0\" style=\"border-collapse:collapse; width:100%; max-width:100%;\">\n<tr>\n<th align=\"left\" style=\"background:#7A7A7A; color:#fff; padding:8px 12px; border:1px solid #BDBDBD;\">CARACT\u00c9RISTIQUES<\/th>\n<th align=\"left\" style=\"background:#7A7A7A; color:#fff; padding:8px 12px; border:1px solid #BDBDBD;\">VALEURS<\/th>\n<\/tr>\n<tr>\n<td style=\"padding:8px 12px; border:1px solid #BDBDBD;\">Point \u00e9clair<\/td>\n<td style=\"padding:8px 12px; border:1px solid #BDBDBD;\">Non<\/td>\n<\/tr>\n<tr style=\"background:#E6E6E6;\">\n<td style=\"padding:8px 12px; border:1px solid #BDBDBD;\">Point d&rsquo;\u00e9bullition<\/td>\n<td style=\"padding:8px 12px; border:1px solid #BDBDBD;\">49\u00b0C\/120\u00b0F<\/td>\n<\/tr>\n<tr>\n<td style=\"padding:8px 12px; border:1px solid #BDBDBD;\">Point d&rsquo;\u00e9coulement<\/td>\n<td style=\"padding:8px 12px; border:1px solid #BDBDBD;\">-108\u00b0C\/-162\u00b0F<\/td>\n<\/tr>\n<tr style=\"background:#E6E6E6;\">\n<td style=\"padding:8px 12px; border:1px solid #BDBDBD;\">Temp\u00e9rature critique<\/td>\n<td style=\"padding:8px 12px; border:1px solid #BDBDBD;\">169\u00b0C\/336\u00b0F<\/td>\n<\/tr>\n<tr>\n<td style=\"padding:8px 12px; border:1px solid #BDBDBD;\">Pression critique (MPa)<\/td>\n<td style=\"padding:8px 12px; border:1px solid #BDBDBD;\">1,88<\/td>\n<\/tr>\n<tr style=\"background:#E6E6E6;\">\n<td style=\"padding:8px 12px; border:1px solid #BDBDBD;\">Pression de vapeur (kPa \u00e0 20\u00b0C)<\/td>\n<td style=\"padding:8px 12px; border:1px solid #BDBDBD;\">33<\/td>\n<\/tr>\n<tr>\n<td style=\"padding:8px 12px; border:1px solid #BDBDBD;\">Chaleur de vaporisation (kJ\/kg @BP)<\/td>\n<td style=\"padding:8px 12px; border:1px solid #BDBDBD;\">88<\/td>\n<\/tr>\n<tr style=\"background:#E6E6E6;\">\n<td style=\"padding:8px 12px; border:1px solid #BDBDBD;\">Densit\u00e9 du liquide (kg\/m3 \u00e0 20\u00b0C)<\/td>\n<td style=\"padding:8px 12px; border:1px solid #BDBDBD;\">1600<\/td>\n<\/tr>\n<tr>\n<td style=\"padding:8px 12px; border:1px solid #BDBDBD;\">Viscosit\u00e9 cin\u00e9matique (cSt @20\u00b0C)<\/td>\n<td style=\"padding:8px 12px; border:1px solid #BDBDBD;\">0,4<\/td>\n<\/tr>\n<tr style=\"background:#E6E6E6;\">\n<td style=\"padding:8px 12px; border:1px solid #BDBDBD;\">Chaleur sp\u00e9cifique (J\/kg-K \u00e0 25\u00b0C)<\/td>\n<td style=\"padding:8px 12px; border:1px solid #BDBDBD;\">1103<\/td>\n<\/tr>\n<tr>\n<td style=\"padding:8px 12px; border:1px solid #BDBDBD;\">Tension superficielle (dynes\/cm\u00b2)<\/td>\n<td style=\"padding:8px 12px; border:1px solid #BDBDBD;\">10,8<\/td>\n<\/tr>\n<tr style=\"background:#E6E6E6;\">\n<td style=\"padding:8px 12px; border:1px solid #BDBDBD;\">Rigidit\u00e9 di\u00e9lectrique (kV)<\/td>\n<td style=\"padding:8px 12px; border:1px solid #BDBDBD;\">>40<\/td>\n<\/tr>\n<tr>\n<td style=\"padding:8px 12px; border:1px solid #BDBDBD;\">Constante di\u00e9lectrique \u00e0 1 kHz<\/td>\n<td style=\"padding:8px 12px; border:1px solid #BDBDBD;\">1,84<\/td>\n<\/tr>\n<tr style=\"background:#E6E6E6;\">\n<td style=\"padding:8px 12px; border:1px solid #BDBDBD;\">R\u00e9sistivit\u00e9 (Ohm-cm)<\/td>\n<td style=\"padding:8px 12px; border:1px solid #BDBDBD;\">1,00E+13<\/td>\n<\/tr>\n<tr>\n<td style=\"padding:8px 12px; border:1px solid #BDBDBD;\">Conductivit\u00e9 thermique (W\/m-K)<\/td>\n<td style=\"padding:8px 12px; border:1px solid #BDBDBD;\">0,059<\/td>\n<\/tr>\n<tr style=\"background:#E6E6E6;\">\n<td style=\"padding:8px 12px; border:1px solid #BDBDBD;\">Sp\u00e9cification de teneur en eau (ppm)<\/td>\n<td style=\"padding:8px 12px; border:1px solid #BDBDBD;\">10<\/td>\n<\/tr>\n<tr>\n<td style=\"padding:8px 12px; border:1px solid #BDBDBD;\">Solubilit\u00e9 de l&rsquo;eau dans le fluide (ppm en poids)<\/td>\n<td style=\"padding:8px 12px; border:1px solid #BDBDBD;\">10<\/td>\n<\/tr>\n<\/table>\n","protected":false},"excerpt":{"rendered":"<ul>\n<li>Fluide de transfert thermique di\u00e9lectrique<\/li>\n<li>Point d&rsquo;\u00e9bullition : 49\u00b0C\/120\u00b0F<\/li>\n<li>GWP ultra-faible: &lt;&lt;10<\/li>\n<\/ul>\n<p><a href=\"https:\/\/www.inventec.dehon.com\/wp-content\/uploads\/2023\/09\/GW-Score-14.png\"><img decoding=\"async\" class=\"alignnone wp-image-15841\" src=\"https:\/\/www.inventec.dehon.com\/wp-content\/uploads\/2023\/09\/GW-Score-14.png\" alt=\"\" width=\"100\" height=\"85\" \/><\/a><\/p>\n","protected":false},"featured_media":15869,"comment_status":"closed","ping_status":"closed","template":"","meta":{"_acf_changed":false,"inline_featured_image":false},"product_brand":[],"product_cat":[1256,1180,1160],"product_tag":[4513,4521,4610,4060,4578,4538,4545,4534,4325,1974,4582,4586,4590,4598,4517,4525,4614,4566,4606,1938,1973],"class_list":{"0":"post-17099","1":"product","2":"type-product","3":"status-publish","4":"has-post-thumbnail","6":"product_cat-essais-dielectriques","7":"product_cat-refroidissement","8":"product_cat-refroidissement-par-immersion","9":"product_tag-1-phase","10":"product_tag-2-phases","11":"product_tag-a-base-de-solvant","12":"product_tag-data-center-fr","13":"product_tag-ebullition-moyenne","14":"product_tag-essais-dielectriques","15":"product_tag-fluides-caloporteur","16":"product_tag-fluides-caloporteurs-dielectriques","17":"product_tag-greenway","18":"product_tag-im2-fr","19":"product_tag-point-debullition-moyen","20":"product_tag-point-de-congelation-moyen","21":"product_tag-point-de-solidification-moyen","22":"product_tag-recyclable","23":"product_tag-refroidissement-1-phase","24":"product_tag-refroidissement-2-phases","25":"product_tag-refroidissement-biphase","26":"product_tag-refroidissement-par-immersion","27":"product_tag-tests-semiconducteur","28":"product_tag-thermasolv-fr","29":"product_tag-thermasolv-im2-fr","30":"pa_application-centre-de-donnees","31":"pa_application-semi-conducteur-tests","32":"pa_brand-thermasolv-fr-2","33":"pa_features-a-base-de-solvant","34":"pa_features-greenway","35":"pa_features-point-debullition-moyen-4090-c","36":"pa_features-point-de-congelation-moyen-120-c-100-c","37":"pa_features-recyclable","38":"pa_features-refroidissement-biphase","39":"pa_features-refroidissement-monophase","40":"pa_processes-essais-dielectriques","41":"pa_processes-refroidissement-par-immersion","42":"pa_product-category-fluides-caloporteurs-dielectriques","44":"first","45":"instock","46":"shipping-taxable","47":"product-type-simple"},"acf":[],"_links":{"self":[{"href":"https:\/\/www.inventec.dehon.com\/fr\/wp-json\/wp\/v2\/product\/17099","targetHints":{"allow":["GET"]}}],"collection":[{"href":"https:\/\/www.inventec.dehon.com\/fr\/wp-json\/wp\/v2\/product"}],"about":[{"href":"https:\/\/www.inventec.dehon.com\/fr\/wp-json\/wp\/v2\/types\/product"}],"replies":[{"embeddable":true,"href":"https:\/\/www.inventec.dehon.com\/fr\/wp-json\/wp\/v2\/comments?post=17099"}],"wp:featuredmedia":[{"embeddable":true,"href":"https:\/\/www.inventec.dehon.com\/fr\/wp-json\/wp\/v2\/media\/15869"}],"wp:attachment":[{"href":"https:\/\/www.inventec.dehon.com\/fr\/wp-json\/wp\/v2\/media?parent=17099"}],"wp:term":[{"taxonomy":"product_brand","embeddable":true,"href":"https:\/\/www.inventec.dehon.com\/fr\/wp-json\/wp\/v2\/product_brand?post=17099"},{"taxonomy":"product_cat","embeddable":true,"href":"https:\/\/www.inventec.dehon.com\/fr\/wp-json\/wp\/v2\/product_cat?post=17099"},{"taxonomy":"product_tag","embeddable":true,"href":"https:\/\/www.inventec.dehon.com\/fr\/wp-json\/wp\/v2\/product_tag?post=17099"}],"curies":[{"name":"wp","href":"https:\/\/api.w.org\/{rel}","templated":true}]}}