{"id":17086,"date":"2023-09-13T07:58:30","date_gmt":"2023-09-13T07:58:30","guid":{"rendered":"https:\/\/www.inventec.dehon.com\/product\/thermasolv-im6\/"},"modified":"2026-03-23T16:14:35","modified_gmt":"2026-03-23T15:14:35","slug":"thermasolv-im6","status":"publish","type":"product","link":"https:\/\/www.inventec.dehon.com\/fr\/product\/thermasolv-im6\/","title":{"rendered":"THERMASOLV IM6"},"content":{"rendered":"<p><img decoding=\"async\" src=\"https:\/\/www.inventec.dehon.com\/wp-content\/uploads\/2023\/09\/Thermasolv-Greenway-600x600.jpg\" alt=\"THERMASOLV IM6\" class=\"responsive-img\" align=\"right\" style=\"border-radius:10px; margin-bottom:10px; margin-top:-10px; margin-left:15px; width:300px\" \/><\/p>\n<h2 style=\"color:#9bc947; margin-bottom:15px\">Fluides de refroidissement di\u00e9lectriques pour les appareils \u00e9lectroniques et \u00e9lectriques<\/h2>\n<ul>\n<li style=\"text-align: left;\">Fluide de transfert thermique di\u00e9lectrique<\/li>\n<li>Point d&rsquo;\u00e9bullition : 47\u00b0C\/117\u00b0F<\/li>\n<li>GWP ultra faible: 1<\/li>\n<\/ul>\n<h5>THERMASOLV IM6<\/h5>\n<p>Est un fluide de transfert thermique di\u00e9lectrique, d\u00e9di\u00e9 aux syst\u00e8mes biphas\u00e9s \u00e0 immersion ou \u00e0 refroidissement direct. Ses propri\u00e9t\u00e9s d&rsquo;isolation \u00e9lectrique \u00e9lev\u00e9es permettent d&rsquo;immerger les appareils \u00e9lectroniques et \u00e9lectriques sous tension dans le fluide. Les caract\u00e9ristiques favorables de viscosit\u00e9, de densit\u00e9 et de tension superficielle du produit permettent un contact superficiel optimal, ce qui contribue \u00e0 des performances de transfert thermique sup\u00e9rieures.<\/p>\n<p>Sa tr\u00e8s bonne compatibilit\u00e9 avec tous les m\u00e9taux, une large gamme de plastiques et d&rsquo;\u00e9lastom\u00e8res et la stabilit\u00e9 chimique du fluide font de <strong>THERMASOLV IM6<\/strong> un fluide id\u00e9al pour le refroidissement par immersion. <strong>THERMASOLV IM6<\/strong> pr\u00e9sente \u00e9galement une excellente stabilit\u00e9 \u00e0 l&rsquo;eau, ce qui en fait un choix id\u00e9al pour les situations o\u00f9 le contact avec l&rsquo;eau est tr\u00e8s probable ou dans les environnements humides.<\/p>\n<p><strong>THERMASOLV IM6<\/strong> est formul\u00e9 dans un souci de s\u00e9curit\u00e9. Il est non toxique, ne contient aucune mention de phrases EUH, est ininflammable et n&rsquo;a pas de point d&rsquo;\u00e9clair. Il s\u2019agit \u00e9galement d\u2019une excellente solution durable car elle n\u2019a pas de ODP, un GWP ultra faible et peut \u00eatre propos\u00e9e au recyclage en cas de besoin.<\/p>\n<p><!-- SP\u00c9CIFICATIONS Section --><\/p>\n<div style=\"font-weight:bold; border-bottom:2px solid #9DBB2F; padding-bottom:6px; margin-bottom:10px;\">\n  SP\u00c9CIFICATIONS\n<\/div>\n<table width=\"100%\" cellpadding=\"0\" cellspacing=\"0\" style=\"border-collapse:collapse; width:100%; max-width:100%;\">\n<tr>\n<th align=\"left\" style=\"background:#7A7A7A; color:#fff; padding:8px 12px; border:1px solid #BDBDBD;\">SP\u00c9CIFICATIONS<\/th>\n<th align=\"left\" style=\"background:#7A7A7A; color:#fff; padding:8px 12px; border:1px solid #BDBDBD;\">VALEURS<\/th>\n<th align=\"left\" style=\"background:#7A7A7A; color:#fff; padding:8px 12px; border:1px solid #BDBDBD;\">M\u00c9THODES<\/th>\n<\/tr>\n<tr>\n<td style=\"padding:8px 12px; border:1px solid #BDBDBD;\">Aspect<\/td>\n<td style=\"padding:8px 12px; border:1px solid #BDBDBD;\">Incolore, transparent<\/td>\n<td style=\"padding:8px 12px; border:1px solid #BDBDBD;\">Visuel<\/td>\n<\/tr>\n<tr style=\"background:#E6E6E6;\">\n<td style=\"padding:8px 12px; border:1px solid #BDBDBD;\">Puret\u00e9 (%)<\/td>\n<td style=\"padding:8px 12px; border:1px solid #BDBDBD;\">>99,9<\/td>\n<td style=\"padding:8px 12px; border:1px solid #BDBDBD;\">Interne \/ MO.SB.10033<\/td>\n<\/tr>\n<\/table>\n<p><!-- CARACT\u00c9RISTIQUES Section --><\/p>\n<div style=\"font-weight:bold; border-bottom:2px solid #9DBB2F; padding-bottom:6px; margin:30px 0 10px 0;\">\n  CARACT\u00c9RISTIQUES\n<\/div>\n<table width=\"100%\" cellpadding=\"0\" cellspacing=\"0\" style=\"border-collapse:collapse; width:100%; max-width:100%;\">\n<tr>\n<th align=\"left\" style=\"background:#7A7A7A; color:#fff; padding:8px 12px; border:1px solid #BDBDBD;\">CARACT\u00c9RISTIQUES<\/th>\n<th align=\"left\" style=\"background:#7A7A7A; color:#fff; padding:8px 12px; border:1px solid #BDBDBD;\">VALEURS<\/th>\n<\/tr>\n<tr>\n<td style=\"padding:8px 12px; border:1px solid #BDBDBD;\">Point \u00e9clair<\/td>\n<td style=\"padding:8px 12px; border:1px solid #BDBDBD;\">Non<\/td>\n<\/tr>\n<tr style=\"background:#E6E6E6;\">\n<td style=\"padding:8px 12px; border:1px solid #BDBDBD;\">Point d&rsquo;\u00e9bullition<\/td>\n<td style=\"padding:8px 12px; border:1px solid #BDBDBD;\">47\u00b0C\/117\u00b0F<\/td>\n<\/tr>\n<tr>\n<td style=\"padding:8px 12px; border:1px solid #BDBDBD;\">Point d&rsquo;\u00e9coulement<\/td>\n<td style=\"padding:8px 12px; border:1px solid #BDBDBD;\">-117\u00b0C\/-179\u00b0F<\/td>\n<\/tr>\n<tr style=\"background:#E6E6E6;\">\n<td style=\"padding:8px 12px; border:1px solid #BDBDBD;\">Temp\u00e9rature critique<\/td>\n<td style=\"padding:8px 12px; border:1px solid #BDBDBD;\">170\u00b0C\/337\u00b0F<\/td>\n<\/tr>\n<tr>\n<td style=\"padding:8px 12px; border:1px solid #BDBDBD;\">Pression critique (MPa)<\/td>\n<td style=\"padding:8px 12px; border:1px solid #BDBDBD;\">2,21<\/td>\n<\/tr>\n<tr style=\"background:#E6E6E6;\">\n<td style=\"padding:8px 12px; border:1px solid #BDBDBD;\">Pression de vapeur (kPa \u00e0 20\u00b0C)<\/td>\n<td style=\"padding:8px 12px; border:1px solid #BDBDBD;\">35<\/td>\n<\/tr>\n<tr>\n<td style=\"padding:8px 12px; border:1px solid #BDBDBD;\">Chaleur de vaporisation (kJ\/kg @BP)<\/td>\n<td style=\"padding:8px 12px; border:1px solid #BDBDBD;\">93<\/td>\n<\/tr>\n<tr style=\"background:#E6E6E6;\">\n<td style=\"padding:8px 12px; border:1px solid #BDBDBD;\">Densit\u00e9 du liquide (Kg\/m3 \u00e0 20\u00b0C)<\/td>\n<td style=\"padding:8px 12px; border:1px solid #BDBDBD;\">1600<\/td>\n<\/tr>\n<tr>\n<td style=\"padding:8px 12px; border:1px solid #BDBDBD;\">Viscosit\u00e9 cin\u00e9matique (cSt \u00e0 20\u00b0C)<\/td>\n<td style=\"padding:8px 12px; border:1px solid #BDBDBD;\">0,36<\/td>\n<\/tr>\n<tr style=\"background:#E6E6E6;\">\n<td style=\"padding:8px 12px; border:1px solid #BDBDBD;\">Chaleur sp\u00e9cifique (J\/kg-K \u00e0 25\u00b0C)<\/td>\n<td style=\"padding:8px 12px; border:1px solid #BDBDBD;\">1044<\/td>\n<\/tr>\n<tr>\n<td style=\"padding:8px 12px; border:1px solid #BDBDBD;\">Tension de surface (dynes\/cm\u00b2)<\/td>\n<td style=\"padding:8px 12px; border:1px solid #BDBDBD;\">11,4<\/td>\n<\/tr>\n<tr style=\"background:#E6E6E6;\">\n<td style=\"padding:8px 12px; border:1px solid #BDBDBD;\">Rigidit\u00e9 di\u00e9lectrique (kV)<\/td>\n<td style=\"padding:8px 12px; border:1px solid #BDBDBD;\">79<\/td>\n<\/tr>\n<tr>\n<td style=\"padding:8px 12px; border:1px solid #BDBDBD;\">Constante di\u00e9lectrique \u00e0 1 kHz<\/td>\n<td style=\"padding:8px 12px; border:1px solid #BDBDBD;\">1,88<\/td>\n<\/tr>\n<tr style=\"background:#E6E6E6;\">\n<td style=\"padding:8px 12px; border:1px solid #BDBDBD;\">R\u00e9sistivit\u00e9 (Ohm-cm)<\/td>\n<td style=\"padding:8px 12px; border:1px solid #BDBDBD;\">1,00E+15<\/td>\n<\/tr>\n<tr>\n<td style=\"padding:8px 12px; border:1px solid #BDBDBD;\">Conductivit\u00e9 thermique (W\/m-K)<\/td>\n<td style=\"padding:8px 12px; border:1px solid #BDBDBD;\">0,110<\/td>\n<\/tr>\n<tr style=\"background:#E6E6E6;\">\n<td style=\"padding:8px 12px; border:1px solid #BDBDBD;\">Sp\u00e9cification de teneur en eau (ppm)<\/td>\n<td style=\"padding:8px 12px; border:1px solid #BDBDBD;\">10<\/td>\n<\/tr>\n<tr>\n<td style=\"padding:8px 12px; border:1px solid #BDBDBD;\">Solubilit\u00e9 de l&rsquo;eau dans le fluide (ppm en poids)<\/td>\n<td style=\"padding:8px 12px; border:1px solid #BDBDBD;\"><10<\/td>\n<\/tr>\n<\/table>\n","protected":false},"excerpt":{"rendered":"<ul>\n<li style=\"text-align: left;\">Fluide de transfert thermique di\u00e9lectrique<\/li>\n<li>Point d&rsquo;\u00e9bullition : 47\u00b0C\/117\u00b0F<\/li>\n<li>GWP ultra faible: 1<\/li>\n<\/ul>\n<p><a href=\"https:\/\/www.inventec.dehon.com\/wp-content\/uploads\/2023\/09\/GW-Score_8.png\"><img decoding=\"async\" class=\"size-full wp-image-16139 alignnone\" src=\"https:\/\/www.inventec.dehon.com\/wp-content\/uploads\/2023\/09\/GW-Score_8.png\" alt=\"\" width=\"278\" height=\"236\" \/><\/a><\/p>\n","protected":false},"featured_media":15869,"comment_status":"closed","ping_status":"closed","template":"","meta":{"_acf_changed":false,"inline_featured_image":false},"product_brand":[],"product_cat":[1180,1160],"product_tag":[4521,4610,4060,4578,4545,4534,4325,1984,4582,4586,4590,4465,4598,4525,4614,4566,1938,1983],"class_list":{"0":"post-17086","1":"product","2":"type-product","3":"status-publish","4":"has-post-thumbnail","6":"product_cat-refroidissement","7":"product_cat-refroidissement-par-immersion","8":"product_tag-2-phases","9":"product_tag-a-base-de-solvant","10":"product_tag-data-center-fr","11":"product_tag-ebullition-moyenne","12":"product_tag-fluides-caloporteur","13":"product_tag-fluides-caloporteurs-dielectriques","14":"product_tag-greenway","15":"product_tag-im6-fr","16":"product_tag-point-debullition-moyen","17":"product_tag-point-de-congelation-moyen","18":"product_tag-point-de-solidification-moyen","19":"product_tag-prg-ultra-faible","20":"product_tag-recyclable","21":"product_tag-refroidissement-2-phases","22":"product_tag-refroidissement-biphase","23":"product_tag-refroidissement-par-immersion","24":"product_tag-thermasolv-fr","25":"product_tag-thermasolv-im6-fr","26":"pa_application-centre-de-donnees","27":"pa_brand-thermasolv-fr-2","28":"pa_features-a-base-de-solvant","29":"pa_features-greenway","30":"pa_features-point-debullition-moyen-4090-c","31":"pa_features-point-de-congelation-moyen-120-c-100-c","32":"pa_features-recyclable","33":"pa_features-refroidissement-biphase","34":"pa_features-prg-tres-faible","35":"pa_processes-refroidissement-par-immersion","36":"pa_product-category-fluides-caloporteurs-dielectriques","38":"first","39":"instock","40":"shipping-taxable","41":"product-type-simple"},"acf":[],"_links":{"self":[{"href":"https:\/\/www.inventec.dehon.com\/fr\/wp-json\/wp\/v2\/product\/17086","targetHints":{"allow":["GET"]}}],"collection":[{"href":"https:\/\/www.inventec.dehon.com\/fr\/wp-json\/wp\/v2\/product"}],"about":[{"href":"https:\/\/www.inventec.dehon.com\/fr\/wp-json\/wp\/v2\/types\/product"}],"replies":[{"embeddable":true,"href":"https:\/\/www.inventec.dehon.com\/fr\/wp-json\/wp\/v2\/comments?post=17086"}],"wp:featuredmedia":[{"embeddable":true,"href":"https:\/\/www.inventec.dehon.com\/fr\/wp-json\/wp\/v2\/media\/15869"}],"wp:attachment":[{"href":"https:\/\/www.inventec.dehon.com\/fr\/wp-json\/wp\/v2\/media?parent=17086"}],"wp:term":[{"taxonomy":"product_brand","embeddable":true,"href":"https:\/\/www.inventec.dehon.com\/fr\/wp-json\/wp\/v2\/product_brand?post=17086"},{"taxonomy":"product_cat","embeddable":true,"href":"https:\/\/www.inventec.dehon.com\/fr\/wp-json\/wp\/v2\/product_cat?post=17086"},{"taxonomy":"product_tag","embeddable":true,"href":"https:\/\/www.inventec.dehon.com\/fr\/wp-json\/wp\/v2\/product_tag?post=17086"}],"curies":[{"name":"wp","href":"https:\/\/api.w.org\/{rel}","templated":true}]}}