{"id":16980,"date":"2024-06-05T22:35:18","date_gmt":"2024-06-05T22:35:18","guid":{"rendered":"https:\/\/www.inventec.dehon.com\/?post_type=product&#038;p=16980"},"modified":"2026-01-29T14:20:38","modified_gmt":"2026-01-29T13:20:38","slug":"topklean-el-80","status":"publish","type":"product","link":"https:\/\/www.inventec.dehon.com\/fr\/product\/topklean-el-80\/","title":{"rendered":"TOPKLEAN EL 80"},"content":{"rendered":"<p><img decoding=\"async\" src=\"https:\/\/www.inventec.dehon.com\/wp-content\/uploads\/2021\/03\/TOPKLEAN-canister-yellow-1-600x600.jpg\" alt=\"TOPKLEAN EL 80\" class=\"responsive-img\" align=\"right\" style=\"border-radius:10px; margin-bottom:10px; margin-top:-10px; margin-left:15px; width:300px\" \/><\/p>\n<h2 style=\"color:#9bc947; margin-bottom:15px\">Fluide de retrait de flux co-solvant<\/h2>\n<ul>\n<li>\u00c9limination des r\u00e9sidus de flux<\/li>\n<li>Proc\u00e9d\u00e9 co-solvant<\/li>\n<li>Pouvoir nettoyant \u00e9lev\u00e9 et durable<\/li>\n<\/ul>\n<h5>TOPKLEAN EL 80<\/h5>\n<p>Est sp\u00e9cialement con\u00e7u pour nettoyer les r\u00e9sidus de flux de soudure apr\u00e8s refusion. Tout en \u00e9liminant la majorit\u00e9 des r\u00e9sidus de flux de soudure, il ne laisse pas de r\u00e9sidus blancs et donne un effet brillant aux alliages et aux m\u00e9taux.<\/p>\n<p>Il s&rsquo;agit de notre dernier d\u00e9veloppement bas\u00e9 sur notre nouvelle technologie QSA, qui permet une solubilisation plus rapide des compos\u00e9s organiques et min\u00e9raux. Ce produit est le premier dans son domaine d&rsquo;application, gr\u00e2ce \u00e0 l&rsquo;augmentation notable de son point d&rsquo;\u00e9clair permettant un nettoyage s\u00e9curis\u00e9 \u00e0 des temp\u00e9ratures plus \u00e9lev\u00e9es, gr\u00e2ce \u00e0 l&rsquo;am\u00e9lioration de son efficacit\u00e9 en terme de nettoyage et \u00e0 sa la tension de surface r\u00e9duite. Il excelle particuli\u00e8rement dans le nettoyage sous des composants \u00e0 tr\u00e8s faible \u00e9cartement.<\/p>\n<p>Il est utilis\u00e9 dans un processus de co-solvant pour offrir un processus de nettoyage rapide et durable avec une efficacit\u00e9 de nettoyage tr\u00e8s \u00e9lev\u00e9e. Dans ce proc\u00e9d\u00e9, <strong>TOPKLEAN EL 80<\/strong> est parfaitement rinc\u00e9 avec les solvants de notre gamme <strong>PROMOSOLV<\/strong>.<\/p>\n<p>Le proc\u00e9d\u00e9 co-solvant a chang\u00e9 la donne depuis plus de 15 ans et est qualifi\u00e9 par plusieurs acteurs de l&rsquo;industrie \u00e9lectronique et des semi-conducteurs. Il a \u00e9t\u00e9 d\u00e9velopp\u00e9 pour remplacer les solvants \u00e0 fort impact HSE par une solution plus durable, avec des performances de nettoyage tout aussi \u00e9lev\u00e9es. Il se distingue particuli\u00e8rement lorsqu&rsquo;il s&rsquo;agit de composants \u00e0 faible distance de s\u00e9curit\u00e9. En revanche, un syst\u00e8me de nettoyage \u00e0 base d&rsquo;eau comporte le risque que le produit chimique de nettoyage ne soit pas correctement \u00e9limin\u00e9 en raison de la tension superficielle nettement plus \u00e9lev\u00e9e de l&rsquo;eau.<\/p>\n<p><!-- SPECIFICATIONS Section --><\/p>\n<div style=\"font-weight:bold; text-transform:uppercase; border-bottom:2px solid #9DBB2F; padding-bottom:6px; margin-bottom:10px;\">\n  SP\u00c9CIFICATIONS\n<\/div>\n<table width=\"100%\" cellpadding=\"0\" cellspacing=\"0\" style=\"border-collapse:collapse; width:100%; max-width:100%;\">\n<tr>\n<th align=\"left\" style=\"background:#7A7A7A; color:#fff; padding:8px 12px; border:1px solid #BDBDBD;\">SP\u00c9CIFICATIONS<\/th>\n<th align=\"left\" style=\"background:#7A7A7A; color:#fff; padding:8px 12px; border:1px solid #BDBDBD;\">VALEURS<\/th>\n<th align=\"left\" style=\"background:#7A7A7A; color:#fff; padding:8px 12px; border:1px solid #BDBDBD;\">M\u00c9THODES<\/th>\n<\/tr>\n<tr>\n<td style=\"padding:8px 12px; border:1px solid #BDBDBD;\">Aspect<\/td>\n<td style=\"padding:8px 12px; border:1px solid #BDBDBD;\">Transparent, incolore<\/td>\n<td style=\"padding:8px 12px; border:1px solid #BDBDBD;\">Visuelle<\/td>\n<\/tr>\n<tr style=\"background:#E6E6E6;\">\n<td style=\"padding:8px 12px; border:1px solid #BDBDBD;\">Masse volumique (g\/ml \u00e0 20\u00b0C)<\/td>\n<td style=\"padding:8px 12px; border:1px solid #BDBDBD;\">0.920 \u00b1 0.010<\/td>\n<td style=\"padding:8px 12px; border:1px solid #BDBDBD;\">BRY MO 028<\/td>\n<\/tr>\n<\/table>\n<p><!-- CHARACTERISTICS Section --><\/p>\n<div style=\"font-weight:bold; text-transform:uppercase; border-bottom:2px solid #9DBB2F; padding-bottom:6px; margin:30px 0 10px 0;\">\n  CARACT\u00c9RISTIQUES\n<\/div>\n<table width=\"100%\" cellpadding=\"0\" cellspacing=\"0\" style=\"border-collapse:collapse; width:100%; max-width:100%;\">\n<tr>\n<th align=\"left\" style=\"background:#7A7A7A; color:#fff; padding:8px 12px; border:1px solid #BDBDBD;\">CARACT\u00c9RISTIQUES<\/th>\n<th align=\"left\" style=\"background:#7A7A7A; color:#fff; padding:8px 12px; border:1px solid #BDBDBD;\">VALEURS<\/th>\n<th align=\"left\" style=\"background:#7A7A7A; color:#fff; padding:8px 12px; border:1px solid #BDBDBD;\">M\u00c9THODES<\/th>\n<\/tr>\n<tr>\n<td style=\"padding:8px 12px; border:1px solid #BDBDBD;\">Point d&rsquo;\u00e9bullition<\/td>\n<td style=\"padding:8px 12px; border:1px solid #BDBDBD;\">&gt;100\u00b0C \/ &gt;212\u00b0F<\/td>\n<td style=\"padding:8px 12px; border:1px solid #BDBDBD;\">ASTM D1078<\/td>\n<\/tr>\n<tr style=\"background:#E6E6E6;\">\n<td style=\"padding:8px 12px; border:1px solid #BDBDBD;\">Point \u00e9clair (PMCC)<\/td>\n<td style=\"padding:8px 12px; border:1px solid #BDBDBD;\">100\u00b0C \/ 212\u00b0F<\/td>\n<td style=\"padding:8px 12px; border:1px solid #BDBDBD;\">ASTM D93<\/td>\n<\/tr>\n<tr>\n<td style=\"padding:8px 12px; border:1px solid #BDBDBD;\">Tension de surface \u00e0 20\u00b0C (dynes\/cm)<\/td>\n<td style=\"padding:8px 12px; border:1px solid #BDBDBD;\">30<\/td>\n<td style=\"padding:8px 12px; border:1px solid #BDBDBD;\">ASTM D971<\/td>\n<\/tr>\n<tr style=\"background:#E6E6E6;\">\n<td style=\"padding:8px 12px; border:1px solid #BDBDBD;\">Miscibilit\u00e9 dans l&rsquo;eau<\/td>\n<td style=\"padding:8px 12px; border:1px solid #BDBDBD;\">Partiellement miscible<\/td>\n<td style=\"padding:8px 12px; border:1px solid #BDBDBD;\">Interne<\/td>\n<\/tr>\n<tr>\n<td style=\"padding:8px 12px; border:1px solid #BDBDBD;\">Pr\u00e9sence de compos\u00e9s aromatiques (% poids)<\/td>\n<td style=\"padding:8px 12px; border:1px solid #BDBDBD;\">Aucun<\/td>\n<td style=\"padding:8px 12px; border:1px solid #BDBDBD;\">SMS 2728<\/td>\n<\/tr>\n<\/table>\n","protected":false},"excerpt":{"rendered":"<ul>\n<li>\u00c9limination des r\u00e9sidus de flux<\/li>\n<li>Proc\u00e9d\u00e9 co-solvant<\/li>\n<li>Pouvoir nettoyant \u00e9lev\u00e9 et durable<\/li>\n<\/ul>\n<p><a href=\"https:\/\/www.inventec.dehon.com\/wp-content\/uploads\/2024\/06\/GW_Score_30.png\"><img decoding=\"async\" class=\"alignnone size-full wp-image-15018\" src=\"https:\/\/www.inventec.dehon.com\/wp-content\/uploads\/2024\/06\/GW_Score_30.png\" alt=\"\" width=\"278\" height=\"236\"><\/a><\/p>\n","protected":false},"featured_media":24449,"comment_status":"closed","ping_status":"closed","template":"","meta":{"_acf_changed":false,"inline_featured_image":false},"product_brand":[],"product_cat":[953,2818],"product_tag":[2497,4281,4285,2103,2496,4309,4337,4325,4184,4385,4389,4373,4313,500,2038,2495],"class_list":{"0":"post-16980","1":"product","2":"type-product","3":"status-publish","4":"has-post-thumbnail","6":"industries-confort-assistanc-a-la-conduite-adas","7":"industries-equipement-medical-scanners","8":"industries-systemes-electroniques-et-electriques","9":"product_cat-nettoyage","10":"product_cat-nettoyage-pcb-defluxage-electronique-et-semiconducteur","11":"product_tag-80-fr","12":"product_tag-co-solvant","13":"product_tag-defluxage-fr","14":"product_tag-el-fr","15":"product_tag-el-80-fr","16":"product_tag-elimination-du-flux","17":"product_tag-faible-cov","18":"product_tag-greenway","19":"product_tag-liquides-de-nettoyage-solvants-fr","20":"product_tag-non-inflammable","21":"product_tag-non-toxique","22":"product_tag-pas-de-prg","23":"product_tag-residus-de-flux","24":"product_tag-solvant","25":"product_tag-topklean-fr","26":"product_tag-topklean-el-80-fr","27":"pa_application-defluxage","28":"pa_brand-topklean-fr-2","29":"pa_features-greenway","30":"pa_processes-co-solvant","31":"pa_product-category-liquides-de-nettoyage-solvants","33":"first","34":"instock","35":"shipping-taxable","36":"product-type-simple"},"acf":[],"_links":{"self":[{"href":"https:\/\/www.inventec.dehon.com\/fr\/wp-json\/wp\/v2\/product\/16980","targetHints":{"allow":["GET"]}}],"collection":[{"href":"https:\/\/www.inventec.dehon.com\/fr\/wp-json\/wp\/v2\/product"}],"about":[{"href":"https:\/\/www.inventec.dehon.com\/fr\/wp-json\/wp\/v2\/types\/product"}],"replies":[{"embeddable":true,"href":"https:\/\/www.inventec.dehon.com\/fr\/wp-json\/wp\/v2\/comments?post=16980"}],"wp:featuredmedia":[{"embeddable":true,"href":"https:\/\/www.inventec.dehon.com\/fr\/wp-json\/wp\/v2\/media\/24449"}],"wp:attachment":[{"href":"https:\/\/www.inventec.dehon.com\/fr\/wp-json\/wp\/v2\/media?parent=16980"}],"wp:term":[{"taxonomy":"product_brand","embeddable":true,"href":"https:\/\/www.inventec.dehon.com\/fr\/wp-json\/wp\/v2\/product_brand?post=16980"},{"taxonomy":"product_cat","embeddable":true,"href":"https:\/\/www.inventec.dehon.com\/fr\/wp-json\/wp\/v2\/product_cat?post=16980"},{"taxonomy":"product_tag","embeddable":true,"href":"https:\/\/www.inventec.dehon.com\/fr\/wp-json\/wp\/v2\/product_tag?post=16980"}],"curies":[{"name":"wp","href":"https:\/\/api.w.org\/{rel}","templated":true}]}}