{"id":16970,"date":"2024-06-05T22:21:27","date_gmt":"2024-06-05T22:21:27","guid":{"rendered":"https:\/\/www.inventec.dehon.com\/?post_type=product&#038;p=16970"},"modified":"2026-03-10T14:11:13","modified_gmt":"2026-03-10T13:11:13","slug":"promosolv-de4","status":"publish","type":"product","link":"https:\/\/www.inventec.dehon.com\/fr\/product\/promosolv-de4\/","title":{"rendered":"PROMOSOLV DE4"},"content":{"rendered":"<p><img decoding=\"async\" src=\"https:\/\/www.inventec.dehon.com\/wp-content\/uploads\/2021\/03\/PROMOSOLV-drum-colorless-Ecoprog-600x600.png\" alt=\"PROMOSOLV DE4\" class=\"responsive-img\" align=\"right\" style=\"border-radius:10px; margin-bottom:10px; margin-top:-10px; margin-left:15px; width:300px\" \/><\/p>\n<h2 style=\"color: #9bc947; margin-bottom: 15px;\">Nettoyage des flux et des contaminants des cartes de circuit imprim\u00e9 (PCB)<\/h2>\n<ul>\n<li>Nettoyant \u00e0 base de solvant pour l&rsquo;\u00e9limination des r\u00e9sidus de flux<\/li>\n<li>Proc\u00e9d\u00e9 en phase vapeur (mono-solvant)<\/li>\n<li>Excellent nettoyage et faible impact HSE<\/li>\n<\/ul>\n<h5>PROMOSOLV DE4<\/h5>\n<p>A \u00e9t\u00e9 d\u00e9velopp\u00e9 pour remplacer le trichlor\u00e9thyl\u00e8ne, le NPB et d&rsquo;autres solvants. Tout en r\u00e9duisant substantiellement l&rsquo;impact HSE, le pouvoir d\u00e9graissant est \u00e0 un niveau \u00e9quivalent. En outre, ce produit est \u00e9quivalent au Novec 72DA qui a \u00e9t\u00e9 retir\u00e9 du march\u00e9, car il a la m\u00eame proportion de composants et les m\u00eames propri\u00e9t\u00e9s.<\/p>\n<p>Il est d\u00e9di\u00e9 \u00e0 l&rsquo;\u00e9limination des r\u00e9sidus de flux de refusion et autres contaminants sur les PCBA, modules de puissance, lead frames, BGA, applications PoP ou SIP et assemblages LED. Sa faible tension superficielle permet de nettoyer et de rincer tr\u00e8s bien les composants \u00e0 faible hauteur et les espaces difficiles \u00e0 atteindre. Il a une tr\u00e8s bonne compatibilit\u00e9 avec tous les m\u00e9taux, y compris les plus sensibles, ainsi qu&rsquo;avec la plupart des plastiques et \u00e9lastom\u00e8res, mais il est recommand\u00e9 de le valider avant utilisation.<\/p>\n<p><strong>PROMOSOLV DE4<\/strong> est formul\u00e9 en tenant compte de la s\u00e9curit\u00e9. Sa composition lui conf\u00e8re d&rsquo;excellentes propri\u00e9t\u00e9s de suppression de l&rsquo;inflammabilit\u00e9, ce qui lui conf\u00e8re une tr\u00e8s grande stabilit\u00e9 lorsqu&rsquo;il est utilis\u00e9 dans un \u00e9quipement. Certains produits sur le march\u00e9 peuvent perdre leur compos\u00e9 de suppression d&rsquo;inflammabilit\u00e9 en raison de l&rsquo;\u00e9vaporation lorsqu&rsquo;ils sont utilis\u00e9s dans un \u00e9quipement.<\/p>\n<p><!-- SPECIFICATIONS Section --><\/p>\n<div style=\"font-weight:bold; text-transform:uppercase; border-bottom:2px solid #9DBB2F; padding-bottom:6px; margin-bottom:10px;\">\n  SP\u00c9CIFICATIONS\n<\/div>\n<table width=\"100%\" cellpadding=\"0\" cellspacing=\"0\" style=\"border-collapse:collapse; width:100%; max-width:100%;\">\n<tr>\n<th align=\"left\" style=\"background:#7A7A7A; color:#fff; padding:8px 12px; border:1px solid #BDBDBD;\">SP\u00c9CIFICATIONS<\/th>\n<th align=\"left\" style=\"background:#7A7A7A; color:#fff; padding:8px 12px; border:1px solid #BDBDBD;\">VALEURS<\/th>\n<th align=\"left\" style=\"background:#7A7A7A; color:#fff; padding:8px 12px; border:1px solid #BDBDBD;\">METHODES<\/th>\n<\/tr>\n<tr>\n<td style=\"padding:8px 12px; border:1px solid #BDBDBD;\">Aspect<\/td>\n<td style=\"padding:8px 12px; border:1px solid #BDBDBD;\">Incolore, transparent<\/td>\n<td style=\"padding:8px 12px; border:1px solid #BDBDBD;\">Visuel<\/td>\n<\/tr>\n<tr style=\"background:#E6E6E6;\">\n<td style=\"padding:8px 12px; border:1px solid #BDBDBD;\">Puret\u00e9 (% poids)<\/td>\n<td style=\"padding:8px 12px; border:1px solid #BDBDBD;\">&gt; 99.5<\/td>\n<td style=\"padding:8px 12px; border:1px solid #BDBDBD;\">Interne \/ MO.SB.10033<\/td>\n<\/tr>\n<tr>\n<td style=\"padding:8px 12px; border:1px solid #BDBDBD;\">Isopropanol (% poids)<\/td>\n<td style=\"padding:8px 12px; border:1px solid #BDBDBD;\">&lt; 3<\/td>\n<td style=\"padding:8px 12px; border:1px solid #BDBDBD;\">Interne \/ MO.SB.10033<\/td>\n<\/tr>\n<\/table>\n<p><!-- CHARACTERISTICS Section --><\/p>\n<div style=\"font-weight:bold; text-transform:uppercase; border-bottom:2px solid #9DBB2F; padding-bottom:6px; margin:30px 0 10px 0;\">\n  CARACT\u00c9RISTIQUES\n<\/div>\n<table width=\"100%\" cellpadding=\"0\" cellspacing=\"0\" style=\"border-collapse:collapse; width:100%; max-width:100%;\">\n<tr>\n<th align=\"left\" style=\"background:#7A7A7A; color:#fff; padding:8px 12px; border:1px solid #BDBDBD;\">CARACT\u00c9RISTIQUES<\/th>\n<th align=\"left\" style=\"background:#7A7A7A; color:#fff; padding:8px 12px; border:1px solid #BDBDBD;\">VALEURS<\/th>\n<\/tr>\n<tr>\n<td style=\"padding:8px 12px; border:1px solid #BDBDBD;\">Point d&rsquo;\u00e9bullition (\u00b0C \/ \u00b0F)<\/td>\n<td style=\"padding:8px 12px; border:1px solid #BDBDBD;\">44 \/ 111<\/td>\n<\/tr>\n<tr style=\"background:#E6E6E6;\">\n<td style=\"padding:8px 12px; border:1px solid #BDBDBD;\">Pression de vapeur \u00e0 50\u00b0C (mm Hg)<\/td>\n<td style=\"padding:8px 12px; border:1px solid #BDBDBD;\">360<\/td>\n<\/tr>\n<tr>\n<td style=\"padding:8px 12px; border:1px solid #BDBDBD;\">Point \u00e9clair<\/td>\n<td style=\"padding:8px 12px; border:1px solid #BDBDBD;\">aucun<\/td>\n<\/tr>\n<tr style=\"background:#E6E6E6;\">\n<td style=\"padding:8px 12px; border:1px solid #BDBDBD;\">Masse volumique (g\/cm3)<\/td>\n<td style=\"padding:8px 12px; border:1px solid #BDBDBD;\">1,27<\/td>\n<\/tr>\n<tr>\n<td style=\"padding:8px 12px; border:1px solid #BDBDBD;\">Tension de surface (dynes\/cm)<\/td>\n<td style=\"padding:8px 12px; border:1px solid #BDBDBD;\">18<\/td>\n<\/tr>\n<tr style=\"background:#E6E6E6;\">\n<td style=\"padding:8px 12px; border:1px solid #BDBDBD;\">Viscosit\u00e9 cin\u00e9matique (mm\u00b2\/s)<\/td>\n<td style=\"padding:8px 12px; border:1px solid #BDBDBD;\">0.35<\/td>\n<\/tr>\n<\/table>\n","protected":false},"excerpt":{"rendered":"<ul>\n<li>Nettoyant \u00e0 base de solvant pour l&rsquo;\u00e9limination des r\u00e9sidus de flux<\/li>\n<li>Proc\u00e9d\u00e9 en phase vapeur (mono-solvant)<\/li>\n<li>Excellent nettoyage et faible impact HSE<\/li>\n<\/ul>\n<p><a href=\"https:\/\/www.inventec.dehon.com\/wp-content\/uploads\/2021\/04\/GW-Score-40.png\"><img decoding=\"async\" class=\"alignnone size-full wp-image-15225\" src=\"https:\/\/www.inventec.dehon.com\/wp-content\/uploads\/2021\/04\/GW-Score-40.png\" alt=\"\" width=\"278\" height=\"236\" \/><\/a><\/p>\n","protected":false},"featured_media":2276,"comment_status":"closed","ping_status":"closed","template":"","meta":{"_acf_changed":false,"inline_featured_image":false},"product_brand":[],"product_cat":[953,2818],"product_tag":[4317,2671,4285,4184,4369,4767,1821,2670,4598,4277,4445,500],"class_list":{"0":"post-16970","1":"product","2":"type-product","3":"status-publish","4":"has-post-thumbnail","6":"industries-confort-assistanc-a-la-conduite-adas","7":"industries-equipement-medical-scanners","8":"product_cat-nettoyage","9":"product_cat-nettoyage-pcb-defluxage-electronique-et-semiconducteur","10":"product_tag-colle","11":"product_tag-de4-fr","12":"product_tag-defluxage-fr","13":"product_tag-liquides-de-nettoyage-solvants-fr","14":"product_tag-mono-solvant","15":"product_tag-phase-vapeur","16":"product_tag-promosolv-fr","17":"product_tag-promosolv-de4-fr","18":"product_tag-recyclable","19":"product_tag-revetements-fr","20":"product_tag-sechage-par-solvant","21":"product_tag-solvant","22":"pa_application-colles-revetements","23":"pa_application-defluxage","24":"pa_brand-promosolv-fr-2","25":"pa_features-recyclable","26":"pa_processes-mono-solvant","27":"pa_processes-solvant-de-sechage","28":"pa_product-category-liquides-de-nettoyage-solvants","30":"first","31":"instock","32":"shipping-taxable","33":"product-type-simple"},"acf":[],"_links":{"self":[{"href":"https:\/\/www.inventec.dehon.com\/fr\/wp-json\/wp\/v2\/product\/16970","targetHints":{"allow":["GET"]}}],"collection":[{"href":"https:\/\/www.inventec.dehon.com\/fr\/wp-json\/wp\/v2\/product"}],"about":[{"href":"https:\/\/www.inventec.dehon.com\/fr\/wp-json\/wp\/v2\/types\/product"}],"replies":[{"embeddable":true,"href":"https:\/\/www.inventec.dehon.com\/fr\/wp-json\/wp\/v2\/comments?post=16970"}],"wp:featuredmedia":[{"embeddable":true,"href":"https:\/\/www.inventec.dehon.com\/fr\/wp-json\/wp\/v2\/media\/2276"}],"wp:attachment":[{"href":"https:\/\/www.inventec.dehon.com\/fr\/wp-json\/wp\/v2\/media?parent=16970"}],"wp:term":[{"taxonomy":"product_brand","embeddable":true,"href":"https:\/\/www.inventec.dehon.com\/fr\/wp-json\/wp\/v2\/product_brand?post=16970"},{"taxonomy":"product_cat","embeddable":true,"href":"https:\/\/www.inventec.dehon.com\/fr\/wp-json\/wp\/v2\/product_cat?post=16970"},{"taxonomy":"product_tag","embeddable":true,"href":"https:\/\/www.inventec.dehon.com\/fr\/wp-json\/wp\/v2\/product_tag?post=16970"}],"curies":[{"name":"wp","href":"https:\/\/api.w.org\/{rel}","templated":true}]}}