{"id":16966,"date":"2024-06-05T22:15:41","date_gmt":"2024-06-05T22:15:41","guid":{"rendered":"https:\/\/www.inventec.dehon.com\/?post_type=product&#038;p=16966"},"modified":"2026-01-29T10:18:12","modified_gmt":"2026-01-29T09:18:12","slug":"promosolv-neo-a2","status":"publish","type":"product","link":"https:\/\/www.inventec.dehon.com\/fr\/product\/promosolv-neo-a2\/","title":{"rendered":"PROMOSOLV NEO A2"},"content":{"rendered":"<p><img decoding=\"async\" src=\"https:\/\/www.inventec.dehon.com\/wp-content\/uploads\/2021\/03\/PROMOSOLV-drum-colorless-Ecoprog-600x600.png\" alt=\"PROMOSOLV NEO A2\" class=\"responsive-img\" align=\"right\" style=\"border-radius:10px; margin-bottom:10px; margin-top:-10px; margin-left:15px; width:300px\" \/><\/p>\n<h2 style=\"color:#9bc947; margin-bottom:15px\">Remplacement solvants \u00e0 fort impact HSE<\/h2>\n<ul>\n<li>Fluide de rin\u00e7age pour les op\u00e9rations de defluxage<\/li>\n<li>Proc\u00e9d\u00e9s solvants<\/li>\n<li>GWP ultra-faible<\/li>\n<\/ul>\n<h5>PROMOSOLV NEO A2<\/h5>\n<p>Est con\u00e7u sp\u00e9cialement pour remplacer les solvants de rin\u00e7age \u00e0 fort impact HSE et pour offrir un produit conforme aux derni\u00e8res et futures r\u00e9glementations environnementales. La tr\u00e8s faible tension de surface permet de p\u00e9n\u00e9trer dans des espaces tr\u00e8s \u00e9troits, en s\u2019assurant que tout produit chimique de nettoyage est totalement \u00e9limin\u00e9. En outre, la formulation contient une petite quantit\u00e9 d&rsquo;isopropanol qui aide \u00e0 dissoudre les contaminations polaires et non polaires. C&rsquo;est pourquoi il est principalement utilis\u00e9 dans les applications de d\u00e9fluxage \u00e9lectronique.<\/p>\n<p>La gamme <strong>PROMOSOLV NEO<\/strong> nouvellement d\u00e9velopp\u00e9e repr\u00e9sente nos produits d&rsquo;un GWP ultra faible \u00e0 nul et avec une faible dur\u00e9e de vie atmosph\u00e9rique, afin de r\u00e9duire l&rsquo;impact sur le r\u00e9chauffement climatique. Le pouvoir solvant a \u00e9galement \u00e9t\u00e9 am\u00e9lior\u00e9, ce qui contribue \u00e0 une performance de nettoyage encore plus efficace et plus rapide.<\/p>\n<p>Afin d&rsquo;offrir une solution de solvant respectueuse de l&rsquo;environnement pour le d\u00e9fluxage ou le d\u00e9graissage sans compromettre les performances de nettoyage, le <strong>PROMOSOLV NEO A2<\/strong> peut \u00eatre utilis\u00e9 en combinaison avec notre gamme TOPKLEAN dans le cadre d&rsquo;un proc\u00e9d\u00e9 nettoyage cosolvant.<\/p>\n<p>Il est compatible avec tous les m\u00e9taux et alliages, y compris les plus sensibles. Il offre \u00e9galement une bonne compatibilit\u00e9 avec la plupart des plastiques et \u00e9lastom\u00e8res, cependant il est n\u00e9cessaire d&rsquo;effectuer un test avant utilisation.<\/p>\n<p>Le <strong>PROMOSOLV NEO A2<\/strong> est formul\u00e9 dans un souci de s\u00e9curit\u00e9, ce qui a permis d&rsquo;obtenir un produit qui est ininflammable et n&rsquo;a pas de point d&rsquo;\u00e9clair.<\/p>\n<p>Ce produit existe \u00e9galement en version recycl\u00e9e (faite \u00e0 partir de solvant recycl\u00e9) sous l\u2019appellation <strong>PROMOSOLV NEO A2 T<\/strong>.<\/p>\n<div style=\"font-family:Lato; color:#333;\">\n<div style=\"font-weight:bold; text-transform:uppercase; border-bottom:2px solid #9DBB2F; padding-bottom:6px; margin-bottom:10px;\">\n    SP\u00c9CIFICATIONS\n  <\/div>\n<table width=\"100%\" cellpadding=\"0\" cellspacing=\"0\" style=\"border-collapse:collapse; width:100%; max-width:100%;\">\n<tr>\n<th align=\"left\" style=\"background:#7A7A7A; color:#fff; padding:8px 12px; border:1px solid #BDBDBD;\">\n        SP\u00c9CIFICATIONS\n      <\/th>\n<th align=\"left\" style=\"background:#7A7A7A; color:#fff; padding:8px 12px; border:1px solid #BDBDBD;\">\n        VALEURS\n      <\/th>\n<th align=\"left\" style=\"background:#7A7A7A; color:#fff; padding:8px 12px; border:1px solid #BDBDBD;\">\n        M\u00c9THODES\n      <\/th>\n<\/tr>\n<tr>\n<td style=\"padding:8px 12px; border:1px solid #BDBDBD;\">Aspect<\/td>\n<td style=\"padding:8px 12px; border:1px solid #BDBDBD;\">Transparent, incolore<\/td>\n<td style=\"padding:8px 12px; border:1px solid #BDBDBD;\">Visuelle<\/td>\n<\/tr>\n<tr style=\"background:#E6E6E6;\">\n<td style=\"padding:8px 12px; border:1px solid #BDBDBD;\">Puret\u00e9 (% poids)<\/td>\n<td style=\"padding:8px 12px; border:1px solid #BDBDBD;\">99,5% \u00b1 0.5<\/td>\n<td style=\"padding:8px 12px; border:1px solid #BDBDBD;\">BRY-MO-121<\/td>\n<\/tr>\n<tr>\n<td style=\"padding:8px 12px; border:1px solid #BDBDBD;\">Isopropanol (%)<\/td>\n<td style=\"padding:8px 12px; border:1px solid #BDBDBD;\">5% \u00b1 0.5<\/td>\n<td style=\"padding:8px 12px; border:1px solid #BDBDBD;\">BRY-MO-121<\/td>\n<\/tr>\n<\/table>\n<\/div>\n<div style=\"font-family:Lato; color:#333;\">\n<div style=\"font-weight:bold; text-transform:uppercase; border-bottom:2px solid #9DBB2F; padding-bottom:6px; margin:30px 0 10px;\">\n    CARACT\u00c9RISTIQUE\n  <\/div>\n<table width=\"100%\" cellpadding=\"0\" cellspacing=\"0\" style=\"border-collapse:collapse; width:100%; max-width:100%;\">\n<tr>\n<th align=\"left\" style=\"background:#7A7A7A; color:#fff; padding:8px 12px; border:1px solid #BDBDBD;\">\n        CARACT\u00c9RISTIQUES\n      <\/th>\n<th align=\"left\" style=\"background:#7A7A7A; color:#fff; padding:8px 12px; border:1px solid #BDBDBD;\">\n        VALEURS\n      <\/th>\n<\/tr>\n<tr>\n<td style=\"padding:8px 12px; border:1px solid #BDBDBD;\">Masse volumique (g\/ml)<\/td>\n<td style=\"padding:8px 12px; border:1px solid #BDBDBD;\">1.32<\/td>\n<\/tr>\n<tr style=\"background:#E6E6E6;\">\n<td style=\"padding:8px 12px; border:1px solid #BDBDBD;\">Point d&rsquo;\u00e9bullition (\u00b0C\/\u00b0F)<\/td>\n<td style=\"padding:8px 12px; border:1px solid #BDBDBD;\">33\u00b0C\/91\u00b0F<\/td>\n<\/tr>\n<tr>\n<td style=\"padding:8px 12px; border:1px solid #BDBDBD;\">Point de cong\u00e9lation (\u00b0C\/\u00b0F)<\/td>\n<td style=\"padding:8px 12px; border:1px solid #BDBDBD;\">-80\u00b0C\/-112\u00b0F<\/td>\n<\/tr>\n<tr style=\"background:#E6E6E6;\">\n<td style=\"padding:8px 12px; border:1px solid #BDBDBD;\">Point \u00e9clair<\/td>\n<td style=\"padding:8px 12px; border:1px solid #BDBDBD;\">Non<\/td>\n<\/tr>\n<tr>\n<td style=\"padding:8px 12px; border:1px solid #BDBDBD;\">Tension de surface (dynes\/cm)<\/td>\n<td style=\"padding:8px 12px; border:1px solid #BDBDBD;\">13.8<\/td>\n<\/tr>\n<tr style=\"background:#E6E6E6;\">\n<td style=\"padding:8px 12px; border:1px solid #BDBDBD;\">Pression de vapeur (kPa @25\u00b0C\/77\u00b0F)<\/td>\n<td style=\"padding:8px 12px; border:1px solid #BDBDBD;\">76*<\/td>\n<\/tr>\n<tr>\n<td style=\"padding:8px 12px; border:1px solid #BDBDBD;\">Chaleur latente de vaporisation (kJ\/Kg@bp)<\/td>\n<td style=\"padding:8px 12px; border:1px solid #BDBDBD;\">175*<\/td>\n<\/tr>\n<tr style=\"background:#E6E6E6;\">\n<td style=\"padding:8px 12px; border:1px solid #BDBDBD;\">Chaleur sp\u00e9cifique (kJ\/Kg K @25\u00b0C\/77\u00b0F)<\/td>\n<td style=\"padding:8px 12px; border:1px solid #BDBDBD;\">1.34<\/td>\n<\/tr>\n<tr>\n<td style=\"padding:8px 12px; border:1px solid #BDBDBD;\">Viscosit\u00e9 (mPa.s @25\u00b0C\/77\u00b0F)<\/td>\n<td style=\"padding:8px 12px; border:1px solid #BDBDBD;\">0.4*<\/td>\n<\/tr>\n<\/table>\n<p style=\"font-style:italic; color:#555;\">*Valeur th\u00e9orique, analyse en cours pour confirmation.<\/p>\n<\/div>\n","protected":false},"excerpt":{"rendered":"<ul>\n<li>Fluide de rin\u00e7age pour les op\u00e9rations de defluxage<\/li>\n<li>Proc\u00e9d\u00e9s solvants<\/li>\n<li>GWP ultra-faible: &lt;10<\/li>\n<\/ul>\n<p><a href=\"https:\/\/www.inventec.dehon.com\/wp-content\/uploads\/2024\/05\/gw-15.jpg\"><img decoding=\"async\" class=\"alignnone wp-image-16844\" src=\"https:\/\/www.inventec.dehon.com\/wp-content\/uploads\/2024\/05\/gw-15.jpg\" alt=\"\" width=\"271\" height=\"230\" \/><\/a><\/p>\n","protected":false},"featured_media":2276,"comment_status":"closed","ping_status":"closed","template":"","meta":{"_acf_changed":false,"inline_featured_image":false},"product_brand":[],"product_cat":[953,2824],"product_tag":[2482,4281,4325,4184,4369,2310,2481,4767,4465,1821,2480,4598,4763],"class_list":{"0":"post-16966","1":"product","2":"type-product","3":"status-publish","4":"has-post-thumbnail","6":"product_cat-nettoyage","7":"product_cat-solutions-de-solvants-de-rincage","8":"product_tag-a2-fr","9":"product_tag-co-solvant","10":"product_tag-greenway","11":"product_tag-liquides-de-nettoyage-solvants-fr","12":"product_tag-mono-solvant","13":"product_tag-neo-fr","14":"product_tag-neo-a2-fr","15":"product_tag-phase-vapeur","16":"product_tag-prg-ultra-faible","17":"product_tag-promosolv-fr","18":"product_tag-promosolv-neo-a2-fr","19":"product_tag-recyclable","20":"product_tag-solvant-de-rincage","21":"pa_brand-promosolv-fr-2","22":"pa_features-greenway","23":"pa_features-recyclable","24":"pa_features-prg-tres-faible","25":"pa_processes-co-solvant","26":"pa_processes-mono-solvant","27":"pa_processes-rincage-au-solvant","28":"pa_product-category-liquides-de-nettoyage-solvants","30":"first","31":"instock","32":"shipping-taxable","33":"product-type-simple"},"acf":[],"_links":{"self":[{"href":"https:\/\/www.inventec.dehon.com\/fr\/wp-json\/wp\/v2\/product\/16966","targetHints":{"allow":["GET"]}}],"collection":[{"href":"https:\/\/www.inventec.dehon.com\/fr\/wp-json\/wp\/v2\/product"}],"about":[{"href":"https:\/\/www.inventec.dehon.com\/fr\/wp-json\/wp\/v2\/types\/product"}],"replies":[{"embeddable":true,"href":"https:\/\/www.inventec.dehon.com\/fr\/wp-json\/wp\/v2\/comments?post=16966"}],"wp:featuredmedia":[{"embeddable":true,"href":"https:\/\/www.inventec.dehon.com\/fr\/wp-json\/wp\/v2\/media\/2276"}],"wp:attachment":[{"href":"https:\/\/www.inventec.dehon.com\/fr\/wp-json\/wp\/v2\/media?parent=16966"}],"wp:term":[{"taxonomy":"product_brand","embeddable":true,"href":"https:\/\/www.inventec.dehon.com\/fr\/wp-json\/wp\/v2\/product_brand?post=16966"},{"taxonomy":"product_cat","embeddable":true,"href":"https:\/\/www.inventec.dehon.com\/fr\/wp-json\/wp\/v2\/product_cat?post=16966"},{"taxonomy":"product_tag","embeddable":true,"href":"https:\/\/www.inventec.dehon.com\/fr\/wp-json\/wp\/v2\/product_tag?post=16966"}],"curies":[{"name":"wp","href":"https:\/\/api.w.org\/{rel}","templated":true}]}}