{"id":16899,"date":"2023-09-13T07:23:30","date_gmt":"2023-09-13T07:23:30","guid":{"rendered":"https:\/\/www.inventec.dehon.com\/product\/thermasolv-im1\/"},"modified":"2026-01-20T10:59:43","modified_gmt":"2026-01-20T09:59:43","slug":"thermasolv-im1","status":"publish","type":"product","link":"https:\/\/www.inventec.dehon.com\/fr\/product\/thermasolv-im1\/","title":{"rendered":"THERMASOLV IM1"},"content":{"rendered":"<p><img decoding=\"async\" src=\"https:\/\/www.inventec.dehon.com\/wp-content\/uploads\/2023\/09\/Thermasolv-Greenway-600x600.jpg\" alt=\"THERMASOLV IM1\" class=\"responsive-img\" align=\"right\" style=\"border-radius:10px; margin-bottom:10px; margin-top:-10px; margin-left:15px; width:300px\" \/><\/p>\n<h2 style=\"color:#9bc947; margin-bottom:15px\">Fluides de refroidissement di\u00e9lectriques pour les appareils \u00e9lectroniques et \u00e9lectriques<\/h2>\n<ul>\n<li>Fluide de transfert thermique di\u00e9lectrique<\/li>\n<li>Point d&rsquo;\u00e9bullition : 61\u00b0C\/142\u00b0F<\/li>\n<li>Ininflammable et GWP moyen faible<\/li>\n<\/ul>\n<h5>THERMASOLV IM1<\/h5>\n<p>Est un fluide de transfert thermique di\u00e9lectrique, d\u00e9di\u00e9 aux syst\u00e8mes d&rsquo;immersion ou de refroidissement direct monophas\u00e9s ou biphas\u00e9s. Ses propri\u00e9t\u00e9s d&rsquo;isolation \u00e9lectrique \u00e9lev\u00e9es permettent d&rsquo;immerger des appareils \u00e9lectroniques et \u00e9lectriques sous tension dans le fluide. Les caract\u00e9ristiques favorables de la viscosit\u00e9, de la densit\u00e9 et de la tension de surface du produit permettent un contact optimal avec la surface, ce qui contribue \u00e0 une performance sup\u00e9rieure de transfert de chaleur.<\/p>\n<p>La tr\u00e8s bonne compatibilit\u00e9 du <strong>THERMASOLV IM1<\/strong> avec tous les m\u00e9taux, une large gamme de plastiques et d&rsquo;\u00e9lastom\u00e8res et la stabilit\u00e9 chimique du fluide, font du <strong>THERMASOLV IM1<\/strong> un fluide id\u00e9al pour le refroidissement par immersion.<\/p>\n<p><strong>THERMASOLV IM1<\/strong> est formul\u00e9 dans un souci de s\u00e9curit\u00e9. Il est non toxique, ne mentionne aucune phrase EUH, est ininflammable et n&rsquo;a pas de point d&rsquo;\u00e9clair. Il poss\u00e8de \u00e9galement des propri\u00e9t\u00e9s extinctrices, ce qui lui conf\u00e8re une protection suppl\u00e9mentaire en cas d&rsquo;incendie. Il s&rsquo;agit \u00e9galement d&rsquo;une excellente solution durable, car il ne contient pas de ODP, a un GWP moyennement faible et peut \u00eatre propos\u00e9 au recyclage en cas de besoin.<\/p>\n<p><!-- SP\u00c9CIFICATIONS Section --><\/p>\n<div style=\"font-weight:bold; text-transform:uppercase; border-bottom:2px solid #9DBB2F; padding-bottom:6px; margin-bottom:10px;\">\n  SP\u00c9CIFICATIONS\n<\/div>\n<table width=\"100%\" cellpadding=\"0\" cellspacing=\"0\" style=\"border-collapse:collapse; width:100%; max-width:100%;\">\n<tr>\n<th align=\"left\" style=\"background:#7A7A7A; color:#fff; padding:8px 12px; border:1px solid #BDBDBD;\">SP\u00c9CIFICATIONS<\/th>\n<th align=\"left\" style=\"background:#7A7A7A; color:#fff; padding:8px 12px; border:1px solid #BDBDBD;\">VALEURS<\/th>\n<th align=\"left\" style=\"background:#7A7A7A; color:#fff; padding:8px 12px; border:1px solid #BDBDBD;\">M\u00c9THODES<\/th>\n<\/tr>\n<tr>\n<td style=\"padding:8px 12px; border:1px solid #BDBDBD;\">Aspect<\/td>\n<td style=\"padding:8px 12px; border:1px solid #BDBDBD;\">Incolore, transparent<\/td>\n<td style=\"padding:8px 12px; border:1px solid #BDBDBD;\">Visuel<\/td>\n<\/tr>\n<tr style=\"background:#E6E6E6;\">\n<td style=\"padding:8px 12px; border:1px solid #BDBDBD;\">Puret\u00e9 (%)<\/td>\n<td style=\"padding:8px 12px; border:1px solid #BDBDBD;\">> 99,5<\/td>\n<td style=\"padding:8px 12px; border:1px solid #BDBDBD;\">Interne \/ MO.SB.10033<\/td>\n<\/tr>\n<\/table>\n<p><!-- CARACT\u00c9RISTIQUES Section --><\/p>\n<div style=\"font-weight:bold; text-transform:uppercase; border-bottom:2px solid #9DBB2F; padding-bottom:6px; margin:30px 0 10px 0;\">\n  CARACT\u00c9RISTIQUES\n<\/div>\n<table width=\"100%\" cellpadding=\"0\" cellspacing=\"0\" style=\"border-collapse:collapse; width:100%; max-width:100%;\">\n<tr>\n<th align=\"left\" style=\"background:#7A7A7A; color:#fff; padding:8px 12px; border:1px solid #BDBDBD;\">CARACT\u00c9RISTIQUES<\/th>\n<th align=\"left\" style=\"background:#7A7A7A; color:#fff; padding:8px 12px; border:1px solid #BDBDBD;\">VALEURS<\/th>\n<\/tr>\n<tr>\n<td style=\"padding:8px 12px; border:1px solid #BDBDBD;\">Point \u00e9clair<\/td>\n<td style=\"padding:8px 12px; border:1px solid #BDBDBD;\">Non<\/td>\n<\/tr>\n<tr style=\"background:#E6E6E6;\">\n<td style=\"padding:8px 12px; border:1px solid #BDBDBD;\">Point d&rsquo;\u00e9bullition<\/td>\n<td style=\"padding:8px 12px; border:1px solid #BDBDBD;\">61\u00b0C\/142\u00b0F<\/td>\n<\/tr>\n<tr>\n<td style=\"padding:8px 12px; border:1px solid #BDBDBD;\">Point d&rsquo;\u00e9coulement<\/td>\n<td style=\"padding:8px 12px; border:1px solid #BDBDBD;\">-135\u00b0C\/-211\u00b0F<\/td>\n<\/tr>\n<tr style=\"background:#E6E6E6;\">\n<td style=\"padding:8px 12px; border:1px solid #BDBDBD;\">Temp\u00e9rature critique<\/td>\n<td style=\"padding:8px 12px; border:1px solid #BDBDBD;\">195\u00b0C\/383\u00b0F<\/td>\n<\/tr>\n<tr>\n<td style=\"padding:8px 12px; border:1px solid #BDBDBD;\">Pression critique (MPa)<\/td>\n<td style=\"padding:8px 12px; border:1px solid #BDBDBD;\">2,23<\/td>\n<\/tr>\n<tr style=\"background:#E6E6E6;\">\n<td style=\"padding:8px 12px; border:1px solid #BDBDBD;\">Pression de vapeur (kPa \u00e0 20\u00b0C)<\/td>\n<td style=\"padding:8px 12px; border:1px solid #BDBDBD;\">27<\/td>\n<\/tr>\n<tr>\n<td style=\"padding:8px 12px; border:1px solid #BDBDBD;\">Chaleur de vaporisation (kJ\/kg @BP)<\/td>\n<td style=\"padding:8px 12px; border:1px solid #BDBDBD;\">112<\/td>\n<\/tr>\n<tr style=\"background:#E6E6E6;\">\n<td style=\"padding:8px 12px; border:1px solid #BDBDBD;\">Densit\u00e9 du liquide (Kg\/m\u00b3 @20\u00b0C)<\/td>\n<td style=\"padding:8px 12px; border:1px solid #BDBDBD;\">1520<\/td>\n<\/tr>\n<tr>\n<td style=\"padding:8px 12px; border:1px solid #BDBDBD;\">Viscosit\u00e9 cin\u00e9matique (cSt @20\u00b0C)<\/td>\n<td style=\"padding:8px 12px; border:1px solid #BDBDBD;\">0,38<\/td>\n<\/tr>\n<tr style=\"background:#E6E6E6;\">\n<td style=\"padding:8px 12px; border:1px solid #BDBDBD;\">Chaleur sp\u00e9cifique (J\/kg-K \u00e0 25\u00b0C)<\/td>\n<td style=\"padding:8px 12px; border:1px solid #BDBDBD;\">1183<\/td>\n<\/tr>\n<tr>\n<td style=\"padding:8px 12px; border:1px solid #BDBDBD;\">Tension de surface (dynes\/cm\u00b2)<\/td>\n<td style=\"padding:8px 12px; border:1px solid #BDBDBD;\">13,6<\/td>\n<\/tr>\n<tr style=\"background:#E6E6E6;\">\n<td style=\"padding:8px 12px; border:1px solid #BDBDBD;\">Rigidit\u00e9 di\u00e9lectrique (kV)<\/td>\n<td style=\"padding:8px 12px; border:1px solid #BDBDBD;\">28<\/td>\n<\/tr>\n<tr>\n<td style=\"padding:8px 12px; border:1px solid #BDBDBD;\">Constante di\u00e9lectrique \u00e0 1 kHz<\/td>\n<td style=\"padding:8px 12px; border:1px solid #BDBDBD;\">7,4<\/td>\n<\/tr>\n<tr style=\"background:#E6E6E6;\">\n<td style=\"padding:8px 12px; border:1px solid #BDBDBD;\">R\u00e9sistivit\u00e9 (Ohm-cm)<\/td>\n<td style=\"padding:8px 12px; border:1px solid #BDBDBD;\">1,00E+09<\/td>\n<\/tr>\n<tr>\n<td style=\"padding:8px 12px; border:1px solid #BDBDBD;\">Conductivit\u00e9 thermique (W\/m-K)<\/td>\n<td style=\"padding:8px 12px; border:1px solid #BDBDBD;\">0,069<\/td>\n<\/tr>\n<tr style=\"background:#E6E6E6;\">\n<td style=\"padding:8px 12px; border:1px solid #BDBDBD;\">Sp\u00e9cification de teneur en eau (ppm)<\/td>\n<td style=\"padding:8px 12px; border:1px solid #BDBDBD;\">50<\/td>\n<\/tr>\n<tr>\n<td style=\"padding:8px 12px; border:1px solid #BDBDBD;\">Solubilit\u00e9 de l&rsquo;eau dans le fluide (ppm en poids)<\/td>\n<td style=\"padding:8px 12px; border:1px solid #BDBDBD;\">95<\/td>\n<\/tr>\n<\/table>\n","protected":false},"excerpt":{"rendered":"<ul>\n<li>Fluide de transfert thermique di\u00e9lectrique<\/li>\n<li>Point d&rsquo;\u00e9bullition : 61\u00b0C\/142\u00b0F<\/li>\n<li>GWP moyen faible: 320<\/li>\n<\/ul>\n<p><a href=\"https:\/\/www.inventec.dehon.com\/wp-content\/uploads\/2023\/09\/GW-Score-18.png\"><img decoding=\"async\" class=\"alignnone size-full wp-image-15830\" src=\"https:\/\/www.inventec.dehon.com\/wp-content\/uploads\/2023\/09\/GW-Score-18.png\" alt=\"\" width=\"178\" height=\"151\" \/><\/a><\/p>\n","protected":false},"featured_media":15869,"comment_status":"closed","ping_status":"closed","template":"","meta":{"_acf_changed":false,"inline_featured_image":false},"product_brand":[],"product_cat":[1256,1180,1160,1258],"product_tag":[4513,4521,4610,4060,4578,4538,4570,4574,4545,4534,4325,1964,4582,4598,4517,4525,4614,4566,4529,4606,1938,1963],"class_list":{"0":"post-16899","1":"product","2":"type-product","3":"status-publish","4":"has-post-thumbnail","6":"product_cat-essais-dielectriques","7":"product_cat-refroidissement","8":"product_cat-refroidissement-par-immersion","9":"product_cat-refroidisseurs","10":"product_tag-1-phase","11":"product_tag-2-phases","12":"product_tag-a-base-de-solvant","13":"product_tag-data-center-fr","14":"product_tag-ebullition-moyenne","15":"product_tag-essais-dielectriques","16":"product_tag-faible-point-de-congelation","17":"product_tag-faible-point-de-solidification","18":"product_tag-fluides-caloporteur","19":"product_tag-fluides-caloporteurs-dielectriques","20":"product_tag-greenway","21":"product_tag-im1-fr","22":"product_tag-point-debullition-moyen","23":"product_tag-recyclable","24":"product_tag-refroidissement-1-phase","25":"product_tag-refroidissement-2-phases","26":"product_tag-refroidissement-biphase","27":"product_tag-refroidissement-par-immersion","28":"product_tag-refroidisseurs","29":"product_tag-tests-semiconducteur","30":"product_tag-thermasolv-fr","31":"product_tag-thermasolv-im1-fr","32":"pa_application-centre-de-donnees","33":"pa_application-semi-conducteur-tests","34":"pa_brand-thermasolv-fr-2","35":"pa_features-a-base-de-solvant","36":"pa_features-greenway","37":"pa_features-point-debullition-moyen-4090-c","38":"pa_features-point-de-congelation-bas","39":"pa_features-recyclable","40":"pa_features-refroidissement-biphase","41":"pa_features-refroidissement-monophase","42":"pa_processes-essais-dielectriques","43":"pa_processes-refroidissement-par-immersion","44":"pa_processes-refroidisseurs","45":"pa_product-category-fluides-caloporteurs-dielectriques","47":"first","48":"instock","49":"shipping-taxable","50":"product-type-simple"},"acf":[],"_links":{"self":[{"href":"https:\/\/www.inventec.dehon.com\/fr\/wp-json\/wp\/v2\/product\/16899","targetHints":{"allow":["GET"]}}],"collection":[{"href":"https:\/\/www.inventec.dehon.com\/fr\/wp-json\/wp\/v2\/product"}],"about":[{"href":"https:\/\/www.inventec.dehon.com\/fr\/wp-json\/wp\/v2\/types\/product"}],"replies":[{"embeddable":true,"href":"https:\/\/www.inventec.dehon.com\/fr\/wp-json\/wp\/v2\/comments?post=16899"}],"wp:featuredmedia":[{"embeddable":true,"href":"https:\/\/www.inventec.dehon.com\/fr\/wp-json\/wp\/v2\/media\/15869"}],"wp:attachment":[{"href":"https:\/\/www.inventec.dehon.com\/fr\/wp-json\/wp\/v2\/media?parent=16899"}],"wp:term":[{"taxonomy":"product_brand","embeddable":true,"href":"https:\/\/www.inventec.dehon.com\/fr\/wp-json\/wp\/v2\/product_brand?post=16899"},{"taxonomy":"product_cat","embeddable":true,"href":"https:\/\/www.inventec.dehon.com\/fr\/wp-json\/wp\/v2\/product_cat?post=16899"},{"taxonomy":"product_tag","embeddable":true,"href":"https:\/\/www.inventec.dehon.com\/fr\/wp-json\/wp\/v2\/product_tag?post=16899"}],"curies":[{"name":"wp","href":"https:\/\/api.w.org\/{rel}","templated":true}]}}