{"id":16836,"date":"2024-05-29T13:07:41","date_gmt":"2024-05-29T13:07:41","guid":{"rendered":"https:\/\/www.inventec.dehon.com\/?post_type=product&#038;p=16836"},"modified":"2026-01-28T15:07:29","modified_gmt":"2026-01-28T14:07:29","slug":"promosolv-9000","status":"publish","type":"product","link":"https:\/\/www.inventec.dehon.com\/fr\/product\/promosolv-9000\/","title":{"rendered":"PROMOSOLV 9000"},"content":{"rendered":"<p><img decoding=\"async\" src=\"https:\/\/www.inventec.dehon.com\/wp-content\/uploads\/2021\/03\/PROMOSOLV-drum-colorless-Ecoprog-600x600.png\" alt=\"PROMOSOLV 9000\" class=\"responsive-img\" align=\"right\" style=\"border-radius:10px; margin-bottom:10px; margin-top:-10px; margin-left:15px; width:300px\" \/><\/p>\n<h2 style=\"color:#9bc947; margin-bottom:15px\">Fluide de nettoyage de films cin\u00e9matographiques<\/h2>\n<ul>\n<li>Nettoyage de films cin\u00e9matographiques<\/li>\n<li>Utilis\u00e9 dans les \u00e9quipements sp\u00e9cialis\u00e9s<\/li>\n<li>Tr\u00e8s faible GWP<\/li>\n<\/ul>\n<h5>PROMOSOLV 9000<\/h5>\n<p>Est un fluide incolore, \u00e0 faible odeur, destin\u00e9 au nettoyage de films cin\u00e9matographique. Il a \u00e9t\u00e9 d\u00e9velopp\u00e9 en coop\u00e9ration avec Media Migration Technology (anciennement Lipsner Smith Company) et valid\u00e9 pour \u00eatre utilis\u00e9 dans leur \u00e9quipement.<\/p>\n<p>Il a \u00e9t\u00e9 d\u00e9velopp\u00e9 pour remplacer le trichlor\u00e9thyl\u00e8ne, le NPB et d&rsquo;autres solvants ayant un impact \u00e9lev\u00e9 sur la sant\u00e9, la s\u00e9curit\u00e9 et l&rsquo;environnement. Tout en r\u00e9duisant consid\u00e9rablement l\u2019impact HSE, le pouvoir nettoyant est \u00e0 un niveau \u00e9quivalent. En outre, il s&rsquo;agit d&rsquo;un substitut comparable aux NovecTM 8200 et 7200, progressivement supprim\u00e9s, car il a la m\u00eame proportion de composants et les m\u00eames propri\u00e9t\u00e9s.<\/p>\n<p>Le <strong>PROMOSOLV\u2122 9000<\/strong> est formul\u00e9 dans un souci de s\u00e9curit\u00e9, ce qui a abouti \u00e0 un produit ininflammable et sans point d&rsquo;\u00e9clair.<\/p>\n<p>Le <strong>PROMOSOLV\u2122 9000<\/strong> remplace imm\u00e9diatement les <strong>3M Novec 8200 et 7200<\/strong>, dont le retrait volontaire est pr\u00e9vu pour la fin de l&rsquo;ann\u00e9e 2025. Pour plus d&rsquo;informations sur l&rsquo;annonce de 3M concernant le retrait progressif des produits Novec, cliquez sur ce <a href=\"https:\/\/www.inventec.dehon.com\/fr\/eliminer-les-solvants-3m\/\">lien<\/a>.<\/p>\n<div style=\"font-family:Lato; color:#333;\">\n<div style=\"font-weight:bold; text-transform:uppercase; border-bottom:2px solid #9DBB2F; padding-bottom:6px; margin-bottom:10px;\">\n    Sp\u00e9cifications\n  <\/div>\n<table width=\"100%\" cellpadding=\"0\" cellspacing=\"0\" style=\"border-collapse:collapse; width:100%; max-width:100%;\">\n<tr>\n<th align=\"left\" style=\"background:#7A7A7A; color:#fff; padding:8px 12px; border:1px solid #BDBDBD;\">\n        Sp\u00e9cifications\n      <\/th>\n<th align=\"left\" style=\"background:#7A7A7A; color:#fff; padding:8px 12px; border:1px solid #BDBDBD;\">\n        Valeurs\n      <\/th>\n<th align=\"left\" style=\"background:#7A7A7A; color:#fff; padding:8px 12px; border:1px solid #BDBDBD;\">\n        M\u00e9thodes\n      <\/th>\n<\/tr>\n<tr>\n<td style=\"padding:8px 12px; border:1px solid #BDBDBD;\">Aspect<\/td>\n<td style=\"padding:8px 12px; border:1px solid #BDBDBD;\">Incolore, transparent<\/td>\n<td style=\"padding:8px 12px; border:1px solid #BDBDBD;\">Visuel<\/td>\n<\/tr>\n<tr style=\"background:#E6E6E6;\">\n<td style=\"padding:8px 12px; border:1px solid #BDBDBD;\">Puret\u00e9 (%)<\/td>\n<td style=\"padding:8px 12px; border:1px solid #BDBDBD;\">>99,0<\/td>\n<td style=\"padding:8px 12px; border:1px solid #BDBDBD;\">BRY-MO-121<\/td>\n<\/tr>\n<\/table>\n<\/div>\n<div style=\"font-family:Lato; color:#333;\">\n<div style=\"font-weight:bold; text-transform:uppercase; border-bottom:2px solid #9DBB2F; padding-bottom:6px; margin:30px 0 10px;\">\n    Caract\u00e9ristiques\n  <\/div>\n<table width=\"100%\" cellpadding=\"0\" cellspacing=\"0\" style=\"border-collapse:collapse; width:100%; max-width:100%;\">\n<tr>\n<th align=\"left\" style=\"background:#7A7A7A; color:#fff; padding:8px 12px; border:1px solid #BDBDBD;\">\n        Caract\u00e9ristiques\n      <\/th>\n<th align=\"left\" style=\"background:#7A7A7A; color:#fff; padding:8px 12px; border:1px solid #BDBDBD;\">\n        Valeurs\n      <\/th>\n<\/tr>\n<tr>\n<td style=\"padding:8px 12px; border:1px solid #BDBDBD;\">Point d&rsquo;\u00e9bullition (\u00b0C\/\u00b0F)<\/td>\n<td style=\"padding:8px 12px; border:1px solid #BDBDBD;\">76\u00b0C\/169\u00b0F<\/td>\n<\/tr>\n<tr style=\"background:#E6E6E6;\">\n<td style=\"padding:8px 12px; border:1px solid #BDBDBD;\">Point de cong\u00e9lation (\u00b0C\/\u00b0F)<\/td>\n<td style=\"padding:8px 12px; border:1px solid #BDBDBD;\">-138\u00b0C\/-216\u00b0F<\/td>\n<\/tr>\n<tr>\n<td style=\"padding:8px 12px; border:1px solid #BDBDBD;\">Point \u00e9clair<\/td>\n<td style=\"padding:8px 12px; border:1px solid #BDBDBD;\">Non<\/td>\n<\/tr>\n<tr style=\"background:#E6E6E6;\">\n<td style=\"padding:8px 12px; border:1px solid #BDBDBD;\">Masse volumique (g\/cm3 @25\u00b0C)<\/td>\n<td style=\"padding:8px 12px; border:1px solid #BDBDBD;\">1.43<\/td>\n<\/tr>\n<tr>\n<td style=\"padding:8px 12px; border:1px solid #BDBDBD;\">Tension de surface (dynes\/cm @20\u00b0C)<\/td>\n<td style=\"padding:8px 12px; border:1px solid #BDBDBD;\">13.6<\/td>\n<\/tr>\n<tr style=\"background:#E6E6E6;\">\n<td style=\"padding:8px 12px; border:1px solid #BDBDBD;\">Pression de vapeur (mm Hg \u00e0 25\u00b0C)<\/td>\n<td style=\"padding:8px 12px; border:1px solid #BDBDBD;\">109<\/td>\n<\/tr>\n<tr>\n<td style=\"padding:8px 12px; border:1px solid #BDBDBD;\">Viscosit\u00e9 dynamique (mPa.s @20\u00b0C)<\/td>\n<td style=\"padding:8px 12px; border:1px solid #BDBDBD;\">0.61<\/td>\n<\/tr>\n<tr style=\"background:#E6E6E6;\">\n<td style=\"padding:8px 12px; border:1px solid #BDBDBD;\">Chaleur latente de vaporisation (cal\/g@bp)<\/td>\n<td style=\"padding:8px 12px; border:1px solid #BDBDBD;\">30<\/td>\n<\/tr>\n<tr>\n<td style=\"padding:8px 12px; border:1px solid #BDBDBD;\">Chaleur sp\u00e9cifique (kJ\/Kg.K @25\u00b0C)<\/td>\n<td style=\"padding:8px 12px; border:1px solid #BDBDBD;\">1,21<\/td>\n<\/tr>\n<\/table>\n<\/div>\n","protected":false},"excerpt":{"rendered":"<ul>\n<li><span lang=\"EN-US\">Nettoyage de films cin\u00e9matographiques<\/span><\/li>\n<li>Utilis\u00e9 dans les \u00e9quipements sp\u00e9cialis\u00e9s<\/li>\n<li>Tr\u00e8s faible GWP: 55<\/li>\n<li>3M Novec 8200 remplacement<small><br \/>\n<\/small><\/li>\n<\/ul>\n<p><a href=\"https:\/\/www.inventec.dehon.com\/wp-content\/uploads\/2024\/05\/gw-15.jpg\"><img decoding=\"async\" class=\"alignnone wp-image-16844 size-full\" src=\"https:\/\/www.inventec.dehon.com\/wp-content\/uploads\/2024\/05\/gw-15.jpg\" alt=\"\" width=\"446\" height=\"378\" \/><\/a><\/p>\n","protected":false},"featured_media":2276,"comment_status":"closed","ping_status":"closed","template":"","meta":{"_acf_changed":false,"inline_featured_image":false},"product_brand":[],"product_cat":[953,1177],"product_tag":[2468,3960,4697,4325,4184,4369,4719,4767,1821,2467,4598,500],"class_list":{"0":"post-16836","1":"product","2":"type-product","3":"status-publish","4":"has-post-thumbnail","6":"product_cat-nettoyage","7":"product_cat-nettoyage-de-films-cinematographiques","8":"product_tag-9000-fr","9":"product_tag-cinema","10":"product_tag-cinema-fr","11":"product_tag-greenway","12":"product_tag-liquides-de-nettoyage-solvants-fr","13":"product_tag-mono-solvant","14":"product_tag-nettoyage-de-films","15":"product_tag-phase-vapeur","16":"product_tag-promosolv-fr","17":"product_tag-promosolv-9000-fr","18":"product_tag-recyclable","19":"product_tag-solvant","20":"pa_application-nettoyage-des-films-cinematographiques","21":"pa_brand-promosolv-fr-2","22":"pa_features-greenway","23":"pa_features-recyclable","24":"pa_processes-mono-solvant","25":"pa_product-category-liquides-de-nettoyage-solvants","27":"first","28":"instock","29":"shipping-taxable","30":"product-type-simple"},"acf":[],"_links":{"self":[{"href":"https:\/\/www.inventec.dehon.com\/fr\/wp-json\/wp\/v2\/product\/16836","targetHints":{"allow":["GET"]}}],"collection":[{"href":"https:\/\/www.inventec.dehon.com\/fr\/wp-json\/wp\/v2\/product"}],"about":[{"href":"https:\/\/www.inventec.dehon.com\/fr\/wp-json\/wp\/v2\/types\/product"}],"replies":[{"embeddable":true,"href":"https:\/\/www.inventec.dehon.com\/fr\/wp-json\/wp\/v2\/comments?post=16836"}],"wp:featuredmedia":[{"embeddable":true,"href":"https:\/\/www.inventec.dehon.com\/fr\/wp-json\/wp\/v2\/media\/2276"}],"wp:attachment":[{"href":"https:\/\/www.inventec.dehon.com\/fr\/wp-json\/wp\/v2\/media?parent=16836"}],"wp:term":[{"taxonomy":"product_brand","embeddable":true,"href":"https:\/\/www.inventec.dehon.com\/fr\/wp-json\/wp\/v2\/product_brand?post=16836"},{"taxonomy":"product_cat","embeddable":true,"href":"https:\/\/www.inventec.dehon.com\/fr\/wp-json\/wp\/v2\/product_cat?post=16836"},{"taxonomy":"product_tag","embeddable":true,"href":"https:\/\/www.inventec.dehon.com\/fr\/wp-json\/wp\/v2\/product_tag?post=16836"}],"curies":[{"name":"wp","href":"https:\/\/api.w.org\/{rel}","templated":true}]}}