{"id":16484,"date":"2023-06-22T10:13:33","date_gmt":"2023-06-22T10:13:33","guid":{"rendered":"https:\/\/www.inventec.dehon.com\/?post_type=product&#038;p=16484"},"modified":"2026-01-29T10:01:13","modified_gmt":"2026-01-29T09:01:13","slug":"promosolv-neo-a1","status":"publish","type":"product","link":"https:\/\/www.inventec.dehon.com\/fr\/product\/promosolv-neo-a1\/","title":{"rendered":"PROMOSOLV NEO A1"},"content":{"rendered":"<p><img decoding=\"async\" src=\"https:\/\/www.inventec.dehon.com\/wp-content\/uploads\/2021\/03\/PROMOSOLV-drum-colorless-Ecoprog-600x600.png\" alt=\"PROMOSOLV NEO A1\" class=\"responsive-img\" align=\"right\" style=\"border-radius:10px; margin-bottom:10px; margin-top:-10px; margin-left:15px; width:300px\" \/><\/p>\n<h2 style=\"color:#9bc947; margin-bottom:15px\">Solvant de nettoyage sans PFAS<\/h2>\n<ul>\n<li>Elimination des huiles l\u00e9g\u00e8res et des particules \/ rin\u00e7age et s\u00e9chage<\/li>\n<li>Phase vapeur, co-solvant, processus de rin\u00e7age et de s\u00e9chage<\/li>\n<li>Sans GWP et sans PFAS<\/li>\n<\/ul>\n<h5>PROMOSOLV NEO A1<\/h5>\n<p>Est con\u00e7u sp\u00e9cialement pour remplacer les solvants de rin\u00e7age \u00e0 fort impact HSE et pour offrir un produit conforme aux derni\u00e8res et futures r\u00e9glementations environnementales. La tr\u00e8s faible tension de surface permet de p\u00e9n\u00e9trer dans des espaces tr\u00e8s \u00e9troits, en s\u2019assurant que tout produit chimique de nettoyage est totalement \u00e9limin\u00e9.<\/p>\n<p>La nouvelle gamme PROMOSOLV NEO est constitu\u00e9e de nos produits \u00e0 tr\u00e8s faible GWP et \u00e0 faible dur\u00e9e de vie dans l&rsquo;atmosph\u00e8re, r\u00e9duisant l&rsquo;impact sur le r\u00e9chauffement climatique. Le pouvoir solvant a \u00e9galement \u00e9t\u00e9 am\u00e9lior\u00e9, ce qui contribue \u00e0 une performance de nettoyage encore plus efficace et plus rapide.<\/p>\n<p>Il peut \u00eatre utilis\u00e9 en combinaison avec notre gamme TOPKLEAN dans le processus de nettoyage co-solvant pour offrir une solution de solvant respectueuse de l&rsquo;environnement pour le d\u00e9graissage sans compromettre les performances de nettoyage \u00e9lev\u00e9es. <strong>PROMOSOLV NEO A1<\/strong> peut \u00e9galement solubiliser les lubrifiants fluor\u00e9s, au silicone et les huiles l\u00e9g\u00e8res dans le processus de nettoyage mono-solvant.<\/p>\n<p><strong>PROMOSOLV NEO A1<\/strong> est compatible avec tous les m\u00e9taux et alliages, y compris les plus sensibles. Il a \u00e9galement une bonne compatibilit\u00e9 avec la plupart des plastiques et \u00e9lastom\u00e8res, cependant il est n\u00e9cessaire de tester avant utilisation.<\/p>\n<p><strong>PROMOSOLV NEO A1<\/strong> est formul\u00e9 en tenant compte de la s\u00e9curit\u00e9, ce qui a permis d&rsquo;obtenir un produit qui ne mentionne aucune phrase EUH, qui est ininflammable, qui n&rsquo;a pas de point d&rsquo;\u00e9clair et qui ne contient pas de PFAS. <strong>En outre, <strong>PROMOSOLV NEO A1<\/strong> est l&rsquo;un des rares solvants de nettoyage et de rin\u00e7age disponibles sur le march\u00e9 aujourd&rsquo;hui qui soit totalement exempt de PFAS (Substances Per- et Polyfluoroalkyl\u00e9es). En optant pour ce produit exceptionnel, vous assurez la s\u00e9curit\u00e9 et la fiabilit\u00e9 \u00e0 long terme de votre proc\u00e9d\u00e9 de nettoyage.<\/strong><\/p>\n<p><strong>PROMOSOLV NEO A1<\/strong> est qualifi\u00e9 et utilis\u00e9 par plusieurs acteurs de l&rsquo;industrie a\u00e9rospatiale (par exemple Boeing BAC 5750 \/ASTMD 1353).<\/p>\n<p>Ce produit existe \u00e9galement en version recycl\u00e9e (faite \u00e0 partir de solvant recycl\u00e9) sous l\u2019appellation <strong>PROMOSOLV NEO A1 T<\/strong><\/p>\n<p><strong>PROMOSOLV NEO A1<\/strong> est un substitut direct des produits <strong>3M Novec 7100, Novec 7200 et Novec 8200<\/strong> dont le retrait volontaire est pr\u00e9vu pour la fin de l&rsquo;ann\u00e9e 2025. Cliquez sur le lien pour plus d&rsquo;informations sur l&rsquo;annonce concernant <a href=\"https:\/\/www.inventec.dehon.com\/fr\/eliminer-les-solvants-3m\/\">l&rsquo;arr\u00eat des 3M Novec<\/a>.<\/p>\n<div style=\"font-family:Lato; color:#333;\">\n<div style=\"font-weight:bold; text-transform:uppercase; border-bottom:2px solid #9DBB2F; padding-bottom:6px; margin-bottom:10px;\">\n    Sp\u00e9cifications\n  <\/div>\n<table width=\"100%\" cellpadding=\"0\" cellspacing=\"0\" style=\"border-collapse:collapse; width:100%; max-width:100%;\">\n<tr>\n<th align=\"left\" style=\"background:#7A7A7A; color:#fff; padding:8px 12px; border:1px solid #BDBDBD;\">\n        Sp\u00e9cifications\n      <\/th>\n<th align=\"left\" style=\"background:#7A7A7A; color:#fff; padding:8px 12px; border:1px solid #BDBDBD;\">\n        Valeurs\n      <\/th>\n<th align=\"left\" style=\"background:#7A7A7A; color:#fff; padding:8px 12px; border:1px solid #BDBDBD;\">\n        M\u00e9thodes\n      <\/th>\n<\/tr>\n<tr>\n<td style=\"padding:8px 12px; border:1px solid #BDBDBD;\">Aspect<\/td>\n<td style=\"padding:8px 12px; border:1px solid #BDBDBD;\">Transparent, incolore<\/td>\n<td style=\"padding:8px 12px; border:1px solid #BDBDBD;\">Visuelle<\/td>\n<\/tr>\n<tr style=\"background:#E6E6E6;\">\n<td style=\"padding:8px 12px; border:1px solid #BDBDBD;\">Puret\u00e9 (% poids)<\/td>\n<td style=\"padding:8px 12px; border:1px solid #BDBDBD;\">>99.5<\/td>\n<td style=\"padding:8px 12px; border:1px solid #BDBDBD;\">Interne \/ BRY-MO-121<\/td>\n<\/tr>\n<\/table>\n<\/div>\n<div style=\"font-family:Lato; color:#333;\">\n<div style=\"font-weight:bold; text-transform:uppercase; border-bottom:2px solid #9DBB2F; padding-bottom:6px; margin:30px 0 10px;\">\n    Caract\u00e9ristiques\n  <\/div>\n<table width=\"100%\" cellpadding=\"0\" cellspacing=\"0\" style=\"border-collapse:collapse; width:100%; max-width:100%;\">\n<tr>\n<th align=\"left\" style=\"background:#7A7A7A; color:#fff; padding:8px 12px; border:1px solid #BDBDBD;\">\n        Caract\u00e9ristiques\n      <\/th>\n<th align=\"left\" style=\"background:#7A7A7A; color:#fff; padding:8px 12px; border:1px solid #BDBDBD;\">\n        Valeurs\n      <\/th>\n<\/tr>\n<tr>\n<td style=\"padding:8px 12px; border:1px solid #BDBDBD;\">Densit\u00e9 (g\/ml)<\/td>\n<td style=\"padding:8px 12px; border:1px solid #BDBDBD;\">1.39<\/td>\n<\/tr>\n<tr style=\"background:#E6E6E6;\">\n<td style=\"padding:8px 12px; border:1px solid #BDBDBD;\">Point d&rsquo;\u00e9bullition (\u00b0C\/\u00b0F)<\/td>\n<td style=\"padding:8px 12px; border:1px solid #BDBDBD;\">54 \/ 129<\/td>\n<\/tr>\n<tr>\n<td style=\"padding:8px 12px; border:1px solid #BDBDBD;\">Point de cong\u00e9lation (\u00b0C\/\u00b0F)<\/td>\n<td style=\"padding:8px 12px; border:1px solid #BDBDBD;\">-82 \/ -115<\/td>\n<\/tr>\n<tr style=\"background:#E6E6E6;\">\n<td style=\"padding:8px 12px; border:1px solid #BDBDBD;\">Point \u00e9clair<\/td>\n<td style=\"padding:8px 12px; border:1px solid #BDBDBD;\">Non<\/td>\n<\/tr>\n<tr>\n<td style=\"padding:8px 12px; border:1px solid #BDBDBD;\">Tension de surface (dynes\/cm)<\/td>\n<td style=\"padding:8px 12px; border:1px solid #BDBDBD;\">17<\/td>\n<\/tr>\n<tr style=\"background:#E6E6E6;\">\n<td style=\"padding:8px 12px; border:1px solid #BDBDBD;\">Valeur KB<\/td>\n<td style=\"padding:8px 12px; border:1px solid #BDBDBD;\">44<\/td>\n<\/tr>\n<tr>\n<td style=\"padding:8px 12px; border:1px solid #BDBDBD;\">Pression de vapeur (kPa @25\u00b0C\/77\u00b0F)<\/td>\n<td style=\"padding:8px 12px; border:1px solid #BDBDBD;\">32.7<\/td>\n<\/tr>\n<tr style=\"background:#E6E6E6;\">\n<td style=\"padding:8px 12px; border:1px solid #BDBDBD;\">Chaleur latente de vaporisation (kJ\/Kg @bp)<\/td>\n<td style=\"padding:8px 12px; border:1px solid #BDBDBD;\">213<\/td>\n<\/tr>\n<tr>\n<td style=\"padding:8px 12px; border:1px solid #BDBDBD;\">Chaleur sp\u00e9cifique (kJ\/Kg.K @25\u00b0C\/77\u00b0F)<\/td>\n<td style=\"padding:8px 12px; border:1px solid #BDBDBD;\">1.09<\/td>\n<\/tr>\n<tr style=\"background:#E6E6E6;\">\n<td style=\"padding:8px 12px; border:1px solid #BDBDBD;\">Solubilit\u00e9 dans l&rsquo;eau (ppm)<\/td>\n<td style=\"padding:8px 12px; border:1px solid #BDBDBD;\">1500<\/td>\n<\/tr>\n<tr>\n<td style=\"padding:8px 12px; border:1px solid #BDBDBD;\">Taux d&rsquo;\u00e9vaporation relatif (\u00e9ther=100)<\/td>\n<td style=\"padding:8px 12px; border:1px solid #BDBDBD;\">64<\/td>\n<\/tr>\n<tr style=\"background:#E6E6E6;\">\n<td style=\"padding:8px 12px; border:1px solid #BDBDBD;\">R\u00e9sistivit\u00e9 \u00e9lectrique (Ohm.m)<\/td>\n<td style=\"padding:8px 12px; border:1px solid #BDBDBD;\">8.7&#215;10\u2076<\/td>\n<\/tr>\n<tr>\n<td style=\"padding:8px 12px; border:1px solid #BDBDBD;\">Conductivit\u00e9 \u00e9lectrique (\u00b5S\/m @23\u00b0C\/73\u00b0F)<\/td>\n<td style=\"padding:8px 12px; border:1px solid #BDBDBD;\">1.1&#215;10\u207b\u00b9<\/td>\n<\/tr>\n<tr style=\"background:#E6E6E6;\">\n<td style=\"padding:8px 12px; border:1px solid #BDBDBD;\">Conductivit\u00e9 thermique (W\/K \u00e0 25\u00b0C\/77\u00b0F)<\/td>\n<td style=\"padding:8px 12px; border:1px solid #BDBDBD;\">0.135<\/td>\n<\/tr>\n<tr>\n<td style=\"padding:8px 12px; border:1px solid #BDBDBD;\">Viscosit\u00e9 cin\u00e9matique (\u00b5m\u00b2\/s @25\u00b0C\/77\u00b0F)<\/td>\n<td style=\"padding:8px 12px; border:1px solid #BDBDBD;\">0.41<\/td>\n<\/tr>\n<tr style=\"background:#E6E6E6;\">\n<td style=\"padding:8px 12px; border:1px solid #BDBDBD;\">Viscosit\u00e9 (mPa.s @25\u00b0C\/77\u00b0F)<\/td>\n<td style=\"padding:8px 12px; border:1px solid #BDBDBD;\">0.57<\/td>\n<\/tr>\n<\/table>\n<\/div>\n","protected":false},"excerpt":{"rendered":"<ul>\n<li>Elimination des huiles l\u00e9g\u00e8res et des particules \/ rin\u00e7age et s\u00e9chage<\/li>\n<li>Phase vapeur, co-solvant, processus de rin\u00e7age et de s\u00e9chage<\/li>\n<li>Sans GWP et sans PFAS<\/li>\n<li>3M Novec 7100 remplacement<small><br \/>\n<\/small><\/li>\n<\/ul>\n<p><a href=\"https:\/\/www.inventec.dehon.com\/wp-content\/uploads\/2023\/06\/GW-Score-24.png\"><img decoding=\"async\" class=\"alignnone wp-image-14819\" src=\"https:\/\/www.inventec.dehon.com\/wp-content\/uploads\/2023\/06\/GW-Score-24.png\" alt=\"\" width=\"40\" height=\"34\" \/><\/a><\/p>\n","protected":false},"featured_media":2276,"comment_status":"closed","ping_status":"closed","template":"","meta":{"_acf_changed":false,"inline_featured_image":false},"product_brand":[],"product_cat":[694,2826,742,953,743,2824,2825],"product_tag":[2311,4281,4393,4409,4237,4325,4184,4369,2310,2309,4739,4731,4727,4767,4465,2308,4598,4743,500,4763,4735],"class_list":{"0":"post-16484","1":"product","2":"type-product","3":"status-publish","4":"has-post-thumbnail","6":"industries-aerosystemes","7":"industries-chassis-et-roues-et-direction","8":"industries-groupe-motopropulseur","9":"industries-moteurs","10":"industries-systemes-datterrissage","11":"product_cat-decapage-desoxydation","12":"product_cat-deshuilage-de-divers-composants-metalliques","13":"product_cat-elimination-des-particules","14":"product_cat-nettoyage","15":"product_cat-nettoyage-des-pieces-en-contact-avec-oxygene","16":"product_cat-solutions-de-solvants-de-rincage","17":"product_cat-solutions-de-solvants-de-sechage","18":"product_tag-a1-fr","19":"product_tag-co-solvant","20":"product_tag-elimination-des-huiles-fr","21":"product_tag-elimination-des-particules-fr","22":"product_tag-fabrication-additive-fr","23":"product_tag-greenway","24":"product_tag-liquides-de-nettoyage-solvants-fr","25":"product_tag-mono-solvant","26":"product_tag-neo-fr","27":"product_tag-neo-a1-fr","28":"product_tag-nettoyage-des-systemes-a-oxygene-fr","29":"product_tag-nettoyage-oxygene","30":"product_tag-oxygene-fr","31":"product_tag-phase-vapeur","32":"product_tag-prg-ultra-faible","33":"product_tag-promosolv-neo-a1-fr","34":"product_tag-recyclable","35":"product_tag-sans-pfas","36":"product_tag-solvant","37":"product_tag-solvant-de-rincage","38":"product_tag-systemes-a-oxygene","39":"pa_application-elimination-des-huiles","40":"pa_application-elimination-des-particules","41":"pa_application-nettoyage-des-systemes-a-oxygene","42":"pa_application-solutions-pour-fabrication-additive","43":"pa_brand-promosolv-fr-2","44":"pa_features-adapte-aux-bases-hydrocarbonees","45":"pa_features-greenway","46":"pa_features-recyclable","47":"pa_features-sans-pfas","48":"pa_features-prg-tres-faible","49":"pa_processes-co-solvant","50":"pa_processes-mono-solvant","51":"pa_processes-rincage-au-solvant","52":"pa_product-category-liquides-de-nettoyage-solvants","54":"first","55":"instock","56":"shipping-taxable","57":"product-type-simple"},"acf":[],"_links":{"self":[{"href":"https:\/\/www.inventec.dehon.com\/fr\/wp-json\/wp\/v2\/product\/16484","targetHints":{"allow":["GET"]}}],"collection":[{"href":"https:\/\/www.inventec.dehon.com\/fr\/wp-json\/wp\/v2\/product"}],"about":[{"href":"https:\/\/www.inventec.dehon.com\/fr\/wp-json\/wp\/v2\/types\/product"}],"replies":[{"embeddable":true,"href":"https:\/\/www.inventec.dehon.com\/fr\/wp-json\/wp\/v2\/comments?post=16484"}],"wp:featuredmedia":[{"embeddable":true,"href":"https:\/\/www.inventec.dehon.com\/fr\/wp-json\/wp\/v2\/media\/2276"}],"wp:attachment":[{"href":"https:\/\/www.inventec.dehon.com\/fr\/wp-json\/wp\/v2\/media?parent=16484"}],"wp:term":[{"taxonomy":"product_brand","embeddable":true,"href":"https:\/\/www.inventec.dehon.com\/fr\/wp-json\/wp\/v2\/product_brand?post=16484"},{"taxonomy":"product_cat","embeddable":true,"href":"https:\/\/www.inventec.dehon.com\/fr\/wp-json\/wp\/v2\/product_cat?post=16484"},{"taxonomy":"product_tag","embeddable":true,"href":"https:\/\/www.inventec.dehon.com\/fr\/wp-json\/wp\/v2\/product_tag?post=16484"}],"curies":[{"name":"wp","href":"https:\/\/api.w.org\/{rel}","templated":true}]}}