{"id":16355,"date":"2023-06-22T11:32:10","date_gmt":"2023-06-22T11:32:10","guid":{"rendered":"https:\/\/www.inventec.dehon.com\/product\/promosolv-neo-b1\/"},"modified":"2026-01-28T14:51:08","modified_gmt":"2026-01-28T13:51:08","slug":"promosolv-neo-b1","status":"publish","type":"product","link":"https:\/\/www.inventec.dehon.com\/fr\/product\/promosolv-neo-b1\/","title":{"rendered":"PROMOSOLV NEO B1"},"content":{"rendered":"<p><img decoding=\"async\" src=\"https:\/\/www.inventec.dehon.com\/wp-content\/uploads\/2021\/03\/PROMOSOLV-drum-colorless-Ecoprog-600x600.png\" alt=\"PROMOSOLV NEO B1\" class=\"responsive-img\" align=\"right\" style=\"border-radius:10px; margin-bottom:10px; margin-top:-10px; margin-left:15px; width:300px\" \/><\/p>\n<h2 style=\"color:#9bc947; margin-bottom:15px\">Solvant de nettoyage sans PFAS<\/h2>\n<ul>\n<li>\u00c9limination d&rsquo;une large gamme de contaminants<\/li>\n<li>Proc\u00e9d\u00e9 phase vapeur<\/li>\n<li>Sans PFAS et sans GWP<\/li>\n<li>Remplacement des produits 3M Novec 71DE, Novec 72DE, Novec 73DE, et Novec 8200<\/li>\n<\/ul>\n<h5>PROMOSOLV NEO B1<\/h5>\n<p>D\u00e9velopp\u00e9 pour remplacer le trichlor\u00e9thyl\u00e8ne, le NPB et d&rsquo;autres solvants ayant un impact important sur la sant\u00e9, la s\u00e9curit\u00e9 et l&rsquo;environnement. Tout en r\u00e9duisant sensiblement l&rsquo;impact HSE, le pouvoir d\u00e9graissant est \u00e0 un niveau \u00e9quivalent. La tr\u00e8s faible tension de surface permet de p\u00e9n\u00e9trer dans les espaces tr\u00e8s \u00e9troits ou difficiles d&rsquo;acc\u00e8s, en assurant un nettoyage et un rin\u00e7age en profondeur.<\/p>\n<p>La nouvelle gamme PROMOSOLV NEO est constitu\u00e9e de nos produits \u00e0 tr\u00e8s faible GWP et \u00e0 faible dur\u00e9e de vie dans l&rsquo;atmosph\u00e8re, r\u00e9duisant l&rsquo;impact sur le r\u00e9chauffement climatique. Le pouvoir solvant a \u00e9galement \u00e9t\u00e9 am\u00e9lior\u00e9, ce qui contribue \u00e0 une performance de nettoyage encore plus efficace et plus rapide.<\/p>\n<p>Il est destin\u00e9 \u00e0 \u00e9liminer la plupart des huiles et des graisses, \u00e0 l&rsquo;exception des lubrifiants \u00e0 base d&rsquo;eau. Il convient \u00e9galement pour \u00e9liminer les cires et les particules. Selon la nature des mat\u00e9riaux polym\u00e9ris\u00e9s, certains vernis, adh\u00e9sifs, encres et peintures peuvent \u00e9galement \u00eatre \u00e9limin\u00e9s.<\/p>\n<p><strong>PROMOSOLV NEO B1<\/strong> is qualifi\u00e9 et utilis\u00e9 par plusieurs acteurs de l&rsquo;industrie a\u00e9rospatiale (ex.: Boeing BAC 5750 \/ASTMD 1353).<\/p>\n<p><strong>De Plus, le <strong>PROMOSOLV NEO B1<\/strong> se distingue comme l&rsquo;un des rares solvants de nettoyage compl\u00e9tement non PFAS (Substances Per- et Polyfluoroakyles) actuellement disponible sur le march\u00e9. En optant pour ce produit exceptionnel, vous assurez la s\u00e9curit\u00e9 et la fiabilit\u00e9 \u00e0 long terme de votre proc\u00e9d\u00e9 de nettoyage.<\/strong><\/p>\n<p>Le <strong>PROMOSOLV NEO B1<\/strong> est un produit de remplacement des <strong>3M Novec 71DE, Novec 72DE, Novec 73DE, et Novec 8200<\/strong> qui doivent \u00eatre stopp\u00e9s volontairement d&rsquo;ici la fin de 2025. Cliquez sur le lien pour plus d&rsquo;informations sur l&rsquo;annonce concernant <a href=\"https:\/\/www.inventec.dehon.com\/fr\/eliminer-les-solvants-3m\/\">l&rsquo;arr\u00eat des 3M Novec<\/a>.<\/p>\n<div style=\"font-family:Lato; color:#333;\">\n<div style=\"font-weight:bold; text-transform:uppercase; border-bottom:2px solid #9DBB2F; padding-bottom:6px; margin-bottom:10px;\">\n    Sp\u00e9cifications\n  <\/div>\n<table width=\"100%\" cellpadding=\"0\" cellspacing=\"0\" style=\"border-collapse:collapse; width:100%; max-width:100%;\">\n<tr>\n<th align=\"left\" style=\"background:#7A7A7A; color:#fff; padding:8px 12px; border:1px solid #BDBDBD;\">\n        Sp\u00e9cifications\n      <\/th>\n<th align=\"left\" style=\"background:#7A7A7A; color:#fff; padding:8px 12px; border:1px solid #BDBDBD;\">\n        Valeurs\n      <\/th>\n<th align=\"left\" style=\"background:#7A7A7A; color:#fff; padding:8px 12px; border:1px solid #BDBDBD;\">\n        M\u00e9thodes\n      <\/th>\n<\/tr>\n<tr>\n<td style=\"padding:8px 12px; border:1px solid #BDBDBD;\">Aspect<\/td>\n<td style=\"padding:8px 12px; border:1px solid #BDBDBD;\">Transparent, incolore<\/td>\n<td style=\"padding:8px 12px; border:1px solid #BDBDBD;\">Visuelle<\/td>\n<\/tr>\n<tr style=\"background:#E6E6E6;\">\n<td style=\"padding:8px 12px; border:1px solid #BDBDBD;\">M\u00e9lange fluor\u00e9 (%)<\/td>\n<td style=\"padding:8px 12px; border:1px solid #BDBDBD;\">30,0 \u00b1 1,0<\/td>\n<td style=\"padding:8px 12px; border:1px solid #BDBDBD;\">Interne \/ MO.SB.10033<\/td>\n<\/tr>\n<tr>\n<td style=\"padding:8px 12px; border:1px solid #BDBDBD;\">1,2-Transdichloro\u00e9thyl\u00e8ne (%)<\/td>\n<td style=\"padding:8px 12px; border:1px solid #BDBDBD;\">70,0 \u00b1 1,0<\/td>\n<td style=\"padding:8px 12px; border:1px solid #BDBDBD;\">Interne \/ MO.SB.10033<\/td>\n<\/tr>\n<\/table>\n<\/div>\n<div style=\"font-family:Lato; color:#333;\">\n<div style=\"font-weight:bold; text-transform:uppercase; border-bottom:2px solid #9DBB2F; padding-bottom:6px; margin:30px 0 10px;\">\n    Caract\u00e9ristiques\n  <\/div>\n<table width=\"100%\" cellpadding=\"0\" cellspacing=\"0\" style=\"border-collapse:collapse; width:100%; max-width:100%;\">\n<tr>\n<th align=\"left\" style=\"background:#7A7A7A; color:#fff; padding:8px 12px; border:1px solid #BDBDBD;\">\n        Caract\u00e9ristiques\n      <\/th>\n<th align=\"left\" style=\"background:#7A7A7A; color:#fff; padding:8px 12px; border:1px solid #BDBDBD;\">\n        Valeurs\n      <\/th>\n<\/tr>\n<tr>\n<td style=\"padding:8px 12px; border:1px solid #BDBDBD;\">Point d&rsquo;\u00e9bullition (\u00b0C)<\/td>\n<td style=\"padding:8px 12px; border:1px solid #BDBDBD;\">48<\/td>\n<\/tr>\n<tr style=\"background:#E6E6E6;\">\n<td style=\"padding:8px 12px; border:1px solid #BDBDBD;\">Tension de surface (dynes\/cm)<\/td>\n<td style=\"padding:8px 12px; border:1px solid #BDBDBD;\">17<\/td>\n<\/tr>\n<tr>\n<td style=\"padding:8px 12px; border:1px solid #BDBDBD;\">Point \u00e9clair<\/td>\n<td style=\"padding:8px 12px; border:1px solid #BDBDBD;\">Aucun<\/td>\n<\/tr>\n<tr style=\"background:#E6E6E6;\">\n<td style=\"padding:8px 12px; border:1px solid #BDBDBD;\">Densit\u00e9 (g\/cm3)<\/td>\n<td style=\"padding:8px 12px; border:1px solid #BDBDBD;\">1,3<\/td>\n<\/tr>\n<tr>\n<td style=\"padding:8px 12px; border:1px solid #BDBDBD;\">Puret\u00e9 (% poids)<\/td>\n<td style=\"padding:8px 12px; border:1px solid #BDBDBD;\">>99.0<\/td>\n<\/tr>\n<tr style=\"background:#E6E6E6;\">\n<td style=\"padding:8px 12px; border:1px solid #BDBDBD;\">GWP<\/td>\n<td style=\"padding:8px 12px; border:1px solid #BDBDBD;\"><1<\/td>\n<\/tr>\n<\/table>\n<\/div>\n","protected":false},"excerpt":{"rendered":"<ul>\n<li>\u00c9limination d&rsquo;une large gamme de contaminants<\/li>\n<li>Proc\u00e9d\u00e9 phase vapeur<\/li>\n<li>Sans PFAS et sans GWP<\/li>\n<li>Remplacement des produits 3M Novec 71DE, Novec 72DE, Novec 73DE, et Novec 8200<\/li>\n<\/ul>\n<p><a href=\"https:\/\/www.inventec.dehon.com\/wp-content\/uploads\/2023\/06\/GW-Score-24.png\"><img decoding=\"async\" class=\"alignnone wp-image-14819\" src=\"https:\/\/www.inventec.dehon.com\/wp-content\/uploads\/2023\/06\/GW-Score-24.png\" alt=\"\" width=\"40\" height=\"34\" \/><\/a><\/p>\n","protected":false},"featured_media":2276,"comment_status":"closed","ping_status":"closed","template":"","meta":{"_acf_changed":false,"inline_featured_image":false},"product_brand":[],"product_cat":[694,2827,2826,2834,2832,742,2833,953,743],"product_tag":[2329,3915,5413,4417,4747,4751,4321,4393,4409,4237,4325,4184,4369,2310,2328,4739,4731,4727,4767,4421,4465,2327,4598,4429,4743,500,4735],"class_list":{"0":"post-16355","1":"product","2":"type-product","3":"status-publish","4":"has-post-thumbnail","6":"industries-aerosystemes","7":"industries-groupe-motopropulseur","8":"industries-moteurs","9":"industries-systemes-datterrissage","10":"product_cat-decapage-desoxydation","11":"product_cat-degraissage-de-divers-composants-metalliques","12":"product_cat-deshuilage-de-divers-composants-metalliques","13":"product_cat-elimination-de-la-cire-apres-polissage","14":"product_cat-elimination-pate-a-polir-apres-polissage","15":"product_cat-elimination-des-particules","16":"product_cat-elimination-des-polymeres-resines","17":"product_cat-nettoyage","18":"product_cat-nettoyage-des-pieces-en-contact-avec-oxygene","19":"product_tag-b1-fr","20":"product_tag-co2-fr","21":"product_tag-degraissage-fr","22":"product_tag-elimination-de-la-pate-a-polir-fr","23":"product_tag-elimination-de-polymeres","24":"product_tag-elimination-de-resines","25":"product_tag-elimination-des-graisses-fr","26":"product_tag-elimination-des-huiles-fr","27":"product_tag-elimination-des-particules-fr","28":"product_tag-fabrication-additive-fr","29":"product_tag-greenway","30":"product_tag-liquides-de-nettoyage-solvants-fr","31":"product_tag-mono-solvant","32":"product_tag-neo-fr","33":"product_tag-neo-b1-fr","34":"product_tag-nettoyage-des-systemes-a-oxygene-fr","35":"product_tag-nettoyage-oxygene","36":"product_tag-oxygene-fr","37":"product_tag-phase-vapeur","38":"product_tag-polymere-fr","39":"product_tag-prg-ultra-faible","40":"product_tag-promosolv-neo-b1-fr","41":"product_tag-recyclable","42":"product_tag-resines","43":"product_tag-sans-pfas","44":"product_tag-solvant","45":"product_tag-systemes-a-oxygene","46":"pa_application-elimination-de-la-pate-a-polir","47":"pa_application-elimination-des-graisses","48":"pa_application-elimination-des-huiles","49":"pa_application-elimination-des-particules","50":"pa_application-elimination-des-polymeres-resines","51":"pa_application-nettoyage-des-systemes-a-oxygene","52":"pa_application-solutions-pour-fabrication-additive","53":"pa_brand-promosolv-fr-2","54":"pa_features-adapte-aux-bases-hydrocarbonees","55":"pa_features-greenway","56":"pa_features-recyclable","57":"pa_features-sans-pfas","58":"pa_features-prg-tres-faible","59":"pa_processes-mono-solvant","60":"pa_product-category-liquides-de-nettoyage-solvants","62":"first","63":"instock","64":"shipping-taxable","65":"product-type-simple"},"acf":[],"_links":{"self":[{"href":"https:\/\/www.inventec.dehon.com\/fr\/wp-json\/wp\/v2\/product\/16355","targetHints":{"allow":["GET"]}}],"collection":[{"href":"https:\/\/www.inventec.dehon.com\/fr\/wp-json\/wp\/v2\/product"}],"about":[{"href":"https:\/\/www.inventec.dehon.com\/fr\/wp-json\/wp\/v2\/types\/product"}],"replies":[{"embeddable":true,"href":"https:\/\/www.inventec.dehon.com\/fr\/wp-json\/wp\/v2\/comments?post=16355"}],"wp:featuredmedia":[{"embeddable":true,"href":"https:\/\/www.inventec.dehon.com\/fr\/wp-json\/wp\/v2\/media\/2276"}],"wp:attachment":[{"href":"https:\/\/www.inventec.dehon.com\/fr\/wp-json\/wp\/v2\/media?parent=16355"}],"wp:term":[{"taxonomy":"product_brand","embeddable":true,"href":"https:\/\/www.inventec.dehon.com\/fr\/wp-json\/wp\/v2\/product_brand?post=16355"},{"taxonomy":"product_cat","embeddable":true,"href":"https:\/\/www.inventec.dehon.com\/fr\/wp-json\/wp\/v2\/product_cat?post=16355"},{"taxonomy":"product_tag","embeddable":true,"href":"https:\/\/www.inventec.dehon.com\/fr\/wp-json\/wp\/v2\/product_tag?post=16355"}],"curies":[{"name":"wp","href":"https:\/\/api.w.org\/{rel}","templated":true}]}}