{"id":15317,"date":"2023-07-05T09:44:18","date_gmt":"2023-07-05T09:44:18","guid":{"rendered":"https:\/\/www.inventec.dehon.com\/?post_type=product&#038;p=15317"},"modified":"2026-01-19T11:40:47","modified_gmt":"2026-01-19T10:40:47","slug":"3m-novec-71de","status":"publish","type":"product","link":"https:\/\/www.inventec.dehon.com\/fr\/product\/3m-novec-71de\/","title":{"rendered":"3M NOVEC 71DE"},"content":{"rendered":"<p><img decoding=\"async\" src=\"https:\/\/www.inventec.dehon.com\/wp-content\/uploads\/2021\/04\/Novec-drum-colorless.phase-outpng-1-600x600.jpg\" alt=\"3M NOVEC 71DE\" class=\"responsive-img\" align=\"right\" style=\"border-radius:10px; margin-bottom:10px; margin-top:-10px; margin-left:15px; width:300px\" \/><\/p>\n<h2 style=\"color: #9bc947; margin-bottom: 15px;\">Fluide de nettoyage \u00e0 base de solvant<\/h2>\n<ul>\n<li>\u00c9limination d&rsquo;une large gamme de contaminants<\/li>\n<li>Proc\u00e9d\u00e9 phase vapeur<\/li>\n<li>Puissance de nettoyage moyenne <span style=\"color:#FFFFFF;\">3M NOVEC 71DE<\/span><\/li>\n<\/ul>\n<hr \/>\n<h4><span style=\"color: #99cc00;\">AVIS IMPORTANT :<BR> ARR\u00caT DES PRODUITS 3M\u2122<\/span><\/h4>\n<p>\u26a0\ufe0f 3M\u2122 a annonc\u00e9 en d\u00e9cembre 2022 que tous les produits Novec\u2122 seront progressivement supprim\u00e9s et ne seront plus disponibles d&rsquo;ici la fin de 2025. Ne vous inqui\u00e9tez pas, Inventec a une offre de remplacement direct pour ces produit mais nous vous recommandons de nous contacter d\u00e8s que possible afin de minimiser les interruptions d&rsquo;approvisionnement.<\/p>\n<p>Si vous souhaitez en savoir plus sur la suppression progressive des produits 3M\u2122, cliquez sur ce<a href=\"https:\/\/www.inventec.dehon.com\/fr\/a-la-recherche-de-solutions-de-remplacement-aux-produits-3m-novec\/\"> lien<\/a>.<\/p>\n<p>NOS ALTERNATIVES :<\/p>\n<ul>\n<li>PROMOSOLV DE1<\/li>\n<li><a href=\"https:\/\/www.inventec.dehon.com\/fr\/product\/promosolv-70\/\">PROMOSOLV 70<\/a> -&gt; propri\u00e9t\u00e9s &amp; applications similaires<\/li>\n<li><a href=\"https:\/\/www.inventec.dehon.com\/fr\/product\/promosolv-neo-b1\/\">PROMOSOLV NEO B1<\/a> -&gt; propri\u00e9t\u00e9s &amp; applications similaires + SANS GWP ET SANS PFAS<\/li>\n<\/ul>\n<hr \/>\n<h5>3M Novec 71DE<\/h5>\n<p>Le fluide <strong>3M Novec 71DE<\/strong> est un hydrofluoro\u00e9ther, le m\u00e9thyle Nonafluorobutyl Ether (C4F9OCH3), dans une formulation az\u00e9otrope avec le trans-1,2-dichloro\u00e9thyl\u00e8ne (t-DCE). Ce m\u00e9lange est un v\u00e9ritable az\u00e9otrope, avec une composition constante en vapeur et en liquide \u00e0 son point d&rsquo;\u00e9bullition.<\/p>\n<p>Ce fluide est id\u00e9al pour les travaux de nettoyage et de d\u00e9graissage de moyenne envergure, ainsi que pour les applications de solvants sp\u00e9cialis\u00e9s, et il est destin\u00e9 \u00e0 remplacer les produits qui appauvrissent la couche d&rsquo;ozone dans de nombreuses applications. Il a un potentiel d&rsquo;appauvrissement de la couche d&rsquo;ozone nul et d&rsquo;autres propri\u00e9t\u00e9s environnementales favorables.<\/p>\n<p>Le fluide <strong>Novec 71DE<\/strong> a une directive d&rsquo;exposition moyenne pond\u00e9r\u00e9e dans le temps de 750 ppm (moyenne sur huit heures) pour le composant <a href=\"https:\/\/www.inventec.dehon.com\/fr\/product\/3m-novec-7100\/\n\"><strong>3M Novec 7100<\/strong><\/a>, et de 200 ppm (moyenne sur huit heures) pour le trans-1,2-dichloro\u00e9thyl\u00e8ne (t-DCE). Ces directives d&rsquo;exposition sugg\u00e8rent qu&rsquo;il existe une grande marge de s\u00e9curit\u00e9 pour l&rsquo;utilisation du fluide <strong>Novec 71DE<\/strong> dans les applications de nettoyage pr\u00e9vues.<\/p>\n<p>La solvabilit\u00e9 accrue et la faible tension superficielle, l&rsquo;ininflammabilit\u00e9 et la composition constante pendant l&rsquo;\u00e9bullition du fluide Novec 71DE en font un produit id\u00e9al pour les applications de d\u00e9graissage par immersion et \u00e0 la vapeur. Ces propri\u00e9t\u00e9s peuvent \u00e9galement rendre l&rsquo;az\u00e9otrope id\u00e9al pour certaines applications de rev\u00eatement et de d\u00e9p\u00f4t de lubrifiant o\u00f9 une solvabilit\u00e9 accrue est n\u00e9cessaire.<\/p>\n<p><a title=\"Letter from 3M - Inventec authorized distributor for EMEA area\" href=\"https:\/\/www.inventec.dehon.com\/wp-content\/uploads\/2021\/10\/3M-Authorized-EMEA-Distributor_Inventec.pdf\" target=\"_blank\" rel=\"noopener\">Letter from 3M &#8211; Inventec authorized distributor for EMEA area<\/a><\/p>\n<p><a href=\"https:\/\/inventec.dehon.com\/wp-content\/uploads\/2021\/04\/LOGO-3M-Novec.png\" rel=\"inv-colorbox\" title=\"3M NOVEC 71DE\"><img decoding=\"async\" class=\"alignnone wp-image-2102 size-medium\" src=\"https:\/\/inventec.dehon.com\/wp-content\/uploads\/2021\/04\/LOGO-3M-Novec-300x150.png\" alt=\"\" width=\"300\" height=\"150\" srcset=\"https:\/\/www.inventec.dehon.com\/wp-content\/uploads\/2021\/04\/LOGO-3M-Novec-300x150.png 300w, https:\/\/www.inventec.dehon.com\/wp-content\/uploads\/2021\/04\/LOGO-3M-Novec.png 318w\" sizes=\"(max-width: 300px) 100vw, 300px\" \/><\/a><\/p>\n","protected":false},"excerpt":{"rendered":"<ul>\n<li>\u00c9limination d&rsquo;une large gamme de contaminants<\/li>\n<li>Proc\u00e9d\u00e9 phase vapeur<\/li>\n<li>Puissance de nettoyage moyenne<\/li>\n<\/ul>\n<p><span style=\"color: #99cc00;\">Alternative :<small>\u00a0<a href=\"https:\/\/www.inventec.dehon.com\/fr\/product\/promosolv-neo-b1\/\">PROMOSOLV NEO B1<\/a><\/small><\/span><\/p>\n<p><a href=\"https:\/\/www.inventec.dehon.com\/fr\/a-la-recherche-de-solutions-de-remplacement-aux-produits-3m-novec\/\" class=\"btn btn-lg btn-primary rounded-pill\" style=\"margin-top:5px; color:#FFFFFF;\">Voir toutes les alternatives 3M Novec<\/a><\/p>\n","protected":false},"featured_media":15444,"comment_status":"closed","ping_status":"closed","template":"","meta":{"_acf_changed":false,"inline_featured_image":false},"product_brand":[],"product_cat":[2827,2826,742,953],"product_tag":[],"class_list":{"0":"post-15317","1":"product","2":"type-product","3":"status-publish","4":"has-post-thumbnail","6":"industries-aerosystemes","7":"product_cat-degraissage-de-divers-composants-metalliques","8":"product_cat-deshuilage-de-divers-composants-metalliques","9":"product_cat-elimination-des-particules","10":"product_cat-nettoyage","11":"pa_application-elimination-des-graisses","12":"pa_application-elimination-des-huiles","13":"pa_brand-3m-novec-fr-2","14":"pa_features-adapte-aux-bases-hydrocarbonees","15":"pa_features-recyclable","16":"pa_processes-chasse-deau","17":"pa_processes-mono-solvant","18":"pa_processes-solvant-de-sechage","19":"pa_product-category-liquides-de-nettoyage-solvants","21":"first","22":"instock","23":"shipping-taxable","24":"product-type-simple"},"acf":[],"_links":{"self":[{"href":"https:\/\/www.inventec.dehon.com\/fr\/wp-json\/wp\/v2\/product\/15317","targetHints":{"allow":["GET"]}}],"collection":[{"href":"https:\/\/www.inventec.dehon.com\/fr\/wp-json\/wp\/v2\/product"}],"about":[{"href":"https:\/\/www.inventec.dehon.com\/fr\/wp-json\/wp\/v2\/types\/product"}],"replies":[{"embeddable":true,"href":"https:\/\/www.inventec.dehon.com\/fr\/wp-json\/wp\/v2\/comments?post=15317"}],"wp:featuredmedia":[{"embeddable":true,"href":"https:\/\/www.inventec.dehon.com\/fr\/wp-json\/wp\/v2\/media\/15444"}],"wp:attachment":[{"href":"https:\/\/www.inventec.dehon.com\/fr\/wp-json\/wp\/v2\/media?parent=15317"}],"wp:term":[{"taxonomy":"product_brand","embeddable":true,"href":"https:\/\/www.inventec.dehon.com\/fr\/wp-json\/wp\/v2\/product_brand?post=15317"},{"taxonomy":"product_cat","embeddable":true,"href":"https:\/\/www.inventec.dehon.com\/fr\/wp-json\/wp\/v2\/product_cat?post=15317"},{"taxonomy":"product_tag","embeddable":true,"href":"https:\/\/www.inventec.dehon.com\/fr\/wp-json\/wp\/v2\/product_tag?post=15317"}],"curies":[{"name":"wp","href":"https:\/\/api.w.org\/{rel}","templated":true}]}}