{"id":13958,"date":"2022-12-12T09:29:08","date_gmt":"2022-12-12T09:29:08","guid":{"rendered":"https:\/\/www.inventec.dehon.com\/?post_type=product&#038;p=13958"},"modified":"2025-01-29T12:31:34","modified_gmt":"2025-01-29T12:31:34","slug":"co-solvant-nettoyage","status":"publish","type":"product","link":"https:\/\/www.inventec.dehon.com\/fr\/product\/co-solvant-nettoyage\/","title":{"rendered":"NETTOYAGE CO-SOLVANT"},"content":{"rendered":"<h4><strong>PROCESSUS EFFICACE, S\u00dbR ET PRODUCTIF POUR L&rsquo;INDUSTRIE \u00c9LECTRONIQUE.<\/strong><\/h4>\n<p><strong>Le processus de nettoyage au co-solvant \u00e9limine les r\u00e9sidus organiques et min\u00e9raux des cr\u00e8mes \u00e0 braser et des flux de soudure en un temps de cycle court.<\/strong><\/p>\n<div style=\"width: 640px;\" class=\"wp-video\"><!--[if lt IE 9]><script>document.createElement('video');<\/script><![endif]-->\n<video class=\"wp-video-shortcode\" id=\"video-13958-1\" width=\"640\" height=\"360\" preload=\"metadata\" controls=\"controls\"><source type=\"video\/mp4\" src=\"https:\/\/www.inventec.dehon.com\/wp-content\/uploads\/2022\/12\/VIDEO-VF.mp4?_=1\" \/><a href=\"https:\/\/www.inventec.dehon.com\/wp-content\/uploads\/2022\/12\/VIDEO-VF.mp4\">https:\/\/www.inventec.dehon.com\/wp-content\/uploads\/2022\/12\/VIDEO-VF.mp4<\/a><\/video><\/div>\n<p>&nbsp;<\/p>\n<ul>\n<li><strong>Nettoyage:<\/strong> La faible viscosit\u00e9 du m\u00e9lange<strong> Topklean\u2122 EL 20<\/strong> et<strong> 3M\u2122 Novec\u2122 71IPA <\/strong>permet de nettoyer les cartes miniaturis\u00e9es, de forte densit\u00e9 et des zones difficilement accessibles. <a href=\"https:\/\/www.inventec.dehon.com\/wp-content\/uploads\/2022\/12\/2EME-PAGE-petite.jpg\" rel=\"inv-colorbox\" title=\"NETTOYAGE CO-SOLVANT\"><img decoding=\"async\" class=\" wp-image-13989 alignright\" src=\"https:\/\/www.inventec.dehon.com\/wp-content\/uploads\/2022\/12\/2EME-PAGE-petite-300x169.jpg\" alt=\"\" width=\"289\" height=\"163\" srcset=\"https:\/\/www.inventec.dehon.com\/wp-content\/uploads\/2022\/12\/2EME-PAGE-petite-300x169.jpg 300w, https:\/\/www.inventec.dehon.com\/wp-content\/uploads\/2022\/12\/2EME-PAGE-petite.jpg 600w\" sizes=\"(max-width: 289px) 100vw, 289px\" \/><\/a><\/li>\n<li><strong>Rin\u00e7age en phase liquide :<\/strong><strong> 3M\u2122 Novec\u2122 71IPA<\/strong>\u00a0permet un rin\u00e7age performant des cartes \u00e0 g\u00e9om\u00e9trie complexe gr\u00e2ce \u00e0 sa faible tension superficielle. En effet, il p\u00e9n\u00e8tre dans des espaces tr\u00e8s \u00e9troits, o\u00f9 une mol\u00e9cule d&rsquo;eau ne peut pas aller, pour assurer l\u2019enti\u00e8re \u00e9limination du<strong> Topklean\u2122 EL 20<\/strong> .<\/li>\n<li><strong>Rin\u00e7age phase vapeur :<\/strong> la vapeur de pur<strong> 3M\u2122 Novec\u2122 71IPA<\/strong> se condense et s&rsquo;\u00e9goutte sur toute la planche pour un rin\u00e7age final<\/li>\n<li>La<strong> s\u00e9chage<\/strong> se d\u00e9roule en phase vapeur et se poursuit en zone froide pour une finition rapide et optimale.<\/li>\n<\/ul>\n<h4><strong>QUELS SONT LES AVANTAGES DU PROC\u00c9D\u00c9 CO-SOLVANT ?<\/strong><\/h4>\n<p><a href=\"https:\/\/www.inventec.dehon.com\/wp-content\/uploads\/2022\/12\/Process-co-solvant-advantages.png\" rel=\"inv-colorbox\" title=\"NETTOYAGE CO-SOLVANT\"><img decoding=\"async\" class=\"alignnone size-full wp-image-14040\" src=\"https:\/\/www.inventec.dehon.com\/wp-content\/uploads\/2022\/12\/Process-co-solvant-advantages.png\" alt=\"\" width=\"1144\" height=\"791\" srcset=\"https:\/\/www.inventec.dehon.com\/wp-content\/uploads\/2022\/12\/Process-co-solvant-advantages.png 1144w, https:\/\/www.inventec.dehon.com\/wp-content\/uploads\/2022\/12\/Process-co-solvant-advantages-300x207.png 300w, https:\/\/www.inventec.dehon.com\/wp-content\/uploads\/2022\/12\/Process-co-solvant-advantages-1024x708.png 1024w, https:\/\/www.inventec.dehon.com\/wp-content\/uploads\/2022\/12\/Process-co-solvant-advantages-768x531.png 768w, https:\/\/www.inventec.dehon.com\/wp-content\/uploads\/2022\/12\/Process-co-solvant-advantages-600x415.png 600w\" sizes=\"(max-width: 1144px) 100vw, 1144px\" \/><\/a><\/p>\n<p>*Un kit PCA d\u00e9di\u00e9 pour surveiller l&rsquo;\u00e9tat du bain est disponible sur simple demande.<\/p>\n<p><a href=\"https:\/\/www.inventec.dehon.com\/wp-content\/uploads\/2022\/12\/Encart-avantages-process-co-solvant-.png\" rel=\"inv-colorbox\" title=\"NETTOYAGE CO-SOLVANT\"><img decoding=\"async\" class=\"size-full wp-image-13974 aligncenter\" src=\"https:\/\/www.inventec.dehon.com\/wp-content\/uploads\/2022\/12\/Encart-avantages-process-co-solvant-.png\" alt=\"\" width=\"600\" height=\"304\" srcset=\"https:\/\/www.inventec.dehon.com\/wp-content\/uploads\/2022\/12\/Encart-avantages-process-co-solvant-.png 600w, https:\/\/www.inventec.dehon.com\/wp-content\/uploads\/2022\/12\/Encart-avantages-process-co-solvant--300x152.png 300w\" sizes=\"(max-width: 600px) 100vw, 600px\" \/><\/a><\/p>\n<p>&nbsp;<\/p>\n","protected":false},"excerpt":{"rendered":"<h3><strong>PROCESSUS EFFICACE, S\u00dbR ET PRODUCTIF POUR L&rsquo;INDUSTRIE \u00c9LECTRONIQUE.<\/strong><\/h3>\n<p>Le processus de nettoyage au co-solvant \u00e9limine les r\u00e9sidus organiques et min\u00e9raux des p\u00e2tes \u00e0 souder et des flux de soudure en un temps de cycle court.<\/p>\n","protected":false},"featured_media":13989,"comment_status":"closed","ping_status":"closed","template":"","meta":{"_acf_changed":false,"inline_featured_image":false},"product_brand":[],"product_cat":[953],"product_tag":[],"class_list":{"0":"post-13958","1":"product","2":"type-product","3":"status-publish","4":"has-post-thumbnail","6":"product_cat-nettoyage","8":"first","9":"instock","10":"shipping-taxable","11":"product-type-simple"},"acf":[],"_links":{"self":[{"href":"https:\/\/www.inventec.dehon.com\/fr\/wp-json\/wp\/v2\/product\/13958","targetHints":{"allow":["GET"]}}],"collection":[{"href":"https:\/\/www.inventec.dehon.com\/fr\/wp-json\/wp\/v2\/product"}],"about":[{"href":"https:\/\/www.inventec.dehon.com\/fr\/wp-json\/wp\/v2\/types\/product"}],"replies":[{"embeddable":true,"href":"https:\/\/www.inventec.dehon.com\/fr\/wp-json\/wp\/v2\/comments?post=13958"}],"wp:featuredmedia":[{"embeddable":true,"href":"https:\/\/www.inventec.dehon.com\/fr\/wp-json\/wp\/v2\/media\/13989"}],"wp:attachment":[{"href":"https:\/\/www.inventec.dehon.com\/fr\/wp-json\/wp\/v2\/media?parent=13958"}],"wp:term":[{"taxonomy":"product_brand","embeddable":true,"href":"https:\/\/www.inventec.dehon.com\/fr\/wp-json\/wp\/v2\/product_brand?post=13958"},{"taxonomy":"product_cat","embeddable":true,"href":"https:\/\/www.inventec.dehon.com\/fr\/wp-json\/wp\/v2\/product_cat?post=13958"},{"taxonomy":"product_tag","embeddable":true,"href":"https:\/\/www.inventec.dehon.com\/fr\/wp-json\/wp\/v2\/product_tag?post=13958"}],"curies":[{"name":"wp","href":"https:\/\/api.w.org\/{rel}","templated":true}]}}