{"id":13363,"date":"2022-04-13T09:20:22","date_gmt":"2022-04-13T09:20:22","guid":{"rendered":"https:\/\/www.inventec.dehon.com\/?post_type=product&#038;p=13363"},"modified":"2026-03-11T11:05:12","modified_gmt":"2026-03-11T10:05:12","slug":"amtech-nc-559-v3-tf","status":"publish","type":"product","link":"https:\/\/www.inventec.dehon.com\/fr\/product\/amtech-nc-559-v3-tf\/","title":{"rendered":"AMTECH NC-559-V3-TF"},"content":{"rendered":"<p><img decoding=\"async\" src=\"https:\/\/www.inventec.dehon.com\/wp-content\/uploads\/2025\/09\/AMTECH-TF-Picto.jpg\" alt=\"AMTECH NC-559-V3-TF\" class=\"responsive-img\" align=\"right\" style=\"border-radius:10px; margin-bottom:10px; margin-top:-10px; margin-left:15px; width:300px\" \/><\/p>\n<h2 style=\"color: #9bc947; margin-bottom: 15px;\">Flux collant pour professionnels<\/h2>\n<ul>\n<li>Flux collant sans nettoyage<\/li>\n<li>Soudure avec ou sans plomb<\/li>\n<li>Excellentes propri\u00e9t\u00e9s de mouillage<\/li>\n<\/ul>\n<div class=\"button-wrapper\" style=\"flex-shrink: 0; display: flex; align-items: left; min-width: 250px; justify-content: left; margin-bottom:20px\"><a href=\"https:\/\/shop.inventec.dehon.com\/collections\/flux\" class=\"btn btn-lg btn-primary rounded-pill\" style=\"display: flex; flex-direction: column; justify-content: center; align-items: center; text-align: center; height: 100%; padding: 10px 20px; box-shadow: 0 2px 8px rgba(0, 0, 0, 0.1); font-weight: bold;\" target=\"_blank\">Acheter en ligne<br \/><font style=\"font-size:11px; font-weight: 200;\">LIVRAISON DISPONIBLE DANS LE MONDE ENTIER<\/font><\/a><\/div>\n<h5>AMTECH NC-559-V3-TF<\/h5>\n<p>\nIl s\u2019agit de la 3<sup>e<\/sup> g\u00e9n\u00e9ration du c\u00e9l\u00e8bre <strong>flux collant NC-559<\/strong>.<br \/>\nD\u00e9velopp\u00e9 afin d\u2019obtenir un mouillage encore am\u00e9lior\u00e9 et un r\u00e9sidu plus clair et transparent. Il est formul\u00e9 pour une application \u00e0 la seringue, l\u2019impression au pochoir et les op\u00e9rations de retouche sur toutes les finitions de surface des circuits imprim\u00e9s (PCB).  <strong>AMTECH NC-559-V3-TF<\/strong> offre d\u2019excellentes performances pour la fixation et le rebillage des billes BGA. Il est \u00e9galement con\u00e7u pour \u00eatre utilis\u00e9 sur tous les proc\u00e9d\u00e9s de bumping flip chip et d\u2019encapsulation de type chip scale.\n<\/p>\n<p><!-- SECTION ALLIAGES COMPATIBLES --><\/p>\n<div style=\"font-weight:bold; text-transform:uppercase; border-bottom:2px solid #9DBB2F; padding-bottom:6px; margin:20px 0 10px;\">\n  ALLIAGES COMPATIBLES\n<\/div>\n<table width=\"100%\" cellpadding=\"0\" cellspacing=\"0\" style=\"border-collapse:collapse; width:100%;\">\n<tr>\n<th style=\"background:#7A7A7A; color:#fff; padding:8px 12px; border:1px solid #BDBDBD;\">ALLIAGE<\/th>\n<th style=\"background:#7A7A7A; color:#fff; padding:8px 12px; border:1px solid #BDBDBD;\">TEMP\u00c9RATURE \u00b0C<\/th>\n<th style=\"background:#7A7A7A; color:#fff; padding:8px 12px; border:1px solid #BDBDBD;\">TEMP\u00c9RATURE \u00b0F<\/th>\n<\/tr>\n<tr>\n<td style=\"padding:8px 12px; border:1px solid #BDBDBD;\">63Sn\/37Pb<\/td>\n<td style=\"padding:8px 12px; border:1px solid #BDBDBD;\">183<\/td>\n<td style=\"padding:8px 12px; border:1px solid #BDBDBD;\">361<\/td>\n<\/tr>\n<tr style=\"background:#E6E6E6;\">\n<td style=\"padding:8px 12px; border:1px solid #BDBDBD;\">62Sn\/36Pb\/2Ag<\/td>\n<td style=\"padding:8px 12px; border:1px solid #BDBDBD;\">179<\/td>\n<td style=\"padding:8px 12px; border:1px solid #BDBDBD;\">354<\/td>\n<\/tr>\n<tr>\n<td style=\"padding:8px 12px; border:1px solid #BDBDBD;\">62.8Sn\/36.8Pb\/0.4Ag<\/td>\n<td style=\"padding:8px 12px; border:1px solid #BDBDBD;\">179\u2013183<\/td>\n<td style=\"padding:8px 12px; border:1px solid #BDBDBD;\">354\u2013361<\/td>\n<\/tr>\n<tr style=\"background:#E6E6E6;\">\n<td style=\"padding:8px 12px; border:1px solid #BDBDBD;\">60Sn\/40Pb<\/td>\n<td style=\"padding:8px 12px; border:1px solid #BDBDBD;\">183\u2013191<\/td>\n<td style=\"padding:8px 12px; border:1px solid #BDBDBD;\">361\u2013376<\/td>\n<\/tr>\n<tr>\n<td style=\"padding:8px 12px; border:1px solid #BDBDBD;\">43Sn\/43Pb\/14Bi<\/td>\n<td style=\"padding:8px 12px; border:1px solid #BDBDBD;\">144\u2013163<\/td>\n<td style=\"padding:8px 12px; border:1px solid #BDBDBD;\">291\u2013325<\/td>\n<\/tr>\n<tr style=\"background:#E6E6E6;\">\n<td style=\"padding:8px 12px; border:1px solid #BDBDBD;\">42Sn\/58Bi<\/td>\n<td style=\"padding:8px 12px; border:1px solid #BDBDBD;\">138<\/td>\n<td style=\"padding:8px 12px; border:1px solid #BDBDBD;\">280<\/td>\n<\/tr>\n<tr>\n<td style=\"padding:8px 12px; border:1px solid #BDBDBD;\">10Sn\/88Pb\/2Ag<\/td>\n<td style=\"padding:8px 12px; border:1px solid #BDBDBD;\">268\u2013290<\/td>\n<td style=\"padding:8px 12px; border:1px solid #BDBDBD;\">514\u2013554<\/td>\n<\/tr>\n<\/table>\n<p><!-- SECTION R\u00c9SULTATS DES TESTS --><\/p>\n<div style=\"font-weight:bold; text-transform:uppercase; border-bottom:2px solid #9DBB2F; padding-bottom:6px; margin:20px 0 10px;\">\n  R\u00c9SULTATS DES TESTS\n<\/div>\n<table width=\"100%\" cellpadding=\"0\" cellspacing=\"0\" style=\"border-collapse:collapse; width:100%;\">\n<tr>\n<th align=\"left\" style=\"background:#7A7A7A; color:#fff; padding:8px 12px; border:1px solid #BDBDBD;\">\n      TEST J-STD-004 OU AUTRES EXIGENCES (TELLES QUE SP\u00c9CIFI\u00c9ES)\n    <\/th>\n<th align=\"left\" style=\"background:#7A7A7A; color:#fff; padding:8px 12px; border:1px solid #BDBDBD;\">\n      EXIGENCE DU TEST\n    <\/th>\n<th align=\"left\" style=\"background:#7A7A7A; color:#fff; padding:8px 12px; border:1px solid #BDBDBD;\">\n      R\u00c9SULTAT\n    <\/th>\n<\/tr>\n<tr>\n<td style=\"padding:8px 12px; border:1px solid #BDBDBD;\">Test du miroir de cuivre<\/td>\n<td style=\"padding:8px 12px; border:1px solid #BDBDBD;\">IPC-TM-650 : 2.3.32<\/td>\n<td style=\"padding:8px 12px; border:1px solid #BDBDBD;\">L : Aucune p\u00e9n\u00e9tration<\/td>\n<\/tr>\n<tr style=\"background:#E6E6E6;\">\n<td style=\"padding:8px 12px; border:1px solid #BDBDBD;\">Corrosion<\/td>\n<td style=\"padding:8px 12px; border:1px solid #BDBDBD;\">IPC-TM-650 : 2.6.15<\/td>\n<td style=\"padding:8px 12px; border:1px solid #BDBDBD;\">L : Aucune corrosion<\/td>\n<\/tr>\n<tr>\n<td style=\"padding:8px 12px; border:1px solid #BDBDBD;\">Halog\u00e9nures quantitatifs<\/td>\n<td style=\"padding:8px 12px; border:1px solid #BDBDBD;\">IPC-TM-650 : 2.3.28.1<\/td>\n<td style=\"padding:8px 12px; border:1px solid #BDBDBD;\">L : Sans halog\u00e8ne<\/td>\n<\/tr>\n<tr style=\"background:#E6E6E6;\">\n<td style=\"padding:8px 12px; border:1px solid #BDBDBD;\">Migration \u00e9lectrochimique<\/td>\n<td style=\"padding:8px 12px; border:1px solid #BDBDBD;\">IPC-TM-650 : 2.6.14.1<\/td>\n<td style=\"padding:8px 12px; border:1px solid #BDBDBD;\">L : &lt; 1 d\u00e9cade de chute (no-clean)<\/td>\n<\/tr>\n<tr>\n<td style=\"padding:8px 12px; border:1px solid #BDBDBD;\">\n      Viscosit\u00e9 \u2013 Brookfield \/ 20\u00b0C<br \/>\n      Syst\u00e8me HELIPATH Mobile F, \u00e0 5 tr\/min\n    <\/td>\n<td style=\"padding:8px 12px; border:1px solid #BDBDBD;\">IPC-TM-650 : 2.4.34.4<\/td>\n<td style=\"padding:8px 12px; border:1px solid #BDBDBD;\">Valeur typique : 400<\/td>\n<\/tr>\n<tr style=\"background:#E6E6E6;\">\n<td style=\"padding:8px 12px; border:1px solid #BDBDBD;\">Aspect visuel<\/td>\n<td style=\"padding:8px 12px; border:1px solid #BDBDBD;\">IPC-TM-650 : 3.4.2.5<\/td>\n<td style=\"padding:8px 12px; border:1px solid #BDBDBD;\">Clair et exempt de pr\u00e9cipitation<\/td>\n<\/tr>\n<tr>\n<td style=\"padding:8px 12px; border:1px solid #BDBDBD;\">Conformit\u00e9 aux minerais de conflit<\/td>\n<td style=\"padding:8px 12px; border:1px solid #BDBDBD;\">Electronic Industry Citizenship Coalition (EICC)<\/td>\n<td style=\"padding:8px 12px; border:1px solid #BDBDBD;\">Conforme<\/td>\n<\/tr>\n<tr style=\"background:#E6E6E6;\">\n<td style=\"padding:8px 12px; border:1px solid #BDBDBD;\">Conformit\u00e9 REACH<\/td>\n<td style=\"padding:8px 12px; border:1px solid #BDBDBD;\">\n      Articles 33 et 67 du r\u00e8glement (CE) n\u00b0 1907\/2006\n    <\/td>\n<td style=\"padding:8px 12px; border:1px solid #BDBDBD;\">\n      Peut contenir jusqu\u2019\u00e0 7 % (p\/p) de 4-nonylph\u00e9nol \u00e9thoxyl\u00e9\n    <\/td>\n<\/tr>\n<\/table>\n","protected":false},"excerpt":{"rendered":"<ul>\n<li>Flux collant non nettoy\u00e9<\/li>\n<li>Soudure avec ou sans plomb<\/li>\n<li>Excellentes propri\u00e9t\u00e9s de mouillage<\/li>\n<\/ul>\n","protected":false},"featured_media":32118,"comment_status":"closed","ping_status":"closed","template":"","meta":{"_acf_changed":false,"inline_featured_image":false},"product_brand":[],"product_cat":[2808],"product_tag":[5745,5098,5086,1740,5353,5034,3990,1743,1742,5094,5345,5349,5305,5082,3780],"class_list":{"0":"post-13363","1":"product","2":"type-product","3":"status-publish","4":"has-post-thumbnail","6":"product_cat-solutions-de-tacky-flux","7":"product_tag-559-v3-tf","8":"product_tag-alliage-au-plomb","9":"product_tag-alliage-sans-plomb","10":"product_tag-amtech-nc-559-v3-fr","11":"product_tag-brasage-manuelle","12":"product_tag-excellente-mouillabilite","13":"product_tag-flip-chip-fr","14":"product_tag-nc-559-fr","15":"product_tag-nc-559-v3-fr","16":"product_tag-plomb","17":"product_tag-reprise","18":"product_tag-reprise-de-soudure","19":"product_tag-sans-nettoyage","20":"product_tag-sans-plomb","21":"product_tag-tacky-flux-fr","22":"pa_brand-amtech-fr","23":"pa_features-alliage-avec-plomb","24":"pa_features-alliage-sans-plomb","25":"pa_processes-retouche-brasage-manuel","26":"pa_product-category-tacky-flux","28":"first","29":"instock","30":"shipping-taxable","31":"product-type-simple"},"acf":[],"_links":{"self":[{"href":"https:\/\/www.inventec.dehon.com\/fr\/wp-json\/wp\/v2\/product\/13363","targetHints":{"allow":["GET"]}}],"collection":[{"href":"https:\/\/www.inventec.dehon.com\/fr\/wp-json\/wp\/v2\/product"}],"about":[{"href":"https:\/\/www.inventec.dehon.com\/fr\/wp-json\/wp\/v2\/types\/product"}],"replies":[{"embeddable":true,"href":"https:\/\/www.inventec.dehon.com\/fr\/wp-json\/wp\/v2\/comments?post=13363"}],"wp:featuredmedia":[{"embeddable":true,"href":"https:\/\/www.inventec.dehon.com\/fr\/wp-json\/wp\/v2\/media\/32118"}],"wp:attachment":[{"href":"https:\/\/www.inventec.dehon.com\/fr\/wp-json\/wp\/v2\/media?parent=13363"}],"wp:term":[{"taxonomy":"product_brand","embeddable":true,"href":"https:\/\/www.inventec.dehon.com\/fr\/wp-json\/wp\/v2\/product_brand?post=13363"},{"taxonomy":"product_cat","embeddable":true,"href":"https:\/\/www.inventec.dehon.com\/fr\/wp-json\/wp\/v2\/product_cat?post=13363"},{"taxonomy":"product_tag","embeddable":true,"href":"https:\/\/www.inventec.dehon.com\/fr\/wp-json\/wp\/v2\/product_tag?post=13363"}],"curies":[{"name":"wp","href":"https:\/\/api.w.org\/{rel}","templated":true}]}}