{"id":10176,"date":"2021-04-19T06:59:11","date_gmt":"2021-04-19T06:59:11","guid":{"rendered":"https:\/\/www.inventec.dehon.com\/product\/promoclean-disper-13\/"},"modified":"2026-01-28T11:20:15","modified_gmt":"2026-01-28T10:20:15","slug":"promoclean-disper-13","status":"publish","type":"product","link":"https:\/\/www.inventec.dehon.com\/fr\/product\/promoclean-disper-13\/","title":{"rendered":"PROMOCLEAN DISPER 13"},"content":{"rendered":"<p><img decoding=\"async\" src=\"https:\/\/www.inventec.dehon.com\/wp-content\/uploads\/2021\/04\/PROMOCLEAN-canister-blue.png\" alt=\"PROMOCLEAN DISPER 13\" class=\"responsive-img\" align=\"right\" style=\"border-radius:10px; margin-bottom:10px; margin-top:-10px; margin-left:15px; width:300px\" \/><\/p>\n<h2 style=\"color:#9bc947; margin-bottom:15px\">\u00c9limine tous types d&rsquo;huiles<\/h2>\n<ul>\n<li>D\u00e9tergent avec protection temporaire pour \u00e9liminer les huiles l\u00e9g\u00e8res sur les pi\u00e8ces m\u00e9talliques<\/li>\n<li>Proc\u00e9d\u00e9s de pulv\u00e9risation aqueuse, de rin\u00e7age et de jets immerg\u00e9s<\/li>\n<li>Nettoyant g\u00e9n\u00e9ral pour les contaminations l\u00e9g\u00e8res<\/li>\n<\/ul>\n<h5>PROMOCLEAN DISPER 13<\/h5>\n<p>Est sp\u00e9cialement con\u00e7u pour l&rsquo;\u00e9limination de tous les types d&rsquo;huiles. Gr\u00e2ce \u00e0 ses excellentes propri\u00e9t\u00e9s anti-mousse, il est destin\u00e9 aux proc\u00e9d\u00e9s de pulv\u00e9risation aqueuse, de rin\u00e7age ou de jets immerg\u00e9s. Gr\u00e2ce \u00e0 sa faible alcalinit\u00e9, <strong>PROMOCLEAN DISPER 13<\/strong> est compatible avec la plupart des m\u00e9taux utilis\u00e9s dans l&rsquo;industrie m\u00e9canique. C&rsquo;est un produit concentr\u00e9 qui s&rsquo;utilise dilu\u00e9 avec de l&rsquo;eau du robinet ou de l&rsquo;eau d\u00e9min\u00e9ralis\u00e9e.<\/p>\n<p>De plus, <strong>PROMOCLEAN DISPER 13<\/strong> assure une protection temporaire gr\u00e2ce \u00e0 ses propri\u00e9t\u00e9s de passivation.<\/p>\n<div style=\"font-family:Lato; color:#333;\">\n<div style=\"font-weight:bold; text-transform:uppercase; border-bottom:2px solid #9DBB2F; padding-bottom:6px; margin-bottom:10px;\">\n    Sp\u00e9cifications\n  <\/div>\n<table width=\"100%\" cellpadding=\"0\" cellspacing=\"0\" style=\"border-collapse:collapse; width:100%; max-width:100%;\">\n<tr>\n<th align=\"left\" style=\"background:#7A7A7A; color:#fff; padding:8px 12px; border:1px solid #BDBDBD;\">\n        Sp\u00e9cifications\n      <\/th>\n<th align=\"left\" style=\"background:#7A7A7A; color:#fff; padding:8px 12px; border:1px solid #BDBDBD;\">\n        Valeurs\n      <\/th>\n<th align=\"left\" style=\"background:#7A7A7A; color:#fff; padding:8px 12px; border:1px solid #BDBDBD;\">\n        M\u00e9thodes\n      <\/th>\n<\/tr>\n<tr>\n<td style=\"padding:8px 12px; border:1px solid #BDBDBD;\">Aspect<\/td>\n<td style=\"padding:8px 12px; border:1px solid #BDBDBD;\">Jaune<\/td>\n<td style=\"padding:8px 12px; border:1px solid #BDBDBD;\">Visuel<\/td>\n<\/tr>\n<tr style=\"background:#E6E6E6;\">\n<td style=\"padding:8px 12px; border:1px solid #BDBDBD;\">Masse volumique \u00e0 20\u00b0C (g\/ml)<\/td>\n<td style=\"padding:8px 12px; border:1px solid #BDBDBD;\">1,09 \u00b1 0,01<\/td>\n<td style=\"padding:8px 12px; border:1px solid #BDBDBD;\">BRY-MO-028<\/td>\n<\/tr>\n<tr>\n<td style=\"padding:8px 12px; border:1px solid #BDBDBD;\">pH produit pur<\/td>\n<td style=\"padding:8px 12px; border:1px solid #BDBDBD;\">9,4 \u00b1 0,5<\/td>\n<td style=\"padding:8px 12px; border:1px solid #BDBDBD;\">BRY-MO-011<\/td>\n<\/tr>\n<\/table>\n<\/div>\n<div style=\"font-family:Lato; color:#333;\">\n<div style=\"font-weight:bold; text-transform:uppercase; border-bottom:2px solid #9DBB2F; padding-bottom:6px; margin:30px 0 10px;\">\n    Caract\u00e9ristiques\n  <\/div>\n<table width=\"100%\" cellpadding=\"0\" cellspacing=\"0\" style=\"border-collapse:collapse; width:100%; max-width:100%;\">\n<tr>\n<th align=\"left\" style=\"background:#7A7A7A; color:#fff; padding:8px 12px; border:1px solid #BDBDBD;\">\n        Caract\u00e9ristiques\n      <\/th>\n<th align=\"left\" style=\"background:#7A7A7A; color:#fff; padding:8px 12px; border:1px solid #BDBDBD;\">\n        Valeurs\n      <\/th>\n<\/tr>\n<tr>\n<td style=\"padding:8px 12px; border:1px solid #BDBDBD;\">Solubilit\u00e9 \u00e0 l\u2019eau<\/td>\n<td style=\"padding:8px 12px; border:1px solid #BDBDBD;\">Totale<\/td>\n<\/tr>\n<tr style=\"background:#E6E6E6;\">\n<td style=\"padding:8px 12px; border:1px solid #BDBDBD;\">Indice de r\u00e9fraction \u00e0 20\u00b0C<\/td>\n<td style=\"padding:8px 12px; border:1px solid #BDBDBD;\">1,38<\/td>\n<\/tr>\n<tr>\n<td style=\"padding:8px 12px; border:1px solid #BDBDBD;\">Tension de surface \u00e0 1% (dynes \/ cm)<\/td>\n<td style=\"padding:8px 12px; border:1px solid #BDBDBD;\">44,4<\/td>\n<\/tr>\n<\/table>\n<\/div>\n","protected":false},"excerpt":{"rendered":"<ul>\n<li>D\u00e9tergent avec protection temporaire pour \u00e9liminer les huiles l\u00e9g\u00e8res sur les pi\u00e8ces m\u00e9talliques<\/li>\n<li>Proc\u00e9d\u00e9s de pulv\u00e9risation aqueuse, de rin\u00e7age et de jets immerg\u00e9s<\/li>\n<li>Nettoyant g\u00e9n\u00e9ral pour les contaminations l\u00e9g\u00e8res<\/li>\n<\/ul>\n","protected":false},"featured_media":2431,"comment_status":"closed","ping_status":"closed","template":"","meta":{"_acf_changed":false,"inline_featured_image":false},"product_brand":[],"product_cat":[2826,953],"product_tag":[2530,2022,2529,4393,4257,4786,4798,4802,4253,2003,2528,4814,4453,4265,4794],"class_list":{"0":"post-10176","1":"product","2":"type-product","3":"status-publish","4":"has-post-thumbnail","6":"product_cat-deshuilage-de-divers-composants-metalliques","7":"product_cat-nettoyage","8":"product_tag-13-fr","9":"product_tag-disper-fr","10":"product_tag-disper-13-fr","11":"product_tag-elimination-des-huiles-fr","12":"product_tag-immersion-aqueuse","13":"product_tag-immersion-aqueuse-par-jet","14":"product_tag-jet-dimmersion","15":"product_tag-legeres-contaminations","16":"product_tag-liquides-de-nettoyage-aqueux-fr","17":"product_tag-promoclean-fr","18":"product_tag-promoclean-disper-13-fr","19":"product_tag-protection-temporaire","20":"product_tag-pulverisation","21":"product_tag-pulverisation-aqueuse","22":"product_tag-rincage","23":"pa_application-elimination-des-huiles","24":"pa_brand-promoclean-fr","25":"pa_features-avec-protection-temporaire","26":"pa_processes-chasse-deau","27":"pa_processes-jet-par-immersion-aqueuse","28":"pa_processes-spray-a-base-deau","29":"pa_product-category-liquides-de-nettoyage-aqueux","31":"first","32":"instock","33":"shipping-taxable","34":"product-type-simple"},"acf":[],"_links":{"self":[{"href":"https:\/\/www.inventec.dehon.com\/fr\/wp-json\/wp\/v2\/product\/10176","targetHints":{"allow":["GET"]}}],"collection":[{"href":"https:\/\/www.inventec.dehon.com\/fr\/wp-json\/wp\/v2\/product"}],"about":[{"href":"https:\/\/www.inventec.dehon.com\/fr\/wp-json\/wp\/v2\/types\/product"}],"replies":[{"embeddable":true,"href":"https:\/\/www.inventec.dehon.com\/fr\/wp-json\/wp\/v2\/comments?post=10176"}],"wp:featuredmedia":[{"embeddable":true,"href":"https:\/\/www.inventec.dehon.com\/fr\/wp-json\/wp\/v2\/media\/2431"}],"wp:attachment":[{"href":"https:\/\/www.inventec.dehon.com\/fr\/wp-json\/wp\/v2\/media?parent=10176"}],"wp:term":[{"taxonomy":"product_brand","embeddable":true,"href":"https:\/\/www.inventec.dehon.com\/fr\/wp-json\/wp\/v2\/product_brand?post=10176"},{"taxonomy":"product_cat","embeddable":true,"href":"https:\/\/www.inventec.dehon.com\/fr\/wp-json\/wp\/v2\/product_cat?post=10176"},{"taxonomy":"product_tag","embeddable":true,"href":"https:\/\/www.inventec.dehon.com\/fr\/wp-json\/wp\/v2\/product_tag?post=10176"}],"curies":[{"name":"wp","href":"https:\/\/api.w.org\/{rel}","templated":true}]}}