{"id":10171,"date":"2021-04-08T17:12:24","date_gmt":"2021-04-08T17:12:24","guid":{"rendered":"https:\/\/www.inventec.dehon.com\/product\/topklean-el-7\/"},"modified":"2026-01-16T16:49:25","modified_gmt":"2026-01-16T15:49:25","slug":"topklean-el-7","status":"publish","type":"product","link":"https:\/\/www.inventec.dehon.com\/fr\/product\/topklean-el-7\/","title":{"rendered":"TOPKLEAN EL 7"},"content":{"rendered":"<p><img decoding=\"async\" src=\"https:\/\/www.inventec.dehon.com\/wp-content\/uploads\/2021\/03\/TOPKLEAN-canister-yellow-1-600x600.jpg\" alt=\"TOPKLEAN EL 7\" class=\"responsive-img\" align=\"right\" style=\"border-radius:10px; margin-bottom:10px; margin-top:-10px; margin-left:15px; width:300px\" \/><\/p>\n<h2 style=\"color:#9bc947; margin-bottom:15px\">Nettoyant pour Stencils &#038; Imprimantes SMT<\/h2>\n<ul>\n<li>Nettoyage des pochoirs<\/li>\n<li>Proc\u00e9d\u00e9 automatis\u00e9 dans les imprimantes SMT<\/li>\n<li>Point \u00e9clair \u00e9lev\u00e9<\/li>\n<\/ul>\n<h5>TOPKLEAN EL 7<\/h5>\n<p>Est sp\u00e9cialement con\u00e7u pour \u00e9liminer tous les types de cr\u00e8me \u00e0 braser des pochoirs lors de l&rsquo;utilisation d&rsquo;une routine de nettoyage automatique incluse dans la plupart des <strong>imprimantes SMT<\/strong>. Son taux d&rsquo;\u00e9vaporation \u00e9lev\u00e9 permet un nettoyage rapide sans compromettre la s\u00e9quence de s\u00e9rigraphie suivante.<\/p>\n<p>Le <strong>TOPKLEAN EL 7<\/strong> pr\u00e9sente une excellente compatibilit\u00e9 avec les mat\u00e9riaux utilis\u00e9s pour les pochoirs et il est test\u00e9 et qualifi\u00e9 pour une utilisation dans les imprimantes MPM.<\/p>\n<p>Son point d&rsquo;\u00e9clair relativement \u00e9lev\u00e9 en fait un substitut s\u00fbr \u00e0 l&rsquo;IPA ou \u00e0 d&rsquo;autres fluides de nettoyage \u00e0 faible point d&rsquo;\u00e9clair.<\/p>\n<p>Il s&rsquo;agit d&rsquo;un produit pr\u00eat \u00e0 l&#8217;emploi.<\/p>\n<p><!-- SP\u00c9CIFICATIONS Section --><\/p>\n<div style=\"font-weight:bold; text-transform:uppercase; border-bottom:2px solid #9DBB2F; padding-bottom:6px; margin-bottom:10px;\">\n  SP\u00c9CIFICATIONS\n<\/div>\n<table width=\"100%\" cellpadding=\"0\" cellspacing=\"0\" style=\"border-collapse:collapse; width:100%; max-width:100%;\">\n<tr>\n<th align=\"left\" style=\"background:#7A7A7A; color:#fff; padding:8px 12px; border:1px solid #BDBDBD;\">SP\u00c9CIFICATIONS<\/th>\n<th align=\"left\" style=\"background:#7A7A7A; color:#fff; padding:8px 12px; border:1px solid #BDBDBD;\">VALEURS<\/th>\n<th align=\"left\" style=\"background:#7A7A7A; color:#fff; padding:8px 12px; border:1px solid #BDBDBD;\">M\u00c9THODE<\/th>\n<\/tr>\n<tr>\n<td style=\"padding:8px 12px; border:1px solid #BDBDBD;\">Aspect<\/td>\n<td style=\"padding:8px 12px; border:1px solid #BDBDBD;\">Transparent, incolore<\/td>\n<td style=\"padding:8px 12px; border:1px solid #BDBDBD;\">Visuelle<\/td>\n<\/tr>\n<tr style=\"background:#E6E6E6;\">\n<td style=\"padding:8px 12px; border:1px solid #BDBDBD;\">Masse volumique (g\/ml \u00e0 20\u00b0C)<\/td>\n<td style=\"padding:8px 12px; border:1px solid #BDBDBD;\">0.77 \u00b1 0.01<\/td>\n<td style=\"padding:8px 12px; border:1px solid #BDBDBD;\">BRY MO 028<\/td>\n<\/tr>\n<\/table>\n<p><!-- CARACT\u00c9RISTIQUES Section --><\/p>\n<div style=\"font-weight:bold; text-transform:uppercase; border-bottom:2px solid #9DBB2F; padding-bottom:6px; margin:30px 0 10px 0;\">\n  CARACT\u00c9RISTIQUES\n<\/div>\n<table width=\"100%\" cellpadding=\"0\" cellspacing=\"0\" style=\"border-collapse:collapse; width:100%; max-width:100%;\">\n<tr>\n<th align=\"left\" style=\"background:#7A7A7A; color:#fff; padding:8px 12px; border:1px solid #BDBDBD;\">CARACT\u00c9RISTIQUES<\/th>\n<th align=\"left\" style=\"background:#7A7A7A; color:#fff; padding:8px 12px; border:1px solid #BDBDBD;\">M\u00c9THODES<\/th>\n<\/tr>\n<tr>\n<td style=\"padding:8px 12px; border:1px solid #BDBDBD;\">Viscosit\u00e9 (mm\u00b2\/s)<\/td>\n<td style=\"padding:8px 12px; border:1px solid #BDBDBD;\">1,9<\/td>\n<\/tr>\n<tr style=\"background:#E6E6E6;\">\n<td style=\"padding:8px 12px; border:1px solid #BDBDBD;\">Point \u00e9clair<\/td>\n<td style=\"padding:8px 12px; border:1px solid #BDBDBD;\">60\u00b0C \/ 140\u00b0F<\/td>\n<\/tr>\n<tr>\n<td style=\"padding:8px 12px; border:1px solid #BDBDBD;\">Tension de surface (mN\/m @20\u00b0C)<\/td>\n<td style=\"padding:8px 12px; border:1px solid #BDBDBD;\">23,5<\/td>\n<\/tr>\n<tr style=\"background:#E6E6E6;\">\n<td style=\"padding:8px 12px; border:1px solid #BDBDBD;\">Solubilit\u00e9 dans l&rsquo;eau<\/td>\n<td style=\"padding:8px 12px; border:1px solid #BDBDBD;\">Non soluble<\/td>\n<\/tr>\n<tr>\n<td style=\"padding:8px 12px; border:1px solid #BDBDBD;\">Vitesse d&rsquo;\u00e9vaporation relative (nBuAC)<\/td>\n<td style=\"padding:8px 12px; border:1px solid #BDBDBD;\">0,09<\/td>\n<\/tr>\n<tr style=\"background:#E6E6E6;\">\n<td style=\"padding:8px 12px; border:1px solid #BDBDBD;\">Rigidit\u00e9 di\u00e9lectrique (KV\/cm)<\/td>\n<td style=\"padding:8px 12px; border:1px solid #BDBDBD;\">200<\/td>\n<\/tr>\n<tr>\n<td style=\"padding:8px 12px; border:1px solid #BDBDBD;\">Intervalle de distillation (\u00b0C\/\u00b0F)<\/td>\n<td style=\"padding:8px 12px; border:1px solid #BDBDBD;\">187-212\u00b0C \/ 368-413\u00b0F<\/td>\n<\/tr>\n<\/table>\n","protected":false},"excerpt":{"rendered":"<ul>\n<li>Nettoyage des pochoirs<\/li>\n<li>Proc\u00e9d\u00e9 automatis\u00e9 dans les imprimantes SMT<\/li>\n<li>Point \u00e9clair \u00e9lev\u00e9<\/li>\n<\/ul>\n<p><a href=\"https:\/\/www.inventec.dehon.com\/wp-content\/uploads\/2021\/04\/Capture-decran-2024-06-13-142210.png\"><img decoding=\"async\" class=\"alignleft size-full wp-image-17538\" src=\"https:\/\/www.inventec.dehon.com\/wp-content\/uploads\/2021\/04\/Capture-decran-2024-06-13-142210.png\" alt=\"\" width=\"297\" height=\"274\" \/><\/a><\/p>\n","protected":false},"featured_media":24444,"comment_status":"closed","ping_status":"closed","template":"","meta":{"_acf_changed":false,"inline_featured_image":false},"product_brand":[],"product_cat":[2823],"product_tag":[2103,2102,4361,4438,4439,4184,4461,4457,4329,2038,2101],"class_list":{"0":"post-10171","1":"product","2":"type-product","3":"status-publish","4":"has-post-thumbnail","6":"product_cat-nettoyage-erreurs-impression-pochoirs-electronique-et-semiconducteur","7":"product_tag-el-fr","8":"product_tag-el-7-fr","9":"product_tag-impression-defectueuse","10":"product_tag-imprimante-cms","11":"product_tag-imprimantes-cms","12":"product_tag-liquides-de-nettoyage-solvants-fr","13":"product_tag-nettoyage-de-pochoir","14":"product_tag-pochoir","15":"product_tag-point-declair-eleve","16":"product_tag-topklean-fr","17":"product_tag-topklean-el-7-fr","18":"pa_application-pochoirs-defauts-dimpression","19":"pa_brand-topklean-fr-2","20":"pa_product-category-liquides-de-nettoyage-solvants","22":"first","23":"instock","24":"shipping-taxable","25":"product-type-simple"},"acf":[],"_links":{"self":[{"href":"https:\/\/www.inventec.dehon.com\/fr\/wp-json\/wp\/v2\/product\/10171","targetHints":{"allow":["GET"]}}],"collection":[{"href":"https:\/\/www.inventec.dehon.com\/fr\/wp-json\/wp\/v2\/product"}],"about":[{"href":"https:\/\/www.inventec.dehon.com\/fr\/wp-json\/wp\/v2\/types\/product"}],"replies":[{"embeddable":true,"href":"https:\/\/www.inventec.dehon.com\/fr\/wp-json\/wp\/v2\/comments?post=10171"}],"wp:featuredmedia":[{"embeddable":true,"href":"https:\/\/www.inventec.dehon.com\/fr\/wp-json\/wp\/v2\/media\/24444"}],"wp:attachment":[{"href":"https:\/\/www.inventec.dehon.com\/fr\/wp-json\/wp\/v2\/media?parent=10171"}],"wp:term":[{"taxonomy":"product_brand","embeddable":true,"href":"https:\/\/www.inventec.dehon.com\/fr\/wp-json\/wp\/v2\/product_brand?post=10171"},{"taxonomy":"product_cat","embeddable":true,"href":"https:\/\/www.inventec.dehon.com\/fr\/wp-json\/wp\/v2\/product_cat?post=10171"},{"taxonomy":"product_tag","embeddable":true,"href":"https:\/\/www.inventec.dehon.com\/fr\/wp-json\/wp\/v2\/product_tag?post=10171"}],"curies":[{"name":"wp","href":"https:\/\/api.w.org\/{rel}","templated":true}]}}