{"id":10157,"date":"2021-04-16T08:45:28","date_gmt":"2021-04-16T08:45:28","guid":{"rendered":"https:\/\/www.inventec.dehon.com\/product\/3m-novec-7200\/"},"modified":"2026-01-30T09:39:51","modified_gmt":"2026-01-30T08:39:51","slug":"3m-novec-7200","status":"publish","type":"product","link":"https:\/\/www.inventec.dehon.com\/fr\/product\/3m-novec-7200\/","title":{"rendered":"3M NOVEC 7200"},"content":{"rendered":"<p><img decoding=\"async\" src=\"https:\/\/www.inventec.dehon.com\/wp-content\/uploads\/2021\/04\/Novec-drum-colorless.phase-outpng-1-600x600.jpg\" alt=\"3M NOVEC 7200\" class=\"responsive-img\" align=\"right\" style=\"border-radius:10px; margin-bottom:10px; margin-top:-10px; margin-left:15px; width:300px\" \/><\/p>\n<h2 style=\"color: #9bc947; margin-bottom: 15px;\">Nettoyant solvants<\/h2>\n<ul>\n<li>Solvant pour l&rsquo;\u00e9limination des huiles l\u00e9g\u00e8res et des particules, rin\u00e7age et s\u00e9chage rapide sans taches.<\/li>\n<li>Mono-solvant, Co-solvant, processus de rin\u00e7age et de s\u00e9chage<\/li>\n<li>Tr\u00e8s faible impact HSE &amp; tr\u00e8s faible tension de surface <span style=\"color:#FFFFFF;\">3M Novec 7200<\/span><\/li>\n<\/ul>\n<hr \/>\n<h4>AVIS IMPORTANT :<BR> RETRAIT DES PRODUITS 3M\u2122<\/h4>\n<p>\u26a0\ufe0f 3M\u2122 a annonc\u00e9 en d\u00e9cembre 2022 que tous les produits Novec\u2122 seraient progressivement retir\u00e9s et ne seront plus disponibles d&rsquo;ici la fin de 2025. Pas de panique, Inventec propose un remplacement direct pour ce produit, mais nous vous recommandons de nous contacter d\u00e8s que possible afin de minimiser les interruptions de fourniture.<\/p>\n<p>Si vous souhaitez en savoir plus sur le retrait des produits 3M\u2122, cliquez sur ce <a href=\"https:\/\/www.inventec.dehon.com\/fr\/a-la-recherche-de-solutions-de-remplacement-aux-produits-3m-novec\/\">lien<\/a>.<\/p>\n<p>NOS ALTERNATIVES :<\/p>\n<ul>\n<li><a href=\"https:\/\/www.inventec.dehon.com\/fr\/product\/promosolv-dr3\/\">PROMOSOLV DR3<\/a><\/li>\n<li><a href=\"https:\/\/www.inventec.dehon.com\/fr\/product\/promosolv-neo-a1\/\">PROMOSOLV NEO A1<\/a> -> SANS GWP &amp; SANS PFAS<\/li>\n<\/ul>\n<hr \/>\n<h5>3M Novec 7200<\/h5>\n<p><strong>3M Novec 7200<\/strong> Engineered Fluid, \u00e9thoxy-nonafluorobutane (C4F9OC2H5), est un fluide clair, incolore et peu odorant destin\u00e9 \u00e0 remplacer les substances appauvrissant la couche d&rsquo;ozone (SACO), les compos\u00e9s \u00e0 fort potentiel de r\u00e9chauffement global (PRG) et les mat\u00e9riaux chlor\u00e9s dans de nombreuses applications. Ce fluide brevet\u00e9 n&rsquo;a aucun potentiel d&rsquo;appauvrissement de la couche d&rsquo;ozone et poss\u00e8de d&rsquo;autres propri\u00e9t\u00e9s environnementales favorables.<\/p>\n<p>Le fluide <strong>Novec 7200<\/strong> a un point d&rsquo;\u00e9bullition plus \u00e9lev\u00e9 que la plupart des CFC, HCFC et HFC, ce qui r\u00e9duit les pertes par \u00e9vaporation. La faible tension de surface et la faible viscosit\u00e9 du fluide <strong>Novec 7200<\/strong> en font un produit id\u00e9al pour les applications de d\u00e9graissage \u00e0 la vapeur et de nettoyage \u00e0 froid.<\/p>\n<p>En outre, sa stabilit\u00e9 chimique et thermique, son ininflammabilit\u00e9 et sa faible toxicit\u00e9 le rendent utile pour d&rsquo;autres applications industrielles telles que les solvants sp\u00e9ciaux et les applications de transfert de chaleur.<\/p>\n<p><a title=\"Letter from 3M - Inventec authorized distributor for EMEA area\" href=\"https:\/\/www.inventec.dehon.com\/wp-content\/uploads\/2021\/10\/3M-Authorized-EMEA-Distributor_Inventec.pdf\" target=\"_blank\" rel=\"noopener\">Letter from 3M &#8211; Inventec authorized distributor for EMEA area<\/a><\/p>\n<p><a href=\"https:\/\/inventec.dehon.com\/wp-content\/uploads\/2021\/04\/LOGO-3M-Novec.png\" rel=\"inv-colorbox\" title=\"3M NOVEC 7200\"><img decoding=\"async\" class=\"alignnone wp-image-2102 size-medium\" src=\"https:\/\/inventec.dehon.com\/wp-content\/uploads\/2021\/04\/LOGO-3M-Novec-300x150.png\" alt=\"3M Novec 7200\" width=\"300\" height=\"150\" srcset=\"https:\/\/www.inventec.dehon.com\/wp-content\/uploads\/2021\/04\/LOGO-3M-Novec-300x150.png 300w, https:\/\/www.inventec.dehon.com\/wp-content\/uploads\/2021\/04\/LOGO-3M-Novec.png 318w\" sizes=\"(max-width: 300px) 100vw, 300px\" \/><\/a><\/p>\n","protected":false},"excerpt":{"rendered":"<ul>\n<li>Solvant pour l&rsquo;\u00e9limination des huiles l\u00e9g\u00e8res et des particules, rin\u00e7age et s\u00e9chage rapide sans taches.<\/li>\n<li>Mono-solvant, Co-solvant, processus de rin\u00e7age et de s\u00e9chage<\/li>\n<li>Tr\u00e8s faible impact HSE &amp; tr\u00e8s faible tension de surface<\/li>\n<\/ul>\n<p><span style=\"color: #99cc00;\">Alternative:<small> <\/small><\/span><a href=\"https:\/\/www.inventec.dehon.com\/fr\/product\/promosolv-neo-a1\/\"><small>PROMOSOLV NEO A1<\/small><\/a><\/p>\n<p><a href=\"https:\/\/www.inventec.dehon.com\/fr\/a-la-recherche-de-solutions-de-remplacement-aux-produits-3m-novec\/\" class=\"btn btn-lg btn-primary rounded-pill\" style=\"margin-top:5px; color:#FFFFFF;\">Voir toutes les alternatives 3M Novec<\/a><\/p>\n","protected":false},"featured_media":15444,"comment_status":"closed","ping_status":"closed","template":"","meta":{"_acf_changed":false,"inline_featured_image":false},"product_brand":[],"product_cat":[953,2824,2825],"product_tag":[4393,4293,500],"class_list":{"0":"post-10157","1":"product","2":"type-product","3":"status-publish","4":"has-post-thumbnail","6":"industries-aerospatiale-defense","7":"industries-automobile","8":"industries-medical-fr","9":"product_cat-nettoyage","10":"product_cat-solutions-de-solvants-de-rincage","11":"product_cat-solutions-de-solvants-de-sechage","12":"product_tag-elimination-des-huiles-fr","13":"product_tag-sechage","14":"product_tag-solvant","15":"pa_brand-3m-novec-fr-2","16":"pa_features-recyclable","17":"pa_processes-co-solvant","18":"pa_processes-mono-solvant","19":"pa_processes-rincage-au-solvant","20":"pa_product-category-liquides-de-nettoyage-solvants","22":"first","23":"instock","24":"shipping-taxable","25":"product-type-simple"},"acf":[],"_links":{"self":[{"href":"https:\/\/www.inventec.dehon.com\/fr\/wp-json\/wp\/v2\/product\/10157","targetHints":{"allow":["GET"]}}],"collection":[{"href":"https:\/\/www.inventec.dehon.com\/fr\/wp-json\/wp\/v2\/product"}],"about":[{"href":"https:\/\/www.inventec.dehon.com\/fr\/wp-json\/wp\/v2\/types\/product"}],"replies":[{"embeddable":true,"href":"https:\/\/www.inventec.dehon.com\/fr\/wp-json\/wp\/v2\/comments?post=10157"}],"wp:featuredmedia":[{"embeddable":true,"href":"https:\/\/www.inventec.dehon.com\/fr\/wp-json\/wp\/v2\/media\/15444"}],"wp:attachment":[{"href":"https:\/\/www.inventec.dehon.com\/fr\/wp-json\/wp\/v2\/media?parent=10157"}],"wp:term":[{"taxonomy":"product_brand","embeddable":true,"href":"https:\/\/www.inventec.dehon.com\/fr\/wp-json\/wp\/v2\/product_brand?post=10157"},{"taxonomy":"product_cat","embeddable":true,"href":"https:\/\/www.inventec.dehon.com\/fr\/wp-json\/wp\/v2\/product_cat?post=10157"},{"taxonomy":"product_tag","embeddable":true,"href":"https:\/\/www.inventec.dehon.com\/fr\/wp-json\/wp\/v2\/product_tag?post=10157"}],"curies":[{"name":"wp","href":"https:\/\/api.w.org\/{rel}","templated":true}]}}