{"id":10156,"date":"2021-04-12T09:19:17","date_gmt":"2021-04-12T09:19:17","guid":{"rendered":"https:\/\/www.inventec.dehon.com\/product\/promoclean-tp-188\/"},"modified":"2026-01-27T14:20:38","modified_gmt":"2026-01-27T13:20:38","slug":"promoclean-tp-188","status":"publish","type":"product","link":"https:\/\/www.inventec.dehon.com\/fr\/product\/promoclean-tp-188\/","title":{"rendered":"PROMOCLEAN TP 188"},"content":{"rendered":"<p><img decoding=\"async\" src=\"https:\/\/www.inventec.dehon.com\/wp-content\/uploads\/2021\/04\/PROMOCLEAN-canister-blue.png\" alt=\"PROMOCLEAN TP 188\" class=\"responsive-img\" align=\"right\" style=\"border-radius:10px; margin-bottom:10px; margin-top:-10px; margin-left:15px; width:300px\" \/><\/p>\n<h2 style=\"color:#9bc947; margin-bottom:15px\">Con\u00e7u pour \u00e9liminer les vernis, r\u00e9sines, peintures, colles, encres et laques<\/h2>\n<ul>\n<li>D\u00e9capage des substances durcies ou polym\u00e9ris\u00e9es<\/li>\n<li>Processus d&rsquo;immersion, de rin\u00e7age et de co-solvants aqueux<\/li>\n<li>Substitution \u00e9cologique aux NMP et aux solvants chlor\u00e9s.<\/li>\n<\/ul>\n<h5>PROMOCLEAN TP 188<\/h5>\n<p>Est sp\u00e9cialement con\u00e7u pour d\u00e9caper les substances durcies ou polym\u00e9ris\u00e9es difficiles \u00e0 enlever comme les vernis, les r\u00e9sines, les peintures, les colles, les encres et les laques. Gr\u00e2ce \u00e0 sa grande solubilit\u00e9 dans les solvants organiques comme dans l&rsquo;eau, <strong>PROMOCLEAN TP 188<\/strong> peut \u00eatre utilis\u00e9 dans les proc\u00e9d\u00e9s d&rsquo;immersion et de rin\u00e7age aqueux mais aussi dans un proc\u00e9d\u00e9 de co-solvant s\u00e9par\u00e9. N&rsquo;ayant pas de pH, le m\u00e9dia de nettoyage n&rsquo;endommagera pas les m\u00e9taux ou alliages sensibles et peut \u00eatre utilis\u00e9 en toute s\u00e9curit\u00e9. Il s&rsquo;agit d&rsquo;un produit qui est g\u00e9n\u00e9ralement utilis\u00e9 pur mais qui peut \u00e9galement \u00eatre dilu\u00e9 avec de l&rsquo;eau DI pour certaines applications (par exemple l&rsquo;\u00e9limination de l&rsquo;encre).<\/p>\n<p>En ce qui concerne la durabilit\u00e9, <strong>PROMOCLEAN TP 188<\/strong> ne contient pas de CMR, de solvants aromatiques ou de compos\u00e9s chlor\u00e9s tels que n-m\u00e9thyl pyrrolidone, benz\u00e8ne ou chlorure de m\u00e9thyl\u00e8ne.<\/p>\n<div style=\"font-family:Lato; color:#333;\">\n<div style=\"font-weight:bold; text-transform:uppercase; border-bottom:2px solid #9DBB2F; padding-bottom:6px; margin-bottom:10px;\">\n    SP\u00c9CIFICATIONS\n  <\/div>\n<table width=\"100%\" cellpadding=\"0\" cellspacing=\"0\" style=\"border-collapse:collapse; width:100%; max-width:100%;\">\n<tr>\n<th align=\"left\" style=\"background:#7A7A7A; color:#fff; padding:8px 12px; border:1px solid #BDBDBD;\">\n        SP\u00c9CIFICATIONS\n      <\/th>\n<th align=\"left\" style=\"background:#7A7A7A; color:#fff; padding:8px 12px; border:1px solid #BDBDBD;\">\n        VALEURS\n      <\/th>\n<th align=\"left\" style=\"background:#7A7A7A; color:#fff; padding:8px 12px; border:1px solid #BDBDBD;\">\n        M\u00c9THODES\n      <\/th>\n<\/tr>\n<tr>\n<td style=\"padding:8px 12px; border:1px solid #BDBDBD;\">Aspect<\/td>\n<td style=\"padding:8px 12px; border:1px solid #BDBDBD;\">Jaune<\/td>\n<td style=\"padding:8px 12px; border:1px solid #BDBDBD;\">Visuel<\/td>\n<\/tr>\n<tr style=\"background:#E6E6E6;\">\n<td style=\"padding:8px 12px; border:1px solid #BDBDBD;\">Masse volumique \u00e0 20\u00b0C (g\/ml)<\/td>\n<td style=\"padding:8px 12px; border:1px solid #BDBDBD;\">1,040 \u00b1 0,010<\/td>\n<td style=\"padding:8px 12px; border:1px solid #BDBDBD;\">BRY-MO-028<\/td>\n<\/tr>\n<tr>\n<td style=\"padding:8px 12px; border:1px solid #BDBDBD;\">Teneur en eau (% poids)<\/td>\n<td style=\"padding:8px 12px; border:1px solid #BDBDBD;\">&lt;0,3<\/td>\n<td style=\"padding:8px 12px; border:1px solid #BDBDBD;\">BRY-MO-044<\/td>\n<\/tr>\n<\/table>\n<\/div>\n<div style=\"font-family:Lato; color:#333;\">\n<div style=\"font-weight:bold; text-transform:uppercase; border-bottom:2px solid #9DBB2F; padding-bottom:6px; margin:30px 0 10px;\">\n    CARACT\u00c9RISTIQUES\n  <\/div>\n<table width=\"100%\" cellpadding=\"0\" cellspacing=\"0\" style=\"border-collapse:collapse; width:100%; max-width:100%;\">\n<tr>\n<th align=\"left\" style=\"background:#7A7A7A; color:#fff; padding:8px 12px; border:1px solid #BDBDBD;\">\n        CARACT\u00c9RISTIQUES\n      <\/th>\n<th align=\"left\" style=\"background:#7A7A7A; color:#fff; padding:8px 12px; border:1px solid #BDBDBD;\">\n        VALEURS\n      <\/th>\n<\/tr>\n<tr>\n<td style=\"padding:8px 12px; border:1px solid #BDBDBD;\">Solubilit\u00e9 \u00e0 l\u2019eau<\/td>\n<td style=\"padding:8px 12px; border:1px solid #BDBDBD;\">Totale<\/td>\n<\/tr>\n<tr style=\"background:#E6E6E6;\">\n<td style=\"padding:8px 12px; border:1px solid #BDBDBD;\">Solubilit\u00e9 \u00e0 l\u2019alcool<\/td>\n<td style=\"padding:8px 12px; border:1px solid #BDBDBD;\">Totale<\/td>\n<\/tr>\n<tr>\n<td style=\"padding:8px 12px; border:1px solid #BDBDBD;\">Point d&rsquo;\u00e9clair (\u00b0C \/ \u00b0F)<\/td>\n<td style=\"padding:8px 12px; border:1px solid #BDBDBD;\">+84\u00b0C \/ +183\u00b0F<\/td>\n<\/tr>\n<\/table>\n<\/div>\n","protected":false},"excerpt":{"rendered":"<ul>\n<li>D\u00e9capage des substances durcies ou polym\u00e9ris\u00e9es<\/li>\n<li>Processus d&rsquo;immersion, de rin\u00e7age et de co-solvants aqueux<\/li>\n<li>Substitution \u00e9cologique aux NMP et aux solvants chlor\u00e9s.<\/li>\n<\/ul>\n","protected":false},"featured_media":2431,"comment_status":"closed","ping_status":"closed","template":"","meta":{"_acf_changed":false,"inline_featured_image":false},"product_brand":[],"product_cat":[694,2832,2833,560],"product_tag":[2138,4281,4747,4751,4237,4325,4257,4261,4253,4421,2136,4429,4794,2060,2137,4469],"class_list":{"0":"post-10156","1":"product","2":"type-product","3":"status-publish","4":"has-post-thumbnail","6":"industries-aerospatiale-defense","7":"industries-automobile","8":"industries-medical-fr","9":"product_cat-decapage-desoxydation","10":"product_cat-elimination-pate-a-polir-apres-polissage","11":"product_cat-elimination-des-polymeres-resines","12":"product_cat-solutions-de-fabrication-additive","13":"product_tag-188-fr","14":"product_tag-co-solvant","15":"product_tag-elimination-de-polymeres","16":"product_tag-elimination-de-resines","17":"product_tag-fabrication-additive-fr","18":"product_tag-greenway","19":"product_tag-immersion-aqueuse","20":"product_tag-immersion-aqueuse-ultrasonique","21":"product_tag-liquides-de-nettoyage-aqueux-fr","22":"product_tag-polymere-fr","23":"product_tag-promoclean-tp-188-fr","24":"product_tag-resines","25":"product_tag-rincage","26":"product_tag-tp-fr","27":"product_tag-tp-188-fr","28":"product_tag-ultrason","29":"pa_application-elimination-des-polymeres-resines","30":"pa_application-solutions-pour-fabrication-additive","31":"pa_brand-promoclean-fr","32":"pa_features-greenway","33":"pa_processes-chasse-deau","34":"pa_processes-co-solvant","35":"pa_processes-immersion-ultrasonique-aqueuse","36":"pa_product-category-liquides-de-nettoyage-aqueux","38":"first","39":"instock","40":"shipping-taxable","41":"product-type-simple"},"acf":[],"_links":{"self":[{"href":"https:\/\/www.inventec.dehon.com\/fr\/wp-json\/wp\/v2\/product\/10156","targetHints":{"allow":["GET"]}}],"collection":[{"href":"https:\/\/www.inventec.dehon.com\/fr\/wp-json\/wp\/v2\/product"}],"about":[{"href":"https:\/\/www.inventec.dehon.com\/fr\/wp-json\/wp\/v2\/types\/product"}],"replies":[{"embeddable":true,"href":"https:\/\/www.inventec.dehon.com\/fr\/wp-json\/wp\/v2\/comments?post=10156"}],"wp:featuredmedia":[{"embeddable":true,"href":"https:\/\/www.inventec.dehon.com\/fr\/wp-json\/wp\/v2\/media\/2431"}],"wp:attachment":[{"href":"https:\/\/www.inventec.dehon.com\/fr\/wp-json\/wp\/v2\/media?parent=10156"}],"wp:term":[{"taxonomy":"product_brand","embeddable":true,"href":"https:\/\/www.inventec.dehon.com\/fr\/wp-json\/wp\/v2\/product_brand?post=10156"},{"taxonomy":"product_cat","embeddable":true,"href":"https:\/\/www.inventec.dehon.com\/fr\/wp-json\/wp\/v2\/product_cat?post=10156"},{"taxonomy":"product_tag","embeddable":true,"href":"https:\/\/www.inventec.dehon.com\/fr\/wp-json\/wp\/v2\/product_tag?post=10156"}],"curies":[{"name":"wp","href":"https:\/\/api.w.org\/{rel}","templated":true}]}}