{"id":10151,"date":"2021-05-11T08:57:20","date_gmt":"2021-05-11T08:57:20","guid":{"rendered":"https:\/\/www.inventec.dehon.com\/product\/3m-novec-2704\/"},"modified":"2026-01-19T16:21:52","modified_gmt":"2026-01-19T15:21:52","slug":"3m-novec-2704","status":"publish","type":"product","link":"https:\/\/www.inventec.dehon.com\/fr\/product\/3m-novec-2704\/","title":{"rendered":"3M NOVEC 2704"},"content":{"rendered":"<p><img decoding=\"async\" src=\"https:\/\/www.inventec.dehon.com\/wp-content\/uploads\/2021\/04\/Novec-drum-colorless.phase-outpng-1-600x600.jpg\" alt=\"3M NOVEC 2704\" class=\"responsive-img\" align=\"right\" style=\"border-radius:10px; margin-bottom:10px; margin-top:-10px; margin-left:15px; width:300px\" \/><\/p>\n<h2 style=\"color: #9bc947; margin-bottom: 15px;\">Ultra-fin rev\u00eatement de qualit\u00e9 \u00e9lectronique<\/h2>\n<ul>\n<li>Rev\u00eatement hydrophobe et ol\u00e9ophobe ultra-fin avec traceur UV<\/li>\n<li>Proc\u00e9d\u00e9 de trempage et de pulv\u00e9risation<\/li>\n<li>Processus simple et rapide <span style=\"color:#FFFFFF;\">3M Novec 2704<\/span><\/li>\n<\/ul>\n<hr \/>\n<h4>AVIS IMPORTANT :<BR> DISPARITION DES PRODUITS 3M\u2122<\/h4>\n<p>\u26a0\ufe0f 3M\u2122 a annonc\u00e9 en d\u00e9cembre 2022 que tous les produits Novec\u2122 seront supprim\u00e9s et ne seront plus disponibles d&rsquo;ici fin 2025. Pas de souci, Inventec propose un produit de remplacement direct, mais nous vous recommandons de nous contacter d\u00e8s que possible afin de minimiser les interruptions de fourniture.<\/p>\n<p>Si vous souhaitez en savoir plus sur la suppression des produits 3M\u2122, cliquez sur ce <a href=\"https:\/\/www.inventec.dehon.com\/fr\/a-la-recherche-de-solutions-de-remplacement-aux-produits-3m-novec\/solutions-de-revetement-pour-remplacer-les-produits-3m-novec\/\">lien<\/a>.<\/p>\n<p>NOTRE ALTERNATIVE(S) :<\/p>\n<ul>\n<li><a href=\"https:\/\/www.inventec.dehon.com\/fr\/product\/promosolv-coat-ut10-uv\/\">PROMOSOLV COAT UT10-UV<\/a><\/li>\n<\/ul>\n<hr \/>\n<h5>3M Novec 2704<\/h5>\n<p><strong>3M Novec 2704<\/strong> Electronic Grade Coating (EGC) est un polym\u00e8re fluor\u00e9 \u00e0 un seul composant dilu\u00e9 dans du <strong>3M Novec 7200<\/strong> Engineered Fluide, un solvant hydrofluoro\u00e9ther s\u00e9par\u00e9, fournissant une solution de rev\u00eatement \u00e0 faible viscosit\u00e9 et faible tension superficielle. Con\u00e7u pour l&rsquo;humidit\u00e9 et la protection contre la corrosion des cartes de circuits imprim\u00e9s et des composants \u00e9lectroniques, il s\u00e8che en un rev\u00eatement ultrafin et transparent avec des propri\u00e9t\u00e9s de protection contre la corrosion. d&rsquo;excellentes propri\u00e9t\u00e9s hydrophobes et ol\u00e9ophobes. Il n&rsquo;a pas besoin de durcir et est facile \u00e0 appliquer.<\/p>\n<p>Le rev\u00eatement <strong>3M Novec 2704<\/strong> n&rsquo;est pasinflammable, n&rsquo;appauvrit pas la couche d\u2019ozone, est peu toxique, a un faible PRP, est conforme \u00e0 la directive RoHS et a une faible teneur en COV.* Le rev\u00eatement contient une substance jaune-un colorant orange int\u00e9gr\u00e9 au polym\u00e8re et con\u00e7u pour devenir fluorescent sous la lumi\u00e8re UV afin de faciliter l\u2019inspection du rev\u00eatement et de sa qualit\u00e9. le contr\u00f4le du processus de rev\u00eatement.<\/p>\n<p><a title=\"Letter from 3M - Inventec authorized distributor for EMEA area\" href=\"https:\/\/www.inventec.dehon.com\/wp-content\/uploads\/2021\/10\/3M-Authorized-EMEA-Distributor_Inventec.pdf\" target=\"_blank\" rel=\"noopener\">Letter from 3M &#8211; Inventec authorized distributor for EMEA area<\/a><\/p>\n<p><a href=\"https:\/\/inventec.dehon.com\/wp-content\/uploads\/2021\/04\/LOGO-3M-Novec.png\" rel=\"inv-colorbox\" title=\"3M NOVEC 2704\"><img decoding=\"async\" class=\"alignnone wp-image-2102 size-medium\" src=\"https:\/\/inventec.dehon.com\/wp-content\/uploads\/2021\/04\/LOGO-3M-Novec-300x150.png\" alt=\"3M Novec 2704\" width=\"300\" height=\"150\" srcset=\"https:\/\/www.inventec.dehon.com\/wp-content\/uploads\/2021\/04\/LOGO-3M-Novec-300x150.png 300w, https:\/\/www.inventec.dehon.com\/wp-content\/uploads\/2021\/04\/LOGO-3M-Novec.png 318w\" sizes=\"(max-width: 300px) 100vw, 300px\" \/><\/a><\/p>\n","protected":false},"excerpt":{"rendered":"<ul>\n<li>Rev\u00eatement hydrophobe et ol\u00e9ophobe ultra-fin avec traceur UV<\/li>\n<li>Proc\u00e9d\u00e9 de trempage et de pulv\u00e9risation<\/li>\n<li>Processus simple et rapide<\/li>\n<\/ul>\n<p><span style=\"color: #99cc00;\">Alternative:<\/span> <a href=\"https:\/\/www.inventec.dehon.com\/fr\/product\/promosolv-coat-ut10-uv\/\"><small>PROMOSOLV COAT UT10-UV<\/small><\/a><\/p>\n<p><a href=\"https:\/\/www.inventec.dehon.com\/fr\/a-la-recherche-de-solutions-de-remplacement-aux-produits-3m-novec\/\" class=\"btn btn-lg btn-primary rounded-pill\" style=\"margin-top:5px; color:#FFFFFF;\">Voir toutes les alternatives 3M Novec<\/a><\/p>\n","protected":false},"featured_media":15444,"comment_status":"closed","ping_status":"closed","template":"","meta":{"_acf_changed":false,"inline_featured_image":false},"product_brand":[],"product_cat":[951,904],"product_tag":[1919,1903,1901,1918,4277,4666],"class_list":{"0":"post-10151","1":"product","2":"type-product","3":"status-publish","4":"has-post-thumbnail","6":"industries-appareils-auditifs","7":"industries-eclairage","8":"product_cat-revetements","9":"product_cat-revetements-ultra-fins","10":"product_tag-2704-fr","11":"product_tag-3m-fr","12":"product_tag-3m-novec-fr","13":"product_tag-3m-novec-2704-fr","14":"product_tag-revetements-fr","15":"product_tag-revetements-ultra-fins-fr","16":"pa_application-pcb-composants-electroniques","17":"pa_brand-3m-novec-fr-2","18":"pa_features-reparable-par-soudure-traversante","19":"pa_features-traceur-uv","20":"pa_processes-ppplication-au-pinceau","21":"pa_processes-application-par-pulverisation-selective","22":"pa_processes-application-par-trempage","23":"pa_processes-polymerisation-a-temperature-ambiante","24":"pa_product-category-revetements-ultra-fins","26":"first","27":"instock","28":"shipping-taxable","29":"product-type-simple"},"acf":[],"_links":{"self":[{"href":"https:\/\/www.inventec.dehon.com\/fr\/wp-json\/wp\/v2\/product\/10151","targetHints":{"allow":["GET"]}}],"collection":[{"href":"https:\/\/www.inventec.dehon.com\/fr\/wp-json\/wp\/v2\/product"}],"about":[{"href":"https:\/\/www.inventec.dehon.com\/fr\/wp-json\/wp\/v2\/types\/product"}],"replies":[{"embeddable":true,"href":"https:\/\/www.inventec.dehon.com\/fr\/wp-json\/wp\/v2\/comments?post=10151"}],"wp:featuredmedia":[{"embeddable":true,"href":"https:\/\/www.inventec.dehon.com\/fr\/wp-json\/wp\/v2\/media\/15444"}],"wp:attachment":[{"href":"https:\/\/www.inventec.dehon.com\/fr\/wp-json\/wp\/v2\/media?parent=10151"}],"wp:term":[{"taxonomy":"product_brand","embeddable":true,"href":"https:\/\/www.inventec.dehon.com\/fr\/wp-json\/wp\/v2\/product_brand?post=10151"},{"taxonomy":"product_cat","embeddable":true,"href":"https:\/\/www.inventec.dehon.com\/fr\/wp-json\/wp\/v2\/product_cat?post=10151"},{"taxonomy":"product_tag","embeddable":true,"href":"https:\/\/www.inventec.dehon.com\/fr\/wp-json\/wp\/v2\/product_tag?post=10151"}],"curies":[{"name":"wp","href":"https:\/\/api.w.org\/{rel}","templated":true}]}}