{"id":10139,"date":"2021-04-12T13:34:27","date_gmt":"2021-04-12T13:34:27","guid":{"rendered":"https:\/\/www.inventec.dehon.com\/product\/pca-kit-promoclean-disper-2\/"},"modified":"2025-01-14T08:46:33","modified_gmt":"2025-01-14T08:46:33","slug":"pca-kit-promoclean-disper-2","status":"publish","type":"product","link":"https:\/\/www.inventec.dehon.com\/fr\/product\/pca-kit-promoclean-disper-2\/","title":{"rendered":"PCA KIT PROMOCLEAN DISPER 2"},"content":{"rendered":"<h2 style=\"color: #9bc947; margin-bottom: 15px;\">Assurance d&rsquo;une qualit\u00e9 de nettoyage constante<\/h2>\n<ul>\n<li>Kit d&rsquo;analyse du contr\u00f4le des processus<\/li>\n<\/ul>\n<h5>PCA KIT PROMOCLEAN DISPER 2<\/h5>\n<p><img decoding=\"async\" class=\"alignleft\" src=\"https:\/\/www.inventec.dehon.com\/wp-content\/uploads\/2021\/03\/Inventec-PCA-Kit-300x234.jpg\" alt=\"PCA KIT PROMOCLEAN DISPER 2\" width=\"150\" \/><br \/>\nGr\u00e2ce au <strong>PCA KIT d&rsquo;INVENTEC<\/strong>, la concentration du bain peut \u00eatre mesur\u00e9e et ainsi \u00eatre ajust\u00e9e rapidement si n\u00e9cessaire. Manipuler et contr\u00f4ler r\u00e9guli\u00e8rement le processus de nettoyage de cette mani\u00e8re donne la garantie d&rsquo;une qualit\u00e9 de nettoyage en ligne droite, d&rsquo;une production r\u00e9guli\u00e8re et aussi d&rsquo;une pr\u00e9vention du bain de nettoyage.<\/p>\n","protected":false},"excerpt":{"rendered":"<ul>\n<li>Kit d&rsquo;analyse du contr\u00f4le des processus<\/li>\n<\/ul>\n","protected":false},"featured_media":1837,"comment_status":"closed","ping_status":"closed","template":"","meta":{"_acf_changed":false,"inline_featured_image":false},"product_brand":[],"product_cat":[953],"product_tag":[2022,2116,4453,4265],"class_list":{"0":"post-10139","1":"product","2":"type-product","3":"status-publish","4":"has-post-thumbnail","6":"product_cat-nettoyage","7":"product_tag-disper-fr","8":"product_tag-disper-2-fr","9":"product_tag-pulverisation","10":"product_tag-pulverisation-aqueuse","11":"pa_brand-promoclean-fr","12":"pa_processes-spray-a-base-deau","13":"pa_product-category-analyser-les-outils","15":"first","16":"instock","17":"shipping-taxable","18":"product-type-simple"},"acf":[],"_links":{"self":[{"href":"https:\/\/www.inventec.dehon.com\/fr\/wp-json\/wp\/v2\/product\/10139","targetHints":{"allow":["GET"]}}],"collection":[{"href":"https:\/\/www.inventec.dehon.com\/fr\/wp-json\/wp\/v2\/product"}],"about":[{"href":"https:\/\/www.inventec.dehon.com\/fr\/wp-json\/wp\/v2\/types\/product"}],"replies":[{"embeddable":true,"href":"https:\/\/www.inventec.dehon.com\/fr\/wp-json\/wp\/v2\/comments?post=10139"}],"wp:featuredmedia":[{"embeddable":true,"href":"https:\/\/www.inventec.dehon.com\/fr\/wp-json\/wp\/v2\/media\/1837"}],"wp:attachment":[{"href":"https:\/\/www.inventec.dehon.com\/fr\/wp-json\/wp\/v2\/media?parent=10139"}],"wp:term":[{"taxonomy":"product_brand","embeddable":true,"href":"https:\/\/www.inventec.dehon.com\/fr\/wp-json\/wp\/v2\/product_brand?post=10139"},{"taxonomy":"product_cat","embeddable":true,"href":"https:\/\/www.inventec.dehon.com\/fr\/wp-json\/wp\/v2\/product_cat?post=10139"},{"taxonomy":"product_tag","embeddable":true,"href":"https:\/\/www.inventec.dehon.com\/fr\/wp-json\/wp\/v2\/product_tag?post=10139"}],"curies":[{"name":"wp","href":"https:\/\/api.w.org\/{rel}","templated":true}]}}