{"id":10132,"date":"2021-04-07T13:40:45","date_gmt":"2021-04-07T13:40:45","guid":{"rendered":"https:\/\/www.inventec.dehon.com\/product\/promoclean-tp-1114\/"},"modified":"2026-01-27T15:58:46","modified_gmt":"2026-01-27T14:58:46","slug":"promoclean-tp-1114","status":"publish","type":"product","link":"https:\/\/www.inventec.dehon.com\/fr\/product\/promoclean-tp-1114\/","title":{"rendered":"PROMOCLEAN TP 1114"},"content":{"rendered":"<p><img decoding=\"async\" src=\"https:\/\/www.inventec.dehon.com\/wp-content\/uploads\/2021\/04\/PROMOCLEAN-canister-blue.png\" alt=\"PROMOCLEAN TP 1114\" class=\"responsive-img\" align=\"right\" style=\"border-radius:10px; margin-bottom:10px; margin-top:-10px; margin-left:15px; width:300px\" \/><\/p>\n<h2 style=\"color:#9bc947; margin-bottom:15px\">\u00c9limination des p\u00e2tes et des huiles de polissage <\/h2>\n<ul>\n<li>Enl\u00e8vement des p\u00e2tes et huiles de polissage sur les pi\u00e8ces m\u00e9talliques<\/li>\n<li>Proc\u00e9d\u00e9 d&rsquo;immersion aqueuse par ultrasons<\/li>\n<li>Tr\u00e8s longue dur\u00e9e de vie des bains et protection temporaire<\/li>\n<\/ul>\n<h5>PROMOCLEAN TP 1114<\/h5>\n<p>Sp\u00e9cialement con\u00e7u pour l&rsquo;\u00e9limination des p\u00e2tes \u00e0 polir, des huiles hydrocarbon\u00e9es et hydrosolubles. Il est destin\u00e9 au proc\u00e9d\u00e9 d&rsquo;immersion aqueuse avec agitation par ultrasons.  Gr\u00e2ce \u00e0 son pH neutre, il n&rsquo;endommage pas la plupart des alliages ferreux et non ferreux sensibles, comme l&rsquo;Inox, l&rsquo;Aluminium, le Titane, le Cuivre, le Laiton. Il peut \u00e9galement \u00eatre utilis\u00e9 sur des m\u00e9taux pr\u00e9cieux tels que l&rsquo;or et l&rsquo;argent. <\/p>\n<p>De plus, le <strong>PROMOCLEAN TP 1114<\/strong> offre une protection temporaire contre la corrosion gr\u00e2ce \u00e0 ses propri\u00e9t\u00e9s de passivation. Cela rend le produit particuli\u00e8rement adapt\u00e9 \u00e0 l&rsquo;inter-op\u00e9ration avant l&rsquo;\u00e9tape op\u00e9rationnelle suivante, laissant les pi\u00e8ces prot\u00e9g\u00e9es pendant 1 \u00e0 3 jours (selon le niveau local d&rsquo;humidit\u00e9 et de temp\u00e9rature). <\/p>\n<p>Dans le cas o\u00f9 un niveau de protection temporaire plus \u00e9lev\u00e9 est n\u00e9cessaire, nous vous recommandons le  <a href=\"https:\/\/www.inventec.dehon.com\/fr\/product\/promoclean-tp-1117\/\">PROMOCLEAN TP 1117<\/a>.<\/p>\n<p><strong>PROMOCLEAN TP 1114<\/strong> est qualifi\u00e9 et utilis\u00e9 par plusieurs acteurs dans la fabrication de montres de luxe, de bijoux et de pi\u00e8ces m\u00e9dicales.<\/p>\n<div style=\"font-family:Lato; color:#333;\">\n<div style=\"font-weight:bold; text-transform:uppercase; border-bottom:2px solid #9DBB2F; padding-bottom:6px; margin-bottom:10px;\">\n    SP\u00c9CIFICATIONS\n  <\/div>\n<table width=\"100%\" cellpadding=\"0\" cellspacing=\"0\" style=\"border-collapse:collapse; width:100%; max-width:100%;\">\n<tr>\n<th align=\"left\" style=\"background:#7A7A7A; color:#fff; padding:8px 12px; border:1px solid #BDBDBD;\">\n        SP\u00c9CIFICATIONS\n      <\/th>\n<th align=\"left\" style=\"background:#7A7A7A; color:#fff; padding:8px 12px; border:1px solid #BDBDBD;\">\n        VALEURS\n      <\/th>\n<th align=\"left\" style=\"background:#7A7A7A; color:#fff; padding:8px 12px; border:1px solid #BDBDBD;\">\n        METHODES\n      <\/th>\n<\/tr>\n<tr>\n<td style=\"padding:8px 12px; border:1px solid #BDBDBD;\">Aspect<\/td>\n<td style=\"padding:8px 12px; border:1px solid #BDBDBD;\">Marron clair<\/td>\n<td style=\"padding:8px 12px; border:1px solid #BDBDBD;\">Visuelle<\/td>\n<\/tr>\n<tr style=\"background:#E6E6E6;\">\n<td style=\"padding:8px 12px; border:1px solid #BDBDBD;\">Masse volumique \u00e0 20\u00b0C (g\/ml)<\/td>\n<td style=\"padding:8px 12px; border:1px solid #BDBDBD;\">1,05 \u00b1 0,01<\/td>\n<td style=\"padding:8px 12px; border:1px solid #BDBDBD;\">BRY-MO-028<\/td>\n<\/tr>\n<tr>\n<td style=\"padding:8px 12px; border:1px solid #BDBDBD;\">pH du produit pur<\/td>\n<td style=\"padding:8px 12px; border:1px solid #BDBDBD;\">11,0 \u00b1 0,5<\/td>\n<td style=\"padding:8px 12px; border:1px solid #BDBDBD;\">BRY-MO-011<\/td>\n<\/tr>\n<tr style=\"background:#E6E6E6;\">\n<td style=\"padding:8px 12px; border:1px solid #BDBDBD;\">pH \u00e0 1%<\/td>\n<td style=\"padding:8px 12px; border:1px solid #BDBDBD;\">10,1 \u00b1 0,5<\/td>\n<td style=\"padding:8px 12px; border:1px solid #BDBDBD;\">BRY-MO-011<\/td>\n<\/tr>\n<\/table>\n<\/div>\n<div style=\"font-family:Lato; color:#333;\">\n<div style=\"font-weight:bold; text-transform:uppercase; border-bottom:2px solid #9DBB2F; padding-bottom:6px; margin:30px 0 10px;\">\n    CARACT\u00c9RISTIQUES\n  <\/div>\n<table width=\"100%\" cellpadding=\"0\" cellspacing=\"0\" style=\"border-collapse:collapse; width:100%; max-width:100%;\">\n<tr>\n<th align=\"left\" style=\"background:#7A7A7A; color:#fff; padding:8px 12px; border:1px solid #BDBDBD;\">\n        CARACT\u00c9RISTIQUES\n      <\/th>\n<th align=\"left\" style=\"background:#7A7A7A; color:#fff; padding:8px 12px; border:1px solid #BDBDBD;\">\n        VALEURS\n      <\/th>\n<\/tr>\n<tr>\n<td style=\"padding:8px 12px; border:1px solid #BDBDBD;\">Solubilit\u00e9 dans l&rsquo;eau<\/td>\n<td style=\"padding:8px 12px; border:1px solid #BDBDBD;\">Totalement soluble<\/td>\n<\/tr>\n<tr style=\"background:#E6E6E6;\">\n<td style=\"padding:8px 12px; border:1px solid #BDBDBD;\">Tension de surface \u00e0 1%<\/td>\n<td style=\"padding:8px 12px; border:1px solid #BDBDBD;\">28 dynes\/cm2<\/td>\n<\/tr>\n<\/table>\n<\/div>\n","protected":false},"excerpt":{"rendered":"<ul>\n<li>Enl\u00e8vement des p\u00e2tes et huiles de polissage sur les pi\u00e8ces m\u00e9talliques<\/li>\n<li>Proc\u00e9d\u00e9 d&rsquo;immersion aqueuse par ultrasons<\/li>\n<li>Tr\u00e8s longue dur\u00e9e de vie des bains et protection temporaire<\/li>\n<\/ul>\n<p><a href=\"https:\/\/www.inventec.dehon.com\/wp-content\/uploads\/2021\/05\/GW-Score-27.png\"><img decoding=\"async\" class=\"alignnone wp-image-15075\" src=\"https:\/\/www.inventec.dehon.com\/wp-content\/uploads\/2021\/05\/GW-Score-27.png\" alt=\"\" width=\"40\" height=\"34\" \/><\/a><\/p>\n","protected":false},"featured_media":2431,"comment_status":"closed","ping_status":"closed","template":"","meta":{"_acf_changed":false,"inline_featured_image":false},"product_brand":[],"product_cat":[2826,2832],"product_tag":[2059,4822,4417,4393,4325,4257,4261,4253,2003,2057,4814,2060,2058,4469],"class_list":{"0":"post-10132","1":"product","2":"type-product","3":"status-publish","4":"has-post-thumbnail","6":"industries-aerospatiale-defense","7":"industries-automobile","8":"industries-chassis-et-roues-et-direction","9":"industries-groupe-motopropulseur","10":"industries-medical-fr","11":"industries-moteurs","12":"industries-systemes-datterrissage","13":"product_cat-deshuilage-de-divers-composants-metalliques","14":"product_cat-elimination-pate-a-polir-apres-polissage","15":"product_tag-1114-fr","16":"product_tag-a-base-deau","17":"product_tag-elimination-de-la-pate-a-polir-fr","18":"product_tag-elimination-des-huiles-fr","19":"product_tag-greenway","20":"product_tag-immersion-aqueuse","21":"product_tag-immersion-aqueuse-ultrasonique","22":"product_tag-liquides-de-nettoyage-aqueux-fr","23":"product_tag-promoclean-fr","24":"product_tag-promoclean-tp-1114-fr","25":"product_tag-protection-temporaire","26":"product_tag-tp-fr","27":"product_tag-tp-1114-fr","28":"product_tag-ultrason","29":"pa_application-elimination-de-la-pate-a-polir","30":"pa_application-elimination-des-huiles","31":"pa_brand-promoclean-fr","32":"pa_features-adapte-aux-bases-aqueuses","33":"pa_features-avec-protection-temporaire","34":"pa_features-greenway","35":"pa_processes-immersion-ultrasonique-aqueuse","36":"pa_product-category-liquides-de-nettoyage-aqueux","38":"first","39":"instock","40":"shipping-taxable","41":"product-type-simple"},"acf":[],"_links":{"self":[{"href":"https:\/\/www.inventec.dehon.com\/fr\/wp-json\/wp\/v2\/product\/10132","targetHints":{"allow":["GET"]}}],"collection":[{"href":"https:\/\/www.inventec.dehon.com\/fr\/wp-json\/wp\/v2\/product"}],"about":[{"href":"https:\/\/www.inventec.dehon.com\/fr\/wp-json\/wp\/v2\/types\/product"}],"replies":[{"embeddable":true,"href":"https:\/\/www.inventec.dehon.com\/fr\/wp-json\/wp\/v2\/comments?post=10132"}],"wp:featuredmedia":[{"embeddable":true,"href":"https:\/\/www.inventec.dehon.com\/fr\/wp-json\/wp\/v2\/media\/2431"}],"wp:attachment":[{"href":"https:\/\/www.inventec.dehon.com\/fr\/wp-json\/wp\/v2\/media?parent=10132"}],"wp:term":[{"taxonomy":"product_brand","embeddable":true,"href":"https:\/\/www.inventec.dehon.com\/fr\/wp-json\/wp\/v2\/product_brand?post=10132"},{"taxonomy":"product_cat","embeddable":true,"href":"https:\/\/www.inventec.dehon.com\/fr\/wp-json\/wp\/v2\/product_cat?post=10132"},{"taxonomy":"product_tag","embeddable":true,"href":"https:\/\/www.inventec.dehon.com\/fr\/wp-json\/wp\/v2\/product_tag?post=10132"}],"curies":[{"name":"wp","href":"https:\/\/api.w.org\/{rel}","templated":true}]}}