{"id":10127,"date":"2021-04-14T15:48:36","date_gmt":"2021-04-14T15:48:36","guid":{"rendered":"https:\/\/www.inventec.dehon.com\/product\/ecorel-free-305-21\/"},"modified":"2026-01-21T15:25:37","modified_gmt":"2026-01-21T14:25:37","slug":"ecorel-free-305-21","status":"publish","type":"product","link":"https:\/\/www.inventec.dehon.com\/fr\/product\/ecorel-free-305-21\/","title":{"rendered":"ECOREL FREE 305-21"},"content":{"rendered":"<p><img decoding=\"async\" src=\"https:\/\/www.inventec.dehon.com\/wp-content\/uploads\/2021\/01\/Ecorel-Free-600x600.png\" alt=\"ECOREL FREE 305-21\" class=\"responsive-img\" align=\"right\" style=\"border-radius:10px; margin-bottom:10px; margin-top:-10px; margin-left:15px; width:300px\" \/><\/p>\n<h2 style=\"color:#9bc947; margin-bottom:15px\">Cr\u00e8me \u00e0 braser \u00e0 haute fiabilit\u00e9<\/h2>\n<ul>\n<li>Cr\u00e8me \u00e0 braser sans plomb SAC305<\/li>\n<li>Proc\u00e9d\u00e9 d&rsquo;impression SMT sans nettoyage<\/li>\n<li>Haute fiabilit\u00e9 &#8211; conforme au test Bono<\/li>\n<\/ul>\n<h5>ECOREL FREE 305-21<\/h5>\n<p>Est sp\u00e9cialement con\u00e7u pour les applications qui n\u00e9cessitent une grande fiabilit\u00e9 chimique et o\u00f9 le nettoyage apr\u00e8s refusion n&rsquo;est pas envisageable. Cette cr\u00e8me \u00e0 braser pr\u00e9sente d&rsquo;excellentes valeurs de test BONO, ce qui est une caract\u00e9ristique cl\u00e9 pour contr\u00f4ler le risque de migration \u00e9lectrochimique (ECM), particuli\u00e8rement lorsqu&rsquo;elle est expos\u00e9e \u00e0 des conditions rudes de temp\u00e9rature et d&rsquo;humidit\u00e9 \u00e9lev\u00e9es. <\/p>\n<p>La chimie de ce produit est \u00e9galement disponible avec d&rsquo;autres alliages ou tailles de particules sur demande. <\/p>\n<p><!-- PROPRI\u00c9T\u00c9S Section --><\/p>\n<div style=\"font-weight:bold; text-transform:uppercase; border-bottom:2px solid #9DBB2F; padding-bottom:6px; margin-bottom:10px;\">\n  PROPRI\u00c9T\u00c9S\n<\/div>\n<div style=\"font-weight:bold; text-transform:uppercase; margin-bottom:6px;\">\n  OPTIONS STANDARDS\n<\/div>\n<p><!-- OPTIONS STANDARDS Table --><\/p>\n<table width=\"100%\" cellpadding=\"0\" cellspacing=\"0\" style=\"border-collapse:collapse; width:100%; max-width:100%;\">\n<tr>\n<th align=\"left\" style=\"background:#7A7A7A; color:#fff; padding:8px 12px; border:1px solid #BDBDBD;\">\n      SP\u00c9CIFICATIONS\n    <\/th>\n<th align=\"left\" style=\"background:#7A7A7A; color:#fff; padding:8px 12px; border:1px solid #BDBDBD;\">\n      ECOREL FREE 305-21\n    <\/th>\n<th align=\"left\" style=\"background:#7A7A7A; color:#fff; padding:8px 12px; border:1px solid #BDBDBD;\">\n      ECOREL FREE 305-21 T4\n    <\/th>\n<th align=\"left\" style=\"background:#7A7A7A; color:#fff; padding:8px 12px; border:1px solid #BDBDBD;\">\n      ECOREL FREE 305-21 T5\n    <\/th>\n<\/tr>\n<tr>\n<td style=\"padding:8px 12px; border:1px solid #BDBDBD;\">Alliage<\/td>\n<td style=\"padding:8px 12px; border:1px solid #BDBDBD;\">Sn96,5Ag3Cu0,5<\/td>\n<td style=\"padding:8px 12px; border:1px solid #BDBDBD;\">Sn96,5Ag3Cu0,5<\/td>\n<td style=\"padding:8px 12px; border:1px solid #BDBDBD;\">Sn96,5Ag3Cu0,5<\/td>\n<\/tr>\n<tr style=\"background:#E6E6E6;\">\n<td style=\"padding:8px 12px; border:1px solid #BDBDBD;\">Point de fusion (\u00b0C\/\u00b0F)<\/td>\n<td style=\"padding:8px 12px; border:1px solid #BDBDBD;\">217 \/ 422<\/td>\n<td style=\"padding:8px 12px; border:1px solid #BDBDBD;\">217 \/ 422<\/td>\n<td style=\"padding:8px 12px; border:1px solid #BDBDBD;\">217 \/ 422<\/td>\n<\/tr>\n<tr>\n<td style=\"padding:8px 12px; border:1px solid #BDBDBD;\">Teneur en m\u00e9tal (%)<\/td>\n<td style=\"padding:8px 12px; border:1px solid #BDBDBD;\">88.5 \u00b10,5<\/td>\n<td style=\"padding:8px 12px; border:1px solid #BDBDBD;\">88.5 \u00b10,5<\/td>\n<td style=\"padding:8px 12px; border:1px solid #BDBDBD;\">88 \u00b10,5<\/td>\n<\/tr>\n<tr style=\"background:#E6E6E6;\">\n<td style=\"padding:8px 12px; border:1px solid #BDBDBD;\">R\u00e9sidus post-refusion<\/td>\n<td style=\"padding:8px 12px; border:1px solid #BDBDBD;\">Environ 5 % en poids\/poids<\/td>\n<td style=\"padding:8px 12px; border:1px solid #BDBDBD;\">Environ 5 % en poids\/poids<\/td>\n<td style=\"padding:8px 12px; border:1px solid #BDBDBD;\">Environ 5 % en poids\/poids<\/td>\n<\/tr>\n<tr>\n<td style=\"padding:8px 12px; border:1px solid #BDBDBD;\">Teneur en halog\u00e8ne<\/td>\n<td style=\"padding:8px 12px; border:1px solid #BDBDBD;\">Sans halog\u00e8ne<\/td>\n<td style=\"padding:8px 12px; border:1px solid #BDBDBD;\">Sans halog\u00e8ne<\/td>\n<td style=\"padding:8px 12px; border:1px solid #BDBDBD;\">Sans halog\u00e8ne<\/td>\n<\/tr>\n<tr style=\"background:#E6E6E6;\">\n<td style=\"padding:8px 12px; border:1px solid #BDBDBD;\">Taille de la poudre<\/td>\n<td style=\"padding:8px 12px; border:1px solid #BDBDBD;\">25\u201345 microns \/ Type 3<\/td>\n<td style=\"padding:8px 12px; border:1px solid #BDBDBD;\">20\u201338 microns \/ Type 4<\/td>\n<td style=\"padding:8px 12px; border:1px solid #BDBDBD;\">15\u201325 microns \/ Type 5<\/td>\n<\/tr>\n<tr>\n<td style=\"padding:8px 12px; border:1px solid #BDBDBD;\">Viscosit\u00e9 pompe \u00e0 spirale (Pa.s 25\u00b0C)<br \/>Malcom: vitesse de rotation de 10 tours\/minute<\/td>\n<td style=\"padding:8px 12px; border:1px solid #BDBDBD;\">Typique 165<\/td>\n<td style=\"padding:8px 12px; border:1px solid #BDBDBD;\">Typique 165<\/td>\n<td style=\"padding:8px 12px; border:1px solid #BDBDBD;\">en cours d&rsquo;\u00e9valuation<\/td>\n<\/tr>\n<tr style=\"background:#E6E6E6;\">\n<td style=\"padding:8px 12px; border:1px solid #BDBDBD;\">Viscosit\u00e9 (Pa.s 20\u00b0C)<br \/>Brookfield RVT TF \u00e0 5 tr\/min<\/td>\n<td style=\"padding:8px 12px; border:1px solid #BDBDBD;\">n.d.<\/td>\n<td style=\"padding:8px 12px; border:1px solid #BDBDBD;\">n.d.<\/td>\n<td style=\"padding:8px 12px; border:1px solid #BDBDBD;\">900\u20131100<\/td>\n<\/tr>\n<\/table>\n<p><!-- OPTIONS DE D\u00c9POSE Section --><\/p>\n<div style=\"font-weight:bold; text-transform:uppercase; border-bottom:2px solid #9DBB2F; padding-bottom:6px; margin-bottom:10px;\">\n  OPTIONS DE D\u00c9POSE\n<\/div>\n<table width=\"100%\" cellpadding=\"0\" cellspacing=\"0\" style=\"border-collapse:collapse; width:100%; max-width:100%;\">\n<tr>\n<th align=\"left\" style=\"background:#7A7A7A; color:#fff; padding:8px 12px; border:1px solid #BDBDBD;\">\n      SP\u00c9CIFICATIONS\n    <\/th>\n<th align=\"left\" style=\"background:#7A7A7A; color:#fff; padding:8px 12px; border:1px solid #BDBDBD;\">\n      ECOREL FREE 305-21 T5-85\n    <\/th>\n<\/tr>\n<tr>\n<td style=\"padding:8px 12px; border:1px solid #BDBDBD;\">Alliage<\/td>\n<td style=\"padding:8px 12px; border:1px solid #BDBDBD;\">Sn96,5Ag3Cu0,5<\/td>\n<\/tr>\n<tr style=\"background:#E6E6E6;\">\n<td style=\"padding:8px 12px; border:1px solid #BDBDBD;\">Point de fusion (\u00b0C\/\u00b0F)<\/td>\n<td style=\"padding:8px 12px; border:1px solid #BDBDBD;\">217 \/ 422<\/td>\n<\/tr>\n<tr>\n<td style=\"padding:8px 12px; border:1px solid #BDBDBD;\">Teneur en m\u00e9tal (%)<\/td>\n<td style=\"padding:8px 12px; border:1px solid #BDBDBD;\">85<\/td>\n<\/tr>\n<tr style=\"background:#E6E6E6;\">\n<td style=\"padding:8px 12px; border:1px solid #BDBDBD;\">R\u00e9sidus post-refusion<\/td>\n<td style=\"padding:8px 12px; border:1px solid #BDBDBD;\">Environ 5 % en poids\/poids<\/td>\n<\/tr>\n<tr>\n<td style=\"padding:8px 12px; border:1px solid #BDBDBD;\">Teneur en halog\u00e8ne<\/td>\n<td style=\"padding:8px 12px; border:1px solid #BDBDBD;\">Sans halog\u00e8ne<\/td>\n<\/tr>\n<tr style=\"background:#E6E6E6;\">\n<td style=\"padding:8px 12px; border:1px solid #BDBDBD;\">Taille de la poudre<\/td>\n<td style=\"padding:8px 12px; border:1px solid #BDBDBD;\">15\u201325 microns \/ Type 5<\/td>\n<\/tr>\n<tr>\n<td style=\"padding:8px 12px; border:1px solid #BDBDBD;\">Viscosit\u00e9 pompe \u00e0 spirale (Pa.s 25\u00b0C)<br \/>Malcom: vitesse de rotation de 10 tours\/minute<\/td>\n<td style=\"padding:8px 12px; border:1px solid #BDBDBD;\">en cours d&rsquo;\u00e9valuation<\/td>\n<\/tr>\n<tr style=\"background:#E6E6E6;\">\n<td style=\"padding:8px 12px; border:1px solid #BDBDBD;\">Viscosit\u00e9 (Pa.s 20\u00b0C)<br \/>Brookfield RVT TF \u00e0 5 tr\/min<\/td>\n<td style=\"padding:8px 12px; border:1px solid #BDBDBD;\">550\u2013750<\/td>\n<\/tr>\n<\/table>\n<p><!-- CARACT\u00c9RISTIQUES Section --><\/p>\n<div style=\"font-weight:bold; text-transform:uppercase; border-bottom:2px solid #9DBB2F; padding-bottom:6px; margin-bottom:10px;\">\n  CARACT\u00c9RISTIQUES\n<\/div>\n<table width=\"100%\" cellpadding=\"0\" cellspacing=\"0\" style=\"border-collapse:collapse; width:100%; max-width:100%;\">\n<tr>\n<th align=\"left\" style=\"background:#7A7A7A; color:#fff; padding:8px 12px; border:1px solid #BDBDBD;\">\n      CARACT\u00c9RISTIQUES\n    <\/th>\n<th align=\"left\" style=\"background:#7A7A7A; color:#fff; padding:8px 12px; border:1px solid #BDBDBD;\">\n      VALEURS\n    <\/th>\n<th align=\"left\" style=\"background:#7A7A7A; color:#fff; padding:8px 12px; border:1px solid #BDBDBD;\">\n      M\u00c9THODE D&rsquo;ESSAI\n    <\/th>\n<\/tr>\n<tr>\n<td style=\"padding:8px 12px; border:1px solid #BDBDBD;\">Classement des flux<\/td>\n<td style=\"padding:8px 12px; border:1px solid #BDBDBD;\">ROL0<\/td>\n<td style=\"padding:8px 12px; border:1px solid #BDBDBD;\">ANSI\/J-STD-004B<\/td>\n<\/tr>\n<tr style=\"background:#E6E6E6;\">\n<td style=\"padding:8px 12px; border:1px solid #BDBDBD;\">Classement des flux<\/td>\n<td style=\"padding:8px 12px; border:1px solid #BDBDBD;\">113<\/td>\n<td style=\"padding:8px 12px; border:1px solid #BDBDBD;\">ISO 9454<\/td>\n<\/tr>\n<tr>\n<td style=\"padding:8px 12px; border:1px solid #BDBDBD;\">Test de billes de soudure<\/td>\n<td style=\"padding:8px 12px; border:1px solid #BDBDBD;\">Passe<\/td>\n<td style=\"padding:8px 12px; border:1px solid #BDBDBD;\">ANSI\/J-STD-005<\/td>\n<\/tr>\n<tr style=\"background:#E6E6E6;\">\n<td style=\"padding:8px 12px; border:1px solid #BDBDBD;\">Miroir de cuivre<\/td>\n<td style=\"padding:8px 12px; border:1px solid #BDBDBD;\">Passe<\/td>\n<td style=\"padding:8px 12px; border:1px solid #BDBDBD;\">ANSI\/J-STD-004B<\/td>\n<\/tr>\n<tr>\n<td style=\"padding:8px 12px; border:1px solid #BDBDBD;\">Corrosion du cuivre<\/td>\n<td style=\"padding:8px 12px; border:1px solid #BDBDBD;\">Passe<\/td>\n<td style=\"padding:8px 12px; border:1px solid #BDBDBD;\">ANSI\/J-STD-004B<\/td>\n<\/tr>\n<tr style=\"background:#E6E6E6;\">\n<td style=\"padding:8px 12px; border:1px solid #BDBDBD;\">SIR (IPC)<\/td>\n<td style=\"padding:8px 12px; border:1px solid #BDBDBD;\">Passe<\/td>\n<td style=\"padding:8px 12px; border:1px solid #BDBDBD;\">ANSI\/J-STD-004B<\/td>\n<\/tr>\n<tr>\n<td style=\"padding:8px 12px; border:1px solid #BDBDBD;\">SIR (Bellcore)<\/td>\n<td style=\"padding:8px 12px; border:1px solid #BDBDBD;\">Passe<\/td>\n<td style=\"padding:8px 12px; border:1px solid #BDBDBD;\">Bellcore<\/td>\n<\/tr>\n<tr style=\"background:#E6E6E6;\">\n<td style=\"padding:8px 12px; border:1px solid #BDBDBD;\">\u00c9lectromigration (IPC \/ Bellcore)<\/td>\n<td style=\"padding:8px 12px; border:1px solid #BDBDBD;\">Passe<\/td>\n<td style=\"padding:8px 12px; border:1px solid #BDBDBD;\">ANSI\/J-STD-004B \/ Bellcore<\/td>\n<\/tr>\n<tr>\n<td style=\"padding:8px 12px; border:1px solid #BDBDBD;\">Test Bono corrosion (85\u00b0C \/ 85% HR \u2013 15 jours)<\/td>\n<td style=\"padding:8px 12px; border:1px solid #BDBDBD;\">Passe : facteur corrosion &lt;8%<\/td>\n<td style=\"padding:8px 12px; border:1px solid #BDBDBD;\">Proc\u00e9dure Inventec<\/td>\n<\/tr>\n<\/table>\n","protected":false},"excerpt":{"rendered":"<ul>\n<li>Cr\u00e8me \u00e0 braser sans plomb SAC305<\/li>\n<li>Proc\u00e9d\u00e9 d&rsquo;impression SMT sans nettoyage<\/li>\n<li>Haute fiabilit\u00e9 &#8211; conforme au test Bono<\/li>\n<\/ul>\n","protected":false},"featured_media":2226,"comment_status":"closed","ping_status":"closed","template":"","meta":{"_acf_changed":false,"inline_featured_image":false},"product_brand":[],"product_cat":[2798],"product_tag":[1344,1342,1343,5197,5209,5229,5213,5030,1341,1281,5189,5153,5160,5161,5193,3991,5217,1682,3992,5240,5243],"class_list":{"0":"post-10127","1":"product","2":"type-product","3":"status-publish","4":"has-post-thumbnail","6":"industries-aerospatiale-defense","7":"industries-automatisation","8":"industries-automobile","9":"industries-equipement-medical-scanners","10":"industries-medical-fr","11":"product_cat-cremes-a-braser-smt-a-haute-fiabilite","12":"product_tag-305-fr","13":"product_tag-305-21-fr","14":"product_tag-30521-fr","15":"product_tag-alliage-sac-305","16":"product_tag-brasage-smt-fr","17":"product_tag-brasage-tht-fr","18":"product_tag-creme-a-braser-fr","19":"product_tag-distribution","20":"product_tag-ecorel-free-305-21-fr","21":"product_tag-free-fr","22":"product_tag-impression","23":"product_tag-poudre","24":"product_tag-poudre-type-3","25":"product_tag-poudre-type-4","26":"product_tag-sac-305","27":"product_tag-smt-fr","28":"product_tag-t3","29":"product_tag-t4-fr","30":"product_tag-tht-fr","31":"product_tag-type-3","32":"product_tag-type-4","33":"pa_application-brasage-smt-tht","34":"pa_brand-ecorel-fr-2","35":"pa_features-alliage-sac-305","36":"pa_features-poudre-type-3-4","37":"pa_processes-distribution","38":"pa_processes-impression","39":"pa_product-category-creme-a-braser","41":"first","42":"instock","43":"shipping-taxable","44":"product-type-simple"},"acf":[],"_links":{"self":[{"href":"https:\/\/www.inventec.dehon.com\/fr\/wp-json\/wp\/v2\/product\/10127","targetHints":{"allow":["GET"]}}],"collection":[{"href":"https:\/\/www.inventec.dehon.com\/fr\/wp-json\/wp\/v2\/product"}],"about":[{"href":"https:\/\/www.inventec.dehon.com\/fr\/wp-json\/wp\/v2\/types\/product"}],"replies":[{"embeddable":true,"href":"https:\/\/www.inventec.dehon.com\/fr\/wp-json\/wp\/v2\/comments?post=10127"}],"wp:featuredmedia":[{"embeddable":true,"href":"https:\/\/www.inventec.dehon.com\/fr\/wp-json\/wp\/v2\/media\/2226"}],"wp:attachment":[{"href":"https:\/\/www.inventec.dehon.com\/fr\/wp-json\/wp\/v2\/media?parent=10127"}],"wp:term":[{"taxonomy":"product_brand","embeddable":true,"href":"https:\/\/www.inventec.dehon.com\/fr\/wp-json\/wp\/v2\/product_brand?post=10127"},{"taxonomy":"product_cat","embeddable":true,"href":"https:\/\/www.inventec.dehon.com\/fr\/wp-json\/wp\/v2\/product_cat?post=10127"},{"taxonomy":"product_tag","embeddable":true,"href":"https:\/\/www.inventec.dehon.com\/fr\/wp-json\/wp\/v2\/product_tag?post=10127"}],"curies":[{"name":"wp","href":"https:\/\/api.w.org\/{rel}","templated":true}]}}