{"id":10126,"date":"2021-01-15T12:04:28","date_gmt":"2021-01-15T12:04:28","guid":{"rendered":"https:\/\/www.inventec.dehon.com\/product\/ecorel-free-jp32\/"},"modified":"2026-01-21T11:08:13","modified_gmt":"2026-01-21T10:08:13","slug":"ecorel-free-jp32","status":"publish","type":"product","link":"https:\/\/www.inventec.dehon.com\/fr\/product\/ecorel-free-jp32\/","title":{"rendered":"ECOREL FREE JP32"},"content":{"rendered":"<p><img decoding=\"async\" src=\"https:\/\/www.inventec.dehon.com\/wp-content\/uploads\/2021\/01\/Ecorel-Free-syringe-1-600x600.png\" alt=\"ECOREL FREE JP32\" class=\"responsive-img\" align=\"right\" style=\"border-radius:10px; margin-bottom:14px; margin-top:-10px; margin-left:15px; width:300px\" \/><\/p>\n<h2 style=\"color:#9bc947; margin-bottom:15px\">Cr\u00e8me \u00e0 braser pour \u00e9quipements d&rsquo;impression \u00e0 jet<\/h2>\n<ul>\n<li>Cr\u00e8me \u00e0 braser Sac305<\/li>\n<li>Processus s\u00e9rigraphie par jet<\/li>\n<li>R\u00e9sidus de flux faciles \u00e0 nettoyer<\/li>\n<\/ul>\n<h5>ECOREL FREE JP32<\/h5>\n<p>Est une cr\u00e8me \u00e0 braser SAC305 sp\u00e9cialement con\u00e7ue pour fonctionner sur des \u00e9quipements de s\u00e9rigraphie \u00e0 jet et garantir des d\u00e9p\u00f4ts continus et uniformes de cr\u00e8me \u00e0 braser. Bien que le flux soit chimiquement inerte, il est facile \u00e0 nettoyer avec des proc\u00e9d\u00e9s \u00e0 base d\u2019eau ou de solvants. Il est optimis\u00e9 pour \u00eatre utilis\u00e9 sur les \u00e9quipements de s\u00e9rigraphie \u00e0 jet Mycronic, Vermes, Essemtec et Musashi.<\/p>\n<p><a href=\"https:\/\/www.inventec.dehon.com\/wp-content\/uploads\/2021\/01\/ECOREL_FREE_JP32_Graph.jpg\" rel=\"inv-colorbox\" title=\"ECOREL FREE JP32\"><img decoding=\"async\" src=\"https:\/\/www.inventec.dehon.com\/wp-content\/uploads\/2021\/01\/ECOREL_FREE_JP32_Graph.jpg\" alt=\"ECOREL FREE JP32 Graph\" width=\"350\" class=\"responsive-img graph\" align=\"left\" style=\"margin-top: -20px; margin-right: 20px; margin-bottom: 5px;\" \/><\/a><\/p>\n<p>Le graphique repr\u00e9sente notre mesure rh\u00e9ologique, qui montre l\u2019excellente r\u00e9cup\u00e9ration thixotropique de la cr\u00e8me \u00e0 braser <strong>ECOREL FREE JP32<\/strong>. Une r\u00e9cup\u00e9ration stable de la viscosit\u00e9 apr\u00e8s une contrainte de cisaillement \u00e9lev\u00e9e sur la cr\u00e8me \u00e0 braser garantit des d\u00e9p\u00f4ts de volume r\u00e9guliers.<BR><BR><BR><\/p>\n<p><!-- PROPRI\u00c9T\u00c9S Section --><\/p>\n<div style=\"font-weight:bold; text-transform:uppercase; border-bottom:2px solid #9DBB2F; padding-bottom:6px; margin-bottom:10px;\">\n  PROPRI\u00c9T\u00c9S\n<\/div>\n<p><!-- OPTIONS DE S\u00c9RIGRAPHIE \u00c0 JET DE TYPE 5 --><\/p>\n<div style=\"font-weight:bold; text-transform:uppercase; margin:20px 0 10px 0;\">\n  OPTIONS DE S\u00c9RIGRAPHIE \u00c0 JET DE TYPE 5\n<\/div>\n<table width=\"100%\" cellpadding=\"0\" cellspacing=\"0\" style=\"border-collapse:collapse; width:100%; max-width:100%;\">\n<tr>\n<th align=\"left\" style=\"background:#7A7A7A; color:#fff; padding:8px 12px; border:1px solid #BDBDBD;\">\n      SP\u00c9CIFICATIONS\n    <\/th>\n<th align=\"left\" style=\"background:#7A7A7A; color:#fff; padding:8px 12px; border:1px solid #BDBDBD;\">\n      ECOREL FREE JP32 84.0T5\n    <\/th>\n<th align=\"left\" style=\"background:#7A7A7A; color:#fff; padding:8px 12px; border:1px solid #BDBDBD;\">\n      ECOREL FREE JP32 85.0T5\n    <\/th>\n<\/tr>\n<tr>\n<td style=\"padding:8px 12px; border:1px solid #BDBDBD;\">Alliage<\/td>\n<td style=\"padding:8px 12px; border:1px solid #BDBDBD;\">Sn96,5Ag3Cu0,5<\/td>\n<td style=\"padding:8px 12px; border:1px solid #BDBDBD;\">Sn96,5Ag3Cu0,5<\/td>\n<\/tr>\n<tr style=\"background:#E6E6E6;\">\n<td style=\"padding:8px 12px; border:1px solid #BDBDBD;\">Point de fusion<\/td>\n<td style=\"padding:8px 12px; border:1px solid #BDBDBD;\">217\u00b0C\/423\u00b0F<\/td>\n<td style=\"padding:8px 12px; border:1px solid #BDBDBD;\">217\u00b0C\/423\u00b0F<\/td>\n<\/tr>\n<tr>\n<td style=\"padding:8px 12px; border:1px solid #BDBDBD;\">Teneur en m\u00e9tal (%)<\/td>\n<td style=\"padding:8px 12px; border:1px solid #BDBDBD;\">84<\/td>\n<td style=\"padding:8px 12px; border:1px solid #BDBDBD;\">85<\/td>\n<\/tr>\n<tr style=\"background:#E6E6E6;\">\n<td style=\"padding:8px 12px; border:1px solid #BDBDBD;\">R\u00e9sidus apr\u00e8s refusion en % p\/p<\/td>\n<td style=\"padding:8px 12px; border:1px solid #BDBDBD;\">Environ 5%<\/td>\n<td style=\"padding:8px 12px; border:1px solid #BDBDBD;\">Environ 5%<\/td>\n<\/tr>\n<tr>\n<td style=\"padding:8px 12px; border:1px solid #BDBDBD;\">Teneur en halog\u00e8ne<\/td>\n<td style=\"padding:8px 12px; border:1px solid #BDBDBD;\">Sans halog\u00e8ne<\/td>\n<td style=\"padding:8px 12px; border:1px solid #BDBDBD;\">Sans halog\u00e8ne<\/td>\n<\/tr>\n<tr style=\"background:#E6E6E6;\">\n<td style=\"padding:8px 12px; border:1px solid #BDBDBD;\">Taille de la poudre<\/td>\n<td style=\"padding:8px 12px; border:1px solid #BDBDBD;\">15\u201325 microns \/ Type 5<\/td>\n<td style=\"padding:8px 12px; border:1px solid #BDBDBD;\">15\u201325 microns \/ Type 5<\/td>\n<\/tr>\n<tr>\n<td style=\"padding:8px 12px; border:1px solid #BDBDBD;\">Viscosit\u00e9 pompe \u00e0 spirale* (Pa.s 25\u00b0C)<\/td>\n<td style=\"padding:8px 12px; border:1px solid #BDBDBD;\">**Typique 90<\/td>\n<td style=\"padding:8px 12px; border:1px solid #BDBDBD;\">**Typique 90<\/td>\n<\/tr>\n<tr style=\"background:#E6E6E6;\">\n<td style=\"padding:8px 12px; border:1px solid #BDBDBD;\">Seringue<\/td>\n<td style=\"padding:8px 12px; border:1px solid #BDBDBD;\">Iwashita<\/td>\n<td style=\"padding:8px 12px; border:1px solid #BDBDBD;\">EFD<\/td>\n<\/tr>\n<tr>\n<td style=\"padding:8px 12px; border:1px solid #BDBDBD;\">D\u00e9di\u00e9 aux \u00e9quipements<\/td>\n<td style=\"padding:8px 12px; border:1px solid #BDBDBD;\">Mycronic<\/td>\n<td style=\"padding:8px 12px; border:1px solid #BDBDBD;\">\n      Vermes<br \/>Essemtec<br \/>Musashi\n    <\/td>\n<\/tr>\n<\/table>\n<p style=\"font-size:10px; margin-top:5px;\">\n  *L&rsquo;\u00e9quipement utilis\u00e9 pour tester la viscosit\u00e9 de la pompe \u00e0 spirale est le Malcom \u00e0 une vitesse de rotation de 10 tr\/min.<br \/>\n  **L\u00e9gers ajustements de la viscosit\u00e9 possibles apr\u00e8s la finalisation de la proc\u00e9dure de test d&rsquo;industrialisation compl\u00e8te.\n<\/p>\n<p><!-- OPTIONS DE S\u00c9RIGRAPHIE \u00c0 JET DE TYPE 6 --><\/p>\n<div style=\"font-weight:bold; text-transform:uppercase; margin:20px 0 10px 0;\">\n  OPTIONS DE S\u00c9RIGRAPHIE \u00c0 JET DE TYPE 6\n<\/div>\n<table width=\"100%\" cellpadding=\"0\" cellspacing=\"0\" style=\"border-collapse:collapse; width:100%; max-width:100%;\">\n<tr>\n<th align=\"left\" style=\"background:#7A7A7A; color:#fff; padding:8px 12px; border:1px solid #BDBDBD;\">\n      SP\u00c9CIFICATIONS\n    <\/th>\n<th align=\"left\" style=\"background:#7A7A7A; color:#fff; padding:8px 12px; border:1px solid #BDBDBD;\">\n      ECOREL FREE JP32 84.0T6\n    <\/th>\n<th align=\"left\" style=\"background:#7A7A7A; color:#fff; padding:8px 12px; border:1px solid #BDBDBD;\">\n      ECOREL FREE JP32 82.0T6\n    <\/th>\n<th align=\"left\" style=\"background:#7A7A7A; color:#fff; padding:8px 12px; border:1px solid #BDBDBD;\">\n      ECOREL FREE JP32 80.0T6\n    <\/th>\n<th align=\"left\" style=\"background:#7A7A7A; color:#fff; padding:8px 12px; border:1px solid #BDBDBD;\">\n      ECOREL FREE JP32 78.0T6\n    <\/th>\n<\/tr>\n<tr>\n<td style=\"padding:8px 12px; border:1px solid #BDBDBD;\">Alliage<\/td>\n<td style=\"padding:8px 12px; border:1px solid #BDBDBD;\">Sn96,5Ag3Cu0,5<\/td>\n<td style=\"padding:8px 12px; border:1px solid #BDBDBD;\">Sn96,5Ag3Cu0,5<\/td>\n<td style=\"padding:8px 12px; border:1px solid #BDBDBD;\">Sn96,5Ag3Cu0,5<\/td>\n<td style=\"padding:8px 12px; border:1px solid #BDBDBD;\">Sn96,5Ag3Cu0,5<\/td>\n<\/tr>\n<tr style=\"background:#E6E6E6;\">\n<td style=\"padding:8px 12px; border:1px solid #BDBDBD;\">Point de fusion<\/td>\n<td style=\"padding:8px 12px; border:1px solid #BDBDBD;\">217\u00b0C\/423\u00b0F<\/td>\n<td style=\"padding:8px 12px; border:1px solid #BDBDBD;\">217\u00b0C\/423\u00b0F<\/td>\n<td style=\"padding:8px 12px; border:1px solid #BDBDBD;\">217\u00b0C\/423\u00b0F<\/td>\n<td style=\"padding:8px 12px; border:1px solid #BDBDBD;\">217\u00b0C\/423\u00b0F<\/td>\n<\/tr>\n<tr>\n<td style=\"padding:8px 12px; border:1px solid #BDBDBD;\">Teneur en m\u00e9tal (%)<\/td>\n<td style=\"padding:8px 12px; border:1px solid #BDBDBD;\">84<\/td>\n<td style=\"padding:8px 12px; border:1px solid #BDBDBD;\">82<\/td>\n<td style=\"padding:8px 12px; border:1px solid #BDBDBD;\">80<\/td>\n<td style=\"padding:8px 12px; border:1px solid #BDBDBD;\">78<\/td>\n<\/tr>\n<tr style=\"background:#E6E6E6;\">\n<td style=\"padding:8px 12px; border:1px solid #BDBDBD;\">R\u00e9sidus apr\u00e8s refusion en % p\/p<\/td>\n<td style=\"padding:8px 12px; border:1px solid #BDBDBD;\">Environ 5%<\/td>\n<td style=\"padding:8px 12px; border:1px solid #BDBDBD;\">Environ 5%<\/td>\n<td style=\"padding:8px 12px; border:1px solid #BDBDBD;\">Environ 5%<\/td>\n<td style=\"padding:8px 12px; border:1px solid #BDBDBD;\">Environ 5%<\/td>\n<\/tr>\n<tr>\n<td style=\"padding:8px 12px; border:1px solid #BDBDBD;\">Teneur en halog\u00e8ne<\/td>\n<td style=\"padding:8px 12px; border:1px solid #BDBDBD;\">Sans halog\u00e8ne<\/td>\n<td style=\"padding:8px 12px; border:1px solid #BDBDBD;\">Sans halog\u00e8ne<\/td>\n<td style=\"padding:8px 12px; border:1px solid #BDBDBD;\">Sans halog\u00e8ne<\/td>\n<td style=\"padding:8px 12px; border:1px solid #BDBDBD;\">Sans halog\u00e8ne<\/td>\n<\/tr>\n<tr style=\"background:#E6E6E6;\">\n<td style=\"padding:8px 12px; border:1px solid #BDBDBD;\">Taille de la poudre<\/td>\n<td style=\"padding:8px 12px; border:1px solid #BDBDBD;\">5\u201315 microns \/ Type 6<\/td>\n<td style=\"padding:8px 12px; border:1px solid #BDBDBD;\">5\u201315 microns \/ Type 6<\/td>\n<td style=\"padding:8px 12px; border:1px solid #BDBDBD;\">5\u201315 microns \/ Type 6<\/td>\n<td style=\"padding:8px 12px; border:1px solid #BDBDBD;\">5\u201315 microns \/ Type 6<\/td>\n<\/tr>\n<tr>\n<td style=\"padding:8px 12px; border:1px solid #BDBDBD;\">Viscosit\u00e9 de la pompe spirale* (Pa.s \u00e0 25 \u00b0C)<\/td>\n<td style=\"padding:8px 12px; border:1px solid #BDBDBD;\">**Typique 90<\/td>\n<td style=\"padding:8px 12px; border:1px solid #BDBDBD;\">**Typique 90<\/td>\n<td style=\"padding:8px 12px; border:1px solid #BDBDBD;\">**Typique 90<\/td>\n<td style=\"padding:8px 12px; border:1px solid #BDBDBD;\">**Typique 90<\/td>\n<\/tr>\n<tr style=\"background:#E6E6E6;\">\n<td style=\"padding:8px 12px; border:1px solid #BDBDBD;\">Seringue<\/td>\n<td style=\"padding:8px 12px; border:1px solid #BDBDBD;\">Iwashita<\/td>\n<td style=\"padding:8px 12px; border:1px solid #BDBDBD;\">EFD<\/td>\n<td style=\"padding:8px 12px; border:1px solid #BDBDBD;\">EFD<\/td>\n<td style=\"padding:8px 12px; border:1px solid #BDBDBD;\">EFD<\/td>\n<\/tr>\n<tr>\n<td style=\"padding:8px 12px; border:1px solid #BDBDBD;\">D\u00e9di\u00e9 aux \u00e9quipements<\/td>\n<td style=\"padding:8px 12px; border:1px solid #BDBDBD;\">Mycronic<br \/>Musashi<\/td>\n<td style=\"padding:8px 12px; border:1px solid #BDBDBD;\">Vermes<br \/>Essemtec<br \/>Musashi<\/td>\n<td style=\"padding:8px 12px; border:1px solid #BDBDBD;\">Vermes<br \/>Essemtec<br \/>Musashi<\/td>\n<td style=\"padding:8px 12px; border:1px solid #BDBDBD;\">Vermes<br \/>Essemtec<br \/>Musashi<\/td>\n<\/tr>\n<\/table>\n<p style=\"font-size:10px; margin-top:5px;\">\n  *L&rsquo;\u00e9quipement utilis\u00e9 pour tester la viscosit\u00e9 de la pompe \u00e0 spirale est le Malcom \u00e0 une vitesse de rotation de 10 tr\/min.<br \/>\n  **L\u00e9gers ajustements de la viscosit\u00e9 possibles apr\u00e8s la finalisation de la proc\u00e9dure de test d&rsquo;industrialisation compl\u00e8te.\n<\/p>\n<p><!-- CARACT\u00c9RISTIQUES TABLE --><\/p>\n<div style=\"font-weight:bold; text-transform:uppercase; margin:20px 0 10px 0;\">\n  CARACT\u00c9RISTIQUES\n<\/div>\n<table width=\"100%\" cellpadding=\"0\" cellspacing=\"0\" style=\"border-collapse:collapse; width:100%; max-width:100%;\">\n<tr>\n<th align=\"left\" style=\"background:#7A7A7A; color:#fff; padding:8px 12px; border:1px solid #BDBDBD;\">\n      CARACT\u00c9RISTIQUES\n    <\/th>\n<th align=\"left\" style=\"background:#7A7A7A; color:#fff; padding:8px 12px; border:1px solid #BDBDBD;\">\n      VALEURS\n    <\/th>\n<th align=\"left\" style=\"background:#7A7A7A; color:#fff; padding:8px 12px; border:1px solid #BDBDBD;\">\n      M\u00c9THODE D&rsquo;ESSAI\n    <\/th>\n<\/tr>\n<tr>\n<td style=\"padding:8px 12px; border:1px solid #BDBDBD;\">Classement des flux<\/td>\n<td style=\"padding:8px 12px; border:1px solid #BDBDBD;\">ROL0<\/td>\n<td style=\"padding:8px 12px; border:1px solid #BDBDBD;\">ANSI\/J-STD-004<\/td>\n<\/tr>\n<tr style=\"background:#E6E6E6;\">\n<td style=\"padding:8px 12px; border:1px solid #BDBDBD;\">113<\/td>\n<td style=\"padding:8px 12px; border:1px solid #BDBDBD;\">ISO 9454<\/td>\n<td style=\"padding:8px 12px; border:1px solid #BDBDBD;\">ISO 9454<\/td>\n<\/tr>\n<tr>\n<td style=\"padding:8px 12px; border:1px solid #BDBDBD;\">Test de billes de soudure<\/td>\n<td style=\"padding:8px 12px; border:1px solid #BDBDBD;\">Passe<\/td>\n<td style=\"padding:8px 12px; border:1px solid #BDBDBD;\">ANSI\/J-STD-005<\/td>\n<\/tr>\n<tr style=\"background:#E6E6E6;\">\n<td style=\"padding:8px 12px; border:1px solid #BDBDBD;\">Miroir de cuivre<\/td>\n<td style=\"padding:8px 12px; border:1px solid #BDBDBD;\">Passe<\/td>\n<td style=\"padding:8px 12px; border:1px solid #BDBDBD;\">ANSI\/J-STD-004<\/td>\n<\/tr>\n<tr>\n<td style=\"padding:8px 12px; border:1px solid #BDBDBD;\">Corrosion du cuivre<\/td>\n<td style=\"padding:8px 12px; border:1px solid #BDBDBD;\">Passe<\/td>\n<td style=\"padding:8px 12px; border:1px solid #BDBDBD;\">ANSI\/J-STD-004<\/td>\n<\/tr>\n<tr style=\"background:#E6E6E6;\">\n<td style=\"padding:8px 12px; border:1px solid #BDBDBD;\">SIR (IPC)<\/td>\n<td style=\"padding:8px 12px; border:1px solid #BDBDBD;\">Passe<\/td>\n<td style=\"padding:8px 12px; border:1px solid #BDBDBD;\">ANSI\/J-STD-004<\/td>\n<\/tr>\n<\/table>\n","protected":false},"excerpt":{"rendered":"<ul>\n<li>Sac 305 cr\u00e8me \u00e0 braser<\/li>\n<li>Proc\u00e9d\u00e9 d&rsquo;impression par jet<\/li>\n<li>R\u00e9sidus de flux faciles \u00e0 nettoyer<\/li>\n<\/ul>\n<p><a href=\"https:\/\/www.inventec.dehon.com\/wp-content\/uploads\/2021\/05\/Capture-decran-2024-06-12-155257.png\"><img decoding=\"async\" class=\"alignleft size-full wp-image-17391\" src=\"https:\/\/www.inventec.dehon.com\/wp-content\/uploads\/2021\/05\/Capture-decran-2024-06-12-155257.png\" alt=\"\" width=\"289\" height=\"256\"><\/a><\/p>\n","protected":false},"featured_media":3483,"comment_status":"closed","ping_status":"closed","template":"","meta":{"_acf_changed":false,"inline_featured_image":false},"product_brand":[],"product_cat":[2799,2803],"product_tag":[5098,5197,5209,5229,5213,5102,1280,1281,5078,1282,5094,5153,5162,5163,5193,3991,5221,5225,3992,5241,5242],"class_list":{"0":"post-10126","1":"product","2":"type-product","3":"status-publish","4":"has-post-thumbnail","6":"product_cat-solutions-de-creme-a-braser-pour-impression-par-jet-et-distribution","7":"product_cat-solutions-de-creme-a-braser-pour-miniaturisation","8":"product_tag-alliage-au-plomb","9":"product_tag-alliage-sac-305","10":"product_tag-brasage-smt-fr","11":"product_tag-brasage-tht-fr","12":"product_tag-creme-a-braser-fr","13":"product_tag-creme-a-braser-au-plomb","14":"product_tag-ecorel-free-jp32-fr","15":"product_tag-free-fr","16":"product_tag-impression-jet","17":"product_tag-jp32-fr","18":"product_tag-plomb","19":"product_tag-poudre","20":"product_tag-poudre-type-5","21":"product_tag-poudre-type-6","22":"product_tag-sac-305","23":"product_tag-smt-fr","24":"product_tag-t5","25":"product_tag-t6","26":"product_tag-tht-fr","27":"product_tag-type-5","28":"product_tag-type-6","29":"pa_application-brasage-smt-tht","30":"pa_brand-ecorel-fr-2","31":"pa_features-alliage-sac-305","32":"pa_features-alliage-sans-plomb","33":"pa_features-poudre-type-5","34":"pa_features-poudre-type-6-ou-plus","35":"pa_processes-impression-par-jet","36":"pa_product-category-creme-a-braser","38":"first","39":"instock","40":"shipping-taxable","41":"product-type-simple"},"acf":[],"_links":{"self":[{"href":"https:\/\/www.inventec.dehon.com\/fr\/wp-json\/wp\/v2\/product\/10126","targetHints":{"allow":["GET"]}}],"collection":[{"href":"https:\/\/www.inventec.dehon.com\/fr\/wp-json\/wp\/v2\/product"}],"about":[{"href":"https:\/\/www.inventec.dehon.com\/fr\/wp-json\/wp\/v2\/types\/product"}],"replies":[{"embeddable":true,"href":"https:\/\/www.inventec.dehon.com\/fr\/wp-json\/wp\/v2\/comments?post=10126"}],"wp:featuredmedia":[{"embeddable":true,"href":"https:\/\/www.inventec.dehon.com\/fr\/wp-json\/wp\/v2\/media\/3483"}],"wp:attachment":[{"href":"https:\/\/www.inventec.dehon.com\/fr\/wp-json\/wp\/v2\/media?parent=10126"}],"wp:term":[{"taxonomy":"product_brand","embeddable":true,"href":"https:\/\/www.inventec.dehon.com\/fr\/wp-json\/wp\/v2\/product_brand?post=10126"},{"taxonomy":"product_cat","embeddable":true,"href":"https:\/\/www.inventec.dehon.com\/fr\/wp-json\/wp\/v2\/product_cat?post=10126"},{"taxonomy":"product_tag","embeddable":true,"href":"https:\/\/www.inventec.dehon.com\/fr\/wp-json\/wp\/v2\/product_tag?post=10126"}],"curies":[{"name":"wp","href":"https:\/\/api.w.org\/{rel}","templated":true}]}}