{"id":10118,"date":"2021-02-26T15:14:24","date_gmt":"2021-02-26T15:14:24","guid":{"rendered":"https:\/\/www.inventec.dehon.com\/product\/promosolv-coat-ut10\/"},"modified":"2026-01-22T16:11:43","modified_gmt":"2026-01-22T15:11:43","slug":"promosolv-coat-ut10","status":"publish","type":"product","link":"https:\/\/www.inventec.dehon.com\/fr\/product\/promosolv-coat-ut10\/","title":{"rendered":"PROMOSOLV COAT UT10"},"content":{"rendered":"<p><img decoding=\"async\" src=\"https:\/\/www.inventec.dehon.com\/wp-content\/uploads\/2021\/04\/PROMOSOLV-Coat-drum-600x600.png\" alt=\"PROMOSOLV COAT UT10\" class=\"responsive-img\" align=\"right\" style=\"border-radius:10px; margin-bottom:10px; margin-top:-10px; margin-left:15px; width:300px\" \/><\/p>\n<h2 style=\"color:#9bc947; margin-bottom:15px\">Solvant porteur haute performance pour rev\u00eatements ultra-fins<\/h2>\n<ul>\n<li>Rev\u00eatement hydrophobe et ol\u00e9ophobe ultra-fin<\/li>\n<li>Proc\u00e9d\u00e9 de trempage et de pulv\u00e9risation<\/li>\n<li>Processus simple et rapide<\/li>\n<\/ul>\n<h5>PROMOSOLV COAT UT10<\/h5>\n<p>Un rev\u00eatement transparent hydrophobe et ol\u00e9ophobe ultra-fin pour prot\u00e9ger les appareils \u00e9lectroniques et autres surfaces contre l&rsquo;humidit\u00e9, la corrosion et d&rsquo;autres conditions environnementales qui pourraient compromettre la fiabilit\u00e9 du dispositif ou de la surface.<BR>Adh\u00e8re bien \u00e0 une grande vari\u00e9t\u00e9 de substrats tels que le plastique, le verre, le m\u00e9tal et la c\u00e9ramique.<\/p>\n<div style=\"display:flex; flex-wrap:wrap; justify-content:space-between;\">\n<p>  <!-- WITHOUT COATING --><\/p>\n<div style=\"text-align:center; margin-left:-45px\">\n    <strong style=\"font-size:18px; display:block; margin-bottom:-45px\"><br \/>\n      PCBA Sans rev\u00eatement<br \/>\n    <\/strong><br \/>\n    <a href=\"https:\/\/www.inventec.dehon.com\/wp-content\/uploads\/2021\/02\/DSC_3117-scaled.jpg\" rel=\"inv-colorbox\" title=\"PROMOSOLV COAT UT10\"><br \/>\n      <img decoding=\"async\" \n        src=\"https:\/\/www.inventec.dehon.com\/wp-content\/uploads\/2021\/02\/DSC_3117-300x200.jpg\"\n        alt=\"PROMOSOLV COAT UT10 Without coating\"\n        style=\"max-width:100%; height:auto; margin-top:0; border-radius:10px\"\n      \/><br \/>\n    <\/a>\n  <\/div>\n<p>  <!-- WITH COATING --><\/p>\n<div style=\"text-align:center; margin-left:-30px\">\n    <strong style=\"font-size:18px; display:block; margin-bottom:-45px\"><br \/>\n      PCBA Avec rev\u00eatement<br \/>\n    <\/strong><br \/>\n    <a href=\"https:\/\/www.inventec.dehon.com\/wp-content\/uploads\/2021\/03\/DSC_3231-scaled.jpg\" rel=\"inv-colorbox\" title=\"PROMOSOLV COAT UT10\"><br \/>\n      <img decoding=\"async\" \n        src=\"https:\/\/www.inventec.dehon.com\/wp-content\/uploads\/2021\/03\/DSC_3231-300x200.jpg\"\n        alt=\"With coating PROMOSOLV COAT UT10\"\n        style=\"max-width:100%; height:auto; margin-top:0; border-radius:10px\"\n      \/><br \/>\n    <\/a>\n  <\/div>\n<\/div>\n<p><BR><BR><\/p>\n<p><!-- PROPRI\u00c9T\u00c9S Section --><\/p>\n<div style=\"font-weight:bold; text-transform:uppercase; border-bottom:2px solid #9DBB2F; padding-bottom:6px; margin-bottom:10px;\">\n  PROPRI\u00c9T\u00c9S\n<\/div>\n<table width=\"100%\" cellpadding=\"0\" cellspacing=\"0\" style=\"border-collapse:collapse; width:100%; max-width:100%;\">\n<tr>\n<th align=\"left\" style=\"background:#7A7A7A; color:#fff; padding:8px 12px; border:1px solid #BDBDBD;\">CONTENU SOLIDE (POIDS %)<\/th>\n<th align=\"left\" style=\"background:#7A7A7A; color:#fff; padding:8px 12px; border:1px solid #BDBDBD;\">\u00c9PAISSEUR DU FILM<\/th>\n<\/tr>\n<tr>\n<td style=\"padding:8px 12px; border:1px solid #BDBDBD;\">0,2%<\/td>\n<td style=\"padding:8px 12px; border:1px solid #BDBDBD;\">Trempage : &lt;0,01 microns \/ Pulv\u00e9risation : non applicable<\/td>\n<\/tr>\n<tr style=\"background:#E6E6E6;\">\n<td style=\"padding:8px 12px; border:1px solid #BDBDBD;\">2%<\/td>\n<td style=\"padding:8px 12px; border:1px solid #BDBDBD;\">Trempage : 0,1 \u00e0 0,2 micron \/ Pulv\u00e9risation : g\u00e9n\u00e9ralement 2 microns<\/td>\n<\/tr>\n<tr>\n<td style=\"padding:8px 12px; border:1px solid #BDBDBD;\">4%<\/td>\n<td style=\"padding:8px 12px; border:1px solid #BDBDBD;\">Trempage : 0,2 \u00e0 0,4 micron \/ Pulv\u00e9risation : g\u00e9n\u00e9ralement 4 microns<\/td>\n<\/tr>\n<tr style=\"background:#E6E6E6;\">\n<td style=\"padding:8px 12px; border:1px solid #BDBDBD;\">8%<\/td>\n<td style=\"padding:8px 12px; border:1px solid #BDBDBD;\">Trempage : 0,8\u20131 microns \/ Pulv\u00e9risation : non applicable<\/td>\n<\/tr>\n<\/table>\n<p><!-- PROPRI\u00c9T\u00c9S DU LIQUIDE Section --><\/p>\n<div style=\"font-weight:bold; text-transform:uppercase; border-bottom:2px solid #9DBB2F; padding-bottom:6px; margin:30px 0 10px 0;\">\n  PROPRI\u00c9T\u00c9S DU LIQUIDE\n<\/div>\n<table width=\"100%\" cellpadding=\"0\" cellspacing=\"0\" style=\"border-collapse:collapse; width:100%; max-width:100%;\">\n<tr>\n<th align=\"left\" style=\"background:#7A7A7A; color:#fff; padding:8px 12px; border:1px solid #BDBDBD;\">CARACT\u00c9RISTIQUES<\/th>\n<th align=\"left\" style=\"background:#7A7A7A; color:#fff; padding:8px 12px; border:1px solid #BDBDBD;\">VALEURS<\/th>\n<\/tr>\n<tr>\n<td style=\"padding:8px 12px; border:1px solid #BDBDBD;\">Nature chimique<\/td>\n<td style=\"padding:8px 12px; border:1px solid #BDBDBD;\">Fluoropolym\u00e8re<\/td>\n<\/tr>\n<tr style=\"background:#E6E6E6;\">\n<td style=\"padding:8px 12px; border:1px solid #BDBDBD;\">Apparence<\/td>\n<td style=\"padding:8px 12px; border:1px solid #BDBDBD;\">Clair \u00e0 l\u00e9g\u00e8rement trouble<\/td>\n<\/tr>\n<tr>\n<td style=\"padding:8px 12px; border:1px solid #BDBDBD;\">Masse volumique (g\/cm\u00b3) \u00e0 20\u00b0C<\/td>\n<td style=\"padding:8px 12px; border:1px solid #BDBDBD;\">1,4<\/td>\n<\/tr>\n<tr style=\"background:#E6E6E6;\">\n<td style=\"padding:8px 12px; border:1px solid #BDBDBD;\">Type de solvant<\/td>\n<td style=\"padding:8px 12px; border:1px solid #BDBDBD;\">Hydrofluoro\u00e9ther<\/td>\n<\/tr>\n<tr>\n<td style=\"padding:8px 12px; border:1px solid #BDBDBD;\">Nom du produit solvant<\/td>\n<td style=\"padding:8px 12px; border:1px solid #BDBDBD;\">DILUANT 10<\/td>\n<\/tr>\n<tr style=\"background:#E6E6E6;\">\n<td style=\"padding:8px 12px; border:1px solid #BDBDBD;\">Point d&rsquo;\u00e9bullition du solvant<\/td>\n<td style=\"padding:8px 12px; border:1px solid #BDBDBD;\">61-76\u00b0C \/ 142-169\u00b0F<\/td>\n<\/tr>\n<tr>\n<td style=\"padding:8px 12px; border:1px solid #BDBDBD;\">Point \u00e9clair<\/td>\n<td style=\"padding:8px 12px; border:1px solid #BDBDBD;\">Aucun<\/td>\n<\/tr>\n<tr style=\"background:#E6E6E6;\">\n<td style=\"padding:8px 12px; border:1px solid #BDBDBD;\">Viscosit\u00e9 (cSt)<\/td>\n<td style=\"padding:8px 12px; border:1px solid #BDBDBD;\">~1<\/td>\n<\/tr>\n<tr>\n<td style=\"padding:8px 12px; border:1px solid #BDBDBD;\">Tension de surface (mN\/m ou dynes\/cm)<\/td>\n<td style=\"padding:8px 12px; border:1px solid #BDBDBD;\">13,6<\/td>\n<\/tr>\n<\/table>\n<p><!-- PROPRI\u00c9T\u00c9S DU FILM Section --><\/p>\n<div style=\"font-weight:bold; text-transform:uppercase; border-bottom:2px solid #9DBB2F; padding-bottom:6px; margin:30px 0 10px 0;\">\n  PROPRI\u00c9T\u00c9S DU FILM\n<\/div>\n<table width=\"100%\" cellpadding=\"0\" cellspacing=\"0\" style=\"border-collapse:collapse; width:100%; max-width:100%;\">\n<tr>\n<th align=\"left\" style=\"background:#7A7A7A; color:#fff; padding:8px 12px; border:1px solid #BDBDBD;\">CARACT\u00c9RISTIQUES<\/th>\n<th align=\"left\" style=\"background:#7A7A7A; color:#fff; padding:8px 12px; border:1px solid #BDBDBD;\">VALEURS<\/th>\n<\/tr>\n<tr>\n<td style=\"padding:8px 12px; border:1px solid #BDBDBD;\">Apparence<\/td>\n<td style=\"padding:8px 12px; border:1px solid #BDBDBD;\">Clair, incolore<\/td>\n<\/tr>\n<tr style=\"background:#E6E6E6;\">\n<td style=\"padding:8px 12px; border:1px solid #BDBDBD;\">\u00c9nergie de surface (dynes\/cm)<\/td>\n<td style=\"padding:8px 12px; border:1px solid #BDBDBD;\">5\u201310<\/td>\n<\/tr>\n<tr>\n<td style=\"padding:8px 12px; border:1px solid #BDBDBD;\">Angle de contact (ASTM D7334-08)<\/td>\n<td style=\"padding:8px 12px; border:1px solid #BDBDBD;\">Eau 120\u00b0 \/ Huile 80\u00b0<\/td>\n<\/tr>\n<tr style=\"background:#E6E6E6;\">\n<td style=\"padding:8px 12px; border:1px solid #BDBDBD;\">Stabilit\u00e9 \u00e0 la chaleur<\/td>\n<td style=\"padding:8px 12px; border:1px solid #BDBDBD;\">150\u00b0C en continu \/ 250\u00b0C en une heure<\/td>\n<\/tr>\n<tr>\n<td style=\"padding:8px 12px; border:1px solid #BDBDBD;\">R\u00e9parabilit\u00e9 par soudure<\/td>\n<td style=\"padding:8px 12px; border:1px solid #BDBDBD;\">Oui<\/td>\n<\/tr>\n<tr style=\"background:#E6E6E6;\">\n<td style=\"padding:8px 12px; border:1px solid #BDBDBD;\">R\u00e9sistance aux solvants et aux produits chimiques<\/td>\n<td style=\"padding:8px 12px; border:1px solid #BDBDBD;\">Excellent<\/td>\n<\/tr>\n<tr>\n<td style=\"padding:8px 12px; border:1px solid #BDBDBD;\">Indice de r\u00e9fraction<\/td>\n<td style=\"padding:8px 12px; border:1px solid #BDBDBD;\">~1,35<\/td>\n<\/tr>\n<tr style=\"background:#E6E6E6;\">\n<td style=\"padding:8px 12px; border:1px solid #BDBDBD;\">Tg (temp\u00e9rature de transition vitreuse)<\/td>\n<td style=\"padding:8px 12px; border:1px solid #BDBDBD;\">75\u00b0C<\/td>\n<\/tr>\n<tr>\n<td style=\"padding:8px 12px; border:1px solid #BDBDBD;\">Rigidit\u00e9 di\u00e9lectrique<\/td>\n<td style=\"padding:8px 12px; border:1px solid #BDBDBD;\">2500 V\/mil (2500 V\/25\u03bcm)<\/td>\n<\/tr>\n<tr style=\"background:#E6E6E6;\">\n<td style=\"padding:8px 12px; border:1px solid #BDBDBD;\">Constante di\u00e9lectrique<\/td>\n<td style=\"padding:8px 12px; border:1px solid #BDBDBD;\">2,25 @100 KHz<\/td>\n<\/tr>\n<tr>\n<td style=\"padding:8px 12px; border:1px solid #BDBDBD;\">Facteur de dissipation<\/td>\n<td style=\"padding:8px 12px; border:1px solid #BDBDBD;\">0,016 @100 KHz<\/td>\n<\/tr>\n<tr style=\"background:#E6E6E6;\">\n<td style=\"padding:8px 12px; border:1px solid #BDBDBD;\">R\u00e9sistivit\u00e9 volumique<\/td>\n<td style=\"padding:8px 12px; border:1px solid #BDBDBD;\">4,5\u00d710\u00b9\u2075 \u03a9\u00b7cm<\/td>\n<\/tr>\n<tr>\n<td style=\"padding:8px 12px; border:1px solid #BDBDBD;\">Certificats d&rsquo;ininflammabilit\u00e9<\/td>\n<td style=\"padding:8px 12px; border:1px solid #BDBDBD;\">UL94 V-0 \/ NF EN 60695-11-10<\/td>\n<\/tr>\n<\/table>\n<p>Le <strong>PROMOSOLV COAT UT10<\/strong> est actuellement disponible en teneur en solides de 2 % et 4 %. Une teneur en solides plus \u00e9lev\u00e9e augmentera l&rsquo;\u00e9paisseur du rev\u00eatement.<\/p>\n<p><strong>PROMOSOLV COAT UT10<\/strong> peut \u00eatre consid\u00e9r\u00e9 comme un remplacement du <strong>3M Novec 1700<\/strong>, qui sera progressivement retir\u00e9 fin 2025. Pour plus d&rsquo;informations sur l&rsquo;annonce de 3M concernant l&rsquo;arr\u00eat des produits Novec, cliquez sur <a href=\"https:\/\/www.inventec.dehon.com\/fr\/a-la-recherche-de-solutions-de-remplacement-aux-produits-3m-novec\/solutions-de-revetement-pour-remplacer-les-produits-3m-novec\/\">ce lien<\/a>.<\/p>\n","protected":false},"excerpt":{"rendered":"<ul>\n<li>Rev\u00eatement hydrophobe et ol\u00e9ophobe ultra-fin<\/li>\n<li>Proc\u00e9d\u00e9 de trempage et de pulv\u00e9risation<\/li>\n<li>Processus simple et rapide<\/li>\n<\/ul>\n","protected":false},"featured_media":2569,"comment_status":"closed","ping_status":"closed","template":"","meta":{"_acf_changed":false,"inline_featured_image":false},"product_brand":[],"product_cat":[951,904],"product_tag":[4634,4638,4642,1760,4650,4646,1855,3745,1759,4453,4654,4658,4277,4666,1761],"class_list":{"0":"post-10118","1":"product","2":"type-product","3":"status-publish","4":"has-post-thumbnail","6":"industries-aerospatiale-defense","7":"industries-appareils-auditifs","8":"industries-automatisation","9":"industries-automobile","10":"industries-eclairage","11":"industries-medical-fr","12":"product_cat-revetements","13":"product_cat-revetements-ultra-fins","14":"product_tag-appliquer-au-pinceau","15":"product_tag-appliquer-par-immersion","16":"product_tag-appliquer-par-pulverisation-selective","17":"product_tag-coat-fr","18":"product_tag-composants-electroniques","19":"product_tag-durcissement","20":"product_tag-led-fr","21":"product_tag-pcb-fr","22":"product_tag-promosolv-coat-ut10-fr","23":"product_tag-pulverisation","24":"product_tag-reparable","25":"product_tag-reparable-a-travers-la-soudure","26":"product_tag-revetements-fr","27":"product_tag-revetements-ultra-fins-fr","28":"product_tag-ut10-fr","29":"pa_application-led-fr","30":"pa_application-pcb-composants-electroniques","31":"pa_brand-promosolv-coat-fr","32":"pa_features-reparable-par-soudure-traversante","33":"pa_processes-ppplication-au-pinceau","34":"pa_processes-application-par-pulverisation-selective","35":"pa_processes-application-par-trempage","36":"pa_processes-polymerisation-a-temperature-ambiante","37":"pa_product-category-revetements-ultra-fins","39":"first","40":"instock","41":"shipping-taxable","42":"product-type-simple"},"acf":[],"_links":{"self":[{"href":"https:\/\/www.inventec.dehon.com\/fr\/wp-json\/wp\/v2\/product\/10118","targetHints":{"allow":["GET"]}}],"collection":[{"href":"https:\/\/www.inventec.dehon.com\/fr\/wp-json\/wp\/v2\/product"}],"about":[{"href":"https:\/\/www.inventec.dehon.com\/fr\/wp-json\/wp\/v2\/types\/product"}],"replies":[{"embeddable":true,"href":"https:\/\/www.inventec.dehon.com\/fr\/wp-json\/wp\/v2\/comments?post=10118"}],"wp:featuredmedia":[{"embeddable":true,"href":"https:\/\/www.inventec.dehon.com\/fr\/wp-json\/wp\/v2\/media\/2569"}],"wp:attachment":[{"href":"https:\/\/www.inventec.dehon.com\/fr\/wp-json\/wp\/v2\/media?parent=10118"}],"wp:term":[{"taxonomy":"product_brand","embeddable":true,"href":"https:\/\/www.inventec.dehon.com\/fr\/wp-json\/wp\/v2\/product_brand?post=10118"},{"taxonomy":"product_cat","embeddable":true,"href":"https:\/\/www.inventec.dehon.com\/fr\/wp-json\/wp\/v2\/product_cat?post=10118"},{"taxonomy":"product_tag","embeddable":true,"href":"https:\/\/www.inventec.dehon.com\/fr\/wp-json\/wp\/v2\/product_tag?post=10118"}],"curies":[{"name":"wp","href":"https:\/\/api.w.org\/{rel}","templated":true}]}}