{"id":10103,"date":"2021-05-11T20:17:12","date_gmt":"2021-05-11T20:17:12","guid":{"rendered":"https:\/\/www.inventec.dehon.com\/product\/3m-novec-71ipa\/"},"modified":"2026-01-30T09:45:11","modified_gmt":"2026-01-30T08:45:11","slug":"3m-novec-71ipa","status":"publish","type":"product","link":"https:\/\/www.inventec.dehon.com\/fr\/product\/3m-novec-71ipa\/","title":{"rendered":"3M NOVEC 71IPA"},"content":{"rendered":"<p><img decoding=\"async\" src=\"https:\/\/www.inventec.dehon.com\/wp-content\/uploads\/2021\/04\/Novec-drum-colorless.phase-outpng-1-600x600.jpg\" alt=\"3M NOVEC 71IPA\" class=\"responsive-img\" align=\"right\" style=\"border-radius:10px; margin-bottom:10px; margin-top:-10px; margin-left:15px; width:300px\" \/><\/p>\n<h2 style=\"color: #9bc947; margin-bottom: 15px;\">Fluide de nettoyage \u00e0 base de solvant<\/h2>\n<ul>\n<li>Solvant pour l&rsquo;\u00e9limination des huiles l\u00e9g\u00e8res et des particules et pour le rin\u00e7age.<\/li>\n<li>Mono-solvant, Co-solvant, processus de rin\u00e7age et de s\u00e9chage<\/li>\n<li>Tr\u00e8s faible impact HSE &amp; tr\u00e8s faible tension de surface <span style=\"color:#FFFFFF;\">3M NOVEC 71IPA<\/span><\/li>\n<\/ul>\n<hr \/>\n<h4>AVIS IMPORTANT :<BR> RETRAIT DES PRODUITS 3M\u2122<\/h4>\n<p>\u26a0\ufe0f 3M\u2122 a annonc\u00e9 en d\u00e9cembre 2022 que tous les produits Novec\u2122 seraient progressivement retir\u00e9s et ne seront plus disponibles d&rsquo;ici la fin de 2025. Pas de panique, Inventec propose un remplacement direct pour ce produit, mais nous vous recommandons de nous contacter d\u00e8s que possible afin de minimiser les interruptions de fourniture.<\/p>\n<p>Si vous souhaitez en savoir plus sur le retrait des produits 3M\u2122, cliquez sur ce <a href=\"https:\/\/www.inventec.dehon.com\/fr\/a-la-recherche-de-solutions-de-remplacement-aux-produits-3m-novec\/\">lien<\/a>.<\/p>\n<p>NOS ALTERNATIVES :<\/p>\n<ul>\n<li><a href=\"https:\/\/www.inventec.dehon.com\/fr\/product\/promosolv-dr1\/\">PROMOSOLV DR1<\/a><\/li>\n<\/ul>\n<hr \/>\n<h5>3M Novec 71IPA<\/h5>\n<p><strong>3M Novec 71IPA<\/strong> Engineered Fluid est un hydrofluoro\u00e9ther, m\u00e9thoxy-nonafluorobutane (C4F9OCH3), dans une dans une formulation de type az\u00e9otrope avec l&rsquo;isopropanol.<\/p>\n<p>Ce fluide est id\u00e9al pour les t\u00e2ches l\u00e9g\u00e8res de nettoyage et de d\u00e9graissage, et il est destin\u00e9 \u00e0 remplacer les produits de nettoyage et de d\u00e9graissage qui appauvrissent la couche d&rsquo;ozone. comme le CFC-113, le HCFC-14lb et le 1,1,1-trichloro\u00e9thane dans de nombreuses applications. Il ne contient pas d&rsquo;ozone potentiel d&rsquo;\u00e9puisement et d&rsquo;autres propri\u00e9t\u00e9s environnementales favorables.<\/p>\n<p>Le fluide <strong>Novec 71IPA<\/strong> a une faible avec une recommandation d&rsquo;exposition moyenne pond\u00e9r\u00e9e en fonction du temps de 750 ppm pour le produit <strong>3M Novec 7100<\/strong> Engineered Fluid component (moyenne sur huit heures).<\/p>\n<p>La solubilit\u00e9 accrue des sols polaires et la faible tension superficielle, l&rsquo;ininflammabilit\u00e9 et la composition constante pendant l&rsquo;\u00e9bullition du fluide <strong>Novec 71IPA<\/strong> en font un produit id\u00e9al pour le nettoyage et le rin\u00e7age de pr\u00e9cision et de sp\u00e9cialit\u00e9 pour l&rsquo;\u00e9limination des particules, des empreintes digitales et des salissures l\u00e9g\u00e8res sur les pi\u00e8ces en m\u00e9tal, en plastique et en verre.<\/p>\n<h6>Applications<\/h6>\n<ul>\n<li>Agent de nettoyage, de rin\u00e7age et de s\u00e9chage de pr\u00e9cision &#8211; Nettoyage l\u00e9ger des huiles, graisses, cires, empreintes digitales.<\/li>\n<li>Utiliser en combinaison avec des co-solvants comme Topklean EL 20 ou Topklean EL20P pour l&rsquo;\u00e9limination des r\u00e9sidus de \u00ab\u00a0flux non nettoy\u00e9s\u00a0\u00bb.<\/li>\n<\/ul>\n<p><a title=\"Letter from 3M - Inventec authorized distributor for EMEA area\" href=\"https:\/\/www.inventec.dehon.com\/wp-content\/uploads\/2021\/10\/3M-Authorized-EMEA-Distributor_Inventec.pdf\" target=\"_blank\" rel=\"noopener\">Letter from 3M &#8211; Inventec authorized distributor for EMEA area<\/a><\/p>\n<p><a href=\"https:\/\/inventec.dehon.com\/wp-content\/uploads\/2021\/04\/LOGO-3M-Novec.png\" rel=\"inv-colorbox\" title=\"3M NOVEC 71IPA\"><img decoding=\"async\" class=\"alignnone wp-image-2102 size-medium\" src=\"https:\/\/inventec.dehon.com\/wp-content\/uploads\/2021\/04\/LOGO-3M-Novec-300x150.png\" alt=\"3M Novec 71IPA\" width=\"300\" height=\"150\" srcset=\"https:\/\/www.inventec.dehon.com\/wp-content\/uploads\/2021\/04\/LOGO-3M-Novec-300x150.png 300w, https:\/\/www.inventec.dehon.com\/wp-content\/uploads\/2021\/04\/LOGO-3M-Novec.png 318w\" sizes=\"(max-width: 300px) 100vw, 300px\" \/><\/a><\/p>\n","protected":false},"excerpt":{"rendered":"<ul>\n<li>Solvant pour l&rsquo;\u00e9limination des huiles l\u00e9g\u00e8res et des particules et pour le rin\u00e7age.<\/li>\n<li>Mono-solvant, Co-solvant, processus de rin\u00e7age et de s\u00e9chage<\/li>\n<li>Tr\u00e8s faible impact HSE &amp; tr\u00e8s faible tension de surface<\/li>\n<\/ul>\n<p><span style=\"color: #99cc00;\">Alternative:<\/span><small> <\/small><a href=\"https:\/\/www.inventec.dehon.com\/fr\/product\/promosolv-dr1\/\"><small>PROMOSOLV DR1<\/small><\/a><\/p>\n<p><a href=\"https:\/\/www.inventec.dehon.com\/fr\/a-la-recherche-de-solutions-de-remplacement-aux-produits-3m-novec\/\" class=\"btn btn-lg btn-primary rounded-pill\" style=\"margin-top:5px; color:#FFFFFF;\">Voir toutes les alternatives 3M Novec<\/a><\/p>\n","protected":false},"featured_media":15444,"comment_status":"closed","ping_status":"closed","template":"","meta":{"_acf_changed":false,"inline_featured_image":false},"product_brand":[],"product_cat":[953,2824],"product_tag":[4393],"class_list":{"0":"post-10103","1":"product","2":"type-product","3":"status-publish","4":"has-post-thumbnail","6":"product_cat-nettoyage","7":"product_cat-solutions-de-solvants-de-rincage","8":"product_tag-elimination-des-huiles-fr","9":"pa_application-elimination-des-huiles","10":"pa_application-elimination-des-particules","11":"pa_brand-3m-novec-fr-2","12":"pa_features-recyclable","13":"pa_processes-chasse-deau","14":"pa_processes-co-solvant","15":"pa_processes-mono-solvant","16":"pa_processes-rincage-au-solvant","17":"pa_processes-solvant-de-sechage","18":"pa_product-category-liquides-de-nettoyage-solvants","20":"first","21":"instock","22":"shipping-taxable","23":"product-type-simple"},"acf":[],"_links":{"self":[{"href":"https:\/\/www.inventec.dehon.com\/fr\/wp-json\/wp\/v2\/product\/10103","targetHints":{"allow":["GET"]}}],"collection":[{"href":"https:\/\/www.inventec.dehon.com\/fr\/wp-json\/wp\/v2\/product"}],"about":[{"href":"https:\/\/www.inventec.dehon.com\/fr\/wp-json\/wp\/v2\/types\/product"}],"replies":[{"embeddable":true,"href":"https:\/\/www.inventec.dehon.com\/fr\/wp-json\/wp\/v2\/comments?post=10103"}],"wp:featuredmedia":[{"embeddable":true,"href":"https:\/\/www.inventec.dehon.com\/fr\/wp-json\/wp\/v2\/media\/15444"}],"wp:attachment":[{"href":"https:\/\/www.inventec.dehon.com\/fr\/wp-json\/wp\/v2\/media?parent=10103"}],"wp:term":[{"taxonomy":"product_brand","embeddable":true,"href":"https:\/\/www.inventec.dehon.com\/fr\/wp-json\/wp\/v2\/product_brand?post=10103"},{"taxonomy":"product_cat","embeddable":true,"href":"https:\/\/www.inventec.dehon.com\/fr\/wp-json\/wp\/v2\/product_cat?post=10103"},{"taxonomy":"product_tag","embeddable":true,"href":"https:\/\/www.inventec.dehon.com\/fr\/wp-json\/wp\/v2\/product_tag?post=10103"}],"curies":[{"name":"wp","href":"https:\/\/api.w.org\/{rel}","templated":true}]}}