{"id":10102,"date":"2021-04-27T06:13:52","date_gmt":"2021-12-21T12:35:30","guid":{"rendered":"https:\/\/www.inventec.dehon.com\/product\/ecorel-free-105-vm\/"},"modified":"2024-06-27T10:26:36","modified_gmt":"2024-06-27T10:26:36","slug":"ecorel-free-105-vm","status":"publish","type":"product","link":"https:\/\/www.inventec.dehon.com\/fr\/product\/ecorel-free-105-vm\/","title":{"rendered":"ECOREL FREE 105-VM"},"content":{"rendered":"<ul>\n<li>P\u00e2te \u00e0 souder en alliage sans plomb SAC105<\/li>\n<li>Processus d&rsquo;impression smt non propre<\/li>\n<li>Production \u00e0 haut volume et assemblage robuste<\/li>\n<\/ul>\n<p>ECOREL Free 105-VM (\u00ab\u00a0Valued Manufacturing\u00a0\u00bb) \u00ab\u00a0) est sp\u00e9cialement con\u00e7u pour r\u00e9pondre aux besoins de l&rsquo;\u00e9lectronique de grand volume avec une performance globale \u00e9quilibr\u00e9e de la p\u00e2te \u00e0 braser pour garantir un processus d&rsquo;assemblage stable. Il s`agit d`une p\u00e2te \u00e0 braser No Clean combinant les propri\u00e9t\u00e9s m\u00e9tallurgiques et les avantages en termes de co\u00fbts d`un alliage \u00e0 faible teneur en argent avec la chimie haute performance de la gamme ECOREL\u2122. En outre, l&rsquo;alliage \u00e0 faible teneur en argent offre une meilleure r\u00e9sistance aux chocs.<\/p>\n","protected":false},"excerpt":{"rendered":"<ul>\n<li>P\u00e2te \u00e0 souder en alliage sans plomb SAC105<\/li>\n<li>Processus d&rsquo;impression smt non propre<\/li>\n<li>Production \u00e0 haut volume et assemblage robuste<\/li>\n<\/ul>\n","protected":false},"featured_media":2226,"comment_status":"closed","ping_status":"closed","template":"","meta":{"_acf_changed":false,"inline_featured_image":false},"product_brand":[],"product_cat":[950],"product_tag":[],"class_list":{"0":"post-10102","1":"product","2":"type-product","3":"status-publish","4":"has-post-thumbnail","6":"product_cat-non-classe","7":"pa_brand-ecorel-fr-2","8":"pa_features-alliage-zero-faible-argent","9":"pa_features-assemblage-robuste","10":"pa_processes-impression","11":"pa_product-category-creme-a-braser","13":"first","14":"instock","15":"shipping-taxable","16":"product-type-simple"},"acf":[],"_links":{"self":[{"href":"https:\/\/www.inventec.dehon.com\/fr\/wp-json\/wp\/v2\/product\/10102","targetHints":{"allow":["GET"]}}],"collection":[{"href":"https:\/\/www.inventec.dehon.com\/fr\/wp-json\/wp\/v2\/product"}],"about":[{"href":"https:\/\/www.inventec.dehon.com\/fr\/wp-json\/wp\/v2\/types\/product"}],"replies":[{"embeddable":true,"href":"https:\/\/www.inventec.dehon.com\/fr\/wp-json\/wp\/v2\/comments?post=10102"}],"wp:featuredmedia":[{"embeddable":true,"href":"https:\/\/www.inventec.dehon.com\/fr\/wp-json\/wp\/v2\/media\/2226"}],"wp:attachment":[{"href":"https:\/\/www.inventec.dehon.com\/fr\/wp-json\/wp\/v2\/media?parent=10102"}],"wp:term":[{"taxonomy":"product_brand","embeddable":true,"href":"https:\/\/www.inventec.dehon.com\/fr\/wp-json\/wp\/v2\/product_brand?post=10102"},{"taxonomy":"product_cat","embeddable":true,"href":"https:\/\/www.inventec.dehon.com\/fr\/wp-json\/wp\/v2\/product_cat?post=10102"},{"taxonomy":"product_tag","embeddable":true,"href":"https:\/\/www.inventec.dehon.com\/fr\/wp-json\/wp\/v2\/product_tag?post=10102"}],"curies":[{"name":"wp","href":"https:\/\/api.w.org\/{rel}","templated":true}]}}