{"id":10090,"date":"2021-04-16T07:26:30","date_gmt":"2021-04-16T07:26:30","guid":{"rendered":"https:\/\/www.inventec.dehon.com\/product\/3m-novec-7100\/"},"modified":"2026-01-30T09:27:42","modified_gmt":"2026-01-30T08:27:42","slug":"3m-novec-7100","status":"publish","type":"product","link":"https:\/\/www.inventec.dehon.com\/fr\/product\/3m-novec-7100\/","title":{"rendered":"3M NOVEC 7100"},"content":{"rendered":"<p><img decoding=\"async\" src=\"https:\/\/www.inventec.dehon.com\/wp-content\/uploads\/2021\/04\/Novec-drum-colorless.phase-outpng-1-600x600.jpg\" alt=\"3M NOVEC 7100\" class=\"responsive-img\" align=\"right\" style=\"border-radius:10px; margin-bottom:10px; margin-top:-10px; margin-left:15px; width:300px\" \/><\/p>\n<h2 style=\"color: #9bc947; margin-bottom: 15px;\">Fluide de nettoyage \u00e0 base de solvant <span style=\"color:#FFFFFF;\">3M NOVEC 7100<\/span><\/h2>\n<ul>\n<li>Solvant pour l&rsquo;\u00e9limination des huiles l\u00e9g\u00e8res et des particules \/ rin\u00e7age et s\u00e9chage rapide sans taches.<\/li>\n<li>Proc\u00e9d\u00e9 phase vapeur, rin\u00e7age et s\u00e9chage<\/li>\n<li>Tr\u00e8s faible tension de surface<\/li>\n<\/ul>\n<hr \/>\n<h4>AVIS IMPORTANT :<BR>ARR\u00caT DES PRODUITS 3M\u2122<\/h4>\n<p>\u26a0\ufe0f 3M\u2122 a annonc\u00e9 en d\u00e9cembre 2022 que tous les produits Novec\u2122 seront progressivement supprim\u00e9s et ne seront plus disponibles d&rsquo;ici la fin de 2025. Ne vous inqui\u00e9tez pas, Inventec a une offre de remplacement direct pour ces produit mais nous vous recommandons de nous contacter d\u00e8s que possible afin de minimiser les interruptions d&rsquo;approvisionnement.<\/p>\n<p>Si vous souhaitez en savoir plus sur la suppression progressive des produits 3M\u2122, cliquez sur ce<a href=\"https:\/\/www.inventec.dehon.com\/fr\/a-la-recherche-de-solutions-de-remplacement-aux-produits-3m-novec\/\"> lien<\/a>.<\/p>\n<p><span style=\"color: #003366;\">NOS ALTERNATIVES :<\/span><\/p>\n<ul>\n<li><a href=\"https:\/\/www.inventec.dehon.com\/fr\/product\/promosolv-dr3\/\">PROMOSOLV DR3<\/a><\/li>\n<li><a href=\"https:\/\/www.inventec.dehon.com\/fr\/product\/promosolv-neo-a1\/\">PROMOSOLV NEO A1<\/a> -&gt; SANS GWP ET SANS PFAS<\/li>\n<\/ul>\n<hr \/>\n<h5>3M Novec 7100<\/h5>\n<p>Le fluide <strong>3M Novec 7100<\/strong>, m\u00e9thoxy-nonafluorobutane (C4F9OCH3), est un fluide clair, incolore et peu odorant destin\u00e9 \u00e0 remplacer les substances appauvrissant la couche d&rsquo;ozone (SAO) et les compos\u00e9s \u00e0 fort potentiel de r\u00e9chauffement global (PRG) dans de nombreuses applications.<\/p>\n<p>Le point d&rsquo;\u00e9bullition \u00e9lev\u00e9 et la faible tension de surface du fluide <strong>Novec 7100<\/strong> en font un produit id\u00e9al pour les applications de d\u00e9graissage\u00a0 vapeur en tant que nettoyant pur, az\u00e9otropique ou co-solvant. En outre, sa stabilit\u00e9 chimique et thermique, son ininflammabilit\u00e9 et sa faible toxicit\u00e9 en font un produit appropri\u00e9 pour de nombreuses autres applications de solvants industriels et de sp\u00e9cialit\u00e9.<\/p>\n<p><a title=\"Letter from 3M - Inventec authorized distributor for EMEA area\" href=\"https:\/\/www.inventec.dehon.com\/wp-content\/uploads\/2021\/10\/3M-Authorized-EMEA-Distributor_Inventec.pdf\" target=\"_blank\" rel=\"noopener\">Letter from 3M &#8211; Inventec authorized distributor for EMEA area<\/a><\/p>\n<p><a href=\"https:\/\/inventec.dehon.com\/wp-content\/uploads\/2021\/04\/LOGO-3M-Novec.png\" rel=\"inv-colorbox\" title=\"3M NOVEC 7100\"><img decoding=\"async\" class=\"alignnone wp-image-2102 size-medium\" src=\"https:\/\/inventec.dehon.com\/wp-content\/uploads\/2021\/04\/LOGO-3M-Novec-300x150.png\" alt=\"3M NOVEC 7100\" width=\"300\" height=\"150\" srcset=\"https:\/\/www.inventec.dehon.com\/wp-content\/uploads\/2021\/04\/LOGO-3M-Novec-300x150.png 300w, https:\/\/www.inventec.dehon.com\/wp-content\/uploads\/2021\/04\/LOGO-3M-Novec.png 318w\" sizes=\"(max-width: 300px) 100vw, 300px\" \/><\/a><\/p>\n","protected":false},"excerpt":{"rendered":"<ul>\n<li>Solvant pour l&rsquo;\u00e9limination des huiles l\u00e9g\u00e8res et des particules \/ rin\u00e7age et s\u00e9chage rapide sans taches.<\/li>\n<li>Proc\u00e9d\u00e9 phase vapeur, rin\u00e7age et s\u00e9chage<\/li>\n<li>Tr\u00e8s faible tension de surface<\/li>\n<\/ul>\n<p><span style=\"color: #99cc00;\">Alternative:<\/span> <small><a href=\"https:\/\/www.inventec.dehon.com\/fr\/product\/promosolv-neo-a1\/\" target=\"_blank\" rel=\"noopener\">PROMOSOLV NEO A1<\/a><\/small><\/p>\n<p><a href=\"https:\/\/www.inventec.dehon.com\/fr\/a-la-recherche-de-solutions-de-remplacement-aux-produits-3m-novec\/\" class=\"btn btn-lg btn-primary rounded-pill\" style=\"margin-top:5px; color:#FFFFFF;\">Voir toutes les alternatives 3M Novec<\/a><\/p>\n","protected":false},"featured_media":15444,"comment_status":"closed","ping_status":"closed","template":"","meta":{"_acf_changed":false,"inline_featured_image":false},"product_brand":[],"product_cat":[742,953,743,2824,2825],"product_tag":[],"class_list":{"0":"post-10090","1":"product","2":"type-product","3":"status-publish","4":"has-post-thumbnail","6":"industries-aerospatiale-defense","7":"industries-aerosystemes","8":"industries-automobile","9":"industries-installations-doxygene","10":"industries-medical-fr","11":"product_cat-elimination-des-particules","12":"product_cat-nettoyage","13":"product_cat-nettoyage-des-pieces-en-contact-avec-oxygene","14":"product_cat-solutions-de-solvants-de-rincage","15":"product_cat-solutions-de-solvants-de-sechage","16":"pa_application-elimination-des-huiles","17":"pa_application-elimination-des-particules","18":"pa_application-nettoyage-des-systemes-a-oxygene","19":"pa_brand-3m-novec-fr-2","20":"pa_features-pour-huiles-graisses-fluorees","21":"pa_features-recyclable","22":"pa_processes-chasse-deau","23":"pa_processes-co-solvant","24":"pa_processes-mono-solvant","25":"pa_processes-solvant-de-sechage","26":"pa_product-category-liquides-de-nettoyage-solvants","28":"first","29":"instock","30":"shipping-taxable","31":"product-type-simple"},"acf":[],"_links":{"self":[{"href":"https:\/\/www.inventec.dehon.com\/fr\/wp-json\/wp\/v2\/product\/10090","targetHints":{"allow":["GET"]}}],"collection":[{"href":"https:\/\/www.inventec.dehon.com\/fr\/wp-json\/wp\/v2\/product"}],"about":[{"href":"https:\/\/www.inventec.dehon.com\/fr\/wp-json\/wp\/v2\/types\/product"}],"replies":[{"embeddable":true,"href":"https:\/\/www.inventec.dehon.com\/fr\/wp-json\/wp\/v2\/comments?post=10090"}],"wp:featuredmedia":[{"embeddable":true,"href":"https:\/\/www.inventec.dehon.com\/fr\/wp-json\/wp\/v2\/media\/15444"}],"wp:attachment":[{"href":"https:\/\/www.inventec.dehon.com\/fr\/wp-json\/wp\/v2\/media?parent=10090"}],"wp:term":[{"taxonomy":"product_brand","embeddable":true,"href":"https:\/\/www.inventec.dehon.com\/fr\/wp-json\/wp\/v2\/product_brand?post=10090"},{"taxonomy":"product_cat","embeddable":true,"href":"https:\/\/www.inventec.dehon.com\/fr\/wp-json\/wp\/v2\/product_cat?post=10090"},{"taxonomy":"product_tag","embeddable":true,"href":"https:\/\/www.inventec.dehon.com\/fr\/wp-json\/wp\/v2\/product_tag?post=10090"}],"curies":[{"name":"wp","href":"https:\/\/api.w.org\/{rel}","templated":true}]}}