{"id":10084,"date":"2021-04-12T11:11:32","date_gmt":"2021-04-12T11:11:32","guid":{"rendered":"https:\/\/www.inventec.dehon.com\/product\/topklean-mc-20d\/"},"modified":"2026-01-29T13:32:42","modified_gmt":"2026-01-29T12:32:42","slug":"topklean-mc-20d","status":"publish","type":"product","link":"https:\/\/www.inventec.dehon.com\/fr\/product\/topklean-mc-20d\/","title":{"rendered":"TOPKLEAN MC 20D"},"content":{"rendered":"<p><img decoding=\"async\" src=\"https:\/\/www.inventec.dehon.com\/wp-content\/uploads\/2021\/03\/TOPKLEAN-canister-yellow-1-600x600.jpg\" alt=\"TOPKLEAN MC 20D\" class=\"responsive-img\" align=\"right\" style=\"border-radius:10px; margin-bottom:10px; margin-top:-10px; margin-left:15px; width:300px\" \/><\/p>\n<h2 style=\"color:#9bc947; margin-bottom:15px\">Meilleur agent de nettoyage pour le processus de vide<\/h2>\n<ul>\n<li>Agent de nettoyage pour l&rsquo;\u00e9limination des huiles et des graisses<\/li>\n<li>Proc\u00e9d\u00e9 sous vide \u00e0 base de solvant<\/li>\n<li>Alternative \u00e9cologique au perchlor\u00e9thyl\u00e8ne et au nPB<\/li>\n<\/ul>\n<h5>TOPKLEAN MC 20D<\/h5>\n<p>Sp\u00e9cialement con\u00e7u pour remplacer les solvants \u00e0 fort impact HSE tels que le nPB et le perchloro\u00e9thyl\u00e8ne et pour offrir un produit conforme aux derni\u00e8res et futures r\u00e9glementations environnementales. <\/p>\n<p>Il est utilis\u00e9 dans les proc\u00e9d\u00e9s sous vide pour offrir une solution de solvant respectueuse de l&rsquo;environnement sans compromettre les hautes performances de nettoyage. Ses performances en mati\u00e8re de solubilisation des compos\u00e9s organiques lui permettent d&rsquo;\u00e9liminer les huiles et graisses hydrocarbon\u00e9es de tous les m\u00e9taux et de la plupart des plastiques utilis\u00e9s dans l&rsquo;industrie. Il peut \u00e9galement \u00e9liminer une petite quantit\u00e9 d&rsquo;huiles hydrosolubles, mais cela doit \u00eatre \u00e9valu\u00e9 et test\u00e9 au pr\u00e9alable.<\/p>\n<p><strong>TOPKLEAN MC 20D<\/strong> est qualifi\u00e9 et utilis\u00e9 par plusieurs acteurs de l&rsquo;industrie a\u00e9rospatiale (par exemple SAFRAN IN 1500B).<\/p>\n<p><!-- SPECIFICATIONS Section --><\/p>\n<div style=\"font-weight:bold; text-transform:uppercase; border-bottom:2px solid #9DBB2F; padding-bottom:6px; margin-bottom:10px;\">\n  SP\u00c9CIFICATIONS\n<\/div>\n<table width=\"100%\" cellpadding=\"0\" cellspacing=\"0\" style=\"border-collapse:collapse; width:100%; max-width:100%;\">\n<tr>\n<th align=\"left\" style=\"background:#7A7A7A; color:#fff; padding:8px 12px; border:1px solid #BDBDBD;\">SP\u00c9CIFICATIONS<\/th>\n<th align=\"left\" style=\"background:#7A7A7A; color:#fff; padding:8px 12px; border:1px solid #BDBDBD;\">VALEURS<\/th>\n<th align=\"left\" style=\"background:#7A7A7A; color:#fff; padding:8px 12px; border:1px solid #BDBDBD;\">M\u00c9THODES<\/th>\n<\/tr>\n<tr>\n<td style=\"padding:8px 12px; border:1px solid #BDBDBD;\">Aspect<\/td>\n<td style=\"padding:8px 12px; border:1px solid #BDBDBD;\">Transparent, incolore<\/td>\n<td style=\"padding:8px 12px; border:1px solid #BDBDBD;\">Visuel<\/td>\n<\/tr>\n<tr style=\"background:#E6E6E6;\">\n<td style=\"padding:8px 12px; border:1px solid #BDBDBD;\">Masse volumique \u00e0 20\u00b0C<\/td>\n<td style=\"padding:8px 12px; border:1px solid #BDBDBD;\">880<\/td>\n<td style=\"padding:8px 12px; border:1px solid #BDBDBD;\">ASTM D 4052<\/td>\n<\/tr>\n<tr>\n<td style=\"padding:8px 12px; border:1px solid #BDBDBD;\">Indice d&rsquo;acidit\u00e9<\/td>\n<td style=\"padding:8px 12px; border:1px solid #BDBDBD;\">&lt;0,01<\/td>\n<td style=\"padding:8px 12px; border:1px solid #BDBDBD;\">Interne<\/td>\n<\/tr>\n<\/table>\n<p><!-- CHARACTERISTICS Section --><\/p>\n<div style=\"font-weight:bold; text-transform:uppercase; border-bottom:2px solid #9DBB2F; padding-bottom:6px; margin:30px 0 10px 0;\">\n  CARACT\u00c9RISTIQUES\n<\/div>\n<table width=\"100%\" cellpadding=\"0\" cellspacing=\"0\" style=\"border-collapse:collapse; width:100%; max-width:100%;\">\n<tr>\n<th align=\"left\" style=\"background:#7A7A7A; color:#fff; padding:8px 12px; border:1px solid #BDBDBD;\">CARACT\u00c9RISTIQUES<\/th>\n<th align=\"left\" style=\"background:#7A7A7A; color:#fff; padding:8px 12px; border:1px solid #BDBDBD;\">VALEURS<\/th>\n<th align=\"left\" style=\"background:#7A7A7A; color:#fff; padding:8px 12px; border:1px solid #BDBDBD;\">M\u00c9THODES<\/th>\n<\/tr>\n<tr>\n<td style=\"padding:8px 12px; border:1px solid #BDBDBD;\">Point d\u2019\u00e9bullition (\u00b0C \/ \u00b0F)<\/td>\n<td style=\"padding:8px 12px; border:1px solid #BDBDBD;\">170-180 \u00b0C<\/td>\n<td style=\"padding:8px 12px; border:1px solid #BDBDBD;\">ASTM D1078<\/td>\n<\/tr>\n<tr style=\"background:#E6E6E6;\">\n<td style=\"padding:8px 12px; border:1px solid #BDBDBD;\">Point \u00e9clair (PMCC)<\/td>\n<td style=\"padding:8px 12px; border:1px solid #BDBDBD;\">&gt;64\u00b0C \/ 147 \u00b0F<\/td>\n<td style=\"padding:8px 12px; border:1px solid #BDBDBD;\">ASTM D93<\/td>\n<\/tr>\n<tr>\n<td style=\"padding:8px 12px; border:1px solid #BDBDBD;\">Viscosit\u00e9 \u00e0 25\u00b0C<\/td>\n<td style=\"padding:8px 12px; border:1px solid #BDBDBD;\">1,6 mm\u00b2\/s<\/td>\n<td style=\"padding:8px 12px; border:1px solid #BDBDBD;\">ASTM D445<\/td>\n<\/tr>\n<tr style=\"background:#E6E6E6;\">\n<td style=\"padding:8px 12px; border:1px solid #BDBDBD;\">Tension de surface \u00e0 20\u00b0C (dynes\/cm)<\/td>\n<td style=\"padding:8px 12px; border:1px solid #BDBDBD;\">23<\/td>\n<td style=\"padding:8px 12px; border:1px solid #BDBDBD;\">ASTM D971<\/td>\n<\/tr>\n<tr>\n<td style=\"padding:8px 12px; border:1px solid #BDBDBD;\">Taux d&rsquo;\u00e9vaporation relative : nBuAc=1<\/td>\n<td style=\"padding:8px 12px; border:1px solid #BDBDBD;\">0,04<\/td>\n<td style=\"padding:8px 12px; border:1px solid #BDBDBD;\">ASTM D3539<\/td>\n<\/tr>\n<tr style=\"background:#E6E6E6;\">\n<td style=\"padding:8px 12px; border:1px solid #BDBDBD;\">Rigidit\u00e9 di\u00e9lectrique<\/td>\n<td style=\"padding:8px 12px; border:1px solid #BDBDBD;\">200 KV\/cm<\/td>\n<td style=\"padding:8px 12px; border:1px solid #BDBDBD;\">DIN\/VDE 0370\/5<\/td>\n<\/tr>\n<tr>\n<td style=\"padding:8px 12px; border:1px solid #BDBDBD;\">Miscibilit\u00e9 \u00e0 l&rsquo;eau<\/td>\n<td style=\"padding:8px 12px; border:1px solid #BDBDBD;\">L\u00e9g\u00e8rement miscible<\/td>\n<td style=\"padding:8px 12px; border:1px solid #BDBDBD;\">Interne<\/td>\n<\/tr>\n<tr style=\"background:#E6E6E6;\">\n<td style=\"padding:8px 12px; border:1px solid #BDBDBD;\">Pression de vapeur \u00e0 20\u00b0C<\/td>\n<td style=\"padding:8px 12px; border:1px solid #BDBDBD;\">4,6<\/td>\n<td style=\"padding:8px 12px; border:1px solid #BDBDBD;\">Interne<\/td>\n<\/tr>\n<tr>\n<td style=\"padding:8px 12px; border:1px solid #BDBDBD;\">Chaleur latente de vaporisation (kJ\/kg \u00e0 bp)<\/td>\n<td style=\"padding:8px 12px; border:1px solid #BDBDBD;\">320<\/td>\n<td style=\"padding:8px 12px; border:1px solid #BDBDBD;\">Calcul\u00e9<\/td>\n<\/tr>\n<tr style=\"background:#E6E6E6;\">\n<td style=\"padding:8px 12px; border:1px solid #BDBDBD;\">Chaleur sp\u00e9cifique (kJ\/kg\u00b7K)<\/td>\n<td style=\"padding:8px 12px; border:1px solid #BDBDBD;\">2,0 \/ 2,1<\/td>\n<td style=\"padding:8px 12px; border:1px solid #BDBDBD;\">Calcul\u00e9<\/td>\n<\/tr>\n<tr>\n<td style=\"padding:8px 12px; border:1px solid #BDBDBD;\">Conductivit\u00e9 thermique \u00e0 20\u00b0C<\/td>\n<td style=\"padding:8px 12px; border:1px solid #BDBDBD;\">0,13 W\/m\u00b7K<\/td>\n<td style=\"padding:8px 12px; border:1px solid #BDBDBD;\">Calcul\u00e9<\/td>\n<\/tr>\n<\/table>\n","protected":false},"excerpt":{"rendered":"<ul>\n<li>Agent de nettoyage pour l&rsquo;\u00e9limination des huiles et des graisses<\/li>\n<li>Proc\u00e9d\u00e9 sous vide \u00e0 base de solvant<\/li>\n<li>Alternative \u00e9cologique au perchlor\u00e9thyl\u00e8ne et au nPB<\/li>\n<\/ul>\n","protected":false},"featured_media":24449,"comment_status":"closed","ping_status":"closed","template":"","meta":{"_acf_changed":false,"inline_featured_image":false},"product_brand":[],"product_cat":[2827,2826,953,560],"product_tag":[2154,4241,4321,4393,4245,4184,2155,2153,4305,4161,4473,2152],"class_list":{"0":"post-10084","1":"product","2":"type-product","3":"status-publish","4":"has-post-thumbnail","6":"industries-aerospatiale-defense","7":"industries-chassis-et-roues-et-direction","8":"industries-groupe-motopropulseur","9":"industries-les-implants","10":"industries-moteurs","11":"industries-systemes-datterrissage","12":"product_cat-degraissage-de-divers-composants-metalliques","13":"product_cat-deshuilage-de-divers-composants-metalliques","14":"product_cat-nettoyage","15":"product_cat-solutions-de-fabrication-additive","16":"product_tag-20d-fr","17":"product_tag-aerospatiale-fr","18":"product_tag-elimination-des-graisses-fr","19":"product_tag-elimination-des-huiles-fr","20":"product_tag-industrie-aerospatiale-fr","21":"product_tag-liquides-de-nettoyage-solvants-fr","22":"product_tag-mc-fr","23":"product_tag-mc-20d-fr","24":"product_tag-respectueux-de-lenvironnement-fr","25":"product_tag-safran-in-1500b","26":"product_tag-sous-vide","27":"product_tag-topklean-mc-20d-fr","28":"pa_application-elimination-des-graisses","29":"pa_application-elimination-des-huiles","30":"pa_brand-topklean-fr-2","31":"pa_features-adapte-aux-bases-hydrocarbonees","32":"pa_processes-vide","33":"pa_product-category-liquides-de-nettoyage-solvants","35":"first","36":"instock","37":"shipping-taxable","38":"product-type-simple"},"acf":[],"_links":{"self":[{"href":"https:\/\/www.inventec.dehon.com\/fr\/wp-json\/wp\/v2\/product\/10084","targetHints":{"allow":["GET"]}}],"collection":[{"href":"https:\/\/www.inventec.dehon.com\/fr\/wp-json\/wp\/v2\/product"}],"about":[{"href":"https:\/\/www.inventec.dehon.com\/fr\/wp-json\/wp\/v2\/types\/product"}],"replies":[{"embeddable":true,"href":"https:\/\/www.inventec.dehon.com\/fr\/wp-json\/wp\/v2\/comments?post=10084"}],"wp:featuredmedia":[{"embeddable":true,"href":"https:\/\/www.inventec.dehon.com\/fr\/wp-json\/wp\/v2\/media\/24449"}],"wp:attachment":[{"href":"https:\/\/www.inventec.dehon.com\/fr\/wp-json\/wp\/v2\/media?parent=10084"}],"wp:term":[{"taxonomy":"product_brand","embeddable":true,"href":"https:\/\/www.inventec.dehon.com\/fr\/wp-json\/wp\/v2\/product_brand?post=10084"},{"taxonomy":"product_cat","embeddable":true,"href":"https:\/\/www.inventec.dehon.com\/fr\/wp-json\/wp\/v2\/product_cat?post=10084"},{"taxonomy":"product_tag","embeddable":true,"href":"https:\/\/www.inventec.dehon.com\/fr\/wp-json\/wp\/v2\/product_tag?post=10084"}],"curies":[{"name":"wp","href":"https:\/\/api.w.org\/{rel}","templated":true}]}}