{"id":10077,"date":"2021-04-21T17:27:08","date_gmt":"2021-04-21T17:27:08","guid":{"rendered":"https:\/\/www.inventec.dehon.com\/product\/abchimie-avr80-ba\/"},"modified":"2026-03-04T09:35:54","modified_gmt":"2026-03-04T08:35:54","slug":"abchimie-avr80-ba","status":"publish","type":"product","link":"https:\/\/www.inventec.dehon.com\/fr\/product\/abchimie-avr80-ba\/","title":{"rendered":"ABCHIMIE AVR80 BA"},"content":{"rendered":"<p><img decoding=\"async\" src=\"https:\/\/www.inventec.dehon.com\/wp-content\/uploads\/2021\/03\/AB-CHIMIE-coat-drum-1-600x600.jpg\" alt=\"ABCHIMIE AVR80 BA\" class=\"responsive-img\" align=\"right\" style=\"border-radius:10px; margin-bottom:10px; margin-top:-10px; margin-left:15px; width:300px\" \/><\/p>\n<h2 style=\"color:#9bc947; margin-bottom:15px\">Rev\u00eatement acrylique non toxique et flexible pour la protection \u00e9lectronique<\/h2>\n<ul>\n<li>Rev\u00eatement conforme acrylique<\/li>\n<li>Pulv\u00e9risation s\u00e9lective, pistolet de pulv\u00e9risation, trempage et processus de brossage<\/li>\n<li>Non-toxique et durcissant \u00e0 temp\u00e9rature ambiante<\/li>\n<\/ul>\n<h5>ABCHIMIE AVR80 BA<\/h5>\n<p>Est un rev\u00eatement acrylique transparent, flexible et non toxique pour la protection des circuits \u00e9lectroniques, formul\u00e9 pour r\u00e9pondre aux exigences de r\u00e9sistance les plus \u00e9lev\u00e9es. Elle peut \u00eatre r\u00e9alis\u00e9e par pulv\u00e9risation s\u00e9lective, au pistolet, par trempage ou au pinceau. Approuv\u00e9 <strong>UL94 V0<\/strong> (Dossier E308681)<\/p>\n<h5>Autres homologations et sp\u00e9cifications :<\/h5>\n<p> Homologations NF EN 61086-2 ; NF EN 45545 ; NF EN 16101 ; NF EN 16102, conforme \u00e0 IPC-CC-830 et MIL-I-46058C,<\/p>\n<p><a href=\"https:\/\/www.abchimie.com\/fr\" target=\"_blank\" rel=\"noopener\"><img decoding=\"async\" class=\"alignnone responsive-img wp-image-2452\" src=\"https:\/\/inventec.dehon.com\/wp-content\/uploads\/2021\/04\/Logo-ABCHIMIE-GR.png\" rel=\"inv-colorbox\" title=\"ABCHIMIE AVR80 BA\" alt=\"ABCHIMIE AVR80 BA\" width=\"150\" height=\"89\" srcset=\"https:\/\/www.inventec.dehon.com\/wp-content\/uploads\/2021\/04\/Logo-ABCHIMIE-GR.png 6545w, https:\/\/www.inventec.dehon.com\/wp-content\/uploads\/2021\/04\/Logo-ABCHIMIE-GR-300x178.png 300w, https:\/\/www.inventec.dehon.com\/wp-content\/uploads\/2021\/04\/Logo-ABCHIMIE-GR-1024x607.png 1024w, https:\/\/www.inventec.dehon.com\/wp-content\/uploads\/2021\/04\/Logo-ABCHIMIE-GR-768x455.png 768w, https:\/\/www.inventec.dehon.com\/wp-content\/uploads\/2021\/04\/Logo-ABCHIMIE-GR-1536x911.png 1536w, https:\/\/www.inventec.dehon.com\/wp-content\/uploads\/2021\/04\/Logo-ABCHIMIE-GR-2048x1214.png 2048w, https:\/\/www.inventec.dehon.com\/wp-content\/uploads\/2021\/04\/Logo-ABCHIMIE-GR-600x356.png 600w\" sizes=\"(max-width: 150px) 100vw, 150px\" \/><\/a><\/p>\n","protected":false},"excerpt":{"rendered":"<ul>\n<li>Rev\u00eatement conforme acrylique<\/li>\n<li>Pulv\u00e9risation s\u00e9lective, pistolet de pulv\u00e9risation, trempage et processus de brossage<\/li>\n<li>Non-toxique et durcissant \u00e0 temp\u00e9rature ambiante<\/li>\n<\/ul>\n","protected":false},"featured_media":24439,"comment_status":"closed","ping_status":"closed","template":"","meta":{"_acf_changed":false,"inline_featured_image":false},"product_brand":[],"product_cat":[2828,951,2829],"product_tag":[2497,1776,1804,5443,5495,4634,4638,4642,1805,1806,5471,4650,4646,4389,3745,5491,5463,4453,4654,4658,5447,5459,4670,5467],"class_list":{"0":"post-10077","1":"product","2":"type-product","3":"status-publish","4":"has-post-thumbnail","6":"industries-aerospatiale-defense","7":"industries-automatisation","8":"industries-automobile","9":"industries-medical-fr","10":"product_cat-partenariat-abchimie-et-inventec","11":"product_cat-revetements","12":"product_cat-revetements-conformes-thermodurcis","13":"product_tag-80-fr","14":"product_tag-abchimie-fr","15":"product_tag-abchimie-avr80-ba-fr","16":"product_tag-acrylique","17":"product_tag-application-par-pistolet-de-pulverisation","18":"product_tag-appliquer-au-pinceau","19":"product_tag-appliquer-par-immersion","20":"product_tag-appliquer-par-pulverisation-selective","21":"product_tag-avr80-fr","22":"product_tag-ba-fr","23":"product_tag-chaleur","24":"product_tag-composants-electroniques","25":"product_tag-durcissement","26":"product_tag-non-toxique","27":"product_tag-pcb-fr","28":"product_tag-pistolet-de-pulverisation","29":"product_tag-polymerisation-thermique","30":"product_tag-pulverisation","31":"product_tag-reparable","32":"product_tag-reparable-a-travers-la-soudure","33":"product_tag-revetement-conforme-acrylique","34":"product_tag-revetements-de-protection","35":"product_tag-traceur-uv","36":"product_tag-trempage","37":"pa_application-pcb-composants-electroniques","38":"pa_brand-abchimie-fr-2","39":"pa_features-reparable-par-soudure-traversante","40":"pa_features-traceur-uv","41":"pa_processes-ppplication-au-pinceau","42":"pa_processes-application-au-pistolet","43":"pa_processes-application-par-pulverisation-selective","44":"pa_processes-application-par-trempage","45":"pa_processes-polymerisation-par-la-chaleur","46":"pa_product-category-revetement-conforme","48":"first","49":"instock","50":"shipping-taxable","51":"product-type-simple"},"acf":[],"_links":{"self":[{"href":"https:\/\/www.inventec.dehon.com\/fr\/wp-json\/wp\/v2\/product\/10077","targetHints":{"allow":["GET"]}}],"collection":[{"href":"https:\/\/www.inventec.dehon.com\/fr\/wp-json\/wp\/v2\/product"}],"about":[{"href":"https:\/\/www.inventec.dehon.com\/fr\/wp-json\/wp\/v2\/types\/product"}],"replies":[{"embeddable":true,"href":"https:\/\/www.inventec.dehon.com\/fr\/wp-json\/wp\/v2\/comments?post=10077"}],"wp:featuredmedia":[{"embeddable":true,"href":"https:\/\/www.inventec.dehon.com\/fr\/wp-json\/wp\/v2\/media\/24439"}],"wp:attachment":[{"href":"https:\/\/www.inventec.dehon.com\/fr\/wp-json\/wp\/v2\/media?parent=10077"}],"wp:term":[{"taxonomy":"product_brand","embeddable":true,"href":"https:\/\/www.inventec.dehon.com\/fr\/wp-json\/wp\/v2\/product_brand?post=10077"},{"taxonomy":"product_cat","embeddable":true,"href":"https:\/\/www.inventec.dehon.com\/fr\/wp-json\/wp\/v2\/product_cat?post=10077"},{"taxonomy":"product_tag","embeddable":true,"href":"https:\/\/www.inventec.dehon.com\/fr\/wp-json\/wp\/v2\/product_tag?post=10077"}],"curies":[{"name":"wp","href":"https:\/\/api.w.org\/{rel}","templated":true}]}}