{"id":10072,"date":"2021-05-10T21:46:10","date_gmt":"2021-05-10T21:46:10","guid":{"rendered":"https:\/\/www.inventec.dehon.com\/product\/3m-novec-1700\/"},"modified":"2026-01-19T16:20:39","modified_gmt":"2026-01-19T15:20:39","slug":"3m-novec-1700","status":"publish","type":"product","link":"https:\/\/www.inventec.dehon.com\/fr\/product\/3m-novec-1700\/","title":{"rendered":"3M NOVEC 1700"},"content":{"rendered":"<p><img decoding=\"async\" src=\"https:\/\/www.inventec.dehon.com\/wp-content\/uploads\/2021\/04\/Novec-drum-colorless.phase-outpng-1-600x600.jpg\" alt=\"3M NOVEC 1700\" class=\"responsive-img\" align=\"right\" style=\"border-radius:10px; margin-bottom:10px; margin-top:-10px; margin-left:15px; width:300px\" \/><\/p>\n<h2 style=\"color: #9bc947; margin-bottom: 15px;\">Rev\u00eatement \u00e9lectronique ultra-fin<\/h2>\n<ul>\n<li>Rev\u00eatement hydrophobe et ol\u00e9ophobe ultra-fin<\/li>\n<li>Proc\u00e9d\u00e9 de trempage et de pulv\u00e9risation<\/li>\n<li>Processus simple et rapide <span style=\"color:#FFFFFF\">3M NOVEC 1700<\/span><\/li>\n<\/ul>\n<hr \/>\n<h4>AVIS IMPORTANT :<BR> DISPARITION DES PRODUITS 3M\u2122<\/h4>\n<p>\u26a0\ufe0f 3M\u2122 a annonc\u00e9 en d\u00e9cembre 2022 que tous les produits Novec\u2122 seront supprim\u00e9s et ne seront plus disponibles d&rsquo;ici fin 2025. Pas de souci, Inventec propose un produit de remplacement direct, mais nous vous recommandons de nous contacter d\u00e8s que possible afin de minimiser les interruptions de fourniture.<\/p>\n<p>Si vous souhaitez en savoir plus sur la suppression des produits 3M\u2122, cliquez sur ce <a href=\"https:\/\/www.inventec.dehon.com\/fr\/a-la-recherche-de-solutions-de-remplacement-aux-produits-3m-novec\/solutions-de-revetement-pour-remplacer-les-produits-3m-novec\/\">lien<\/a>.<\/p>\n<p>NOTRE ALTERNATIVE(S) :<\/p>\n<ul>\n<li><a href=\"https:\/\/www.inventec.dehon.com\/fr\/product\/promosolv-coat-ut10\/\">PROMOSOLV COAT UT10<\/a> -> Propri\u00e9t\u00e9s et applications similaires<\/li>\n<\/ul>\n<hr \/>\n<h5>3M Novec 1700<\/h5>\n<p><strong>3M Novec 1700<\/strong> Electronic Grade Coating (EGC)  est un polym\u00e8re fluor\u00e9 \u00e0 un seul composant dilu\u00e9 dans du <strong>3M Novec 7100DL<\/strong> Engineered Fluid, un solvant hydrofluoro\u00e9ther s\u00e9gr\u00e9g\u00e9, fournissant une solution de rev\u00eatement \u00e0 faible viscosit\u00e9 et \u00e0 faible tension superficielle.<\/p>\n<p>Con\u00e7u pour la protection contre l&rsquo;humidit\u00e9 et la corrosion des cartes de circuits imprim\u00e9s et des composants \u00e9lectroniques, il s\u00e8che en une couche ultra-mince, rev\u00eatement transparent pr\u00e9sentant d&rsquo;excellentes propri\u00e9t\u00e9s hydrophobes et ol\u00e9ophobes. Il n&rsquo;a pas besoin de durcir et est facile \u00e0 appliquer. Le rev\u00eatement <strong>3M Novec 1700<\/strong> est ininflammable, n&rsquo;appauvrit pas la couche d\u2019ozone, est peu toxique, a un faible PRP, est conforme \u00e0 la directive RoHS et est exempt de COV. (selon l\u2019EPA des \u00c9tats-Unis).<\/p>\n<p><a title=\"Letter from 3M - Inventec authorized distributor for EMEA area\" href=\"https:\/\/www.inventec.dehon.com\/wp-content\/uploads\/2021\/10\/3M-Authorized-EMEA-Distributor_Inventec.pdf\" target=\"_blank\" rel=\"noopener\">Letter from 3M &#8211; Inventec authorized distributor for EMEA area<\/a><\/p>\n<p><a href=\"https:\/\/inventec.dehon.com\/wp-content\/uploads\/2021\/04\/LOGO-3M-Novec.png\" rel=\"inv-colorbox\" title=\"3M NOVEC 1700\"><img decoding=\"async\" class=\"alignnone wp-image-2102 size-medium\" src=\"https:\/\/inventec.dehon.com\/wp-content\/uploads\/2021\/04\/LOGO-3M-Novec-300x150.png\" alt=\"3M NOVEC 1700\" width=\"300\" height=\"150\" srcset=\"https:\/\/www.inventec.dehon.com\/wp-content\/uploads\/2021\/04\/LOGO-3M-Novec-300x150.png 300w, https:\/\/www.inventec.dehon.com\/wp-content\/uploads\/2021\/04\/LOGO-3M-Novec.png 318w\" sizes=\"(max-width: 300px) 100vw, 300px\" \/><\/a><\/p>\n","protected":false},"excerpt":{"rendered":"<ul>\n<li>Rev\u00eatement hydrophobe et ol\u00e9ophobe ultra-fin<\/li>\n<li>Proc\u00e9d\u00e9 de trempage et de pulv\u00e9risation<\/li>\n<li>Processus simple et rapide<\/li>\n<\/ul>\n<p><span style=\"color: #99cc00;\">Alternative:<\/span> <a href=\"https:\/\/www.inventec.dehon.com\/fr\/product\/promosolv-coat-ut10\/\"><small>PROMOSOLV COAT UT10<\/small><\/a><\/p>\n<p><a href=\"https:\/\/www.inventec.dehon.com\/fr\/a-la-recherche-de-solutions-de-remplacement-aux-produits-3m-novec\/\" class=\"btn btn-lg btn-primary rounded-pill\" style=\"margin-top:5px; color:#FFFFFF;\">Voir toutes les alternatives 3M Novec<\/a><\/p>\n","protected":false},"featured_media":15444,"comment_status":"closed","ping_status":"closed","template":"","meta":{"_acf_changed":false,"inline_featured_image":false},"product_brand":[],"product_cat":[951,904],"product_tag":[1902,1903,1901,1900,1855,3745,4277,4666],"class_list":{"0":"post-10072","1":"product","2":"type-product","3":"status-publish","4":"has-post-thumbnail","6":"industries-appareils-auditifs","7":"industries-eclairage","8":"product_cat-revetements","9":"product_cat-revetements-ultra-fins","10":"product_tag-1700-fr","11":"product_tag-3m-fr","12":"product_tag-3m-novec-fr","13":"product_tag-3m-novec-1700-fr","14":"product_tag-led-fr","15":"product_tag-pcb-fr","16":"product_tag-revetements-fr","17":"product_tag-revetements-ultra-fins-fr","18":"pa_application-led-fr","19":"pa_application-pcb-composants-electroniques","20":"pa_brand-3m-novec-fr-2","21":"pa_features-reparable-par-soudure-traversante","22":"pa_processes-ppplication-au-pinceau","23":"pa_processes-application-par-pulverisation-selective","24":"pa_processes-application-par-trempage","25":"pa_processes-polymerisation-a-temperature-ambiante","26":"pa_product-category-revetements-ultra-fins","28":"first","29":"instock","30":"shipping-taxable","31":"product-type-simple"},"acf":[],"_links":{"self":[{"href":"https:\/\/www.inventec.dehon.com\/fr\/wp-json\/wp\/v2\/product\/10072","targetHints":{"allow":["GET"]}}],"collection":[{"href":"https:\/\/www.inventec.dehon.com\/fr\/wp-json\/wp\/v2\/product"}],"about":[{"href":"https:\/\/www.inventec.dehon.com\/fr\/wp-json\/wp\/v2\/types\/product"}],"replies":[{"embeddable":true,"href":"https:\/\/www.inventec.dehon.com\/fr\/wp-json\/wp\/v2\/comments?post=10072"}],"wp:featuredmedia":[{"embeddable":true,"href":"https:\/\/www.inventec.dehon.com\/fr\/wp-json\/wp\/v2\/media\/15444"}],"wp:attachment":[{"href":"https:\/\/www.inventec.dehon.com\/fr\/wp-json\/wp\/v2\/media?parent=10072"}],"wp:term":[{"taxonomy":"product_brand","embeddable":true,"href":"https:\/\/www.inventec.dehon.com\/fr\/wp-json\/wp\/v2\/product_brand?post=10072"},{"taxonomy":"product_cat","embeddable":true,"href":"https:\/\/www.inventec.dehon.com\/fr\/wp-json\/wp\/v2\/product_cat?post=10072"},{"taxonomy":"product_tag","embeddable":true,"href":"https:\/\/www.inventec.dehon.com\/fr\/wp-json\/wp\/v2\/product_tag?post=10072"}],"curies":[{"name":"wp","href":"https:\/\/api.w.org\/{rel}","templated":true}]}}