{"id":10065,"date":"2021-04-19T07:16:45","date_gmt":"2021-04-19T07:16:45","guid":{"rendered":"https:\/\/www.inventec.dehon.com\/product\/promoclean-disper-15\/"},"modified":"2026-01-28T11:44:07","modified_gmt":"2026-01-28T10:44:07","slug":"promoclean-disper-15","status":"publish","type":"product","link":"https:\/\/www.inventec.dehon.com\/fr\/product\/promoclean-disper-15\/","title":{"rendered":"PROMOCLEAN DISPER 15"},"content":{"rendered":"<p><img decoding=\"async\" src=\"https:\/\/www.inventec.dehon.com\/wp-content\/uploads\/2021\/04\/PROMOCLEAN-canister-blue.png\" alt=\"PROMOCLEAN DISPER 15\" class=\"responsive-img\" align=\"right\" style=\"border-radius:10px; margin-bottom:10px; margin-top:-10px; margin-left:15px; width:300px\" \/><\/p>\n<h2 style=\"color:#9bc947; margin-bottom:15px\">D\u00e9tergent pour l&rsquo;\u00e9limination de l&rsquo;huile<\/h2>\n<ul>\n<li>D\u00e9tergent avec protection temporaire pour enlever les huiles sur les pi\u00e8ces m\u00e9talliques<\/li>\n<li>Proc\u00e9d\u00e9 polyvalent : ultrasons par pulv\u00e9risation, rin\u00e7age et immersion.<\/li>\n<li>Compatible avec une large gamme de m\u00e9taux<\/li>\n<\/ul>\n<h5>PROMOCLEAN DISPER 15<\/h5>\n<p>Est sp\u00e9cialement con\u00e7u pour l&rsquo;\u00e9limination de tous les types d&rsquo;huiles. Gr\u00e2ce \u00e0 ses excellentes propri\u00e9t\u00e9s anti-mousse, il est d\u00e9di\u00e9 \u00e0 la pulv\u00e9risation aqueuse, au rin\u00e7age ou \u00e0 l&rsquo;immersion avec les ultrasons. Outre son efficacit\u00e9 de nettoyage \u00e9lev\u00e9e et sa compatibilit\u00e9 avec la plupart des m\u00e9taux utilis\u00e9s dans l&rsquo;industrie m\u00e9canique, <strong>PROMOCLEAN DISPER 15<\/strong> assure \u00e9galement une protection temporaire contre la corrosion gr\u00e2ce \u00e0 ses propri\u00e9t\u00e9s de passivation qui le rendent particuli\u00e8rement adapt\u00e9 aux pi\u00e8ces ferreuses. C&rsquo;est un produit concentr\u00e9 qui s&rsquo;utilise dilu\u00e9 avec de l&rsquo;eau du robinet ou de l&rsquo;eau d\u00e9min\u00e9ralis\u00e9e.<\/p>\n<p><strong>PROMOCLEAN DISPER 15<\/strong> est qualifi\u00e9 et utilis\u00e9 par plusieurs acteurs de l&rsquo;industrie a\u00e9rospatiale (PV 8238 Messier Dowty). Il est approuv\u00e9 pour le d\u00e9graissage avant le d\u00e9p\u00f4t de chrome ou le rev\u00eatement de cadmium.<\/p>\n<div style=\"font-family:Lato; color:#333;\">\n<div style=\"font-weight:bold; text-transform:uppercase; border-bottom:2px solid #9DBB2F; padding-bottom:6px; margin-bottom:10px;\">\n    Sp\u00e9cifications\n  <\/div>\n<table width=\"100%\" cellpadding=\"0\" cellspacing=\"0\" style=\"border-collapse:collapse; width:100%; max-width:100%;\">\n<tr>\n<th align=\"left\" style=\"background:#7A7A7A; color:#fff; padding:8px 12px; border:1px solid #BDBDBD;\">\n        Sp\u00e9cifications\n      <\/th>\n<th align=\"left\" style=\"background:#7A7A7A; color:#fff; padding:8px 12px; border:1px solid #BDBDBD;\">\n        Valeurs\n      <\/th>\n<th align=\"left\" style=\"background:#7A7A7A; color:#fff; padding:8px 12px; border:1px solid #BDBDBD;\">\n        M\u00e9thodes\n      <\/th>\n<\/tr>\n<tr>\n<td style=\"padding:8px 12px; border:1px solid #BDBDBD;\">Aspect<\/td>\n<td style=\"padding:8px 12px; border:1px solid #BDBDBD;\">Jaune<\/td>\n<td style=\"padding:8px 12px; border:1px solid #BDBDBD;\">Visuel<\/td>\n<\/tr>\n<tr style=\"background:#E6E6E6;\">\n<td style=\"padding:8px 12px; border:1px solid #BDBDBD;\">Masse volumique \u00e0 20\u00b0C (g\/ml)<\/td>\n<td style=\"padding:8px 12px; border:1px solid #BDBDBD;\">1,12 \u00b1 0,01<\/td>\n<td style=\"padding:8px 12px; border:1px solid #BDBDBD;\">BRY-MO-028<\/td>\n<\/tr>\n<tr>\n<td style=\"padding:8px 12px; border:1px solid #BDBDBD;\">pH produit pur<\/td>\n<td style=\"padding:8px 12px; border:1px solid #BDBDBD;\">9,9 \u00b1 0,5<\/td>\n<td style=\"padding:8px 12px; border:1px solid #BDBDBD;\">BRY-MO-011<\/td>\n<\/tr>\n<tr style=\"background:#E6E6E6;\">\n<td style=\"padding:8px 12px; border:1px solid #BDBDBD;\">pH \u00e0 1%<\/td>\n<td style=\"padding:8px 12px; border:1px solid #BDBDBD;\">9,1 \u00b1 0,5<\/td>\n<td style=\"padding:8px 12px; border:1px solid #BDBDBD;\">BRY-MO-011<\/td>\n<\/tr>\n<\/table>\n<\/div>\n<div style=\"font-family:Lato; color:#333;\">\n<div style=\"font-weight:bold; text-transform:uppercase; border-bottom:2px solid #9DBB2F; padding-bottom:6px; margin:30px 0 10px;\">\n    Caract\u00e9ristiques\n  <\/div>\n<table width=\"100%\" cellpadding=\"0\" cellspacing=\"0\" style=\"border-collapse:collapse; width:100%; max-width:100%;\">\n<tr>\n<th align=\"left\" style=\"background:#7A7A7A; color:#fff; padding:8px 12px; border:1px solid #BDBDBD;\">\n        Caract\u00e9ristiques\n      <\/th>\n<th align=\"left\" style=\"background:#7A7A7A; color:#fff; padding:8px 12px; border:1px solid #BDBDBD;\">\n        Valeurs\n      <\/th>\n<\/tr>\n<tr>\n<td style=\"padding:8px 12px; border:1px solid #BDBDBD;\">Solubilit\u00e9 \u00e0 l\u2019eau<\/td>\n<td style=\"padding:8px 12px; border:1px solid #BDBDBD;\">Totale<\/td>\n<\/tr>\n<tr style=\"background:#E6E6E6;\">\n<td style=\"padding:8px 12px; border:1px solid #BDBDBD;\">Indice de r\u00e9fraction \u00e0 20\u00b0C<\/td>\n<td style=\"padding:8px 12px; border:1px solid #BDBDBD;\">1,42<\/td>\n<\/tr>\n<tr>\n<td style=\"padding:8px 12px; border:1px solid #BDBDBD;\">Tension de surface \u00e0 1% (dynes \/ cm)<\/td>\n<td style=\"padding:8px 12px; border:1px solid #BDBDBD;\">34<\/td>\n<\/tr>\n<\/table>\n<\/div>\n","protected":false},"excerpt":{"rendered":"<ul>\n<li>D\u00e9tergent avec protection temporaire pour enlever les huiles sur les pi\u00e8ces m\u00e9talliques<\/li>\n<li>Proc\u00e9d\u00e9 polyvalent : ultrasons par pulv\u00e9risation, rin\u00e7age et immersion.<\/li>\n<li>Compatible avec une large gamme de m\u00e9taux<\/li>\n<\/ul>\n","protected":false},"featured_media":2431,"comment_status":"closed","ping_status":"closed","template":"","meta":{"_acf_changed":false,"inline_featured_image":false},"product_brand":[],"product_cat":[2826,953],"product_tag":[2022,2171,4393,4257,4786,4261,4798,4253,2003,2170,4814,4453,4265,4794,4469],"class_list":{"0":"post-10065","1":"product","2":"type-product","3":"status-publish","4":"has-post-thumbnail","6":"industries-chassis-et-roues-et-direction","7":"industries-groupe-motopropulseur","8":"industries-moteurs","9":"industries-systemes-datterrissage","10":"product_cat-deshuilage-de-divers-composants-metalliques","11":"product_cat-nettoyage","12":"product_tag-disper-fr","13":"product_tag-disper-15-fr","14":"product_tag-elimination-des-huiles-fr","15":"product_tag-immersion-aqueuse","16":"product_tag-immersion-aqueuse-par-jet","17":"product_tag-immersion-aqueuse-ultrasonique","18":"product_tag-jet-dimmersion","19":"product_tag-liquides-de-nettoyage-aqueux-fr","20":"product_tag-promoclean-fr","21":"product_tag-promoclean-disper-15-fr","22":"product_tag-protection-temporaire","23":"product_tag-pulverisation","24":"product_tag-pulverisation-aqueuse","25":"product_tag-rincage","26":"product_tag-ultrason","27":"pa_application-elimination-des-huiles","28":"pa_brand-promoclean-fr","29":"pa_features-avec-protection-temporaire","30":"pa_processes-chasse-deau","31":"pa_processes-immersion-ultrasonique-aqueuse","32":"pa_processes-jet-par-immersion-aqueuse","33":"pa_processes-spray-a-base-deau","34":"pa_product-category-liquides-de-nettoyage-aqueux","36":"first","37":"instock","38":"shipping-taxable","39":"product-type-simple"},"acf":[],"_links":{"self":[{"href":"https:\/\/www.inventec.dehon.com\/fr\/wp-json\/wp\/v2\/product\/10065","targetHints":{"allow":["GET"]}}],"collection":[{"href":"https:\/\/www.inventec.dehon.com\/fr\/wp-json\/wp\/v2\/product"}],"about":[{"href":"https:\/\/www.inventec.dehon.com\/fr\/wp-json\/wp\/v2\/types\/product"}],"replies":[{"embeddable":true,"href":"https:\/\/www.inventec.dehon.com\/fr\/wp-json\/wp\/v2\/comments?post=10065"}],"wp:featuredmedia":[{"embeddable":true,"href":"https:\/\/www.inventec.dehon.com\/fr\/wp-json\/wp\/v2\/media\/2431"}],"wp:attachment":[{"href":"https:\/\/www.inventec.dehon.com\/fr\/wp-json\/wp\/v2\/media?parent=10065"}],"wp:term":[{"taxonomy":"product_brand","embeddable":true,"href":"https:\/\/www.inventec.dehon.com\/fr\/wp-json\/wp\/v2\/product_brand?post=10065"},{"taxonomy":"product_cat","embeddable":true,"href":"https:\/\/www.inventec.dehon.com\/fr\/wp-json\/wp\/v2\/product_cat?post=10065"},{"taxonomy":"product_tag","embeddable":true,"href":"https:\/\/www.inventec.dehon.com\/fr\/wp-json\/wp\/v2\/product_tag?post=10065"}],"curies":[{"name":"wp","href":"https:\/\/api.w.org\/{rel}","templated":true}]}}