{"id":10063,"date":"2021-04-29T11:33:51","date_gmt":"2021-04-29T11:33:51","guid":{"rendered":"https:\/\/www.inventec.dehon.com\/product\/ecorel-ht-301t\/"},"modified":"2026-01-21T16:20:19","modified_gmt":"2026-01-21T15:20:19","slug":"ecorel-ht-301t","status":"publish","type":"product","link":"https:\/\/www.inventec.dehon.com\/fr\/product\/ecorel-ht-301t\/","title":{"rendered":"ECOREL HT 301T"},"content":{"rendered":"<p><img decoding=\"async\" src=\"https:\/\/www.inventec.dehon.com\/wp-content\/uploads\/2021\/01\/Ecorel-Free-600x600.png\" alt=\"ECOREL HT 301T\" class=\"responsive-img\" align=\"right\" style=\"border-radius:10px; margin-bottom:10px; margin-top:-10px; margin-left:15px; width:300px\" \/><\/p>\n<h2 style=\"color:#9bc947; margin-bottom:15px\">Cr\u00e8me \u00e0 braser au plomb haute temp\u00e9rature<\/h2>\n<ul>\n<li>Cr\u00e8me \u00e0 braser plomb\u00e9e Pb93,5Sn5Ag1,5<\/li>\n<li>Proc\u00e9d\u00e9 d&rsquo;impression sans nettoyage<\/li>\n<li>Faible taux de vide et haute fiabilit\u00e9<\/li>\n<\/ul>\n<h5>ECOREL HT 301T<\/h5>\n<p>Est une cr\u00e8me \u00e0 braser sans nettoyage\u00a0 \u00e0 haute teneur en plomb (Pb93,5Sn5Ag1,5), con\u00e7ue pour les semi-conducteurs de puissance et l&rsquo;assemblage \u00e0 haute temp\u00e9rature de micromodules et de syst\u00e8mes embarqu\u00e9s. Formul\u00e9 afin d&rsquo;obtenir de tr\u00e8s faibles niveaux de voilage, en particulier pour les composants de puissance (QFN, DPAK, etc.) et d&rsquo;\u00e9liminer facilement les r\u00e9sidus de flux lorsqu&rsquo;un nettoyage post-refusion est n\u00e9cessaire.<\/p>\n<p><!-- PROPRI\u00c9T\u00c9S Section --><\/p>\n<div style=\"font-weight:bold; text-transform:uppercase; border-bottom:2px solid #9DBB2F; padding-bottom:6px; margin-bottom:10px;\">\n  PROPRI\u00c9T\u00c9S\n<\/div>\n<p><!-- OPTIONS STANDARDS Table --><\/p>\n<table width=\"100%\" cellpadding=\"0\" cellspacing=\"0\" style=\"border-collapse:collapse; width:100%; max-width:100%;\">\n<tr>\n<th align=\"left\" style=\"background:#7A7A7A; color:#fff; padding:8px 12px; border:1px solid #BDBDBD;\">\n      SP\u00c9CIFICATIONS\n    <\/th>\n<th align=\"left\" style=\"background:#7A7A7A; color:#fff; padding:8px 12px; border:1px solid #BDBDBD;\">\n      ECOREL HT 301T T3\n    <\/th>\n<\/tr>\n<tr>\n<td style=\"padding:8px 12px; border:1px solid #BDBDBD;\">Alliage<\/td>\n<td style=\"padding:8px 12px; border:1px solid #BDBDBD;\">Pb93,5Sn5Ag1,5<\/td>\n<\/tr>\n<tr style=\"background:#E6E6E6;\">\n<td style=\"padding:8px 12px; border:1px solid #BDBDBD;\">Point de fusion (\u00b0C\/\u00b0F)<\/td>\n<td style=\"padding:8px 12px; border:1px solid #BDBDBD;\">296\u2013301\u00b0C \/ 565\u2013574\u00b0F<\/td>\n<\/tr>\n<tr>\n<td style=\"padding:8px 12px; border:1px solid #BDBDBD;\">Teneur en m\u00e9tal (%)<\/td>\n<td style=\"padding:8px 12px; border:1px solid #BDBDBD;\">90<\/td>\n<\/tr>\n<tr style=\"background:#E6E6E6;\">\n<td style=\"padding:8px 12px; border:1px solid #BDBDBD;\">R\u00e9sidus post-refusion<\/td>\n<td style=\"padding:8px 12px; border:1px solid #BDBDBD;\">Environ 3 % en poids\/poids<\/td>\n<\/tr>\n<tr>\n<td style=\"padding:8px 12px; border:1px solid #BDBDBD;\">Teneur en halog\u00e8ne<\/td>\n<td style=\"padding:8px 12px; border:1px solid #BDBDBD;\">Sans halog\u00e8ne<\/td>\n<\/tr>\n<tr style=\"background:#E6E6E6;\">\n<td style=\"padding:8px 12px; border:1px solid #BDBDBD;\">Taille de la poudre<\/td>\n<td style=\"padding:8px 12px; border:1px solid #BDBDBD;\">25\u201345 microns \/ Type 3<\/td>\n<\/tr>\n<tr>\n<td style=\"padding:8px 12px; border:1px solid #BDBDBD;\">Viscosit\u00e9 pompe \u00e0 spirale (Pa.s 25\u00b0C)<\/td>\n<td style=\"padding:8px 12px; border:1px solid #BDBDBD;\">Typique 75<\/td>\n<\/tr>\n<\/table>\n<p style=\"font-size:0.85em;\">*L\u2019\u00e9quipement utilis\u00e9 pour tester la viscosit\u00e9 de la pompe spirale est un appareil Malcom, avec une vitesse de rotation de 10 tr\/min.<\/p>\n<p><!-- CARACT\u00c9RISTIQUES Section --><\/p>\n<div style=\"font-weight:bold; text-transform:uppercase; border-bottom:2px solid #9DBB2F; padding-bottom:6px; margin-bottom:10px;\">\n  CARACT\u00c9RISTIQUES\n<\/div>\n<table width=\"100%\" cellpadding=\"0\" cellspacing=\"0\" style=\"border-collapse:collapse; width:100%; max-width:100%;\">\n<tr>\n<th align=\"left\" style=\"background:#7A7A7A; color:#fff; padding:8px 12px; border:1px solid #BDBDBD;\">\n      CARACT\u00c9RISTIQUES\n    <\/th>\n<th align=\"left\" style=\"background:#7A7A7A; color:#fff; padding:8px 12px; border:1px solid #BDBDBD;\">\n      VALEURS\n    <\/th>\n<th align=\"left\" style=\"background:#7A7A7A; color:#fff; padding:8px 12px; border:1px solid #BDBDBD;\">\n      M\u00c9THODE D&rsquo;ESSAI\n    <\/th>\n<\/tr>\n<tr>\n<td style=\"padding:8px 12px; border:1px solid #BDBDBD;\">Classement des flux<\/td>\n<td style=\"padding:8px 12px; border:1px solid #BDBDBD;\">ROL0<\/td>\n<td style=\"padding:8px 12px; border:1px solid #BDBDBD;\">ANSI\/J-STD-004<\/td>\n<\/tr>\n<tr style=\"background:#E6E6E6;\">\n<td style=\"padding:8px 12px; border:1px solid #BDBDBD;\">Classement des flux<\/td>\n<td style=\"padding:8px 12px; border:1px solid #BDBDBD;\">113<\/td>\n<td style=\"padding:8px 12px; border:1px solid #BDBDBD;\">ISO 9454<\/td>\n<\/tr>\n<tr>\n<td style=\"padding:8px 12px; border:1px solid #BDBDBD;\">Test de billes de soudure<\/td>\n<td style=\"padding:8px 12px; border:1px solid #BDBDBD;\">Pass<\/td>\n<td style=\"padding:8px 12px; border:1px solid #BDBDBD;\">ANSI\/J-STD-005<\/td>\n<\/tr>\n<tr style=\"background:#E6E6E6;\">\n<td style=\"padding:8px 12px; border:1px solid #BDBDBD;\">Miroir de cuivre<\/td>\n<td style=\"padding:8px 12px; border:1px solid #BDBDBD;\">Pass<\/td>\n<td style=\"padding:8px 12px; border:1px solid #BDBDBD;\">ANSI\/J-STD-004<\/td>\n<\/tr>\n<tr>\n<td style=\"padding:8px 12px; border:1px solid #BDBDBD;\">Corrosion du cuivre<\/td>\n<td style=\"padding:8px 12px; border:1px solid #BDBDBD;\">Pass<\/td>\n<td style=\"padding:8px 12px; border:1px solid #BDBDBD;\">ANSI\/J-STD-004<\/td>\n<\/tr>\n<tr style=\"background:#E6E6E6;\">\n<td style=\"padding:8px 12px; border:1px solid #BDBDBD;\">SIR (IPC)<\/td>\n<td style=\"padding:8px 12px; border:1px solid #BDBDBD;\">Pass<\/td>\n<td style=\"padding:8px 12px; border:1px solid #BDBDBD;\">ANSI\/J-STD-004<\/td>\n<\/tr>\n<tr>\n<td style=\"padding:8px 12px; border:1px solid #BDBDBD;\">SIR (Bellcore)<\/td>\n<td style=\"padding:8px 12px; border:1px solid #BDBDBD;\">Pass<\/td>\n<td style=\"padding:8px 12px; border:1px solid #BDBDBD;\">Bellcore<\/td>\n<\/tr>\n<tr style=\"background:#E6E6E6;\">\n<td style=\"padding:8px 12px; border:1px solid #BDBDBD;\">\u00c9lectromigration (IPC \/ Bellcore)<\/td>\n<td style=\"padding:8px 12px; border:1px solid #BDBDBD;\">Pass<\/td>\n<td style=\"padding:8px 12px; border:1px solid #BDBDBD;\">ANSI\/J-STD-004 \/ Bellcore<\/td>\n<\/tr>\n<\/table>\n","protected":false},"excerpt":{"rendered":"<ul>\n<li>Cr\u00e8me \u00e0 braser plomb\u00e9e Pb93,5Sn5Ag1,5<\/li>\n<li>Proc\u00e9d\u00e9 d&rsquo;impression sans nettoyage<\/li>\n<li>Faible taux de vide et haute fiabilit\u00e9<\/li>\n<\/ul>\n","protected":false},"featured_media":3488,"comment_status":"closed","ping_status":"closed","template":"","meta":{"_acf_changed":false,"inline_featured_image":false},"product_brand":[],"product_cat":[257,2811,2813,2802],"product_tag":[1375,5098,5066,5074,5213,5102,4038,5046,1373,5126,5025,5145,5137,5050,5062,1374,5189,4032,5141,5094,5160,5161,5217,1682,5070,5240,5243],"class_list":{"0":"post-10063","1":"product","2":"type-product","3":"status-publish","4":"has-post-thumbnail","6":"industries-batterie-et-port-de-charge","7":"industries-equipement-medical-scanners","8":"industries-groupe-motopropulseur","9":"industries-station-de-charge","10":"product_cat-brasage","11":"product_cat-procede-die-attach-pour-packaging-des-semi-conducteurs","12":"product_cat-procede-pop-pour-packaging-des-semi-conducteurs","13":"product_cat-solutions-de-creme-a-braser-a-faible-taux-de-vides","14":"product_tag-301t","15":"product_tag-alliage-au-plomb","16":"product_tag-alliage-haute-temperature","17":"product_tag-alliage-temperature-elevee","18":"product_tag-creme-a-braser-fr","19":"product_tag-creme-a-braser-au-plomb","20":"product_tag-die-attach-fr-2","21":"product_tag-dissipateur-thermique","22":"product_tag-ecorel-ht-301t","23":"product_tag-faibles-porosites","24":"product_tag-fixation-de-dispositif","25":"product_tag-fixation-de-dispositif-optoelectronique","26":"product_tag-fixation-de-module","27":"product_tag-fixation-dissipateur-thermique-2","28":"product_tag-haute-temperature","29":"product_tag-ht","30":"product_tag-impression","31":"product_tag-module","32":"product_tag-optoelectronique-zh-hans","33":"product_tag-plomb","34":"product_tag-poudre-type-3","35":"product_tag-poudre-type-4","36":"product_tag-t3","37":"product_tag-t4-fr","38":"product_tag-temperature-elevee","39":"product_tag-type-3","40":"product_tag-type-4","41":"pa_application-dieattach","42":"pa_application-fixation-de-composant-optoelectronique","43":"pa_application-module-fixation-du-dissipateur-thermique","44":"pa_brand-ecorel-fr-2","45":"pa_features-alliage-avec-plomb","46":"pa_features-alliage-haute-temperature","47":"pa_features-faible-taux-de-vide","48":"pa_features-poudre-type-3-4","49":"pa_processes-impression","50":"pa_product-category-creme-a-braser","52":"first","53":"instock","54":"shipping-taxable","55":"product-type-simple"},"acf":[],"_links":{"self":[{"href":"https:\/\/www.inventec.dehon.com\/fr\/wp-json\/wp\/v2\/product\/10063","targetHints":{"allow":["GET"]}}],"collection":[{"href":"https:\/\/www.inventec.dehon.com\/fr\/wp-json\/wp\/v2\/product"}],"about":[{"href":"https:\/\/www.inventec.dehon.com\/fr\/wp-json\/wp\/v2\/types\/product"}],"replies":[{"embeddable":true,"href":"https:\/\/www.inventec.dehon.com\/fr\/wp-json\/wp\/v2\/comments?post=10063"}],"wp:featuredmedia":[{"embeddable":true,"href":"https:\/\/www.inventec.dehon.com\/fr\/wp-json\/wp\/v2\/media\/3488"}],"wp:attachment":[{"href":"https:\/\/www.inventec.dehon.com\/fr\/wp-json\/wp\/v2\/media?parent=10063"}],"wp:term":[{"taxonomy":"product_brand","embeddable":true,"href":"https:\/\/www.inventec.dehon.com\/fr\/wp-json\/wp\/v2\/product_brand?post=10063"},{"taxonomy":"product_cat","embeddable":true,"href":"https:\/\/www.inventec.dehon.com\/fr\/wp-json\/wp\/v2\/product_cat?post=10063"},{"taxonomy":"product_tag","embeddable":true,"href":"https:\/\/www.inventec.dehon.com\/fr\/wp-json\/wp\/v2\/product_tag?post=10063"}],"curies":[{"name":"wp","href":"https:\/\/api.w.org\/{rel}","templated":true}]}}