{"id":10056,"date":"2021-04-29T11:45:45","date_gmt":"2021-04-29T11:45:45","guid":{"rendered":"https:\/\/www.inventec.dehon.com\/product\/promosolv-70\/"},"modified":"2026-01-29T10:44:54","modified_gmt":"2026-01-29T09:44:54","slug":"promosolv-70","status":"publish","type":"product","link":"https:\/\/www.inventec.dehon.com\/fr\/product\/promosolv-70\/","title":{"rendered":"PROMOSOLV 70"},"content":{"rendered":"<p><img decoding=\"async\" src=\"https:\/\/www.inventec.dehon.com\/wp-content\/uploads\/2021\/03\/PROMOSOLV-drum-colorless-Ecoprog-600x600.png\" alt=\"PROMOSOLV 70\" class=\"responsive-img\" align=\"right\" style=\"border-radius:10px; margin-bottom:10px; margin-top:-10px; margin-left:15px; width:300px\" \/><\/p>\n<h2 style=\"color:#9bc947; margin-bottom:15px\">Le nettoyant en phase vapeur le plus s\u00fbr<\/h2>\n<ul>\n<li>\u00c9limination d&rsquo;une large gamme de contaminants<\/li>\n<li>Proc\u00e9d\u00e9 phase vapeur<\/li>\n<li>Tr\u00e8s faible GWP<\/li>\n<li>3M Novec 71DE, Novec 72DE, Novec 73DE remplacement<\/li>\n<\/ul>\n<h5>PROMOSOLV 70<\/h5>\n<p>Est d\u00e9velopp\u00e9 pour remplacer le trichlor\u00e9thyl\u00e8ne, le NPB et d&rsquo;autres solvants \u00e0 fort impact sur la sant\u00e9, la s\u00e9curit\u00e9 et l&rsquo;environnement. Tout en r\u00e9duisant sensiblement l&rsquo;impact HSE, le pouvoir d\u00e9graissant est \u00e0 un niveau \u00e9quivalent. La tr\u00e8s faible tension de surface permet de p\u00e9n\u00e9trer dans les espaces tr\u00e8s \u00e9troits ou difficiles d&rsquo;acc\u00e8s, en assurant un nettoyage et un rin\u00e7age en profondeur.<\/p>\n<p>Il est destin\u00e9 \u00e0 \u00e9liminer la plupart des huiles et des graisses, \u00e0 l&rsquo;exception des lubrifiants \u00e0 base d&rsquo;eau. Il convient \u00e9galement pour \u00e9liminer les cires et les particules. Selon la nature des mat\u00e9riaux polym\u00e9ris\u00e9s, certains vernis, adh\u00e9sifs, encres et peintures peuvent \u00e9galement \u00eatre \u00e9limin\u00e9s.<\/p>\n<p>Compatible avec tous les m\u00e9taux et alliages, y compris les plus sensibles. Il a \u00e9galement une bonne compatibilit\u00e9 avec la plupart des plastiques et \u00e9lastom\u00e8res, cependant il est n\u00e9cessaire de tester avant utilisation. <strong>PROMOSOLV 70<\/strong> est formul\u00e9 en tenant compte de la s\u00e9curit\u00e9.<\/p>\n<p>Sa composition lui conf\u00e8re d&rsquo;excellentes propri\u00e9t\u00e9s anti-inflammabilit\u00e9 et est une formulation quasi-az\u00e9otropique, ce qui engendre une tr\u00e8s grande stabilit\u00e9 lorsqu&rsquo;il est utilis\u00e9 dans un \u00e9quipement. Certains produits sur le march\u00e9 peuvent perdre leur compos\u00e9 de suppression de l&rsquo;inflammabilit\u00e9 en raison de l&rsquo;\u00e9vaporation lorsqu&rsquo;ils sont utilis\u00e9s dans un \u00e9quipement.<\/p>\n<p><strong>PROMOSOLV 70<\/strong> est qualifi\u00e9 et utilis\u00e9 par plusieurs acteurs de l&rsquo;industrie a\u00e9rospatiale (par exemple SAFRAN IN 1500B).<\/p>\n<p>Ce produit existe \u00e9galement en version recycl\u00e9e (faite \u00e0 partir de solvant recycl\u00e9) sous l\u2019appellation <strong>PROMOSOLV 70 T<\/strong>.<\/p>\n<p><strong>PROMOSOLV 70<\/strong> remplace directement les produits <strong>3M Novec 71DE, Novec 72DE et Novec 73DE<\/strong>, dont le retrait volontaire est pr\u00e9vu pour la fin de l&rsquo;ann\u00e9e 2025 Cliquez sur le lien pour plus d&rsquo;informations sur l&rsquo;annonce concernant <a href=\"https:\/\/www.inventec.dehon.com\/fr\/eliminer-les-solvants-3m\/\">l&rsquo;arr\u00eat des 3M Novec<\/a>.<\/p>\n<p><!-- SPECIFICATIONS Section --><\/p>\n<div style=\"font-weight:bold; text-transform:uppercase; border-bottom:2px solid #9DBB2F; padding-bottom:6px; margin-bottom:10px;\">\n  SP\u00c9CIFICATIONS\n<\/div>\n<table width=\"100%\" cellpadding=\"0\" cellspacing=\"0\" style=\"border-collapse:collapse; width:100%; max-width:100%;\">\n<tr>\n<th align=\"left\" style=\"background:#7A7A7A; color:#fff; padding:8px 12px; border:1px solid #BDBDBD;\">SP\u00c9CIFICATIONS<\/th>\n<th align=\"left\" style=\"background:#7A7A7A; color:#fff; padding:8px 12px; border:1px solid #BDBDBD;\">VALEURS<\/th>\n<th align=\"left\" style=\"background:#7A7A7A; color:#fff; padding:8px 12px; border:1px solid #BDBDBD;\">METHODES<\/th>\n<\/tr>\n<tr>\n<td style=\"padding:8px 12px; border:1px solid #BDBDBD;\">Aspect<\/td>\n<td style=\"padding:8px 12px; border:1px solid #BDBDBD;\">Transparent, incolore<\/td>\n<td style=\"padding:8px 12px; border:1px solid #BDBDBD;\">Visuelle<\/td>\n<\/tr>\n<tr style=\"background:#E6E6E6;\">\n<td style=\"padding:8px 12px; border:1px solid #BDBDBD;\">\u00c9ther m\u00e9thoxy-nonafluorobutane<\/td>\n<td style=\"padding:8px 12px; border:1px solid #BDBDBD;\">30,0% \u00b1 1,0<\/td>\n<td style=\"padding:8px 12px; border:1px solid #BDBDBD;\">Interne \/ MO.SB.10033<\/td>\n<\/tr>\n<tr>\n<td style=\"padding:8px 12px; border:1px solid #BDBDBD;\">1,2- Transdichloro\u00e9thyl\u00e8ne<\/td>\n<td style=\"padding:8px 12px; border:1px solid #BDBDBD;\">70,0% \u00b1 1,0<\/td>\n<td style=\"padding:8px 12px; border:1px solid #BDBDBD;\">Interne \/ MO.SB.10033<\/td>\n<\/tr>\n<\/table>\n<p><!-- CHARACTERISTICS Section --><\/p>\n<div style=\"font-weight:bold; text-transform:uppercase; border-bottom:2px solid #9DBB2F; padding-bottom:6px; margin:30px 0 10px 0;\">\n  CARACT\u00c9RISTIQUES\n<\/div>\n<table width=\"100%\" cellpadding=\"0\" cellspacing=\"0\" style=\"border-collapse:collapse; width:100%; max-width:100%;\">\n<tr>\n<th align=\"left\" style=\"background:#7A7A7A; color:#fff; padding:8px 12px; border:1px solid #BDBDBD;\">CARACTERISTIQUES<\/th>\n<th align=\"left\" style=\"background:#7A7A7A; color:#fff; padding:8px 12px; border:1px solid #BDBDBD;\">VALEURS<\/th>\n<\/tr>\n<tr>\n<td style=\"padding:8px 12px; border:1px solid #BDBDBD;\">Point d&rsquo;\u00e9bullition (\u00b0C\/\u00b0F)<\/td>\n<td style=\"padding:8px 12px; border:1px solid #BDBDBD;\">43 \/ 109<\/td>\n<\/tr>\n<tr style=\"background:#E6E6E6;\">\n<td style=\"padding:8px 12px; border:1px solid #BDBDBD;\">Tension de surface (dynes\/cm)<\/td>\n<td style=\"padding:8px 12px; border:1px solid #BDBDBD;\">14<\/td>\n<\/tr>\n<tr>\n<td style=\"padding:8px 12px; border:1px solid #BDBDBD;\">Point \u00e9clair<\/td>\n<td style=\"padding:8px 12px; border:1px solid #BDBDBD;\">aucun<\/td>\n<\/tr>\n<tr style=\"background:#E6E6E6;\">\n<td style=\"padding:8px 12px; border:1px solid #BDBDBD;\">Densit\u00e9 (g\/cm3)<\/td>\n<td style=\"padding:8px 12px; border:1px solid #BDBDBD;\">1,28<\/td>\n<\/tr>\n<tr>\n<td style=\"padding:8px 12px; border:1px solid #BDBDBD;\">Puret\u00e9 (% poids)<\/td>\n<td style=\"padding:8px 12px; border:1px solid #BDBDBD;\">&gt;99,5<\/td>\n<\/tr>\n<tr style=\"background:#E6E6E6;\">\n<td style=\"padding:8px 12px; border:1px solid #BDBDBD;\">GWP<\/td>\n<td style=\"padding:8px 12px; border:1px solid #BDBDBD;\">96<\/td>\n<\/tr>\n<tr>\n<td style=\"padding:8px 12px; border:1px solid #BDBDBD;\">Viscosit\u00e9 dynamique (mPa.s)<\/td>\n<td style=\"padding:8px 12px; border:1px solid #BDBDBD;\">0,50<\/td>\n<\/tr>\n<tr style=\"background:#E6E6E6;\">\n<td style=\"padding:8px 12px; border:1px solid #BDBDBD;\">Pression de vapeur (kPa)<\/td>\n<td style=\"padding:8px 12px; border:1px solid #BDBDBD;\">65<\/td>\n<\/tr>\n<\/table>\n","protected":false},"excerpt":{"rendered":"<ul>\n<li>\u00c9limination d&rsquo;une large gamme de contaminants<\/li>\n<li>Proc\u00e9d\u00e9 phase vapeur<\/li>\n<li>Tr\u00e8s faible GWP: 96<\/li>\n<li>3M Novec 71DE, Novec 72DE, Novec 73DE remplacement<\/li>\n<\/ul>\n<p><a href=\"https:\/\/www.inventec.dehon.com\/wp-content\/uploads\/2021\/04\/GW-Score-40.png\"><img decoding=\"async\" class=\"alignnone size-full wp-image-15225\" src=\"https:\/\/www.inventec.dehon.com\/wp-content\/uploads\/2021\/04\/GW-Score-40.png\" alt=\"\" width=\"278\" height=\"236\" \/><\/a><\/p>\n","protected":false},"featured_media":2276,"comment_status":"closed","ping_status":"closed","template":"","meta":{"_acf_changed":false,"inline_featured_image":false},"product_brand":[],"product_cat":[2827,2826,2834,2832,742,953,743,560],"product_tag":[2207,4481,4485,4417,4321,4393,4184,4369,4739,4731,4727,4767,1821,2206,4598,4735],"class_list":{"0":"post-10056","1":"product","2":"type-product","3":"status-publish","4":"has-post-thumbnail","6":"industries-aerosystemes","7":"industries-chassis-et-roues-et-direction","8":"industries-groupe-motopropulseur","9":"industries-installations-doxygene","10":"industries-moteurs","11":"industries-systemes-datterrissage","12":"product_cat-degraissage-de-divers-composants-metalliques","13":"product_cat-deshuilage-de-divers-composants-metalliques","14":"product_cat-elimination-de-la-cire-apres-polissage","15":"product_cat-elimination-pate-a-polir-apres-polissage","16":"product_cat-elimination-des-particules","17":"product_cat-nettoyage","18":"product_cat-nettoyage-des-pieces-en-contact-avec-oxygene","19":"product_cat-solutions-de-fabrication-additive","20":"product_tag-70-fr","21":"product_tag-cire-fr","22":"product_tag-elimination-de-la-cire-fr","23":"product_tag-elimination-de-la-pate-a-polir-fr","24":"product_tag-elimination-des-graisses-fr","25":"product_tag-elimination-des-huiles-fr","26":"product_tag-liquides-de-nettoyage-solvants-fr","27":"product_tag-mono-solvant","28":"product_tag-nettoyage-des-systemes-a-oxygene-fr","29":"product_tag-nettoyage-oxygene","30":"product_tag-oxygene-fr","31":"product_tag-phase-vapeur","32":"product_tag-promosolv-fr","33":"product_tag-promosolv-70-fr","34":"product_tag-recyclable","35":"product_tag-systemes-a-oxygene","36":"pa_application-elimination-de-la-cire","37":"pa_application-elimination-de-la-pate-a-polir","38":"pa_application-elimination-des-graisses","39":"pa_application-elimination-des-huiles","40":"pa_application-nettoyage-des-systemes-a-oxygene","41":"pa_brand-promosolv-fr-2","42":"pa_features-adapte-aux-bases-hydrocarbonees","43":"pa_features-recyclable","44":"pa_processes-mono-solvant","45":"pa_product-category-liquides-de-nettoyage-solvants","47":"first","48":"instock","49":"shipping-taxable","50":"product-type-simple"},"acf":[],"_links":{"self":[{"href":"https:\/\/www.inventec.dehon.com\/fr\/wp-json\/wp\/v2\/product\/10056","targetHints":{"allow":["GET"]}}],"collection":[{"href":"https:\/\/www.inventec.dehon.com\/fr\/wp-json\/wp\/v2\/product"}],"about":[{"href":"https:\/\/www.inventec.dehon.com\/fr\/wp-json\/wp\/v2\/types\/product"}],"replies":[{"embeddable":true,"href":"https:\/\/www.inventec.dehon.com\/fr\/wp-json\/wp\/v2\/comments?post=10056"}],"wp:featuredmedia":[{"embeddable":true,"href":"https:\/\/www.inventec.dehon.com\/fr\/wp-json\/wp\/v2\/media\/2276"}],"wp:attachment":[{"href":"https:\/\/www.inventec.dehon.com\/fr\/wp-json\/wp\/v2\/media?parent=10056"}],"wp:term":[{"taxonomy":"product_brand","embeddable":true,"href":"https:\/\/www.inventec.dehon.com\/fr\/wp-json\/wp\/v2\/product_brand?post=10056"},{"taxonomy":"product_cat","embeddable":true,"href":"https:\/\/www.inventec.dehon.com\/fr\/wp-json\/wp\/v2\/product_cat?post=10056"},{"taxonomy":"product_tag","embeddable":true,"href":"https:\/\/www.inventec.dehon.com\/fr\/wp-json\/wp\/v2\/product_tag?post=10056"}],"curies":[{"name":"wp","href":"https:\/\/api.w.org\/{rel}","templated":true}]}}