{"id":10051,"date":"2021-04-07T15:24:25","date_gmt":"2021-04-07T15:24:25","guid":{"rendered":"https:\/\/www.inventec.dehon.com\/product\/promoclean-tp-1117\/"},"modified":"2026-01-27T15:58:49","modified_gmt":"2026-01-27T14:58:49","slug":"promoclean-tp-1117","status":"publish","type":"product","link":"https:\/\/www.inventec.dehon.com\/fr\/product\/promoclean-tp-1117\/","title":{"rendered":"PROMOCLEAN TP 1117"},"content":{"rendered":"<p><img decoding=\"async\" src=\"https:\/\/www.inventec.dehon.com\/wp-content\/uploads\/2021\/04\/PROMOCLEAN-canister-blue.png\" alt=\"PROMOCLEAN TP 1117\" class=\"responsive-img\" align=\"right\" style=\"border-radius:10px; margin-bottom:10px; margin-top:-10px; margin-left:15px; width:300px\" \/><\/p>\n<h2 style=\"color:#9bc947; margin-bottom:15px\">\u00c9limination des p\u00e2tes et des huiles de polissage<\/h2>\n<ul>\n<li>D\u00e9tergent pour \u00e9liminer les p\u00e2tes \u00e0 polir et les huiles sur les pi\u00e8ces m\u00e9talliques.<\/li>\n<li>Proc\u00e9d\u00e9 d&rsquo;immersion aqueuse par ultrasons<\/li>\n<li>Compatible avec une large gamme de m\u00e9taux &amp; protection temporaire<\/li>\n<\/ul>\n<h5>PROMOCLEAN TP 1117<\/h5>\n<p>Est sp\u00e9cialement con\u00e7u pour l&rsquo;\u00e9limination des p\u00e2tes \u00e0 polir, des hydrocarbures et des huiles hydrosolubles. Gr\u00e2ce \u00e0 ses excellentes propri\u00e9t\u00e9s de mouillage, il est d\u00e9di\u00e9 \u00e0 l&rsquo;immersion aqueuse avec le processus ultrasonique. Gr\u00e2ce \u00e0 son pH moyen, il n&rsquo;endommage pas la plupart des m\u00e9taux ou alliages sensibles, comme l&rsquo;Inox, les alliages ferreux, le titane, le cuivre, le laiton ou les alliages l\u00e9gers. De m\u00eame, il peut \u00eatre utilis\u00e9 sur des m\u00e9taux pr\u00e9cieux tels que l&rsquo;or et l&rsquo;argent. C&rsquo;est un produit concentr\u00e9 qui s&rsquo;utilise dilu\u00e9 avec de l&rsquo;eau du robinet ou de l&rsquo;eau d\u00e9min\u00e9ralis\u00e9e.<\/p>\n<p>En outre, le <strong>PROMOCLEAN TP 1117<\/strong> assure une protection temporaire gr\u00e2ce \u00e0 ses propri\u00e9t\u00e9s de passivation. Cela rend le produit particuli\u00e8rement adapt\u00e9 \u00e0 l&rsquo;interop\u00e9rabilit\u00e9 avant l&rsquo;\u00e9tape op\u00e9rationnelle suivante &amp; le nettoyage de finition, laissant les pi\u00e8ces prot\u00e9g\u00e9es pendant quelques jours.<\/p>\n<p><strong>PROMOCLEAN TP 1117<\/strong> est qualifi\u00e9 et utilis\u00e9 par plusieurs acteurs de l&rsquo;industrie microm\u00e9canique, comme l&rsquo;horlogerie, la bijouterie et la fabrication de pi\u00e8ces m\u00e9dicales.<\/p>\n<div style=\"font-family:Lato; color:#333;\">\n<div style=\"font-weight:bold; text-transform:uppercase; border-bottom:2px solid #9DBB2F; padding-bottom:6px; margin-bottom:10px;\">\n    SP\u00c9CIFICATIONS\n  <\/div>\n<table width=\"100%\" cellpadding=\"0\" cellspacing=\"0\" style=\"border-collapse:collapse; width:100%; max-width:100%;\">\n<tr>\n<th align=\"left\" style=\"background:#7A7A7A; color:#fff; padding:8px 12px; border:1px solid #BDBDBD;\">\n        SP\u00c9CIFICATIONS\n      <\/th>\n<th align=\"left\" style=\"background:#7A7A7A; color:#fff; padding:8px 12px; border:1px solid #BDBDBD;\">\n        VALEURS\n      <\/th>\n<th align=\"left\" style=\"background:#7A7A7A; color:#fff; padding:8px 12px; border:1px solid #BDBDBD;\">\n        METHODES\n      <\/th>\n<\/tr>\n<tr>\n<td style=\"padding:8px 12px; border:1px solid #BDBDBD;\">Aspect<\/td>\n<td style=\"padding:8px 12px; border:1px solid #BDBDBD;\">Marron clair<\/td>\n<td style=\"padding:8px 12px; border:1px solid #BDBDBD;\">Visuelle<\/td>\n<\/tr>\n<tr style=\"background:#E6E6E6;\">\n<td style=\"padding:8px 12px; border:1px solid #BDBDBD;\">Masse volumique \u00e0 20\u00b0C (g\/ml)<\/td>\n<td style=\"padding:8px 12px; border:1px solid #BDBDBD;\">1,05 \u00b1 0,01<\/td>\n<td style=\"padding:8px 12px; border:1px solid #BDBDBD;\">BRY-MO-028<\/td>\n<\/tr>\n<tr>\n<td style=\"padding:8px 12px; border:1px solid #BDBDBD;\">pH du produit pur<\/td>\n<td style=\"padding:8px 12px; border:1px solid #BDBDBD;\">10,8 \u00b1 0,5<\/td>\n<td style=\"padding:8px 12px; border:1px solid #BDBDBD;\">BRY-MO-011<\/td>\n<\/tr>\n<\/table>\n<\/div>\n<div style=\"font-family:Lato; color:#333;\">\n<div style=\"font-weight:bold; text-transform:uppercase; border-bottom:2px solid #9DBB2F; padding-bottom:6px; margin:30px 0 10px;\">\n    CARACT\u00c9RISTIQUES\n  <\/div>\n<table width=\"100%\" cellpadding=\"0\" cellspacing=\"0\" style=\"border-collapse:collapse; width:100%; max-width:100%;\">\n<tr>\n<th align=\"left\" style=\"background:#7A7A7A; color:#fff; padding:8px 12px; border:1px solid #BDBDBD;\">\n        CARACT\u00c9RISTIQUES\n      <\/th>\n<th align=\"left\" style=\"background:#7A7A7A; color:#fff; padding:8px 12px; border:1px solid #BDBDBD;\">\n        VALEURS\n      <\/th>\n<\/tr>\n<tr>\n<td style=\"padding:8px 12px; border:1px solid #BDBDBD;\">Solubilit\u00e9 dans l&rsquo;eau<\/td>\n<td style=\"padding:8px 12px; border:1px solid #BDBDBD;\">Totalement soluble<\/td>\n<\/tr>\n<tr style=\"background:#E6E6E6;\">\n<td style=\"padding:8px 12px; border:1px solid #BDBDBD;\">Tension de surface \u00e0 1%<\/td>\n<td style=\"padding:8px 12px; border:1px solid #BDBDBD;\">28 dynes\/cm2<\/td>\n<\/tr>\n<\/table>\n<\/div>\n","protected":false},"excerpt":{"rendered":"<ul>\n<li>D\u00e9tergent pour \u00e9liminer les p\u00e2tes \u00e0 polir et les huiles sur les pi\u00e8ces m\u00e9talliques.<\/li>\n<li>Proc\u00e9d\u00e9 d&rsquo;immersion aqueuse par ultrasons<\/li>\n<li>Compatible avec une large gamme de m\u00e9taux &amp; protection temporaire<\/li>\n<\/ul>\n<p><a href=\"https:\/\/www.inventec.dehon.com\/wp-content\/uploads\/2021\/04\/GW-Score-37.png\"><img decoding=\"async\" class=\"alignnone size-full wp-image-15145\" src=\"https:\/\/www.inventec.dehon.com\/wp-content\/uploads\/2021\/04\/GW-Score-37.png\" alt=\"\" width=\"278\" height=\"236\" \/><\/a><\/p>\n","protected":false},"featured_media":2431,"comment_status":"closed","ping_status":"closed","template":"","meta":{"_acf_changed":false,"inline_featured_image":false},"product_brand":[],"product_cat":[2826,2832],"product_tag":[2078,4822,4417,4393,4409,4257,4261,4253,2003,2076,4814,2060,2077,4469],"class_list":{"0":"post-10051","1":"product","2":"type-product","3":"status-publish","4":"has-post-thumbnail","6":"industries-chassis-et-roues-et-direction","7":"industries-groupe-motopropulseur","8":"industries-moteurs","9":"industries-systemes-datterrissage","10":"product_cat-deshuilage-de-divers-composants-metalliques","11":"product_cat-elimination-pate-a-polir-apres-polissage","12":"product_tag-1117-fr","13":"product_tag-a-base-deau","14":"product_tag-elimination-de-la-pate-a-polir-fr","15":"product_tag-elimination-des-huiles-fr","16":"product_tag-elimination-des-particules-fr","17":"product_tag-immersion-aqueuse","18":"product_tag-immersion-aqueuse-ultrasonique","19":"product_tag-liquides-de-nettoyage-aqueux-fr","20":"product_tag-promoclean-fr","21":"product_tag-promoclean-tp-1117-fr","22":"product_tag-protection-temporaire","23":"product_tag-tp-fr","24":"product_tag-tp-1117-fr","25":"product_tag-ultrason","26":"pa_application-elimination-de-la-pate-a-polir","27":"pa_application-elimination-des-huiles","28":"pa_application-elimination-des-particules","29":"pa_brand-promoclean-fr","30":"pa_features-adapte-aux-bases-aqueuses","31":"pa_features-avec-protection-temporaire","32":"pa_processes-immersion-ultrasonique-aqueuse","33":"pa_product-category-liquides-de-nettoyage-aqueux","35":"first","36":"instock","37":"shipping-taxable","38":"product-type-simple"},"acf":[],"_links":{"self":[{"href":"https:\/\/www.inventec.dehon.com\/fr\/wp-json\/wp\/v2\/product\/10051","targetHints":{"allow":["GET"]}}],"collection":[{"href":"https:\/\/www.inventec.dehon.com\/fr\/wp-json\/wp\/v2\/product"}],"about":[{"href":"https:\/\/www.inventec.dehon.com\/fr\/wp-json\/wp\/v2\/types\/product"}],"replies":[{"embeddable":true,"href":"https:\/\/www.inventec.dehon.com\/fr\/wp-json\/wp\/v2\/comments?post=10051"}],"wp:featuredmedia":[{"embeddable":true,"href":"https:\/\/www.inventec.dehon.com\/fr\/wp-json\/wp\/v2\/media\/2431"}],"wp:attachment":[{"href":"https:\/\/www.inventec.dehon.com\/fr\/wp-json\/wp\/v2\/media?parent=10051"}],"wp:term":[{"taxonomy":"product_brand","embeddable":true,"href":"https:\/\/www.inventec.dehon.com\/fr\/wp-json\/wp\/v2\/product_brand?post=10051"},{"taxonomy":"product_cat","embeddable":true,"href":"https:\/\/www.inventec.dehon.com\/fr\/wp-json\/wp\/v2\/product_cat?post=10051"},{"taxonomy":"product_tag","embeddable":true,"href":"https:\/\/www.inventec.dehon.com\/fr\/wp-json\/wp\/v2\/product_tag?post=10051"}],"curies":[{"name":"wp","href":"https:\/\/api.w.org\/{rel}","templated":true}]}}