{"id":10049,"date":"2021-04-09T13:12:21","date_gmt":"2021-04-09T13:12:21","guid":{"rendered":"https:\/\/www.inventec.dehon.com\/product\/promoclean-disper-2\/"},"modified":"2026-01-28T09:45:45","modified_gmt":"2026-01-28T08:45:45","slug":"promoclean-disper-2","status":"publish","type":"product","link":"https:\/\/www.inventec.dehon.com\/fr\/product\/promoclean-disper-2\/","title":{"rendered":"PROMOCLEAN DISPER 2"},"content":{"rendered":"<p><img decoding=\"async\" src=\"https:\/\/www.inventec.dehon.com\/wp-content\/uploads\/2021\/04\/PROMOCLEAN-canister-blue.png\" alt=\"PROMOCLEAN DISPER 2\" class=\"responsive-img\" align=\"right\" style=\"border-radius:10px; margin-bottom:10px; margin-top:-10px; margin-left:15px; width:300px\" \/><\/p>\n<h2 style=\"color:#9bc947; margin-bottom:15px\">\u00c9limination des hydrocarbures, huiles et graisses \u00e0 base d&rsquo;eau<\/h2>\n<ul>\n<li>D\u00e9tergent pour \u00e9liminer les huiles et les graisses sur les pi\u00e8ces m\u00e9talliques.<\/li>\n<li>Processus de pulv\u00e9risation, de rin\u00e7age et de jets immerg\u00e9s<\/li>\n<li>Compatible avec une large gamme de m\u00e9taux<\/li>\n<\/ul>\n<h5>PROMOCLEAN DISPER 2<\/h5>\n<p>Sp\u00e9cialement con\u00e7u pour l&rsquo;\u00e9limination des huiles et des graisses \u00e0 base d&rsquo;hydrocarbures ou d&rsquo;eau. Gr\u00e2ce \u00e0 ses excellentes propri\u00e9t\u00e9s anti-mousse, il est destin\u00e9 aux proc\u00e9d\u00e9s de pulv\u00e9risation aqueuse, de rin\u00e7age ou de jets immerg\u00e9s. Bien que son pH soit \u00e9lev\u00e9 pour permettre un nettoyage efficace, il n&rsquo;endommage pas les m\u00e9taux ou alliages sensibles comme l&rsquo;Inox, les alliages ferreux, le titane et le cuivre. Quoi qu&rsquo;il en soit, soyez prudent avec l&rsquo;aluminium, le laiton et les alliages l\u00e9gers et testez-les avant de les utiliser. C&rsquo;est un produit concentr\u00e9 qui s&rsquo;utilise dilu\u00e9 avec de l&rsquo;eau DI.<\/p>\n<p><strong>PROMOCLEAN DISPER 2<\/strong> est qualifi\u00e9 et utilis\u00e9 par plusieurs acteurs de l&rsquo;industrie a\u00e9rospatiale (ex. SAFRAN PR 1500B \/ SNECMA DMP 13300 \/ SNECMA DMR 70216).<\/p>\n<div style=\"font-family:Lato; color:#333;\">\n<div style=\"font-weight:bold; text-transform:uppercase; border-bottom:2px solid #9DBB2F; padding-bottom:6px; margin-bottom:10px;\">\n    PROPRI\u00c9T\u00c9S\n  <\/div>\n<table width=\"100%\" cellpadding=\"0\" cellspacing=\"0\" style=\"border-collapse:collapse; width:100%; max-width:100%;\">\n<tr>\n<th align=\"left\" style=\"background:#7A7A7A; color:#fff; padding:8px 12px; border:1px solid #BDBDBD;\">\n        SP\u00c9CIFICATIONS\n      <\/th>\n<th align=\"left\" style=\"background:#7A7A7A; color:#fff; padding:8px 12px; border:1px solid #BDBDBD;\">\n        VALEURS\n      <\/th>\n<th align=\"left\" style=\"background:#7A7A7A; color:#fff; padding:8px 12px; border:1px solid #BDBDBD;\">\n        M\u00c9THODES\n      <\/th>\n<\/tr>\n<tr>\n<td style=\"padding:8px 12px; border:1px solid #BDBDBD;\">Aspect<\/td>\n<td style=\"padding:8px 12px; border:1px solid #BDBDBD;\">Jaune<\/td>\n<td style=\"padding:8px 12px; border:1px solid #BDBDBD;\">Visuel<\/td>\n<\/tr>\n<tr style=\"background:#E6E6E6;\">\n<td style=\"padding:8px 12px; border:1px solid #BDBDBD;\">Masse volumique \u00e0 20\u00b0C (g\/ml)<\/td>\n<td style=\"padding:8px 12px; border:1px solid #BDBDBD;\">1,29 \u00b1 0,02<\/td>\n<td style=\"padding:8px 12px; border:1px solid #BDBDBD;\">BRY-MO-028<\/td>\n<\/tr>\n<tr>\n<td style=\"padding:8px 12px; border:1px solid #BDBDBD;\">pH produit pur<\/td>\n<td style=\"padding:8px 12px; border:1px solid #BDBDBD;\">13,00 \u00b1 0,5<\/td>\n<td style=\"padding:8px 12px; border:1px solid #BDBDBD;\">BRY-MO-011<\/td>\n<\/tr>\n<tr style=\"background:#E6E6E6;\">\n<td style=\"padding:8px 12px; border:1px solid #BDBDBD;\">pH \u00e0 1%<\/td>\n<td style=\"padding:8px 12px; border:1px solid #BDBDBD;\">11,9 \u00b1 0,5<\/td>\n<td style=\"padding:8px 12px; border:1px solid #BDBDBD;\">BRY-MO-011<\/td>\n<\/tr>\n<\/table>\n<\/div>\n<div style=\"font-family:Lato; color:#333;\">\n<div style=\"font-weight:bold; text-transform:uppercase; border-bottom:2px solid #9DBB2F; padding-bottom:6px; margin:30px 0 10px;\">\n    CARACT\u00c9RISTIQUES\n  <\/div>\n<table width=\"100%\" cellpadding=\"0\" cellspacing=\"0\" style=\"border-collapse:collapse; width:100%; max-width:100%;\">\n<tr>\n<th align=\"left\" style=\"background:#7A7A7A; color:#fff; padding:8px 12px; border:1px solid #BDBDBD;\">\n        CARACT\u00c9RISTIQUES\n      <\/th>\n<th align=\"left\" style=\"background:#7A7A7A; color:#fff; padding:8px 12px; border:1px solid #BDBDBD;\">\n        VALEURS\n      <\/th>\n<\/tr>\n<tr>\n<td style=\"padding:8px 12px; border:1px solid #BDBDBD;\">Solubilit\u00e9 \u00e0 l\u2019eau<\/td>\n<td style=\"padding:8px 12px; border:1px solid #BDBDBD;\">Totale<\/td>\n<\/tr>\n<tr style=\"background:#E6E6E6;\">\n<td style=\"padding:8px 12px; border:1px solid #BDBDBD;\">Indice de r\u00e9fraction \u00e0 20\u00b0C<\/td>\n<td style=\"padding:8px 12px; border:1px solid #BDBDBD;\">1,39<\/td>\n<\/tr>\n<\/table>\n<\/div>\n","protected":false},"excerpt":{"rendered":"<ul>\n<li>D\u00e9tergent pour \u00e9liminer les huiles et les graisses sur les pi\u00e8ces m\u00e9talliques.<\/li>\n<li>Processus de pulv\u00e9risation, de rin\u00e7age et de jets immerg\u00e9s<\/li>\n<li>Compatible avec une large gamme de m\u00e9taux<\/li>\n<\/ul>\n<p><a href=\"https:\/\/www.inventec.dehon.com\/wp-content\/uploads\/2023\/06\/GW-Score-26.png\"><img decoding=\"async\" class=\"alignnone wp-image-14922\" src=\"https:\/\/www.inventec.dehon.com\/wp-content\/uploads\/2023\/06\/GW-Score-26.png\" alt=\"\" width=\"40\" height=\"34\" \/><\/a><\/p>\n","protected":false},"featured_media":2431,"comment_status":"closed","ping_status":"closed","template":"","meta":{"_acf_changed":false,"inline_featured_image":false},"product_brand":[],"product_cat":[2827,2826,953],"product_tag":[2022,2116,4321,4393,4325,4786,4798,4253,2003,2115,4453,4265,4794],"class_list":{"0":"post-10049","1":"product","2":"type-product","3":"status-publish","4":"has-post-thumbnail","6":"industries-aerospatiale-defense","7":"industries-automobile","8":"industries-chassis-et-roues-et-direction","9":"industries-groupe-motopropulseur","10":"industries-medical-fr","11":"industries-moteurs","12":"industries-systemes-datterrissage","13":"product_cat-degraissage-de-divers-composants-metalliques","14":"product_cat-deshuilage-de-divers-composants-metalliques","15":"product_cat-nettoyage","16":"product_tag-disper-fr","17":"product_tag-disper-2-fr","18":"product_tag-elimination-des-graisses-fr","19":"product_tag-elimination-des-huiles-fr","20":"product_tag-greenway","21":"product_tag-immersion-aqueuse-par-jet","22":"product_tag-jet-dimmersion","23":"product_tag-liquides-de-nettoyage-aqueux-fr","24":"product_tag-promoclean-fr","25":"product_tag-promoclean-disper-2-fr","26":"product_tag-pulverisation","27":"product_tag-pulverisation-aqueuse","28":"product_tag-rincage","29":"pa_application-elimination-des-graisses","30":"pa_application-elimination-des-huiles","31":"pa_brand-promoclean-fr","32":"pa_features-greenway","33":"pa_processes-chasse-deau","34":"pa_processes-jet-par-immersion-aqueuse","35":"pa_processes-spray-a-base-deau","36":"pa_product-category-liquides-de-nettoyage-aqueux","38":"first","39":"instock","40":"shipping-taxable","41":"product-type-simple"},"acf":[],"_links":{"self":[{"href":"https:\/\/www.inventec.dehon.com\/fr\/wp-json\/wp\/v2\/product\/10049","targetHints":{"allow":["GET"]}}],"collection":[{"href":"https:\/\/www.inventec.dehon.com\/fr\/wp-json\/wp\/v2\/product"}],"about":[{"href":"https:\/\/www.inventec.dehon.com\/fr\/wp-json\/wp\/v2\/types\/product"}],"replies":[{"embeddable":true,"href":"https:\/\/www.inventec.dehon.com\/fr\/wp-json\/wp\/v2\/comments?post=10049"}],"wp:featuredmedia":[{"embeddable":true,"href":"https:\/\/www.inventec.dehon.com\/fr\/wp-json\/wp\/v2\/media\/2431"}],"wp:attachment":[{"href":"https:\/\/www.inventec.dehon.com\/fr\/wp-json\/wp\/v2\/media?parent=10049"}],"wp:term":[{"taxonomy":"product_brand","embeddable":true,"href":"https:\/\/www.inventec.dehon.com\/fr\/wp-json\/wp\/v2\/product_brand?post=10049"},{"taxonomy":"product_cat","embeddable":true,"href":"https:\/\/www.inventec.dehon.com\/fr\/wp-json\/wp\/v2\/product_cat?post=10049"},{"taxonomy":"product_tag","embeddable":true,"href":"https:\/\/www.inventec.dehon.com\/fr\/wp-json\/wp\/v2\/product_tag?post=10049"}],"curies":[{"name":"wp","href":"https:\/\/api.w.org\/{rel}","templated":true}]}}