{"id":10033,"date":"2021-04-26T09:26:04","date_gmt":"2021-04-26T09:26:04","guid":{"rendered":"https:\/\/www.inventec.dehon.com\/product\/ecofrec-200\/"},"modified":"2026-01-20T13:33:03","modified_gmt":"2026-01-20T12:33:03","slug":"ecofrec-200","status":"publish","type":"product","link":"https:\/\/www.inventec.dehon.com\/fr\/product\/ecofrec-200\/","title":{"rendered":"ECOFREC 200"},"content":{"rendered":"<p><img decoding=\"async\" src=\"https:\/\/www.inventec.dehon.com\/wp-content\/uploads\/2021\/04\/ECOFREC-canister-solvent-based-600x600.png\" alt=\"ECOFREC 200\" class=\"responsive-img\" align=\"right\" style=\"border-radius:10px; margin-bottom:10px; margin-top:-10px; margin-left:15px; width:300px\" \/><\/p>\n<h2 style=\"color:#9bc947; margin-bottom:15px\">Id\u00e9al pour le brasage avec air ou azote<\/h2>\n<ul>\n<li>Flux liquide non nettoyant \u00e0 base de solvant<\/li>\n<li>Brasage \u00e0 la vague et s\u00e9lectif<\/li>\n<li>Excellente mouillabilit\u00e9 et haute fiabilit\u00e9<\/li>\n<\/ul>\n<h5>ECOFREC 200<\/h5>\n<p>Est un flux \u00e0 base d&rsquo;alcool, \u00e0 faible r\u00e9sidu et sans nettoyage. Il est recommand\u00e9 pour le brasage sous atmosph\u00e8re contr\u00f4l\u00e9e air ou azote. Il permet d&rsquo;obtenir d&rsquo;excellents r\u00e9sultats en termes de brasage dans les proc\u00e9d\u00e9s s\u00e9lectifs et \u00e0 la vague, qu&rsquo;ils soient sans ou avec plomb, tout en r\u00e9duisant de mani\u00e8re significative les probl\u00e8mes de billes de soudure.<\/p>\n<p><!-- PROPRI\u00c9T\u00c9S Section --><\/p>\n<div style=\"font-weight:bold; border-bottom:2px solid #9DBB2F; padding-bottom:6px; margin-bottom:10px;\">\n  PROPRI\u00c9T\u00c9S\n<\/div>\n<table width=\"100%\" cellpadding=\"0\" cellspacing=\"0\" style=\"border-collapse:collapse; width:100%; max-width:100%;\">\n<tr>\n<th align=\"left\" style=\"background:#7A7A7A; color:#fff; padding:8px 12px; border:1px solid #BDBDBD;\">SP\u00c9CIFICATIONS<\/th>\n<th align=\"left\" style=\"background:#7A7A7A; color:#fff; padding:8px 12px; border:1px solid #BDBDBD;\">ECOFREC 200<\/th>\n<\/tr>\n<tr>\n<td style=\"padding:8px 12px; border:1px solid #BDBDBD;\">Apparence<\/td>\n<td style=\"padding:8px 12px; border:1px solid #BDBDBD;\">Liquide incolore<\/td>\n<\/tr>\n<tr style=\"background:#E6E6E6;\">\n<td style=\"padding:8px 12px; border:1px solid #BDBDBD;\">Contenu solide<\/td>\n<td style=\"padding:8px 12px; border:1px solid #BDBDBD;\">2.0<\/td>\n<\/tr>\n<tr>\n<td style=\"padding:8px 12px; border:1px solid #BDBDBD;\">Indice d&rsquo;acidit\u00e9 (mg KOH\/g)<\/td>\n<td style=\"padding:8px 12px; border:1px solid #BDBDBD;\">18<\/td>\n<\/tr>\n<tr style=\"background:#E6E6E6;\">\n<td style=\"padding:8px 12px; border:1px solid #BDBDBD;\">Masse volumique \u00e0 20\u00b0C (g\/ml)<\/td>\n<td style=\"padding:8px 12px; border:1px solid #BDBDBD;\">0,798 \u2013 0,806<\/td>\n<\/tr>\n<tr>\n<td style=\"padding:8px 12px; border:1px solid #BDBDBD;\">Teneur en halog\u00e8ne<\/td>\n<td style=\"padding:8px 12px; border:1px solid #BDBDBD;\">Sans halog\u00e8ne<\/td>\n<\/tr>\n<tr style=\"background:#E6E6E6;\">\n<td style=\"padding:8px 12px; border:1px solid #BDBDBD;\">Point \u00e9clair<\/td>\n<td style=\"padding:8px 12px; border:1px solid #BDBDBD;\">16\u00b0C\/61\u00b0F<\/td>\n<\/tr>\n<\/table>\n<p><!-- CARACT\u00c9RISTIQUES Section --><\/p>\n<div style=\"font-weight:bold; border-bottom:2px solid #9DBB2F; padding-bottom:6px; margin:30px 0 10px 0;\">\n  CARACT\u00c9RISTIQUES\n<\/div>\n<table width=\"100%\" cellpadding=\"0\" cellspacing=\"0\" style=\"border-collapse:collapse; width:100%; max-width:100%;\">\n<tr>\n<th align=\"left\" style=\"background:#7A7A7A; color:#fff; padding:8px 12px; border:1px solid #BDBDBD;\">CARACT\u00c9RISTIQUES<\/th>\n<th align=\"left\" style=\"background:#7A7A7A; color:#fff; padding:8px 12px; border:1px solid #BDBDBD;\">VALEURS<\/th>\n<th align=\"left\" style=\"background:#7A7A7A; color:#fff; padding:8px 12px; border:1px solid #BDBDBD;\">M\u00c9THODES<\/th>\n<\/tr>\n<tr>\n<td style=\"padding:8px 12px; border:1px solid #BDBDBD;\">Classement des flux<\/td>\n<td style=\"padding:8px 12px; border:1px solid #BDBDBD;\">ORL0<\/td>\n<td style=\"padding:8px 12px; border:1px solid #BDBDBD;\">ANSI\/J-STD-004<\/td>\n<\/tr>\n<tr style=\"background:#E6E6E6;\">\n<td style=\"padding:8px 12px; border:1px solid #BDBDBD;\">Miroir de cuivre<\/td>\n<td style=\"padding:8px 12px; border:1px solid #BDBDBD;\">Passe<\/td>\n<td style=\"padding:8px 12px; border:1px solid #BDBDBD;\">ANSI\/J-STD-004<\/td>\n<\/tr>\n<tr>\n<td style=\"padding:8px 12px; border:1px solid #BDBDBD;\">Papier chromat\u00e9<\/td>\n<td style=\"padding:8px 12px; border:1px solid #BDBDBD;\">Passe<\/td>\n<td style=\"padding:8px 12px; border:1px solid #BDBDBD;\">ANSI\/J-STD-004<\/td>\n<\/tr>\n<tr style=\"background:#E6E6E6;\">\n<td style=\"padding:8px 12px; border:1px solid #BDBDBD;\">SIR (IPC)<\/td>\n<td style=\"padding:8px 12px; border:1px solid #BDBDBD;\">Passe<\/td>\n<td style=\"padding:8px 12px; border:1px solid #BDBDBD;\">ANSI\/J-STD-004<\/td>\n<\/tr>\n<tr>\n<td style=\"padding:8px 12px; border:1px solid #BDBDBD;\">Test Bono corrosion (85\u00b0C \/ 85% HR \u2013 15 jours)<\/td>\n<td style=\"padding:8px 12px; border:1px solid #BDBDBD;\">Passe : facteur corrosion = 0,3%<\/td>\n<td style=\"padding:8px 12px; border:1px solid #BDBDBD;\">Proc\u00e9dure Inventec<\/td>\n<\/tr>\n<\/table>\n","protected":false},"excerpt":{"rendered":"<ul>\n<li>Flux liquide non nettoyant \u00e0 base de solvant<\/li>\n<li>Brasage \u00e0 la vague et s\u00e9lectif<\/li>\n<li>Excellente mouillabilit\u00e9 et haute fiabilit\u00e9<\/li>\n<\/ul>\n<p><a href=\"https:\/\/www.inventec.dehon.com\/wp-content\/uploads\/2021\/04\/Capture-decran-2024-06-13-142210.png\"><img decoding=\"async\" class=\"alignleft size-full wp-image-17538\" src=\"https:\/\/www.inventec.dehon.com\/wp-content\/uploads\/2021\/04\/Capture-decran-2024-06-13-142210.png\" alt=\"\" width=\"297\" height=\"274\" \/><\/a><\/p>\n","protected":false},"featured_media":3047,"comment_status":"closed","ping_status":"closed","template":"","meta":{"_acf_changed":false,"inline_featured_image":false},"product_brand":[],"product_cat":[2809,2806,2807],"product_tag":[1565,4610,850,1564,5034,5293,5054,5094,5305,5082,5301,504,5297],"class_list":{"0":"post-10033","1":"product","2":"type-product","3":"status-publish","4":"has-post-thumbnail","6":"product_cat-solutions-de-flux-detamage","7":"product_cat-solutions-de-flux-de-brasage-a-la-vague","8":"product_cat-solutions-de-flux-de-brasage-selectif","9":"product_tag-200-fr","10":"product_tag-a-base-de-solvant","11":"product_tag-brasage-selectif","12":"product_tag-ecofrec-200-fr","13":"product_tag-excellente-mouillabilite","14":"product_tag-flux-liquide-fr","15":"product_tag-haute-fiabilite","16":"product_tag-plomb","17":"product_tag-sans-nettoyage","18":"product_tag-sans-plomb","19":"product_tag-selectif","20":"product_tag-soudure-a-la-vague","21":"product_tag-vague","22":"pa_brand-ecofrec-fr-2","23":"pa_features-a-base-de-solvant","24":"pa_processes-brasage-par-vague-selectif","25":"pa_product-category-flux-liquide","27":"first","28":"instock","29":"shipping-taxable","30":"product-type-simple"},"acf":[],"_links":{"self":[{"href":"https:\/\/www.inventec.dehon.com\/fr\/wp-json\/wp\/v2\/product\/10033","targetHints":{"allow":["GET"]}}],"collection":[{"href":"https:\/\/www.inventec.dehon.com\/fr\/wp-json\/wp\/v2\/product"}],"about":[{"href":"https:\/\/www.inventec.dehon.com\/fr\/wp-json\/wp\/v2\/types\/product"}],"replies":[{"embeddable":true,"href":"https:\/\/www.inventec.dehon.com\/fr\/wp-json\/wp\/v2\/comments?post=10033"}],"wp:featuredmedia":[{"embeddable":true,"href":"https:\/\/www.inventec.dehon.com\/fr\/wp-json\/wp\/v2\/media\/3047"}],"wp:attachment":[{"href":"https:\/\/www.inventec.dehon.com\/fr\/wp-json\/wp\/v2\/media?parent=10033"}],"wp:term":[{"taxonomy":"product_brand","embeddable":true,"href":"https:\/\/www.inventec.dehon.com\/fr\/wp-json\/wp\/v2\/product_brand?post=10033"},{"taxonomy":"product_cat","embeddable":true,"href":"https:\/\/www.inventec.dehon.com\/fr\/wp-json\/wp\/v2\/product_cat?post=10033"},{"taxonomy":"product_tag","embeddable":true,"href":"https:\/\/www.inventec.dehon.com\/fr\/wp-json\/wp\/v2\/product_tag?post=10033"}],"curies":[{"name":"wp","href":"https:\/\/api.w.org\/{rel}","templated":true}]}}