{"id":10031,"date":"2021-04-21T10:30:35","date_gmt":"2021-04-21T10:30:35","guid":{"rendered":"https:\/\/www.inventec.dehon.com\/product\/abchimie-746e-uv\/"},"modified":"2026-03-04T09:35:47","modified_gmt":"2026-03-04T08:35:47","slug":"abchimie-746e-uv","status":"publish","type":"product","link":"https:\/\/www.inventec.dehon.com\/fr\/product\/abchimie-746e-uv\/","title":{"rendered":"ABCHIMIE 746E UV"},"content":{"rendered":"<p><img decoding=\"async\" src=\"https:\/\/www.inventec.dehon.com\/wp-content\/uploads\/2021\/03\/AB-CHIMIE-coat-drum-1-600x600.jpg\" alt=\"ABCHIMIE 746E UV\" class=\"responsive-img\" align=\"right\" style=\"border-radius:10px; margin-bottom:10px; margin-top:-10px; margin-left:15px; width:300px\" \/><\/p>\n<h2 style=\"color:#9bc947; margin-bottom:15px\">Prot\u00e8ge les cartes de circuit imprim\u00e9 dans des conditions extr\u00eames<\/h2>\n<ul>\n<li>Rev\u00eatement conforme durci par une lampe UV au mercure<\/li>\n<li>Pulv\u00e9risation s\u00e9lective, proc\u00e9d\u00e9 au pistolet et \u00e0 la brosse<\/li>\n<li>Durcissement rapide et sans COV<\/li>\n<\/ul>\n<h5>ABCHIMIE 746E UV<\/h5>\n<p>Est un composant unique transparent con\u00e7u pour prot\u00e9ger les circuits imprim\u00e9s soumis \u00e0 des environnements difficiles. Il dispose d&rsquo;une technologie de double polym\u00e9risation (UV &#8211; humidit\u00e9) pour une r\u00e9ticulation dans l&rsquo;ombre. Il peut \u00eatre appliqu\u00e9 au pinceau, par tampographie, par pulv\u00e9risation et, bien s\u00fbr, par une machine \u00e0 enduire s\u00e9lective, qui est le moyen id\u00e9al d&rsquo;application. La faible viscosit\u00e9 permet de limiter l&rsquo;\u00e9paisseur \u00e0 environ 80 microns.<\/p>\n<p><strong>ABCHIMIE 746E UV<\/strong> est conforme aux r\u00e9glementations REACH et RoHS.<BR>Approuv\u00e9 <strong>UL94 V0<\/strong> (QMJU2-E308681) \/ Approuv\u00e9 <strong>UL746E<\/strong>.<\/p>\n<p><a href=\"https:\/\/www.abchimie.com\/fr\" target=\"_blank\" rel=\"noopener\"><img decoding=\"async\" class=\"alignnone responsive-img wp-image-2452\" src=\"https:\/\/inventec.dehon.com\/wp-content\/uploads\/2021\/04\/Logo-ABCHIMIE-GR.png\" rel=\"inv-colorbox\" title=\"ABCHIMIE 746E UV\" alt=\"ABCHIMIE 746E UV\" width=\"150\" height=\"89\" srcset=\"https:\/\/www.inventec.dehon.com\/wp-content\/uploads\/2021\/04\/Logo-ABCHIMIE-GR.png 6545w, https:\/\/www.inventec.dehon.com\/wp-content\/uploads\/2021\/04\/Logo-ABCHIMIE-GR-300x178.png 300w, https:\/\/www.inventec.dehon.com\/wp-content\/uploads\/2021\/04\/Logo-ABCHIMIE-GR-1024x607.png 1024w, https:\/\/www.inventec.dehon.com\/wp-content\/uploads\/2021\/04\/Logo-ABCHIMIE-GR-768x455.png 768w, https:\/\/www.inventec.dehon.com\/wp-content\/uploads\/2021\/04\/Logo-ABCHIMIE-GR-1536x911.png 1536w, https:\/\/www.inventec.dehon.com\/wp-content\/uploads\/2021\/04\/Logo-ABCHIMIE-GR-2048x1214.png 2048w, https:\/\/www.inventec.dehon.com\/wp-content\/uploads\/2021\/04\/Logo-ABCHIMIE-GR-600x356.png 600w\" sizes=\"(max-width: 150px) 100vw, 150px\" \/><\/a><\/p>\n","protected":false},"excerpt":{"rendered":"<ul>\n<li>Rev\u00eatement conforme durci par une lampe UV au mercure<\/li>\n<li>Pulv\u00e9risation s\u00e9lective, proc\u00e9d\u00e9 au pistolet et \u00e0 la brosse<\/li>\n<li>Durcissement rapide et sans COV<\/li>\n<\/ul>\n","protected":false},"featured_media":24439,"comment_status":"closed","ping_status":"closed","template":"","meta":{"_acf_changed":false,"inline_featured_image":false},"product_brand":[],"product_cat":[2828,951,2830],"product_tag":[1777,1776,1793,5495,4634,4642,4650,4646,5475,5503,5519,4385,3745,5491,4453,4654,4658,4277,5459,5317,4670,1794,5515],"class_list":{"0":"post-10031","1":"product","2":"type-product","3":"status-publish","4":"has-post-thumbnail","6":"industries-aerospatiale-defense","7":"industries-automatisation","8":"industries-automobile","9":"industries-medical-fr","10":"product_cat-partenariat-abchimie-et-inventec","11":"product_cat-revetements","12":"product_cat-revetements-conformes-durcis-aux-uv","13":"product_tag-746e-fr","14":"product_tag-abchimie-fr","15":"product_tag-abchimie-746e-uv-fr","16":"product_tag-application-par-pistolet-de-pulverisation","17":"product_tag-appliquer-au-pinceau","18":"product_tag-appliquer-par-pulverisation-selective","19":"product_tag-composants-electroniques","20":"product_tag-durcissement","21":"product_tag-lampe-a-mercure","22":"product_tag-lampe-uv","23":"product_tag-lampe-uv-mercure","24":"product_tag-non-inflammable","25":"product_tag-pcb-fr","26":"product_tag-pistolet-de-pulverisation","27":"product_tag-pulverisation","28":"product_tag-reparable","29":"product_tag-reparable-a-travers-la-soudure","30":"product_tag-revetements-fr","31":"product_tag-revetements-de-protection","32":"product_tag-sans-cov-fr","33":"product_tag-traceur-uv","34":"product_tag-uv-fr","35":"product_tag-uv-mercure","36":"pa_application-pcb-composants-electroniques","37":"pa_brand-abchimie-fr-2","38":"pa_features-reparable-par-soudure-traversante","39":"pa_features-sans-cov","40":"pa_features-traceur-uv","41":"pa_processes-ppplication-au-pinceau","42":"pa_processes-application-au-pistolet","43":"pa_processes-application-par-pulverisation-selective","44":"pa_processes-polymerisation-lampe-uv-mercure","45":"pa_product-category-revetement-conforme","47":"first","48":"instock","49":"shipping-taxable","50":"product-type-simple"},"acf":[],"_links":{"self":[{"href":"https:\/\/www.inventec.dehon.com\/fr\/wp-json\/wp\/v2\/product\/10031","targetHints":{"allow":["GET"]}}],"collection":[{"href":"https:\/\/www.inventec.dehon.com\/fr\/wp-json\/wp\/v2\/product"}],"about":[{"href":"https:\/\/www.inventec.dehon.com\/fr\/wp-json\/wp\/v2\/types\/product"}],"replies":[{"embeddable":true,"href":"https:\/\/www.inventec.dehon.com\/fr\/wp-json\/wp\/v2\/comments?post=10031"}],"wp:featuredmedia":[{"embeddable":true,"href":"https:\/\/www.inventec.dehon.com\/fr\/wp-json\/wp\/v2\/media\/24439"}],"wp:attachment":[{"href":"https:\/\/www.inventec.dehon.com\/fr\/wp-json\/wp\/v2\/media?parent=10031"}],"wp:term":[{"taxonomy":"product_brand","embeddable":true,"href":"https:\/\/www.inventec.dehon.com\/fr\/wp-json\/wp\/v2\/product_brand?post=10031"},{"taxonomy":"product_cat","embeddable":true,"href":"https:\/\/www.inventec.dehon.com\/fr\/wp-json\/wp\/v2\/product_cat?post=10031"},{"taxonomy":"product_tag","embeddable":true,"href":"https:\/\/www.inventec.dehon.com\/fr\/wp-json\/wp\/v2\/product_tag?post=10031"}],"curies":[{"name":"wp","href":"https:\/\/api.w.org\/{rel}","templated":true}]}}