{"id":10023,"date":"2021-04-26T08:46:16","date_gmt":"2021-04-26T08:46:16","guid":{"rendered":"https:\/\/www.inventec.dehon.com\/product\/abchimie-42k-uv\/"},"modified":"2026-03-04T09:37:04","modified_gmt":"2026-03-04T08:37:04","slug":"abchimie-42k-uv","status":"publish","type":"product","link":"https:\/\/www.inventec.dehon.com\/fr\/product\/abchimie-42k-uv\/","title":{"rendered":"ABCHIMIE 42K-UV"},"content":{"rendered":"<p><img decoding=\"async\" src=\"https:\/\/www.inventec.dehon.com\/wp-content\/uploads\/2021\/03\/AB-CHIMIE-coat-drum-1-600x600.jpg\" alt=\"ABCHIMIE 42K-UV\" class=\"responsive-img\" align=\"right\" style=\"border-radius:10px; margin-bottom:10px; margin-top:-10px; margin-left:15px; width:300px\" \/><\/p>\n<h2 style=\"color: #9bc947; margin-bottom: 15px;\">Protection contre l&rsquo;humidit\u00e9 et la haute pression \u00e9lectrique<\/h2>\n<ul>\n<li>R\u00e9sine souple UV<\/li>\n<li>Haute viscosit\u00e9<\/li>\n<\/ul>\n<h5>ABchimie 42K-UV<\/h5>\n<p>Est une r\u00e9sine souple monocomposant, durcissable par UV qui a une bonne adh\u00e9sion sur de nombreux substrats. Il peut \u00eatre appliqu\u00e9 dans des d\u00e9p\u00f4ts de forte \u00e9paisseur (quelques mm). Son durcissement est imm\u00e9diat gr\u00e2ce aux rayons UV. <\/p>\n<p><strong>ABchimie 42K-UV<\/strong> assure une protection locale de vos composants, notamment contre l&rsquo;humidit\u00e9 et la haute pression \u00e9lectrique. Elle peut \u00e9galement \u00eatre appliqu\u00e9e pour apporter de la robustesse \u00e0 vos syst\u00e8mes. Approuv\u00e9<strong> UL94 V0<\/strong> (QMJU2-E308681)<\/p>\n<p><a href=\"https:\/\/abchimie.com\/fr\/\" target=\"_blank\" rel=\"noopener\"><img decoding=\"async\" class=\"alignnone responsive-img wp-image-2452\" src=\"https:\/\/inventec.dehon.com\/wp-content\/uploads\/2021\/04\/Logo-ABCHIMIE-GR.png\" rel=\"inv-colorbox\" title=\"ABCHIMIE 42K-UV\" alt=\"ABchimie42K-UV\" width=\"150\" height=\"89\" srcset=\"https:\/\/www.inventec.dehon.com\/wp-content\/uploads\/2021\/04\/Logo-ABCHIMIE-GR.png 6545w, https:\/\/www.inventec.dehon.com\/wp-content\/uploads\/2021\/04\/Logo-ABCHIMIE-GR-300x178.png 300w, https:\/\/www.inventec.dehon.com\/wp-content\/uploads\/2021\/04\/Logo-ABCHIMIE-GR-1024x607.png 1024w, https:\/\/www.inventec.dehon.com\/wp-content\/uploads\/2021\/04\/Logo-ABCHIMIE-GR-768x455.png 768w, https:\/\/www.inventec.dehon.com\/wp-content\/uploads\/2021\/04\/Logo-ABCHIMIE-GR-1536x911.png 1536w, https:\/\/www.inventec.dehon.com\/wp-content\/uploads\/2021\/04\/Logo-ABCHIMIE-GR-2048x1214.png 2048w, https:\/\/www.inventec.dehon.com\/wp-content\/uploads\/2021\/04\/Logo-ABCHIMIE-GR-600x356.png 600w\" sizes=\"(max-width: 150px) 100vw, 150px\" \/><\/a><\/p>\n","protected":false},"excerpt":{"rendered":"<ul>\n<li>R\u00e9sine souple UV<\/li>\n<li>Haute viscosit\u00e9<\/li>\n<\/ul>\n","protected":false},"featured_media":24439,"comment_status":"closed","ping_status":"closed","template":"","meta":{"_acf_changed":false,"inline_featured_image":false},"product_brand":[],"product_cat":[2828,951,2830],"product_tag":[1841,1840,1776,1839,4634,4642,4650,4646,5389,5475,5503,5519,3745,5499,4453,5483,5523,5487,4277,5459,4433,5317,4670,1794,5515],"class_list":{"0":"post-10023","1":"product","2":"type-product","3":"status-publish","4":"has-post-thumbnail","6":"product_cat-partenariat-abchimie-et-inventec","7":"product_cat-revetements","8":"product_cat-revetements-conformes-durcis-aux-uv","9":"product_tag-42k-fr","10":"product_tag-42k-uv-fr","11":"product_tag-abchimie-fr","12":"product_tag-abchimie-42k-uv-fr","13":"product_tag-appliquer-au-pinceau","14":"product_tag-appliquer-par-pulverisation-selective","15":"product_tag-composants-electroniques","16":"product_tag-durcissement","17":"product_tag-haute-viscosite","18":"product_tag-lampe-a-mercure","19":"product_tag-lampe-uv","20":"product_tag-lampe-uv-mercure","21":"product_tag-pcb-fr","22":"product_tag-polymerise-par-uv","23":"product_tag-pulverisation","24":"product_tag-rayonnement","25":"product_tag-rayonnement-uv","26":"product_tag-resine-souple","27":"product_tag-revetements-fr","28":"product_tag-revetements-de-protection","29":"product_tag-rohs","30":"product_tag-sans-cov-fr","31":"product_tag-traceur-uv","32":"product_tag-uv-fr","33":"product_tag-uv-mercure","34":"pa_application-pcb-composants-electroniques","35":"pa_brand-abchimie-fr-2","36":"pa_features-sans-cov","37":"pa_features-traceur-uv","38":"pa_processes-ppplication-au-pinceau","39":"pa_processes-application-par-pulverisation-selective","40":"pa_processes-polymerisation-lampe-uv-mercure","41":"pa_product-category-revetement-conforme","43":"first","44":"instock","45":"shipping-taxable","46":"product-type-simple"},"acf":[],"_links":{"self":[{"href":"https:\/\/www.inventec.dehon.com\/fr\/wp-json\/wp\/v2\/product\/10023","targetHints":{"allow":["GET"]}}],"collection":[{"href":"https:\/\/www.inventec.dehon.com\/fr\/wp-json\/wp\/v2\/product"}],"about":[{"href":"https:\/\/www.inventec.dehon.com\/fr\/wp-json\/wp\/v2\/types\/product"}],"replies":[{"embeddable":true,"href":"https:\/\/www.inventec.dehon.com\/fr\/wp-json\/wp\/v2\/comments?post=10023"}],"wp:featuredmedia":[{"embeddable":true,"href":"https:\/\/www.inventec.dehon.com\/fr\/wp-json\/wp\/v2\/media\/24439"}],"wp:attachment":[{"href":"https:\/\/www.inventec.dehon.com\/fr\/wp-json\/wp\/v2\/media?parent=10023"}],"wp:term":[{"taxonomy":"product_brand","embeddable":true,"href":"https:\/\/www.inventec.dehon.com\/fr\/wp-json\/wp\/v2\/product_brand?post=10023"},{"taxonomy":"product_cat","embeddable":true,"href":"https:\/\/www.inventec.dehon.com\/fr\/wp-json\/wp\/v2\/product_cat?post=10023"},{"taxonomy":"product_tag","embeddable":true,"href":"https:\/\/www.inventec.dehon.com\/fr\/wp-json\/wp\/v2\/product_tag?post=10023"}],"curies":[{"name":"wp","href":"https:\/\/api.w.org\/{rel}","templated":true}]}}