{"id":10022,"date":"2021-04-22T07:52:30","date_gmt":"2021-04-22T07:52:30","guid":{"rendered":"https:\/\/www.inventec.dehon.com\/product\/abchimie-dva-ba-r\/"},"modified":"2026-03-04T09:37:14","modified_gmt":"2026-03-04T08:37:14","slug":"abchimie-dva-ba-r","status":"publish","type":"product","link":"https:\/\/www.inventec.dehon.com\/fr\/product\/abchimie-dva-ba-r\/","title":{"rendered":"ABCHIMIE DVA BA R"},"content":{"rendered":"<p><img decoding=\"async\" src=\"https:\/\/www.inventec.dehon.com\/wp-content\/uploads\/2021\/03\/AB-CHIMIE-coat-drum-1-600x600.jpg\" alt=\"ABCHIMIE DVA BA R\" class=\"responsive-img\" align=\"right\" style=\"border-radius:10px; margin-bottom:10px; margin-top:-10px; margin-left:15px; width:300px\" \/><\/p>\n<h2 style=\"color: #9bc947; margin-bottom: 15px;\">Applications de rev\u00eatement conformal acrylique<\/h2>\n<ul>\n<li>Diluant acrylique pour diluer le rev\u00eatement <a href=\"https:\/\/www.inventec.dehon.com\/fr\/product\/abchimie-avr80-ba\/\"><strong>ABCHIMIE AVR80 BA<\/strong><\/a><\/li>\n<li>Proc\u00e9d\u00e9 de pulv\u00e9risation<\/li>\n<li>Non-toxique<\/li>\n<\/ul>\n<h5>ABCHIMIE DVA BA R<\/h5>\n<p>Est un m\u00e9lange de solvants non toxiques con\u00e7u pour \u00eatre utilis\u00e9 avec des rev\u00eatements conformes \u00e0 base acrylique. Le <strong>ABCHIMIE DVA BA R<\/strong> est un diluant sp\u00e9cifique qui permet de r\u00e9duire la quantit\u00e9 de diluant dans le m\u00e9lange avec l&rsquo;<a href=\"https:\/\/www.inventec.dehon.com\/fr\/product\/abchimie-avr80-ba\/\"><strong>ABCHIMIE AVR80 BA<\/strong><\/a> pour obtenir une plus grande \u00e9paisseur sur le circuit imprim\u00e9 lorsque vous le pulv\u00e9risez au pistolet (le m\u00e9lange est de 1:1).<\/p>\n<p><a href=\"https:\/\/abchimie.com\/fr\/\" target=\"_blank\" rel=\"noopener\"><img decoding=\"async\" class=\"alignnone responsive-img wp-image-2452\" src=\"https:\/\/inventec.dehon.com\/wp-content\/uploads\/2021\/04\/Logo-ABCHIMIE-GR.png\" rel=\"inv-colorbox\" title=\"ABCHIMIE DVA BA R\" alt=\"ABCHIMIE DVA BA R\" width=\"150\" height=\"89\" srcset=\"https:\/\/www.inventec.dehon.com\/wp-content\/uploads\/2021\/04\/Logo-ABCHIMIE-GR.png 6545w, https:\/\/www.inventec.dehon.com\/wp-content\/uploads\/2021\/04\/Logo-ABCHIMIE-GR-300x178.png 300w, https:\/\/www.inventec.dehon.com\/wp-content\/uploads\/2021\/04\/Logo-ABCHIMIE-GR-1024x607.png 1024w, https:\/\/www.inventec.dehon.com\/wp-content\/uploads\/2021\/04\/Logo-ABCHIMIE-GR-768x455.png 768w, https:\/\/www.inventec.dehon.com\/wp-content\/uploads\/2021\/04\/Logo-ABCHIMIE-GR-1536x911.png 1536w, https:\/\/www.inventec.dehon.com\/wp-content\/uploads\/2021\/04\/Logo-ABCHIMIE-GR-2048x1214.png 2048w, https:\/\/www.inventec.dehon.com\/wp-content\/uploads\/2021\/04\/Logo-ABCHIMIE-GR-600x356.png 600w\" sizes=\"(max-width: 150px) 100vw, 150px\" \/><\/a><\/p>\n","protected":false},"excerpt":{"rendered":"<ul>\n<li>Diluant acrylique pour diluer le rev\u00eatement AVR80 BA<\/li>\n<li>Proc\u00e9d\u00e9 de pulv\u00e9risation<\/li>\n<li>Non-toxique<\/li>\n<\/ul>\n","protected":false},"featured_media":24439,"comment_status":"closed","ping_status":"closed","template":"","meta":{"_acf_changed":false,"inline_featured_image":false},"product_brand":[],"product_cat":[2828,951,2829],"product_tag":[1776,1884,5443,5495,1806,1886,5451,4662,1871,1885,4389,3745,5491,4453,4277,4433,5405],"class_list":{"0":"post-10022","1":"product","2":"type-product","3":"status-publish","4":"has-post-thumbnail","6":"product_cat-partenariat-abchimie-et-inventec","7":"product_cat-revetements","8":"product_cat-revetements-conformes-thermodurcis","9":"product_tag-abchimie-fr","10":"product_tag-abchimie-dva-ba-r-fr","11":"product_tag-acrylique","12":"product_tag-application-par-pistolet-de-pulverisation","13":"product_tag-ba-fr","14":"product_tag-ba-r-fr","15":"product_tag-diluant-acrylique","16":"product_tag-diluants-fr","17":"product_tag-dva-fr","18":"product_tag-dva-ba-r-fr","19":"product_tag-non-toxique","20":"product_tag-pcb-fr","21":"product_tag-pistolet-de-pulverisation","22":"product_tag-pulverisation","23":"product_tag-revetements-fr","24":"product_tag-rohs","25":"product_tag-sans-halogene","26":"pa_brand-abchimie-fr-2","27":"pa_processes-application-au-pistolet","28":"pa_product-category-diluants","30":"first","31":"instock","32":"shipping-taxable","33":"product-type-simple"},"acf":[],"_links":{"self":[{"href":"https:\/\/www.inventec.dehon.com\/fr\/wp-json\/wp\/v2\/product\/10022","targetHints":{"allow":["GET"]}}],"collection":[{"href":"https:\/\/www.inventec.dehon.com\/fr\/wp-json\/wp\/v2\/product"}],"about":[{"href":"https:\/\/www.inventec.dehon.com\/fr\/wp-json\/wp\/v2\/types\/product"}],"replies":[{"embeddable":true,"href":"https:\/\/www.inventec.dehon.com\/fr\/wp-json\/wp\/v2\/comments?post=10022"}],"wp:featuredmedia":[{"embeddable":true,"href":"https:\/\/www.inventec.dehon.com\/fr\/wp-json\/wp\/v2\/media\/24439"}],"wp:attachment":[{"href":"https:\/\/www.inventec.dehon.com\/fr\/wp-json\/wp\/v2\/media?parent=10022"}],"wp:term":[{"taxonomy":"product_brand","embeddable":true,"href":"https:\/\/www.inventec.dehon.com\/fr\/wp-json\/wp\/v2\/product_brand?post=10022"},{"taxonomy":"product_cat","embeddable":true,"href":"https:\/\/www.inventec.dehon.com\/fr\/wp-json\/wp\/v2\/product_cat?post=10022"},{"taxonomy":"product_tag","embeddable":true,"href":"https:\/\/www.inventec.dehon.com\/fr\/wp-json\/wp\/v2\/product_tag?post=10022"}],"curies":[{"name":"wp","href":"https:\/\/api.w.org\/{rel}","templated":true}]}}