{"id":10020,"date":"2021-05-14T11:05:59","date_gmt":"2021-05-14T11:05:59","guid":{"rendered":"https:\/\/www.inventec.dehon.com\/product\/promoclean-disper-610\/"},"modified":"2026-01-27T13:57:45","modified_gmt":"2026-01-27T12:57:45","slug":"promoclean-disper-610","status":"publish","type":"product","link":"https:\/\/www.inventec.dehon.com\/fr\/product\/promoclean-disper-610\/","title":{"rendered":"PROMOCLEAN DISPER 610"},"content":{"rendered":"<p><img decoding=\"async\" src=\"https:\/\/www.inventec.dehon.com\/wp-content\/uploads\/2021\/04\/PROMOCLEAN-canister-blue.png\" alt=\"PROMOCLEAN DISPER 610\" class=\"responsive-img\" align=\"right\" style=\"border-radius:10px; margin-bottom:10px; margin-top:-10px; margin-left:15px; width:300px\" \/><\/p>\n<h2 style=\"color:#9bc947; margin-bottom:15px\">\u00c9limination des r\u00e9sidus de flux cuits et des \u00e9missions de gaz recondens\u00e9s<\/h2>\n<ul>\n<li>\u00c9limination des r\u00e9sidus de flux cuits<\/li>\n<li>Proc\u00e9d\u00e9 aqueux d&rsquo;aspersion<\/li>\n<li>Compatible avec l&rsquo;aluminium<\/li>\n<\/ul>\n<h5>PROMOCLEAN DISPER 610<\/h5>\n<p>Est sp\u00e9cialement con\u00e7u pour l&rsquo;\u00e9limination de tous les types de r\u00e9sidus de flux cuit et d&rsquo;\u00e9mmisions de gaz \u00e0 des fins de maintenance sur les \u00e9quipements de fabrication \u00e9lectronique tels que les cadres de vague, les palettes de soudure, les syphons de condensation des fours, etc.<\/p>\n<p>Gr\u00e2ce \u00e0 ses excellentes propri\u00e9t\u00e9s anti-mousse, il est destin\u00e9 aux proc\u00e9d\u00e9s de pulv\u00e9risation \u00e0 l&rsquo;air et de jet par immersion \u00e0 base d&rsquo;eau. Gr\u00e2ce \u00e0 son alcalinit\u00e9 contr\u00f4l\u00e9e, ce produit est compatible avec l&rsquo;aluminium et d&rsquo;autres mat\u00e9riaux sensibles.<\/p>\n<p>C&rsquo;est un produit concentr\u00e9 qui s&rsquo;utilise dilu\u00e9 avec de l&rsquo;eau DI et qui a un excellent pouvoir nettoyant \u00e0 partir d&rsquo;une dilution de 20 % \u00e0 30 %.<\/p>\n<div style=\"font-family:Lato; color:#333;\">\n<div style=\"font-weight:bold; text-transform:uppercase; border-bottom:2px solid #9DBB2F; padding-bottom:6px; margin-bottom:10px;\">\n    SP\u00c9CIFICATIONS\n  <\/div>\n<table width=\"100%\" cellpadding=\"0\" cellspacing=\"0\" style=\"border-collapse:collapse; width:100%; max-width:100%;\">\n<tr>\n<th align=\"left\" style=\"background:#7A7A7A; color:#fff; padding:8px 12px; border:1px solid #BDBDBD;\">\n        SP\u00c9CIFICATIONS\n      <\/th>\n<th align=\"left\" style=\"background:#7A7A7A; color:#fff; padding:8px 12px; border:1px solid #BDBDBD;\">\n        VALEURS\n      <\/th>\n<th align=\"left\" style=\"background:#7A7A7A; color:#fff; padding:8px 12px; border:1px solid #BDBDBD;\">\n        M\u00c9THODES\n      <\/th>\n<\/tr>\n<tr>\n<td style=\"padding:8px 12px; border:1px solid #BDBDBD;\">Aspect<\/td>\n<td style=\"padding:8px 12px; border:1px solid #BDBDBD;\">Liquide incolore \u00e0 l\u00e9g\u00e8rement jaune<\/td>\n<td style=\"padding:8px 12px; border:1px solid #BDBDBD;\">Visuelle<\/td>\n<\/tr>\n<tr style=\"background:#E6E6E6;\">\n<td style=\"padding:8px 12px; border:1px solid #BDBDBD;\">Masse volumique \u00e0 20\u00b0C (g\/ml)<\/td>\n<td style=\"padding:8px 12px; border:1px solid #BDBDBD;\">1.00 \u00b1 0.01<\/td>\n<td style=\"padding:8px 12px; border:1px solid #BDBDBD;\">BRY-MO-028<\/td>\n<\/tr>\n<tr>\n<td style=\"padding:8px 12px; border:1px solid #BDBDBD;\">pH du produit pur<\/td>\n<td style=\"padding:8px 12px; border:1px solid #BDBDBD;\">10.8 \u00b1 0.5<\/td>\n<td style=\"padding:8px 12px; border:1px solid #BDBDBD;\">BRY-MO-011<\/td>\n<\/tr>\n<\/table>\n<\/div>\n<div style=\"font-family:Lato; color:#333;\">\n<div style=\"font-weight:bold; text-transform:uppercase; border-bottom:2px solid #9DBB2F; padding-bottom:6px; margin:30px 0 10px;\">\n    CARACT\u00c9RISTIQUES\n  <\/div>\n<table width=\"100%\" cellpadding=\"0\" cellspacing=\"0\" style=\"border-collapse:collapse; width:100%; max-width:100%;\">\n<tr>\n<th align=\"left\" style=\"background:#7A7A7A; color:#fff; padding:8px 12px; border:1px solid #BDBDBD;\">\n        CARACT\u00c9RISTIQUES\n      <\/th>\n<th align=\"left\" style=\"background:#7A7A7A; color:#fff; padding:8px 12px; border:1px solid #BDBDBD;\">\n        VALEURS\n      <\/th>\n<\/tr>\n<tr>\n<td style=\"padding:8px 12px; border:1px solid #BDBDBD;\">Point \u00e9clair<\/td>\n<td style=\"padding:8px 12px; border:1px solid #BDBDBD;\">aucun<\/td>\n<\/tr>\n<tr style=\"background:#E6E6E6;\">\n<td style=\"padding:8px 12px; border:1px solid #BDBDBD;\">Solubilit\u00e9 dans l&rsquo;eau<\/td>\n<td style=\"padding:8px 12px; border:1px solid #BDBDBD;\">totalement soluble<\/td>\n<\/tr>\n<tr>\n<td style=\"padding:8px 12px; border:1px solid #BDBDBD;\">Tension de surface (dynes\/cm)<\/td>\n<td style=\"padding:8px 12px; border:1px solid #BDBDBD;\">29,5<\/td>\n<\/tr>\n<tr style=\"background:#E6E6E6;\">\n<td style=\"padding:8px 12px; border:1px solid #BDBDBD;\">Mouillabilit\u00e9 avec NF T73420 (secondes)<\/td>\n<td style=\"padding:8px 12px; border:1px solid #BDBDBD;\">32<\/td>\n<\/tr>\n<\/table>\n<\/div>\n","protected":false},"excerpt":{"rendered":"<ul>\n<li>\u00c9limination des r\u00e9sidus de flux cuits<\/li>\n<li>Proc\u00e9d\u00e9 aqueux d&rsquo;aspersion<\/li>\n<li>Compatible avec l&rsquo;aluminium<\/li>\n<\/ul>\n<p><a href=\"https:\/\/www.inventec.dehon.com\/wp-content\/uploads\/2023\/06\/GW-Score-26.png\"><img decoding=\"async\" class=\"alignnone wp-image-14922\" src=\"https:\/\/www.inventec.dehon.com\/wp-content\/uploads\/2023\/06\/GW-Score-26.png\" alt=\"\" width=\"40\" height=\"34\" \/><\/a><\/p>\n","protected":false},"featured_media":2431,"comment_status":"closed","ping_status":"closed","template":"","meta":{"_acf_changed":false,"inline_featured_image":false},"product_brand":[],"product_cat":[953,2821],"product_tag":[2249,2022,2241,4397,4425,4325,4257,4261,4253,4405,4771,2003,2240,4453,4265,4469],"class_list":{"0":"post-10020","1":"product","2":"type-product","3":"status-publish","4":"has-post-thumbnail","6":"product_cat-nettoyage","7":"product_cat-nettoyage-de-maintenance-electronique-et-semiconducteur","8":"product_tag-610-fr","9":"product_tag-disper-fr","10":"product_tag-disper-610","11":"product_tag-four","12":"product_tag-four-de-refusion-fr","13":"product_tag-greenway","14":"product_tag-immersion-aqueuse","15":"product_tag-immersion-aqueuse-ultrasonique","16":"product_tag-liquides-de-nettoyage-aqueux-fr","17":"product_tag-palettes","18":"product_tag-porteurs-dondes","19":"product_tag-promoclean-fr","20":"product_tag-promoclean-disper-610-fr","21":"product_tag-pulverisation","22":"product_tag-pulverisation-aqueuse","23":"product_tag-ultrason","24":"pa_application-four-de-refusion","25":"pa_application-supports-et-plateaux-pour-vague","26":"pa_brand-promoclean-fr","27":"pa_features-greenway","28":"pa_processes-immersion-ultrasonique-aqueuse","29":"pa_processes-spray-a-base-deau","30":"pa_product-category-liquides-de-nettoyage-aqueux","32":"first","33":"instock","34":"shipping-taxable","35":"product-type-simple"},"acf":[],"_links":{"self":[{"href":"https:\/\/www.inventec.dehon.com\/fr\/wp-json\/wp\/v2\/product\/10020","targetHints":{"allow":["GET"]}}],"collection":[{"href":"https:\/\/www.inventec.dehon.com\/fr\/wp-json\/wp\/v2\/product"}],"about":[{"href":"https:\/\/www.inventec.dehon.com\/fr\/wp-json\/wp\/v2\/types\/product"}],"replies":[{"embeddable":true,"href":"https:\/\/www.inventec.dehon.com\/fr\/wp-json\/wp\/v2\/comments?post=10020"}],"wp:featuredmedia":[{"embeddable":true,"href":"https:\/\/www.inventec.dehon.com\/fr\/wp-json\/wp\/v2\/media\/2431"}],"wp:attachment":[{"href":"https:\/\/www.inventec.dehon.com\/fr\/wp-json\/wp\/v2\/media?parent=10020"}],"wp:term":[{"taxonomy":"product_brand","embeddable":true,"href":"https:\/\/www.inventec.dehon.com\/fr\/wp-json\/wp\/v2\/product_brand?post=10020"},{"taxonomy":"product_cat","embeddable":true,"href":"https:\/\/www.inventec.dehon.com\/fr\/wp-json\/wp\/v2\/product_cat?post=10020"},{"taxonomy":"product_tag","embeddable":true,"href":"https:\/\/www.inventec.dehon.com\/fr\/wp-json\/wp\/v2\/product_tag?post=10020"}],"curies":[{"name":"wp","href":"https:\/\/api.w.org\/{rel}","templated":true}]}}