{"id":10017,"date":"2021-03-19T09:30:34","date_gmt":"2021-03-19T09:30:34","guid":{"rendered":"https:\/\/www.inventec.dehon.com\/product\/topklean-el-606\/"},"modified":"2026-03-23T12:29:24","modified_gmt":"2026-03-23T11:29:24","slug":"topklean-el-606","status":"publish","type":"product","link":"https:\/\/www.inventec.dehon.com\/fr\/product\/topklean-el-606\/","title":{"rendered":"TOPKLEAN EL 606"},"content":{"rendered":"<p><img decoding=\"async\" src=\"https:\/\/www.inventec.dehon.com\/wp-content\/uploads\/2021\/03\/TOPKLEAN-canister-yellow-1-600x600.jpg\" alt=\"TOPKLEAN EL 606\" class=\"responsive-img\" align=\"right\" style=\"border-radius:10px; margin-bottom:10px; margin-top:-10px; margin-left:15px; width:300px\" \/><\/p>\n<h2 style=\"color:#9bc947; margin-bottom:15px\">Nettoyant pour stencils de soudure haute performance<\/h2>\n<ul>\n<li>Nettoyage des pochoirs <\/li>\n<li>Proc\u00e9d\u00e9 aqueux d\u2019aspersion ou d&rsquo;immersion <\/li>\n<li>Tr\u00e8s faible impact hse<\/li>\n<\/ul>\n<h5>TOPKLEAN EL 606<\/h5>\n<p>Est sp\u00e9cialement con\u00e7u pour nettoyer les restes de cr\u00e8me \u00e0 braser, utilis\u00e9e en SMT, sur les stencils et les cartes mal imprim\u00e9es. La plupart des adh\u00e9sifs SMT non polym\u00e9ris\u00e9s peuvent \u00e9galement \u00eatre nettoy\u00e9s.<\/p>\n<p>Il est livr\u00e9 sous forme de produit pur et doit \u00eatre m\u00e9lang\u00e9 avec de l&rsquo;eau DI. Le pH neutre de <strong>TOPKLEAN EL 606<\/strong> garantit une utilisation durable des stencils et des \u00e9quipements de nettoyage de stencils des marques les plus connues du march\u00e9. <\/p>\n<p><!-- SPECIFICATIONS Section --><\/p>\n<div style=\"font-weight:bold; text-transform:uppercase; border-bottom:2px solid #9DBB2F; padding-bottom:6px; margin-bottom:10px;\">\n  SP\u00c9CIFICATIONS\n<\/div>\n<table width=\"100%\" cellpadding=\"0\" cellspacing=\"0\" style=\"border-collapse:collapse; width:100%; max-width:100%;\">\n<tr>\n<th align=\"left\" style=\"background:#7A7A7A; color:#fff; padding:8px 12px; border:1px solid #BDBDBD;\">SP\u00c9CIFICATIONS<\/th>\n<th align=\"left\" style=\"background:#7A7A7A; color:#fff; padding:8px 12px; border:1px solid #BDBDBD;\">VALEURS<\/th>\n<th align=\"left\" style=\"background:#7A7A7A; color:#fff; padding:8px 12px; border:1px solid #BDBDBD;\">M\u00c9THODES<\/th>\n<\/tr>\n<tr>\n<td style=\"padding:8px 12px; border:1px solid #BDBDBD;\">Aspect<\/td>\n<td style=\"padding:8px 12px; border:1px solid #BDBDBD;\">Transparent, incolore<\/td>\n<td style=\"padding:8px 12px; border:1px solid #BDBDBD;\">Visuelle<\/td>\n<\/tr>\n<tr style=\"background:#E6E6E6;\">\n<td style=\"padding:8px 12px; border:1px solid #BDBDBD;\">Masse volumique \u00e0 20\u00b0C (g\/ml)<\/td>\n<td style=\"padding:8px 12px; border:1px solid #BDBDBD;\">0.95 \u00b1 0.05 g\/ml<\/td>\n<td style=\"padding:8px 12px; border:1px solid #BDBDBD;\">BRY MO 028<\/td>\n<\/tr>\n<\/table>\n<p><!-- CHARACTERISTICS Section --><\/p>\n<div style=\"font-weight:bold; text-transform:uppercase; border-bottom:2px solid #9DBB2F; padding-bottom:6px; margin:30px 0 10px 0;\">\n  CARACT\u00c9RISTIQUES\n<\/div>\n<table width=\"100%\" cellpadding=\"0\" cellspacing=\"0\" style=\"border-collapse:collapse; width:100%; max-width:100%;\">\n<tr>\n<th align=\"left\" style=\"background:#7A7A7A; color:#fff; padding:8px 12px; border:1px solid #BDBDBD;\">CARACT\u00c9RISTIQUES<\/th>\n<th align=\"left\" style=\"background:#7A7A7A; color:#fff; padding:8px 12px; border:1px solid #BDBDBD;\">VALEURS<\/th>\n<\/tr>\n<tr>\n<td style=\"padding:8px 12px; border:1px solid #BDBDBD;\">pH<\/td>\n<td style=\"padding:8px 12px; border:1px solid #BDBDBD;\">Neutre<\/td>\n<\/tr>\n<tr style=\"background:#E6E6E6;\">\n<td style=\"padding:8px 12px; border:1px solid #BDBDBD;\">Point \u00e9clair<\/td>\n<td style=\"padding:8px 12px; border:1px solid #BDBDBD;\">Non<\/td>\n<\/tr>\n<tr>\n<td style=\"padding:8px 12px; border:1px solid #BDBDBD;\">Solubilit\u00e9 \u00e0 l&rsquo;eau<\/td>\n<td style=\"padding:8px 12px; border:1px solid #BDBDBD;\">Partiel<\/td>\n<\/tr>\n<tr style=\"background:#E6E6E6;\">\n<td style=\"padding:8px 12px; border:1px solid #BDBDBD;\">Solubilit\u00e9 au solvants<\/td>\n<td style=\"padding:8px 12px; border:1px solid #BDBDBD;\">Total<\/td>\n<\/tr>\n<\/table>\n","protected":false},"excerpt":{"rendered":"<ul>\n<li>Nettoyage des pochoirs <\/li>\n<li>Proc\u00e9d\u00e9 aqueux d\u2019aspersion ou d&rsquo;immersion <\/li>\n<li>Tr\u00e8s faible impact hse<\/li>\n<\/ul>\n<p><a href=\"https:\/\/www.inventec.dehon.com\/wp-content\/uploads\/2021\/03\/GW-Score-4.png\"><img decoding=\"async\" class=\"wp-image-14667 alignnone\" src=\"https:\/\/www.inventec.dehon.com\/wp-content\/uploads\/2021\/03\/GW-Score-4.png\" alt=\"Greenscore 4%\" width=\"40\" height=\"34\" \/><\/a><\/p>\n","protected":false},"featured_media":24444,"comment_status":"closed","ping_status":"closed","template":"","meta":{"_acf_changed":false,"inline_featured_image":false},"product_brand":[],"product_cat":[2823],"product_tag":[2040,2103,2039,4333,4325,4257,4261,4361,4253,4461,4385,4389,4377,4373,4457,4453,4265,2038,2037,4469],"class_list":{"0":"post-10017","1":"product","2":"type-product","3":"status-publish","4":"has-post-thumbnail","6":"product_cat-nettoyage-erreurs-impression-pochoirs-electronique-et-semiconducteur","7":"product_tag-606-fr","8":"product_tag-el-fr","9":"product_tag-el-606-fr","10":"product_tag-faible-impact-hse","11":"product_tag-greenway","12":"product_tag-immersion-aqueuse","13":"product_tag-immersion-aqueuse-ultrasonique","14":"product_tag-impression-defectueuse","15":"product_tag-liquides-de-nettoyage-aqueux-fr","16":"product_tag-nettoyage-de-pochoir","17":"product_tag-non-inflammable","18":"product_tag-non-toxique","19":"product_tag-pas-de-cov","20":"product_tag-pas-de-prg","21":"product_tag-pochoir","22":"product_tag-pulverisation","23":"product_tag-pulverisation-aqueuse","24":"product_tag-topklean-fr","25":"product_tag-topklean-el-606-fr","26":"product_tag-ultrason","27":"pa_application-pochoirs-defauts-dimpression","28":"pa_brand-topklean-fr-2","29":"pa_features-greenway","30":"pa_processes-immersion-ultrasonique-aqueuse","31":"pa_processes-spray-a-base-deau","32":"pa_product-category-liquides-de-nettoyage-aqueux","34":"first","35":"instock","36":"shipping-taxable","37":"product-type-simple"},"acf":[],"_links":{"self":[{"href":"https:\/\/www.inventec.dehon.com\/fr\/wp-json\/wp\/v2\/product\/10017","targetHints":{"allow":["GET"]}}],"collection":[{"href":"https:\/\/www.inventec.dehon.com\/fr\/wp-json\/wp\/v2\/product"}],"about":[{"href":"https:\/\/www.inventec.dehon.com\/fr\/wp-json\/wp\/v2\/types\/product"}],"replies":[{"embeddable":true,"href":"https:\/\/www.inventec.dehon.com\/fr\/wp-json\/wp\/v2\/comments?post=10017"}],"wp:featuredmedia":[{"embeddable":true,"href":"https:\/\/www.inventec.dehon.com\/fr\/wp-json\/wp\/v2\/media\/24444"}],"wp:attachment":[{"href":"https:\/\/www.inventec.dehon.com\/fr\/wp-json\/wp\/v2\/media?parent=10017"}],"wp:term":[{"taxonomy":"product_brand","embeddable":true,"href":"https:\/\/www.inventec.dehon.com\/fr\/wp-json\/wp\/v2\/product_brand?post=10017"},{"taxonomy":"product_cat","embeddable":true,"href":"https:\/\/www.inventec.dehon.com\/fr\/wp-json\/wp\/v2\/product_cat?post=10017"},{"taxonomy":"product_tag","embeddable":true,"href":"https:\/\/www.inventec.dehon.com\/fr\/wp-json\/wp\/v2\/product_tag?post=10017"}],"curies":[{"name":"wp","href":"https:\/\/api.w.org\/{rel}","templated":true}]}}