{"id":10008,"date":"2021-04-08T08:37:20","date_gmt":"2021-04-08T08:37:20","guid":{"rendered":"https:\/\/www.inventec.dehon.com\/product\/promosolv-dr1\/"},"modified":"2026-01-28T13:38:17","modified_gmt":"2026-01-28T12:38:17","slug":"promosolv-dr1","status":"publish","type":"product","link":"https:\/\/www.inventec.dehon.com\/fr\/product\/promosolv-dr1\/","title":{"rendered":"PROMOSOLV DR1"},"content":{"rendered":"<p><img decoding=\"async\" src=\"https:\/\/www.inventec.dehon.com\/wp-content\/uploads\/2021\/03\/PROMOSOLV-drum-colorless-Ecoprog-600x600.png\" alt=\"PROMOSOLV DR1\" class=\"responsive-img\" align=\"right\" style=\"border-radius:10px; margin-bottom:10px; margin-top:-10px; margin-left:15px; width:300px\" \/><\/p>\n<h2 style=\"color:#9bc947; margin-bottom:15px\">Solvant de rin\u00e7age durable<\/h2>\n<ul>\n<li>Solvant pour le rin\u00e7age et s\u00e9chage rapide sans taches.<\/li>\n<li>Co-solvant et processus de s\u00e9chage<\/li>\n<li>Faible GWP<\/li>\n<li>3M Novec 71IPA remplacement<\/li>\n<\/ul>\n<h5>PROMOSOLV DR1<\/h5>\n<p>Sp\u00e9cialement con\u00e7u pour remplacer les solvants de rin\u00e7age \u00e0 fort impact HSE et pour offrir un produit conforme aux derni\u00e8res et futures r\u00e9glementations environnementales. Il est utilis\u00e9 en combinaison avec notre gamme TOPKLEAN\u2122 pour offrir une solution de solvant respectueuse de l&rsquo;environnement sans compromettre les hautes performances de nettoyage. La tr\u00e8s faible tension superficielle permet de p\u00e9n\u00e9trer dans des espaces tr\u00e8s \u00e9troits, en s&rsquo;assurant que tout produit chimique de nettoyage est enti\u00e8rement \u00e9limin\u00e9 apr\u00e8s le rin\u00e7age.<\/p>\n<p>Ce produit existe \u00e9galement en version recycl\u00e9e (\u00e0 base de solvant recycl\u00e9) sous le nom de <strong>PROMOSOLV DR1 T<\/strong>.<\/p>\n<p><strong>PROMOSOLV DR1<\/strong> est un substitut direct du <strong>3M Novec 71IPA<\/strong> dont le retrait volontaire est pr\u00e9vu pour la fin de l&rsquo;ann\u00e9e 2025. Cliquez sur le lien pour plus d&rsquo;informations sur l&rsquo;annonce concernant <a href=\"https:\/\/www.inventec.dehon.com\/fr\/eliminer-les-solvants-3m\/\">l&rsquo;arr\u00eat des 3M Novec<\/a>.<\/p>\n<div style=\"font-family:Lato; color:#333;\">\n<div style=\"font-weight:bold; text-transform:uppercase; border-bottom:2px solid #9DBB2F; padding-bottom:6px; margin-bottom:10px;\">\n    Sp\u00e9cifications\n  <\/div>\n<table width=\"100%\" cellpadding=\"0\" cellspacing=\"0\" style=\"border-collapse:collapse; width:100%; max-width:100%;\">\n<tr>\n<th align=\"left\" style=\"background:#7A7A7A; color:#fff; padding:8px 12px; border:1px solid #BDBDBD;\">\n        Sp\u00e9cifications\n      <\/th>\n<th align=\"left\" style=\"background:#7A7A7A; color:#fff; padding:8px 12px; border:1px solid #BDBDBD;\">\n        Valeurs\n      <\/th>\n<th align=\"left\" style=\"background:#7A7A7A; color:#fff; padding:8px 12px; border:1px solid #BDBDBD;\">\n        M\u00e9thodes\n      <\/th>\n<\/tr>\n<tr>\n<td style=\"padding:8px 12px; border:1px solid #BDBDBD;\">Aspect<\/td>\n<td style=\"padding:8px 12px; border:1px solid #BDBDBD;\">Transparent, incolore<\/td>\n<td style=\"padding:8px 12px; border:1px solid #BDBDBD;\">Visuelle<\/td>\n<\/tr>\n<tr style=\"background:#E6E6E6;\">\n<td style=\"padding:8px 12px; border:1px solid #BDBDBD;\">\u00c9ther m\u00e9thoxy-nonafluorobutane (%)<\/td>\n<td style=\"padding:8px 12px; border:1px solid #BDBDBD;\">95,5% \u00b1 0,5<\/td>\n<td style=\"padding:8px 12px; border:1px solid #BDBDBD;\">Interne \/ MO.SB.10033<\/td>\n<\/tr>\n<tr>\n<td style=\"padding:8px 12px; border:1px solid #BDBDBD;\">Isopropanol (%)<\/td>\n<td style=\"padding:8px 12px; border:1px solid #BDBDBD;\">4,5% \u00b1 0,5<\/td>\n<td style=\"padding:8px 12px; border:1px solid #BDBDBD;\">Interne \/ MO.SB.10033<\/td>\n<\/tr>\n<\/table>\n<\/div>\n<div style=\"font-family:Lato; color:#333;\">\n<div style=\"font-weight:bold; text-transform:uppercase; border-bottom:2px solid #9DBB2F; padding-bottom:6px; margin:30px 0 10px;\">\n    Caract\u00e9ristiques\n  <\/div>\n<table width=\"100%\" cellpadding=\"0\" cellspacing=\"0\" style=\"border-collapse:collapse; width:100%; max-width:100%;\">\n<tr>\n<th align=\"left\" style=\"background:#7A7A7A; color:#fff; padding:8px 12px; border:1px solid #BDBDBD;\">\n        Caract\u00e9ristiques\n      <\/th>\n<th align=\"left\" style=\"background:#7A7A7A; color:#fff; padding:8px 12px; border:1px solid #BDBDBD;\">\n        Valeurs\n      <\/th>\n<\/tr>\n<tr>\n<td style=\"padding:8px 12px; border:1px solid #BDBDBD;\">Point d&rsquo;\u00e9bullition (\u00b0C\/\u00b0F)<\/td>\n<td style=\"padding:8px 12px; border:1px solid #BDBDBD;\">55 \/ 131<\/td>\n<\/tr>\n<tr style=\"background:#E6E6E6;\">\n<td style=\"padding:8px 12px; border:1px solid #BDBDBD;\">Point de cong\u00e9lation (\u00b0C\/\u00b0F)<\/td>\n<td style=\"padding:8px 12px; border:1px solid #BDBDBD;\">-135 \/ -211<\/td>\n<\/tr>\n<tr>\n<td style=\"padding:8px 12px; border:1px solid #BDBDBD;\">Point \u00e9clair<\/td>\n<td style=\"padding:8px 12px; border:1px solid #BDBDBD;\">Non<\/td>\n<\/tr>\n<tr style=\"background:#E6E6E6;\">\n<td style=\"padding:8px 12px; border:1px solid #BDBDBD;\">Densit\u00e9 (g\/cm\u00b3)<\/td>\n<td style=\"padding:8px 12px; border:1px solid #BDBDBD;\">1,48<\/td>\n<\/tr>\n<tr>\n<td style=\"padding:8px 12px; border:1px solid #BDBDBD;\">Puret\u00e9 (% poids)<\/td>\n<td style=\"padding:8px 12px; border:1px solid #BDBDBD;\">>99,5<\/td>\n<\/tr>\n<tr style=\"background:#E6E6E6;\">\n<td style=\"padding:8px 12px; border:1px solid #BDBDBD;\">Tension de surface (dynes\/cm)<\/td>\n<td style=\"padding:8px 12px; border:1px solid #BDBDBD;\">14,5<\/td>\n<\/tr>\n<tr>\n<td style=\"padding:8px 12px; border:1px solid #BDBDBD;\">Pression de vapeur (kPa)<\/td>\n<td style=\"padding:8px 12px; border:1px solid #BDBDBD;\">27,6<\/td>\n<\/tr>\n<tr style=\"background:#E6E6E6;\">\n<td style=\"padding:8px 12px; border:1px solid #BDBDBD;\">Viscosit\u00e9 dynamique (mPa.s)<\/td>\n<td style=\"padding:8px 12px; border:1px solid #BDBDBD;\">0,75<\/td>\n<\/tr>\n<tr>\n<td style=\"padding:8px 12px; border:1px solid #BDBDBD;\">Chaleur latente de vaporisation (kJ\/kg @bp)<\/td>\n<td style=\"padding:8px 12px; border:1px solid #BDBDBD;\">165<\/td>\n<\/tr>\n<tr style=\"background:#E6E6E6;\">\n<td style=\"padding:8px 12px; border:1px solid #BDBDBD;\">Chaleur sp\u00e9cifique (kJ\/kg.K)<\/td>\n<td style=\"padding:8px 12px; border:1px solid #BDBDBD;\">1,17<\/td>\n<\/tr>\n<\/table>\n<\/div>\n","protected":false},"excerpt":{"rendered":"<ul>\n<li>Solvant pour le rin\u00e7age et s\u00e9chage rapide sans taches.<\/li>\n<li>Co-solvant et processus de s\u00e9chage<\/li>\n<li>Faible GWP: 320<\/li>\n<li>3M Novec 71IPA remplacement<\/li>\n<\/ul>\n<p><a href=\"https:\/\/www.inventec.dehon.com\/wp-content\/uploads\/2023\/06\/GW-ECO-FREE-305-WS12.png\"><img decoding=\"async\" class=\"alignnone wp-image-14785\" src=\"https:\/\/www.inventec.dehon.com\/wp-content\/uploads\/2023\/06\/GW-ECO-FREE-305-WS12.png\" alt=\"\" width=\"40\" height=\"34\" \/><\/a><\/p>\n","protected":false},"featured_media":2276,"comment_status":"closed","ping_status":"closed","template":"","meta":{"_acf_changed":false,"inline_featured_image":false},"product_brand":[],"product_cat":[953,2824,2825],"product_tag":[4281,2091,4325,4184,1821,2090,4598,4445,4763],"class_list":{"0":"post-10008","1":"product","2":"type-product","3":"status-publish","4":"has-post-thumbnail","6":"industries-aerospatiale-defense","7":"industries-automobile","8":"industries-medical-fr","9":"product_cat-nettoyage","10":"product_cat-solutions-de-solvants-de-rincage","11":"product_cat-solutions-de-solvants-de-sechage","12":"product_tag-co-solvant","13":"product_tag-dr1-fr","14":"product_tag-greenway","15":"product_tag-liquides-de-nettoyage-solvants-fr","16":"product_tag-promosolv-fr","17":"product_tag-promosolv-dr1-fr","18":"product_tag-recyclable","19":"product_tag-sechage-par-solvant","20":"product_tag-solvant-de-rincage","21":"pa_brand-promosolv-fr-2","22":"pa_features-greenway","23":"pa_features-recyclable","24":"pa_processes-co-solvant","25":"pa_processes-rincage-au-solvant","26":"pa_processes-solvant-de-sechage","27":"pa_product-category-liquides-de-nettoyage-solvants","29":"first","30":"instock","31":"shipping-taxable","32":"product-type-simple"},"acf":[],"_links":{"self":[{"href":"https:\/\/www.inventec.dehon.com\/fr\/wp-json\/wp\/v2\/product\/10008","targetHints":{"allow":["GET"]}}],"collection":[{"href":"https:\/\/www.inventec.dehon.com\/fr\/wp-json\/wp\/v2\/product"}],"about":[{"href":"https:\/\/www.inventec.dehon.com\/fr\/wp-json\/wp\/v2\/types\/product"}],"replies":[{"embeddable":true,"href":"https:\/\/www.inventec.dehon.com\/fr\/wp-json\/wp\/v2\/comments?post=10008"}],"wp:featuredmedia":[{"embeddable":true,"href":"https:\/\/www.inventec.dehon.com\/fr\/wp-json\/wp\/v2\/media\/2276"}],"wp:attachment":[{"href":"https:\/\/www.inventec.dehon.com\/fr\/wp-json\/wp\/v2\/media?parent=10008"}],"wp:term":[{"taxonomy":"product_brand","embeddable":true,"href":"https:\/\/www.inventec.dehon.com\/fr\/wp-json\/wp\/v2\/product_brand?post=10008"},{"taxonomy":"product_cat","embeddable":true,"href":"https:\/\/www.inventec.dehon.com\/fr\/wp-json\/wp\/v2\/product_cat?post=10008"},{"taxonomy":"product_tag","embeddable":true,"href":"https:\/\/www.inventec.dehon.com\/fr\/wp-json\/wp\/v2\/product_tag?post=10008"}],"curies":[{"name":"wp","href":"https:\/\/api.w.org\/{rel}","templated":true}]}}