{"id":7494,"date":"2021-12-03T07:24:28","date_gmt":"2021-12-03T07:24:28","guid":{"rendered":"https:\/\/www.inventec.dehon.com\/plan-du-site\/"},"modified":"2025-09-29T09:42:19","modified_gmt":"2025-09-29T09:42:19","slug":"plan-du-site","status":"publish","type":"page","link":"https:\/\/www.inventec.dehon.com\/fr\/plan-du-site\/","title":{"rendered":"Plan du site"},"content":{"rendered":"<h5>Nous avons travaill\u00e9 dur pour vous offrir la meilleure exp\u00e9rience client lors de votre visite sur le site Web d&rsquo;Inventec et vous pr\u00e9senter nos produits et services de soudage, de nettoyage et de rev\u00eatement destin\u00e9s aux industries \u00e0 la recherche de solutions de haute fiabilit\u00e9.<\/h5>\n<h5>Toutefois, si vous vous perdez, cette page est l\u00e0 pour vous aider \u00e0 trouver votre chemin.<\/h5>\n<p>&nbsp;<\/p>\n<h4 class=\"mb-3\"><a href=\"https:\/\/www.inventec.dehon.com\/fr\/\">Page d&rsquo;accueil<\/a><\/h4>\n<h4>Solutions<\/h4>\n<ul>\n<li><a href=\"https:\/\/www.inventec.dehon.com\/fr\/solutions\/brasage\/\">Brasage<\/a>\n<ul>\n<li><a href=\"https:\/\/www.inventec.dehon.com\/fr\/solutions\/brasage\/cremes-a-braser-smt\/\">Cr\u00e8mes \u00e0 braser SMT<\/a>\n<ul>\n<li><a href=\"https:\/\/www.inventec.dehon.com\/fr\/solutions\/brasage\/cremes-a-braser-smt-a-haute-fiabilite\/\">Cr\u00e8me \u00e0 braser Haute Fiabilit\u00e9<\/a><\/li>\n<li><a href=\"https:\/\/www.inventec.dehon.com\/fr\/solutions\/brasage\/solutions-de-creme-a-braser-pour-impression-par-jet-et-distribution\/\">Impression par Jet &#038; Distribution de cr\u00e8me \u00e0 braser<\/a><\/li>\n<li><a href=\"https:\/\/www.inventec.dehon.com\/fr\/solutions\/brasage\/solutions-de-creme-a-braser-sans-ou-a-faible-teneur-en-argent\/\">Cr\u00e8me \u00e0 braser sans ou \u00e0 faible teneur en argent<\/a><\/li>\n<li><a href=\"https:\/\/www.inventec.dehon.com\/fr\/solutions\/brasage\/solutions-de-creme-a-braser-a-basse-temperature\/\">Cr\u00e8me \u00e0 braser \u00e0 basse temp\u00e9rature<\/a><\/li>\n<li><a href=\"https:\/\/www.inventec.dehon.com\/fr\/solutions\/brasage\/solutions-de-creme-a-braser-a-faible-taux-de-vides\/\">Cr\u00e8me \u00e0 braser \u00e0 faible taux de vides<\/a><\/li>\n<li><a href=\"https:\/\/www.inventec.dehon.com\/fr\/solutions\/brasage\/solutions-de-creme-a-braser-pour-miniaturisation\/\">Solutions de cr\u00e8me \u00e0 braser pour miniaturisation<\/a><\/li>\n<li><a href=\"https:\/\/www.inventec.dehon.com\/fr\/solutions\/brasage\/solutions-de-creme-a-braser-pour-assemblage-de-pcb-en-grande-serie\/\">Cr\u00e8me \u00e0 braser pour assemblage robuste<\/a><\/li>\n<li><a href=\"https:\/\/www.inventec.dehon.com\/fr\/solutions\/brasage\/solutions-de-creme-a-braser-hydrosolubles\/\">Cr\u00e8mes \u00e0 braser hydrosolubles<\/a><\/li>\n<\/ul>\n<\/li>\n<li><a href=\"https:\/\/www.inventec.dehon.com\/fr\/solutions\/brasage\/flux-de-brasage\/\">Flux de brasage<\/a>\n<ul>\n<li><a href=\"https:\/\/www.inventec.dehon.com\/fr\/solutions\/brasage\/solutions-de-flux-de-brasage-a-la-vague\/\">Flux de brasage \u00e0 la vague<\/a><\/li>\n<li><a href=\"https:\/\/www.inventec.dehon.com\/fr\/solutions\/brasage\/solutions-de-flux-de-brasage-selectif\/\">Flux de brasage s\u00e9lectif<\/a><\/li>\n<li><a href=\"https:\/\/www.inventec.dehon.com\/fr\/solutions\/brasage\/solutions-de-tacky-flux\/\">Tacky Flux<\/a><\/li>\n<li><a href=\"https:\/\/www.inventec.dehon.com\/fr\/solutions\/brasage\/solutions-de-flux-detamage\/\">Flux d&rsquo;\u00e9tamage<\/a><\/li>\n<\/ul>\n<li><a href=\"https:\/\/www.inventec.dehon.com\/fr\/solutions\/brasage\/solutions-semi-conducteurs\/\">Solutions semi-conducteurs<\/a>\n<ul>\n<li><a href=\"https:\/\/www.inventec.dehon.com\/fr\/solutions\/brasage\/procede-ball-attach-pour-packaging-des-semi-conducteurs\/\">Ball attach<\/a><\/li>\n<li><a href=\"https:\/\/www.inventec.dehon.com\/fr\/solutions\/brasage\/procede-die-attach-pour-packaging-des-semi-conducteurs\/\">Die attach<\/a><\/li>\n<li><a href=\"https:\/\/www.inventec.dehon.com\/fr\/solutions\/brasage\/procede-flip-chip-et-csp-pour-packaging-des-semi-conducteurs\/\">Flip Chip &#038; CSP<\/a><\/li>\n<li><a href=\"https:\/\/www.inventec.dehon.com\/fr\/solutions\/brasage\/procede-pop-pour-packaging-des-semi-conducteurs\/\">Assemblage Pop<\/a><\/li>\n<li><a href=\"https:\/\/www.inventec.dehon.com\/fr\/solutions\/brasage\/procede-sip-pour-packaging-des-semi-conducteurs\/\">System-in-Package (SiP)<\/a><\/li>\n<li><a href=\"https:\/\/www.inventec.dehon.com\/fr\/solutions\/brasage\/processus-dassemblage-de-composants-pour-semi-conducteurs\/\">Assemblage de composants<\/a><\/li>\n<\/ul>\n<\/li>\n<li><a href=\"https:\/\/www.inventec.dehon.com\/fr\/solutions\/brasage\/solutions-de-frittage\/\">Solutions de frittage<\/a>\n<li><a href=\"https:\/\/www.inventec.dehon.com\/fr\/solutions\/brasage\/solutions-de-reparation-et-de-remise-en-etat\/\">Solutions de r\u00e9paration et de remise en \u00e9tat<\/a>\n<ul>\n<li><a href=\"https:\/\/www.inventec.dehon.com\/fr\/solutions\/brasage\/solutions-de-flux-de-brasage-pour-reparation\/\">Solutions de flux de brasage pour r\u00e9paration<\/a><\/li>\n<li><a href=\"https:\/\/www.inventec.dehon.com\/fr\/solutions\/brasage\/solutions-de-creme-a-braser-pour-reparation\/\">Solutions de cr\u00e8me \u00e0 braser pour r\u00e9paration<\/a><\/li>\n<\/ul>\n<\/li>\n<li><a href=\"https:\/\/www.inventec.dehon.com\/fr\/solutions\/brasage\/ec-rat-analyse-corrosion\/\">EC-RAT Analyse Corrosion<\/a>\n<ul>\n<li><a href=\"https:\/\/www.inventec.dehon.com\/fr\/solutions\/brasage\/ec-rat-analyse-corrosion\/#inventec-a-propos-dec-rat\">\u00c0 propos d\u2019EC-RAT<\/a><\/li>\n<li><a href=\"https:\/\/www.inventec.dehon.com\/fr\/solutions\/brasage\/ec-rat-analyse-corrosion\/#inventec-quantiflux\">QUANTIFLUX<\/a><\/li>\n<li><a href=\"https:\/\/www.inventec.dehon.com\/fr\/solutions\/brasage\/ec-rat-analyse-corrosion\/#inventec-residues-rat\">RESIDUES RAT<\/a><\/li>\n<li><a href=\"https:\/\/www.inventec.dehon.com\/fr\/solutions\/brasage\/ec-rat-analyse-corrosion\/#inventec-tin-rat\">TIN RAT<\/a><\/li>\n<\/ul>\n<\/li>\n<\/ul>\n<\/li>\n<li><a href=\"https:\/\/www.inventec.dehon.com\/fr\/solutions\/nettoyage\/\">Nettoyage<\/a>\n<ul>\n<li><a href=\"https:\/\/www.inventec.dehon.com\/fr\/solutions\/nettoyage\/nettoyage-electronique-et-semi-conducteurs\/\">Nettoyage de l&rsquo;\u00e9lectronique et des semi-conducteurs<\/a>\n<ul>\n<li><a href=\"https:\/\/www.inventec.dehon.com\/fr\/solutions\/nettoyage\/nettoyage-pcb-defluxage-electronique-et-semiconducteur\/\">Nettoyage des PCB &#038; D\u00e9fluxage<\/a>\n<li><a href=\"https:\/\/www.inventec.dehon.com\/fr\/solutions\/nettoyage\/nettoyage-contact-electronique-de-puissance\/\">Nettoyage d&rsquo;\u00e9lectronique de Puissance<\/a>\n<li><a href=\"https:\/\/www.inventec.dehon.com\/fr\/solutions\/nettoyage\/nettoyage-boitier-de-circuits-integres-electronique-et-semiconducteur\/\">Nettoyage de Bo\u00eetier de Circuits Int\u00e9gr\u00e9s<\/a>\n<li><a href=\"https:\/\/www.inventec.dehon.com\/fr\/solutions\/nettoyage\/nettoyage-de-maintenance-electronique-et-semiconducteur\/\">Nettoyage de Maintenance<\/a>\n<li><a href=\"https:\/\/www.inventec.dehon.com\/fr\/solutions\/nettoyage\/nettoyage-colles-smt-electronique-et-semiconducteur\/\">Nettoyage de Colle SMT<\/a>\n<li><a href=\"https:\/\/www.inventec.dehon.com\/fr\/solutions\/nettoyage\/nettoyage-erreurs-impression-pochoirs-electronique-et-semiconducteur\/\">Nettoyage d&rsquo;Erreurs d&rsquo;Impression &#038; Pochoirs<\/a>\n<\/ul>\n<\/li>\n<li><a href=\"https:\/\/www.inventec.dehon.com\/fr\/solutions\/nettoyage\/solvants-de-rincage-et-de-sechage\/\">Solvants de rin\u00e7age et de s\u00e9chage<\/a>\n<ul>\n<li><a href=\"https:\/\/www.inventec.dehon.com\/fr\/solutions\/nettoyage\/solutions-de-solvants-de-rincage\/\">Solvants de rin\u00e7age<\/a><\/li>\n<li><a href=\"https:\/\/www.inventec.dehon.com\/fr\/solutions\/nettoyage\/solutions-de-solvants-de-sechage\/\">Solvants de s\u00e9chage<\/a><\/li>\n<\/ul>\n<\/li>\n<li><a href=\"https:\/\/www.inventec.dehon.com\/fr\/solutions\/nettoyage\/degraissage\/\">D\u00e9graissage et \u00e9limination de la cire<\/a>\n<ul>\n<li><a href=\"https:\/\/www.inventec.dehon.com\/fr\/solutions\/nettoyage\/deshuilage-de-divers-composants-metalliques\/\">\u00c9limination des huiles<\/a><\/li>\n<li><a href=\"https:\/\/www.inventec.dehon.com\/fr\/solutions\/nettoyage\/degraissage-de-divers-composants-metalliques\/\">\u00c9limination des graisses<\/a><\/li>\n<li><a href=\"https:\/\/www.inventec.dehon.com\/fr\/solutions\/nettoyage\/elimination-de-la-cire-apres-polissage\/\">\u00c9limination de la cire<\/a><\/li>\n<\/ul>\n<\/li>\n<li><a href=\"https:\/\/www.inventec.dehon.com\/fr\/solutions\/nettoyage\/elimination-des-particules\/\">\u00c9limination des particules<\/a><\/li>\n<li><a href=\"https:\/\/www.inventec.dehon.com\/fr\/solutions\/nettoyage\/decapage-desoxydation\/\">D\u00e9capage &#038; D\u00e9soxydation<\/a><\/li>\n<li><a href=\"https:\/\/www.inventec.dehon.com\/fr\/solutions\/nettoyage\/elimination-de-produits-de-polissage\/\">\u00c9limination de produits de polissage<\/a>\n<ul>\n<li><a href=\"https:\/\/www.inventec.dehon.com\/fr\/solutions\/nettoyage\/elimination-de-liquide-de-polissage-diamante\/\">\u00c9limination de liquide de polissage diamant\u00e9<\/a><\/li>\n<li><a href=\"https:\/\/www.inventec.dehon.com\/fr\/solutions\/nettoyage\/elimination-pate-a-polir-apres-polissage\/\">\u00c9limination de la p\u00e2te \u00e0 polir<\/a><\/li>\n<\/ul>\n<\/li>\n<li><a href=\"https:\/\/www.inventec.dehon.com\/fr\/solutions\/nettoyage\/elimination-des-polymeres-resines\/\">\u00c9limination des Polym\u00e8res &#038; R\u00e9sines<\/a><\/li>\n<li><a href=\"https:\/\/www.inventec.dehon.com\/fr\/solutions\/nettoyage\/nettoyage-des-pieces-en-contact-avec-oxygene\/\">Nettoyage des pi\u00e8ces en contact avec oxyg\u00e8ne<\/a><\/li>\n<li><a href=\"https:\/\/www.inventec.dehon.com\/fr\/solutions\/nettoyage\/solutions-de-fabrication-additive\/\">Solutions de fabrication additive<\/a><\/li>\n<li><a href=\"https:\/\/www.inventec.dehon.com\/fr\/solutions\/nettoyage\/nettoyage-de-films-cinematographiques\/\">Nettoyage de films cin\u00e9matographiques<\/a><\/li>\n<\/ul>\n<\/li>\n<li><a href=\"https:\/\/www.inventec.dehon.com\/fr\/solutions\/revetements\/\">Rev\u00eatements<\/a>\n<ul>\n<li><a href=\"https:\/\/www.inventec.dehon.com\/fr\/solutions\/revetements\/revetements-conformes\/\">Rev\u00eatements conformes<\/a>\n<ul>\n<li><a href=\"https:\/\/www.inventec.dehon.com\/fr\/solutions\/revetements\/partenariat-abchimie-et-inventec\/\">Partenariat ABchimie &amp; Inventec<\/a><\/li>\n<li><a href=\"https:\/\/www.inventec.dehon.com\/fr\/solutions\/revetements\/revetements-conformes-thermodurcis\/\">Rev\u00eatements conformes thermodurcis<\/a><\/li>\n<li><a href=\"https:\/\/www.inventec.dehon.com\/fr\/solutions\/revetements\/revetements-conformes-durcis-aux-uv\/\">Rev\u00eatements conform\u00e9s \u00e0 s\u00e9chage UV<\/a><\/li>\n<\/ul>\n<\/li>\n<li><a href=\"https:\/\/www.inventec.dehon.com\/fr\/solutions\/revetements\/revetements-ultra-fins\/\">Rev\u00eatements Ultra-fins<\/a><\/li>\n<\/ul>\n<\/li>\n<li><a href=\"https:\/\/www.inventec.dehon.com\/fr\/solutions\/refroidissement\/\">Refroidissement<\/a>\n<ul>\n<li><a href=\"https:\/\/www.inventec.dehon.com\/fr\/solutions\/refroidissement\/refroidissement-par-immersion\/\">Refroidissement par immersion<\/a><\/li>\n<li><a href=\"https:\/\/www.inventec.dehon.com\/fr\/solutions\/refroidissement\/refroidissement-direct\/\">Refroidissement Direct<\/a><\/li>\n<li><a href=\"https:\/\/www.inventec.dehon.com\/fr\/solutions\/refroidissement\/refroidisseurs\/\">Refroidisseurs<\/a><\/li>\n<li><a href=\"https:\/\/www.inventec.dehon.com\/fr\/solutions\/refroidissement\/essais-dielectriques\/\">Essais di\u00e9lectriques<\/a><\/li>\n<\/ul>\n<\/li>\n<\/ul>\n<h4>Services<\/h4>\n<ul>\n<li><a href=\"https:\/\/www.inventec.dehon.com\/fr\/services\/ecoprogram\/\">Ecoprogramme<\/a><\/li>\n<li><a href=\"https:\/\/www.inventec.dehon.com\/fr\/services\/test-de-nettoyage-gratuit\/\">Test de nettoyage gratuit<\/a><\/li>\n<li><a href=\"https:\/\/www.inventec.dehon.com\/fr\/a-la-recherche-de-solutions-de-remplacement-aux-produits-3m-novec\/\">Vous recherchez des solutions de remplacement pour 3M Novec ?<\/a><\/li>\n<\/ul>\n<\/li>\n<\/ul>\n<h4>Industries<\/h4>\n<ul>\n<li><a href=\"https:\/\/www.inventec.dehon.com\/fr\/industries\/automobile\/\">Automobile<\/a>\n<ul>\n<li><a href=\"https:\/\/www.inventec.dehon.com\/fr\/industries\/groupe-motopropulseur\/\">Groupe motopropulseur<\/a><\/li>\n<li><a href=\"https:\/\/www.inventec.dehon.com\/fr\/industries\/confort-assistanc-a-la-conduite-adas\/\">Confort et aide \u00e0 la conduite (ADAS)<\/a><\/li>\n<li><a href=\"https:\/\/www.inventec.dehon.com\/fr\/industries\/batterie-et-port-de-charge\/\">Batterie et port de charge<\/a><\/li>\n<li><a href=\"https:\/\/www.inventec.dehon.com\/fr\/industries\/station-de-charge\/\">Station de recharge<\/a><\/li>\n<li><a href=\"https:\/\/www.inventec.dehon.com\/fr\/industries\/chassis-et-roues-et-direction\/\">Ch\u00e2ssis, roues et direction<\/a><\/li>\n<li><a href=\"https:\/\/www.inventec.dehon.com\/fr\/industries\/eclairage\/\">\u00c9clairage<\/a><\/li>\n<\/ul>\n<\/li>\n<li><a href=\"https:\/\/www.inventec.dehon.com\/fr\/industries\/aerospatiale-defense\/\">A\u00e9rospatiale et d\u00e9fense<\/a>\n<ul>\n<li><a href=\"https:\/\/www.inventec.dehon.com\/fr\/industries\/aerosystemes\/\">A\u00e9rosyst\u00e8mes<\/a><\/li>\n<li><a href=\"https:\/\/www.inventec.dehon.com\/fr\/industries\/systemes-electroniques-et-electriques\/\">Syst\u00e8mes \u00e9lectroniques et \u00e9lectriques<\/a><\/li>\n<li><a href=\"https:\/\/www.inventec.dehon.com\/fr\/industries\/moteurs\/\">Moteurs<\/a><\/li>\n<li><a href=\"https:\/\/www.inventec.dehon.com\/fr\/industries\/systemes-datterrissage\/\">Syst\u00e8mes d&rsquo;atterrissage<\/a><\/li>\n<li><a href=\"https:\/\/www.inventec.dehon.com\/fr\/industries\/maintenance-fr\/\">Maintenance<\/a><\/li>\n<li><a href=\"https:\/\/www.inventec.dehon.com\/fr\/industries\/optique-fr\/\">Optique<\/a><\/li>\n<\/ul>\n<\/li>\n<li><a href=\"https:\/\/www.inventec.dehon.com\/fr\/industries\/medical-fr\/\">M\u00e9dical<\/a>\n<ul>\n<li><a href=\"https:\/\/www.inventec.dehon.com\/fr\/industries\/appareils-auditifs\/\">Appareils auditifs<\/a><\/li>\n<li><a href=\"https:\/\/www.inventec.dehon.com\/fr\/industries\/les-implants\/\">Les implants<\/a><\/li>\n<li><a href=\"https:\/\/www.inventec.dehon.com\/fr\/industries\/equipement-medical-scanners\/\">\u00c9quipement m\u00e9dical et scanners<\/a><\/li>\n<li><a href=\"https:\/\/www.inventec.dehon.com\/fr\/industries\/aiguilles\/\">Aiguilles<\/a><\/li>\n<li><a href=\"https:\/\/www.inventec.dehon.com\/fr\/industries\/installations-doxygene\/\">Installations d&rsquo;oxyg\u00e8ne<\/a><\/li>\n<li><a href=\"https:\/\/www.inventec.dehon.com\/fr\/industries\/instruments-outils-chirurgicaux\/\">Instruments et outils chirurgicaux<\/a><\/li>\n<\/ul>\n<\/li>\n<\/ul>\n<h4>Notre entreprise<\/h4>\n<ul>\n<li><a href=\"https:\/\/www.inventec.dehon.com\/fr\/a-propos-dinventec\/\">\u00c0 propos d&rsquo;Inventec<\/a><\/li>\n<li><a href=\"https:\/\/www.inventec.dehon.com\/fr\/jobs\/\">Emplois chez Inventec<\/a><\/li>\n<\/ul>\n<h4>Durabilit\u00e9<\/h4>\n<ul>\n<li><a href=\"https:\/\/www.inventec.dehon.com\/fr\/greenway\/\">Greenway<\/a><\/li>\n<li><a href=\"https:\/\/www.inventec.dehon.com\/fr\/protection-de-la-sante-et-de-lenvironnement\/\">Protection de la sant\u00e9 et de l&rsquo;environnement<\/a><\/li>\n<li><a href=\"https:\/\/www.inventec.dehon.com\/fr\/reglementation\/\">R\u00e9glementation<\/a><\/li>\n<\/ul>\n<h4 class=\"mb-3\"><a href=\"https:\/\/www.inventec.dehon.com\/fr\/localisateur\/\">Localisateur<\/a><\/h4>\n<h4 class=\"mb-3\"><a href=\"https:\/\/www.inventec.dehon.com\/fr\/informations-juridiques-et-avis-de-confidentialite\/\">Informations juridiques et avis de confidentialit\u00e9<\/a><\/h4>\n<h4 class=\"mb-3\"><a href=\"https:\/\/www.inventec.dehon.com\/fr\/nouvelles\/\">Nouvelles<\/a><\/h4>\n<ul>\n<li><a href=\"https:\/\/www.inventec.dehon.com\/fr\/category\/corporate-fr\/\">Corporate<\/a><\/li>\n<li><a href=\"https:\/\/www.inventec.dehon.com\/fr\/category\/products-fr\/\">Des produits<\/a><\/li>\n<li><a href=\"https:\/\/www.inventec.dehon.com\/fr\/category\/evenements\/\">\u00c9v\u00e9nements<\/a><\/li>\n<li><a href=\"https:\/\/www.inventec.dehon.com\/fr\/category\/services-fr\/\">Prestations de service<\/a><\/li>\n<\/ul>\n<h4 class=\"mb-3\"><a href=\"https:\/\/www.inventec.dehon.com\/fr\/a-la-recherche-de-solutions-de-remplacement-aux-produits-3m-novec\/\">\u00c0 la recherche de solutions de remplacement aux produits 3M Novec<\/a><\/h4>\n<ul>\n<li><a href=\"https:\/\/www.inventec.dehon.com\/fr\/a-la-recherche-de-solutions-de-remplacement-aux-produits-3m-novec\/solutions-de-nettoyage-pour-remplacer-les-produits-3m-novec\/\">Solutions de nettoyage pour remplacer les produits 3M Novec<\/a><\/li>\n<li><a href=\"https:\/\/www.inventec.dehon.com\/fr\/a-la-recherche-de-solutions-de-remplacement-aux-produits-3m-novec\/solutions-de-revetement-pour-remplacer-les-produits-3m-novec\/\">Solutions de rev\u00eatement pour remplacer les produits 3M Novec<\/a><\/li>\n<li><a href=\"https:\/\/www.inventec.dehon.com\/fr\/a-la-recherche-de-solutions-de-remplacement-aux-produits-3m-novec\/solutions-de-refroidissement-pour-remplacer-les-produits-3m-novec\/\">Solutions de refroidissement pour remplacer les produits 3M Novec<\/a><\/li>\n<\/ul>\n<h4 class=\"mb-3\"><a href=\"https:\/\/www.inventec.dehon.com\/fr\/recherche\/\">Recherche<\/a><\/h4>\n<h4 class=\"mb-3\"><a href=\"https:\/\/www.inventec.dehon.com\/fr\/nous-contacter\/\">Nous contacter<\/a><\/h4>\n","protected":false},"excerpt":{"rendered":"<p>Nous avons travaill\u00e9 dur pour vous offrir la meilleure exp\u00e9rience client lors de votre visite sur le site Web d&rsquo;Inventec et vous pr\u00e9senter nos produits et services de soudage, de nettoyage et de rev\u00eatement destin\u00e9s aux industries \u00e0 la recherche de solutions de haute fiabilit\u00e9. Toutefois, si vous vous perdez, cette page est l\u00e0 pour<\/p>\n","protected":false},"author":19,"featured_media":0,"parent":0,"menu_order":0,"comment_status":"closed","ping_status":"closed","template":"","meta":{"_acf_changed":false,"inline_featured_image":false,"footnotes":""},"class_list":["post-7494","page","type-page","status-publish","hentry"],"acf":[],"_links":{"self":[{"href":"https:\/\/www.inventec.dehon.com\/fr\/wp-json\/wp\/v2\/pages\/7494","targetHints":{"allow":["GET"]}}],"collection":[{"href":"https:\/\/www.inventec.dehon.com\/fr\/wp-json\/wp\/v2\/pages"}],"about":[{"href":"https:\/\/www.inventec.dehon.com\/fr\/wp-json\/wp\/v2\/types\/page"}],"author":[{"embeddable":true,"href":"https:\/\/www.inventec.dehon.com\/fr\/wp-json\/wp\/v2\/users\/19"}],"replies":[{"embeddable":true,"href":"https:\/\/www.inventec.dehon.com\/fr\/wp-json\/wp\/v2\/comments?post=7494"}],"version-history":[{"count":52,"href":"https:\/\/www.inventec.dehon.com\/fr\/wp-json\/wp\/v2\/pages\/7494\/revisions"}],"predecessor-version":[{"id":32183,"href":"https:\/\/www.inventec.dehon.com\/fr\/wp-json\/wp\/v2\/pages\/7494\/revisions\/32183"}],"wp:attachment":[{"href":"https:\/\/www.inventec.dehon.com\/fr\/wp-json\/wp\/v2\/media?parent=7494"}],"curies":[{"name":"wp","href":"https:\/\/api.w.org\/{rel}","templated":true}]}}