{"id":7486,"date":"2021-12-03T07:24:28","date_gmt":"2021-12-03T07:24:28","guid":{"rendered":"https:\/\/www.inventec.dehon.com\/services\/ecoprogramme\/"},"modified":"2026-03-10T09:58:22","modified_gmt":"2026-03-10T08:58:22","slug":"ecoprogram","status":"publish","type":"page","link":"https:\/\/www.inventec.dehon.com\/fr\/services\/ecoprogram\/","title":{"rendered":"ECOPROGRAM"},"content":{"rendered":"","protected":false},"excerpt":{"rendered":"<p>Notre service de r\u00e9cup\u00e9ration et de recyclage des solvants pour soutenir vos objectifs de durabilit\u00e9<\/p>\n","protected":false},"author":19,"featured_media":2107,"parent":7467,"menu_order":0,"comment_status":"closed","ping_status":"closed","template":"page-templates\/builder.php","meta":{"_acf_changed":false,"inline_featured_image":false,"footnotes":""},"class_list":["post-7486","page","type-page","status-publish","has-post-thumbnail","hentry"],"acf":[],"_links":{"self":[{"href":"https:\/\/www.inventec.dehon.com\/fr\/wp-json\/wp\/v2\/pages\/7486","targetHints":{"allow":["GET"]}}],"collection":[{"href":"https:\/\/www.inventec.dehon.com\/fr\/wp-json\/wp\/v2\/pages"}],"about":[{"href":"https:\/\/www.inventec.dehon.com\/fr\/wp-json\/wp\/v2\/types\/page"}],"author":[{"embeddable":true,"href":"https:\/\/www.inventec.dehon.com\/fr\/wp-json\/wp\/v2\/users\/19"}],"replies":[{"embeddable":true,"href":"https:\/\/www.inventec.dehon.com\/fr\/wp-json\/wp\/v2\/comments?post=7486"}],"version-history":[{"count":39,"href":"https:\/\/www.inventec.dehon.com\/fr\/wp-json\/wp\/v2\/pages\/7486\/revisions"}],"predecessor-version":[{"id":35164,"href":"https:\/\/www.inventec.dehon.com\/fr\/wp-json\/wp\/v2\/pages\/7486\/revisions\/35164"}],"up":[{"embeddable":true,"href":"https:\/\/www.inventec.dehon.com\/fr\/wp-json\/wp\/v2\/pages\/7467"}],"wp:featuredmedia":[{"embeddable":true,"href":"https:\/\/www.inventec.dehon.com\/fr\/wp-json\/wp\/v2\/media\/2107"}],"wp:attachment":[{"href":"https:\/\/www.inventec.dehon.com\/fr\/wp-json\/wp\/v2\/media?parent=7486"}],"curies":[{"name":"wp","href":"https:\/\/api.w.org\/{rel}","templated":true}]}}